{"id":52038,"date":"2025-10-27T12:24:15","date_gmt":"2025-10-27T10:24:15","guid":{"rendered":"https:\/\/keluvo.com\/no\/produkt\/pilleholder-2-stk\/"},"modified":"2025-11-11T11:53:45","modified_gmt":"2025-11-11T09:53:45","slug":"pilleholder-2-stk","status":"publish","type":"product","link":"https:\/\/keluvo.com\/no\/produkt\/pilleholder-2-stk\/","title":{"rendered":"Pilleholder (2 stk)"},"content":{"rendered":"<p style=\"text-align: center;\" data-start=\"0\" data-end=\"51\"><strong data-start=\"0\" data-end=\"49\">Hold Orden Og G\u00e5 Aldri Glipp Av En Dose Igjen \ud83d\udc8a<\/strong><\/p>\n<p style=\"text-align: center;\" data-start=\"53\" data-end=\"342\">Denne kompakte, ukentlige pilleholderen gj\u00f8r det enkelt og stressfritt \u00e5 holde orden p\u00e5 medisinene dine. Med 7 store rom kan du enkelt oppbevare pillene dine for hele uken &#8211; ingen mer daglig sortering eller forvirring. Den lette, magnetiske designen gj\u00f8r den perfekt for reise, jobb eller hjemmebruk.<\/p>\n<p data-start=\"53\" data-end=\"342\"><img decoding=\"async\" class=\"size-full wp-image-38266 aligncenter\" src=\"https:\/\/keluvo.com\/template\/wp-content\/uploads\/sites\/5\/2025\/10\/image3_6333c334-0b16-450e-9fbe-5a5c73d65669.webp\" alt=\"\" \/><\/p>\n<h2 style=\"text-align: center;\" data-start=\"349\" data-end=\"371\">\ud83c\udf1f Hovedfordeler<\/h2>\n<p data-start=\"374\" data-end=\"444\">\ud83d\uddd3\ufe0f Ukentlig bekvemmelighet &#8211; syv romslige rom for daglige doser.<\/p>\n<p data-start=\"447\" data-end=\"525\">\ud83d\udcaa Slitesterk og p\u00e5litelig &#8211; Laget av slitesterk plast av h\u00f8y kvalitet.<\/p>\n<p data-start=\"528\" data-end=\"599\">\u2708\ufe0f Reisevennlig &#8211; Kompakt og lett for enkel transport.<\/p>\n<p data-start=\"602\" data-end=\"675\">\ud83e\uddf2 Sikker lukking &#8211; Magnetisk sammenleggbar design holder pillene trygge p\u00e5 innsiden.<\/p>\n<p data-start=\"678\" data-end=\"757\">\ud83e\udd32 Enkel tilgang &#8211; Side\u00e5pningsfunksjon for enkel og rask pillehenting.<\/p>\n<p data-start=\"678\" data-end=\"757\"><img decoding=\"async\" class=\"size-full wp-image-38265 aligncenter\" src=\"https:\/\/keluvo.com\/template\/wp-content\/uploads\/sites\/5\/2025\/10\/image10_e6c47dee-0335-4d8f-9aba-80825e0fe035.jpg\" alt=\"\" \/><\/p>\n<h2 style=\"text-align: center;\" data-start=\"764\" data-end=\"783\">\ud83e\uddfe Slik Bruker Du Den<\/h2>\n<ol data-start=\"784\" data-end=\"1042\">\n<li data-start=\"784\" data-end=\"825\">\n<p data-start=\"787\" data-end=\"825\">\u00c5pne hvert rom fra siden.<\/p>\n<\/li>\n<li data-start=\"826\" data-end=\"868\">\n<p data-start=\"829\" data-end=\"868\">Fyll med dine daglige eller ukentlige piller.<\/p>\n<\/li>\n<li data-start=\"869\" data-end=\"916\">\n<p data-start=\"872\" data-end=\"916\">Lukk det magnetiske dekselet for \u00e5 l\u00e5se sikkert.<\/p>\n<\/li>\n<li data-start=\"917\" data-end=\"982\">\n<p data-start=\"920\" data-end=\"982\">Apne \u00f8nsket dags seksjon n\u00e5r det er p\u00e5 tide for dosen din.<\/p>\n<\/li>\n<li data-start=\"983\" data-end=\"1042\">\n<p data-start=\"986\" data-end=\"1042\">Oppbevar den i vesken eller skuffen for enkel tilgang n\u00e5r som helst.<\/p>\n<\/li>\n<\/ol>\n<h2 style=\"text-align: center;\" data-start=\"1049\" data-end=\"1073\">\ud83d\udccf Produktdetaljer<\/h2>\n<ul data-start=\"1074\" data-end=\"1279\">\n<li data-start=\"1074\" data-end=\"1106\">\n<p data-start=\"1076\" data-end=\"1106\">Materiale: Slitesterk PP-plast<\/p>\n<\/li>\n<li data-start=\"1107\" data-end=\"1143\">\n<p data-start=\"1109\" data-end=\"1143\">Rom: 7 (for ukentlig bruk)<\/p>\n<\/li>\n<li data-start=\"1144\" data-end=\"1190\">\n<p data-start=\"1146\" data-end=\"1190\">Design: Side\u00e5pning med magnetisk lukking<\/p>\n<\/li>\n<li data-start=\"1191\" data-end=\"1226\">\n<p data-start=\"1193\" data-end=\"1226\">M\u00e5l: 10,2 x 7,2 x 2,2 cm<\/p>\n<\/li>\n<li data-start=\"1227\" data-end=\"1279\">\n<p data-start=\"1229\" data-end=\"1279\">Funksjoner: Lett, b\u00e6rbar, slitesterk, sikker<\/p>\n<\/li>\n<\/ul>\n<h2 style=\"text-align: center;\" data-start=\"1286\" data-end=\"1311\">\ud83d\udce6 Pakken inneholder<\/h2>\n<ul data-start=\"1312\" data-end=\"1338\">\n<li data-start=\"1312\" data-end=\"1338\">\n<p data-start=\"1314\" data-end=\"1338\">2x pilleholder.<\/p>\n<\/li>\n<\/ul>\n","protected":false},"excerpt":{"rendered":"<p>Hold Orden Og G\u00e5 Aldri Glipp Av En Dose Igjen \ud83d\udc8a Denne kompakte, ukentlige pilleholderen gj\u00f8r det enkelt og stressfritt [&hellip;]<\/p>\n","protected":false},"featured_media":52034,"comment_status":"open","ping_status":"closed","template":"","meta":{"site-sidebar-layout":"default","site-content-layout":"","ast-site-content-layout":"default","site-content-style":"default","site-sidebar-style":"default","ast-global-header-display":"","ast-banner-title-visibility":"","ast-main-header-display":"","ast-hfb-above-header-display":"","ast-hfb-below-header-display":"","ast-hfb-mobile-header-display":"","site-post-title":"","ast-breadcrumbs-content":"","ast-featured-img":"","footer-sml-layout":"","theme-transparent-header-meta":"default","adv-header-id-meta":"","stick-header-meta":"","header-above-stick-meta":"","header-main-stick-meta":"","header-below-stick-meta":"","astra-migrate-meta-layouts":"set","ast-page-background-enabled":"default","ast-page-background-meta":{"desktop":{"background-color":"var(--ast-global-color-4)","background-image":"","background-repeat":"repeat","background-position":"center center","background-size":"auto","background-attachment":"scroll","background-type":"","background-media":"","overlay-type":"","overlay-color":"","overlay-opacity":"","overlay-gradient":""},"tablet":{"background-color":"","background-image":"","background-repeat":"repeat","background-position":"center center","background-size":"auto","background-attachment":"scroll","background-type":"","background-media":"","overlay-type":"","overlay-color":"","overlay-opacity":"","overlay-gradient":""},"mobile":{"background-color":"","background-image":"","background-repeat":"repeat","background-position":"center center","background-size":"auto","background-attachment":"scroll","background-type":"","background-media":"","overlay-type":"","overlay-color":"","overlay-opacity":"","overlay-gradient":""}},"ast-content-background-meta":{"desktop":{"background-color":"var(--ast-global-color-5)","background-image":"","background-repeat":"repeat","background-position":"center center","background-size":"auto","background-attachment":"scroll","background-type":"","background-media":"","overlay-type":"","overlay-color":"","overlay-opacity":"","overlay-gradient":""},"tablet":{"background-color":"var(--ast-global-color-5)","background-image":"","background-repeat":"repeat","background-position":"center center","background-size":"auto","background-attachment":"scroll","background-type":"","background-media":"","overlay-type":"","overlay-color":"","overlay-opacity":"","overlay-gradient":""},"mobile":{"background-color":"var(--ast-global-color-5)","background-image":"","background-repeat":"repeat","background-position":"center center","background-size":"auto","background-attachment":"scroll","background-type":"","background-media":"","overlay-type":"","overlay-color":"","overlay-opacity":"","overlay-gradient":""}}},"product_brand":[],"product_cat":[991,1001,993],"product_tag":[],"class_list":{"0":"post-52038","1":"product","2":"type-product","3":"status-publish","4":"has-post-thumbnail","6":"product_cat-helseprodukter","7":"product_cat-husholdningsartikler","8":"product_cat-skotoy-tilbehor","9":"pa_23419_oeynuafo-beige","10":"pa_23419_oeynuafo-bla","11":"pa_23419_oeynuafo-gronn","12":"pa_23419_oeynuafo-rosa","13":"desktop-align-left","14":"tablet-align-left","15":"mobile-align-left","17":"first","18":"instock","19":"shipping-taxable","20":"purchasable","21":"product-type-variable"},"_links":{"self":[{"href":"https:\/\/keluvo.com\/no\/wp-json\/wp\/v2\/product\/52038","targetHints":{"allow":["GET"]}}],"collection":[{"href":"https:\/\/keluvo.com\/no\/wp-json\/wp\/v2\/product"}],"about":[{"href":"https:\/\/keluvo.com\/no\/wp-json\/wp\/v2\/types\/product"}],"replies":[{"embeddable":true,"href":"https:\/\/keluvo.com\/no\/wp-json\/wp\/v2\/comments?post=52038"}],"wp:featuredmedia":[{"embeddable":true,"href":"https:\/\/keluvo.com\/no\/wp-json\/wp\/v2\/media\/52034"}],"wp:attachment":[{"href":"https:\/\/keluvo.com\/no\/wp-json\/wp\/v2\/media?parent=52038"}],"wp:term":[{"taxonomy":"product_brand","embeddable":true,"href":"https:\/\/keluvo.com\/no\/wp-json\/wp\/v2\/product_brand?post=52038"},{"taxonomy":"product_cat","embeddable":true,"href":"https:\/\/keluvo.com\/no\/wp-json\/wp\/v2\/product_cat?post=52038"},{"taxonomy":"product_tag","embeddable":true,"href":"https:\/\/keluvo.com\/no\/wp-json\/wp\/v2\/product_tag?post=52038"}],"curies":[{"name":"wp","href":"https:\/\/api.w.org\/{rel}","templated":true}]}}