{"id":5201,"date":"2024-11-15T11:26:04","date_gmt":"2024-11-15T09:26:04","guid":{"rendered":"https:\/\/keluvo.com\/no\/produkt\/magnetisk-skrutrekkersett\/"},"modified":"2024-11-15T11:26:05","modified_gmt":"2024-11-15T09:26:05","slug":"magnetisk-skrutrekkersett","status":"publish","type":"product","link":"https:\/\/keluvo.com\/no\/produkt\/magnetisk-skrutrekkersett\/","title":{"rendered":"Magnetisk skrutrekkersett"},"content":{"rendered":"<h2 style=\"text-align: center\"><strong>Komplett sett for alle oppgaver<\/strong><\/h2>\n<p style=\"text-align: center\">Dette magnetiske skrutrekkersettet inneholder 44 unike skrutrekkerhoder, noe som gir deg verkt\u00f8yene du trenger til nesten alle reparasjoner. Enten det gjelder elektronikk, mobiltelefoner eller husholdningsartikler, s\u00f8rger dette settet for at du alltid har det riktige verkt\u00f8yet for jobben.<\/p>\n<p><img decoding=\"async\" class=\"alignnone size-medium wp-image-3199 aligncenter\" src=\"https:\/\/keluvo.com\/template\/wp-content\/uploads\/sites\/5\/2024\/11\/S8370b631ef4c4b1d9af309b7552c575es.jpg\" alt=\"\" \/><\/p>\n<h2 style=\"text-align: center\"><strong>Sterkt magnetisk grep<\/strong><\/h2>\n<p style=\"text-align: center\">Skrutrekkersettet er utstyrt med en magnetisk funksjon som holder skruene sikkert p\u00e5 plass, noe som gj\u00f8r det enkelt \u00e5 h\u00e5ndtere og plassere dem n\u00f8yaktig. Dette reduserer risikoen for \u00e5 miste eller miste skruer, noe som gj\u00f8r arbeidet raskere og mer effektivt.<\/p>\n<p><img decoding=\"async\" class=\"alignnone size-medium wp-image-3203 aligncenter\" src=\"https:\/\/keluvo.com\/template\/wp-content\/uploads\/sites\/5\/2024\/11\/S275e3d897a964a779ae4942626600a276-removebg-preview.png\" alt=\"\" \/><\/p>\n<h2 style=\"text-align: center\"><strong>presisjon for n\u00f8yaktig arbeid<\/strong><\/h2>\n<p style=\"text-align: center\">Designet med h\u00f8y presisjon, s\u00f8rger det magnetiske skrutrekkersettet for n\u00f8yaktig og jevn skrueplassering. Dette settet er ideelt for detaljerte oppgaver og gir p\u00e5litelig ytelse, slik at du kan fullf\u00f8re reparasjoner med selvtillit og presisjon.<\/p>\n<p><img decoding=\"async\" class=\"alignnone size-medium wp-image-3201 aligncenter\" src=\"https:\/\/keluvo.com\/template\/wp-content\/uploads\/sites\/5\/2024\/11\/S9783e7ceabb04b58a202033243ea9eecR.jpg\" alt=\"\" \/><\/p>\n","protected":false},"excerpt":{"rendered":"<p>Komplett sett for alle oppgaver Dette magnetiske skrutrekkersettet inneholder 44 unike skrutrekkerhoder, noe som gir deg verkt\u00f8yene du trenger til [&hellip;]<\/p>\n","protected":false},"featured_media":5197,"comment_status":"open","ping_status":"closed","template":"","meta":{"site-sidebar-layout":"default","site-content-layout":"","ast-site-content-layout":"default","site-content-style":"default","site-sidebar-style":"default","ast-global-header-display":"","ast-banner-title-visibility":"","ast-main-header-display":"","ast-hfb-above-header-display":"","ast-hfb-below-header-display":"","ast-hfb-mobile-header-display":"","site-post-title":"","ast-breadcrumbs-content":"","ast-featured-img":"","footer-sml-layout":"","theme-transparent-header-meta":"default","adv-header-id-meta":"","stick-header-meta":"","header-above-stick-meta":"","header-main-stick-meta":"","header-below-stick-meta":"","astra-migrate-meta-layouts":"set","ast-page-background-enabled":"default","ast-page-background-meta":{"desktop":{"background-color":"var(--ast-global-color-4)","background-image":"","background-repeat":"repeat","background-position":"center center","background-size":"auto","background-attachment":"scroll","background-type":"","background-media":"","overlay-type":"","overlay-color":"","overlay-opacity":"","overlay-gradient":""},"tablet":{"background-color":"","background-image":"","background-repeat":"repeat","background-position":"center center","background-size":"auto","background-attachment":"scroll","background-type":"","background-media":"","overlay-type":"","overlay-color":"","overlay-opacity":"","overlay-gradient":""},"mobile":{"background-color":"","background-image":"","background-repeat":"repeat","background-position":"center center","background-size":"auto","background-attachment":"scroll","background-type":"","background-media":"","overlay-type":"","overlay-color":"","overlay-opacity":"","overlay-gradient":""}},"ast-content-background-meta":{"desktop":{"background-color":"var(--ast-global-color-5)","background-image":"","background-repeat":"repeat","background-position":"center center","background-size":"auto","background-attachment":"scroll","background-type":"","background-media":"","overlay-type":"","overlay-color":"","overlay-opacity":"","overlay-gradient":""},"tablet":{"background-color":"var(--ast-global-color-5)","background-image":"","background-repeat":"repeat","background-position":"center center","background-size":"auto","background-attachment":"scroll","background-type":"","background-media":"","overlay-type":"","overlay-color":"","overlay-opacity":"","overlay-gradient":""},"mobile":{"background-color":"var(--ast-global-color-5)","background-image":"","background-repeat":"repeat","background-position":"center center","background-size":"auto","background-attachment":"scroll","background-type":"","background-media":"","overlay-type":"","overlay-color":"","overlay-opacity":"","overlay-gradient":""}}},"product_brand":[],"product_cat":[996],"product_tag":[],"class_list":{"0":"post-5201","1":"product","2":"type-product","3":"status-publish","4":"has-post-thumbnail","6":"product_cat-verktoy","7":"desktop-align-left","8":"tablet-align-left","9":"mobile-align-left","11":"first","12":"instock","13":"shipping-taxable","14":"purchasable","15":"product-type-simple"},"_links":{"self":[{"href":"https:\/\/keluvo.com\/no\/wp-json\/wp\/v2\/product\/5201","targetHints":{"allow":["GET"]}}],"collection":[{"href":"https:\/\/keluvo.com\/no\/wp-json\/wp\/v2\/product"}],"about":[{"href":"https:\/\/keluvo.com\/no\/wp-json\/wp\/v2\/types\/product"}],"replies":[{"embeddable":true,"href":"https:\/\/keluvo.com\/no\/wp-json\/wp\/v2\/comments?post=5201"}],"wp:featuredmedia":[{"embeddable":true,"href":"https:\/\/keluvo.com\/no\/wp-json\/wp\/v2\/media\/5197"}],"wp:attachment":[{"href":"https:\/\/keluvo.com\/no\/wp-json\/wp\/v2\/media?parent=5201"}],"wp:term":[{"taxonomy":"product_brand","embeddable":true,"href":"https:\/\/keluvo.com\/no\/wp-json\/wp\/v2\/product_brand?post=5201"},{"taxonomy":"product_cat","embeddable":true,"href":"https:\/\/keluvo.com\/no\/wp-json\/wp\/v2\/product_cat?post=5201"},{"taxonomy":"product_tag","embeddable":true,"href":"https:\/\/keluvo.com\/no\/wp-json\/wp\/v2\/product_tag?post=5201"}],"curies":[{"name":"wp","href":"https:\/\/api.w.org\/{rel}","templated":true}]}}