{"id":51973,"date":"2025-10-27T12:18:18","date_gmt":"2025-10-27T10:18:18","guid":{"rendered":"https:\/\/keluvo.com\/no\/produkt\/holder-for-biltelefon-4\/"},"modified":"2025-10-29T19:18:24","modified_gmt":"2025-10-29T17:18:24","slug":"holder-for-biltelefon-4","status":"publish","type":"product","link":"https:\/\/keluvo.com\/no\/produkt\/holder-for-biltelefon-4\/","title":{"rendered":"Holder for biltelefon"},"content":{"rendered":"<p style=\"text-align: center;\" data-start=\"0\" data-end=\"65\"><strong data-start=\"0\" data-end=\"63\">Hold Telefonen Sikker Og Innen Rekkevidde Mens Du Kj\u00f8rer. \ud83d\udcf1\u00a0<\/strong><\/p>\n<p style=\"text-align: center;\" data-start=\"67\" data-end=\"397\">Denne magnetiske biltelefonholderen gir et sterkt, p\u00e5litelig grep og uanstrengt bekvemmelighet. Denne sammenleggbare og kompakte holderen er bygget med kraftige magneter, og holder smarttelefonen stabil selv p\u00e5 de mest humpete veiene. Perfekt for navigasjon, h\u00e5ndfrie samtaler og sikker kj\u00f8ring &#8211; det er et must-have-tilbeh\u00f8r for enhver bil.<\/p>\n<p data-start=\"67\" data-end=\"397\"><img decoding=\"async\" class=\"size-full wp-image-38168 aligncenter\" src=\"https:\/\/keluvo.com\/template\/wp-content\/uploads\/sites\/5\/2025\/10\/BeigeWhiteFacebookVideo_12_480x480.webp\" alt=\"\" \/><\/p>\n<h2 style=\"text-align: center;\" data-start=\"404\" data-end=\"426\"><strong>Hovedfordeler<\/strong><\/h2>\n<p data-start=\"429\" data-end=\"524\">\ud83e\uddf2 Kraftig magnetisk grep &#8211; N52 Neodymium-magnet s\u00f8rger for at telefonen holder seg p\u00e5 plass.<\/p>\n<p data-start=\"527\" data-end=\"631\">\ud83d\udcf1 Universell kompatibilitet &#8211; Fungerer perfekt med iPhone 16, 15, 14, 13, 12, 11 og de fleste andre smarttelefoner.<\/p>\n<p data-start=\"634\" data-end=\"724\">\ud83d\udd04 Sammenleggbar og kompakt design &#8211; Sparer plass og blokkerer ikke utsikten mens du kj\u00f8rer.<\/p>\n<p data-start=\"727\" data-end=\"818\">\u2699\ufe0f Enkel installasjon &#8211; Monteres sikkert p\u00e5 dashbordet p\u00e5 f\u00e5 sekunder &#8211; ingen verkt\u00f8y trengs.<\/p>\n<p data-start=\"821\" data-end=\"911\">\ud83d\udee1\ufe0f Sikker og stilig &#8211; kombinerer moderne design med slitesterke materialer for langvarig bruk.<\/p>\n<p data-start=\"821\" data-end=\"911\"><img decoding=\"async\" class=\"size-full wp-image-38170 aligncenter\" src=\"https:\/\/keluvo.com\/template\/wp-content\/uploads\/sites\/5\/2025\/10\/1686045945249.jpg\" alt=\"\" \/><\/p>\n<h2 style=\"text-align: center;\" data-start=\"918\" data-end=\"937\"><strong>Slik Bruker Du Den<\/strong><\/h2>\n<ol data-start=\"938\" data-end=\"1277\">\n<li data-start=\"938\" data-end=\"1024\">\n<p data-start=\"941\" data-end=\"1024\">Fest magnetfestet p\u00e5 bilens dashbord ved hjelp av den medf\u00f8lgende selvklebende basen.<\/p>\n<\/li>\n<li data-start=\"1025\" data-end=\"1107\">\n<p data-start=\"1028\" data-end=\"1107\">Plasser magnetplaten p\u00e5 baksiden av telefonen eller inne i telefonvesken.<\/p>\n<\/li>\n<li data-start=\"1108\" data-end=\"1200\">\n<p data-start=\"1111\" data-end=\"1200\">Plasser telefonen i n\u00e6rheten av holderen &#8211; den sterke magneten vil feste den sikkert p\u00e5 plass.<\/p>\n<\/li>\n<li data-start=\"1201\" data-end=\"1277\">\n<p data-start=\"1204\" data-end=\"1277\">Juster synsvinkelen etter behov for sikker og komfortabel navigering.<\/p>\n<\/li>\n<\/ol>\n<h2 style=\"text-align: center;\" data-start=\"1284\" data-end=\"1308\"><strong>Produktdetaljer<\/strong><\/h2>\n<ul data-start=\"1309\" data-end=\"1589\">\n<li data-start=\"1309\" data-end=\"1358\">\n<p data-start=\"1311\" data-end=\"1358\">Materiale: N52 neodymmagnet av h\u00f8y kvalitet<\/p>\n<\/li>\n<li data-start=\"1359\" data-end=\"1410\">\n<p data-start=\"1361\" data-end=\"1410\">Design: Sammenleggbar, kompakt og minimalistisk<\/p>\n<\/li>\n<li data-start=\"1411\" data-end=\"1455\">\n<p data-start=\"1413\" data-end=\"1455\">Feste type: Magnetisk dashbordmontering<\/p>\n<\/li>\n<li data-start=\"1456\" data-end=\"1519\">\n<p data-start=\"1458\" data-end=\"1519\">Kompatibilitet: iPhone 11\u201316-serien og de fleste smarttelefoner<\/p>\n<\/li>\n<li data-start=\"1520\" data-end=\"1589\">\n<p data-start=\"1522\" data-end=\"1589\">Ytelse: Sterkt magnetisk grep, stabilt selv p\u00e5 ujevne veier<\/p>\n<\/li>\n<li data-start=\"1520\" data-end=\"1589\">St\u00f8rrelse: 21 x 6 cm<\/li>\n<\/ul>\n<h2 style=\"text-align: center;\" data-start=\"1596\" data-end=\"1621\"><strong>Pakken inneholder<\/strong><\/h2>\n<ul data-start=\"1622\" data-end=\"1655\">\n<li data-start=\"1622\" data-end=\"1655\">\n<p data-start=\"1624\" data-end=\"1655\">1x biltelefonholder.<\/p>\n<\/li>\n<\/ul>\n","protected":false},"excerpt":{"rendered":"<p>Hold Telefonen Sikker Og Innen Rekkevidde Mens Du Kj\u00f8rer. \ud83d\udcf1\u00a0 Denne magnetiske biltelefonholderen gir et sterkt, p\u00e5litelig grep og uanstrengt [&hellip;]<\/p>\n","protected":false},"featured_media":51969,"comment_status":"open","ping_status":"closed","template":"","meta":{"site-sidebar-layout":"default","site-content-layout":"","ast-site-content-layout":"default","site-content-style":"default","site-sidebar-style":"default","ast-global-header-display":"","ast-banner-title-visibility":"","ast-main-header-display":"","ast-hfb-above-header-display":"","ast-hfb-below-header-display":"","ast-hfb-mobile-header-display":"","site-post-title":"","ast-breadcrumbs-content":"","ast-featured-img":"","footer-sml-layout":"","theme-transparent-header-meta":"default","adv-header-id-meta":"","stick-header-meta":"","header-above-stick-meta":"","header-main-stick-meta":"","header-below-stick-meta":"","astra-migrate-meta-layouts":"set","ast-page-background-enabled":"default","ast-page-background-meta":{"desktop":{"background-color":"var(--ast-global-color-4)","background-image":"","background-repeat":"repeat","background-position":"center center","background-size":"auto","background-attachment":"scroll","background-type":"","background-media":"","overlay-type":"","overlay-color":"","overlay-opacity":"","overlay-gradient":""},"tablet":{"background-color":"","background-image":"","background-repeat":"repeat","background-position":"center center","background-size":"auto","background-attachment":"scroll","background-type":"","background-media":"","overlay-type":"","overlay-color":"","overlay-opacity":"","overlay-gradient":""},"mobile":{"background-color":"","background-image":"","background-repeat":"repeat","background-position":"center center","background-size":"auto","background-attachment":"scroll","background-type":"","background-media":"","overlay-type":"","overlay-color":"","overlay-opacity":"","overlay-gradient":""}},"ast-content-background-meta":{"desktop":{"background-color":"var(--ast-global-color-5)","background-image":"","background-repeat":"repeat","background-position":"center center","background-size":"auto","background-attachment":"scroll","background-type":"","background-media":"","overlay-type":"","overlay-color":"","overlay-opacity":"","overlay-gradient":""},"tablet":{"background-color":"var(--ast-global-color-5)","background-image":"","background-repeat":"repeat","background-position":"center center","background-size":"auto","background-attachment":"scroll","background-type":"","background-media":"","overlay-type":"","overlay-color":"","overlay-opacity":"","overlay-gradient":""},"mobile":{"background-color":"var(--ast-global-color-5)","background-image":"","background-repeat":"repeat","background-position":"center center","background-size":"auto","background-attachment":"scroll","background-type":"","background-media":"","overlay-type":"","overlay-color":"","overlay-opacity":"","overlay-gradient":""}}},"product_brand":[],"product_cat":[15],"product_tag":[],"class_list":{"0":"post-51973","1":"product","2":"type-product","3":"status-publish","4":"has-post-thumbnail","6":"product_cat-uncategorized","7":"desktop-align-left","8":"tablet-align-left","9":"mobile-align-left","11":"first","12":"instock","13":"shipping-taxable","14":"purchasable","15":"product-type-simple"},"_links":{"self":[{"href":"https:\/\/keluvo.com\/no\/wp-json\/wp\/v2\/product\/51973","targetHints":{"allow":["GET"]}}],"collection":[{"href":"https:\/\/keluvo.com\/no\/wp-json\/wp\/v2\/product"}],"about":[{"href":"https:\/\/keluvo.com\/no\/wp-json\/wp\/v2\/types\/product"}],"replies":[{"embeddable":true,"href":"https:\/\/keluvo.com\/no\/wp-json\/wp\/v2\/comments?post=51973"}],"wp:featuredmedia":[{"embeddable":true,"href":"https:\/\/keluvo.com\/no\/wp-json\/wp\/v2\/media\/51969"}],"wp:attachment":[{"href":"https:\/\/keluvo.com\/no\/wp-json\/wp\/v2\/media?parent=51973"}],"wp:term":[{"taxonomy":"product_brand","embeddable":true,"href":"https:\/\/keluvo.com\/no\/wp-json\/wp\/v2\/product_brand?post=51973"},{"taxonomy":"product_cat","embeddable":true,"href":"https:\/\/keluvo.com\/no\/wp-json\/wp\/v2\/product_cat?post=51973"},{"taxonomy":"product_tag","embeddable":true,"href":"https:\/\/keluvo.com\/no\/wp-json\/wp\/v2\/product_tag?post=51973"}],"curies":[{"name":"wp","href":"https:\/\/api.w.org\/{rel}","templated":true}]}}