{"id":5176,"date":"2024-11-15T11:20:44","date_gmt":"2024-11-15T09:20:44","guid":{"rendered":"https:\/\/keluvo.com\/no\/produkt\/tradlos-skrivebordslampe\/"},"modified":"2024-11-15T11:21:16","modified_gmt":"2024-11-15T09:21:16","slug":"tradlos-skrivebordslampe","status":"publish","type":"product","link":"https:\/\/keluvo.com\/no\/produkt\/tradlos-skrivebordslampe\/","title":{"rendered":"Tr\u00e5dl\u00f8s skrivebordslampe"},"content":{"rendered":"<h2 style=\"text-align: center\"><strong>Elegant og moderne design<\/strong><\/h2>\n<p style=\"text-align: center\">Den tr\u00e5dl\u00f8se skrivebordslampen har et elegant og stilig design, og er tilgjengelig i gull, s\u00f8lv og svart. Den er perfekt for \u00e5 tilf\u00f8re et snev av eleganse til ethvert rom, og utfyller stuen, soverommet eller arbeidsrommet med sitt klassiske retroutseende.<\/p>\n<p><img decoding=\"async\" class=\"alignnone size-medium wp-image-3220 aligncenter\" src=\"https:\/\/keluvo.com\/template\/wp-content\/uploads\/sites\/5\/2024\/11\/07c1d839-8e92-46bc-8d8d-1ffa7349d0b2.webp\" alt=\"\" \/><\/p>\n<h2 style=\"text-align: center\"><strong>b\u00e6rbar og oppladbar<\/strong><\/h2>\n<p style=\"text-align: center\">Denne skrivebordslampen er oppladbar via USB og kan enkelt brukes tr\u00e5dl\u00f8st. Den b\u00e6rbare designen gj\u00f8r det enkelt \u00e5 plassere den hvor som helst i hjemmet uten \u00e5 v\u00e6re begrenset av ledninger, noe som gir b\u00e5de fleksibilitet og stil.<\/p>\n<p><img decoding=\"async\" class=\"alignnone size-medium wp-image-3226 aligncenter\" src=\"https:\/\/keluvo.com\/template\/wp-content\/uploads\/sites\/5\/2024\/11\/Sbb01a86922844470911565d70d1e94776.jpg\" alt=\"\" \/><\/p>\n","protected":false},"excerpt":{"rendered":"<p>Elegant og moderne design Den tr\u00e5dl\u00f8se skrivebordslampen har et elegant og stilig design, og er tilgjengelig i gull, s\u00f8lv og [&hellip;]<\/p>\n","protected":false},"featured_media":5172,"comment_status":"open","ping_status":"closed","template":"","meta":{"site-sidebar-layout":"default","site-content-layout":"","ast-site-content-layout":"default","site-content-style":"default","site-sidebar-style":"default","ast-global-header-display":"","ast-banner-title-visibility":"","ast-main-header-display":"","ast-hfb-above-header-display":"","ast-hfb-below-header-display":"","ast-hfb-mobile-header-display":"","site-post-title":"","ast-breadcrumbs-content":"","ast-featured-img":"","footer-sml-layout":"","theme-transparent-header-meta":"default","adv-header-id-meta":"","stick-header-meta":"","header-above-stick-meta":"","header-main-stick-meta":"","header-below-stick-meta":"","astra-migrate-meta-layouts":"set","ast-page-background-enabled":"default","ast-page-background-meta":{"desktop":{"background-color":"var(--ast-global-color-4)","background-image":"","background-repeat":"repeat","background-position":"center center","background-size":"auto","background-attachment":"scroll","background-type":"","background-media":"","overlay-type":"","overlay-color":"","overlay-opacity":"","overlay-gradient":""},"tablet":{"background-color":"","background-image":"","background-repeat":"repeat","background-position":"center center","background-size":"auto","background-attachment":"scroll","background-type":"","background-media":"","overlay-type":"","overlay-color":"","overlay-opacity":"","overlay-gradient":""},"mobile":{"background-color":"","background-image":"","background-repeat":"repeat","background-position":"center center","background-size":"auto","background-attachment":"scroll","background-type":"","background-media":"","overlay-type":"","overlay-color":"","overlay-opacity":"","overlay-gradient":""}},"ast-content-background-meta":{"desktop":{"background-color":"var(--ast-global-color-5)","background-image":"","background-repeat":"repeat","background-position":"center center","background-size":"auto","background-attachment":"scroll","background-type":"","background-media":"","overlay-type":"","overlay-color":"","overlay-opacity":"","overlay-gradient":""},"tablet":{"background-color":"var(--ast-global-color-5)","background-image":"","background-repeat":"repeat","background-position":"center center","background-size":"auto","background-attachment":"scroll","background-type":"","background-media":"","overlay-type":"","overlay-color":"","overlay-opacity":"","overlay-gradient":""},"mobile":{"background-color":"var(--ast-global-color-5)","background-image":"","background-repeat":"repeat","background-position":"center center","background-size":"auto","background-attachment":"scroll","background-type":"","background-media":"","overlay-type":"","overlay-color":"","overlay-opacity":"","overlay-gradient":""}}},"product_brand":[],"product_cat":[1001],"product_tag":[],"class_list":{"0":"post-5176","1":"product","2":"type-product","3":"status-publish","4":"has-post-thumbnail","6":"product_cat-husholdningsartikler","7":"pa_chd3c5zb-gra","8":"pa_chd3c5zb-gull","9":"pa_chd3c5zb-solv","10":"pa_chd3c5zb-svart","11":"desktop-align-left","12":"tablet-align-left","13":"mobile-align-left","15":"first","16":"instock","17":"shipping-taxable","18":"purchasable","19":"product-type-variable"},"_links":{"self":[{"href":"https:\/\/keluvo.com\/no\/wp-json\/wp\/v2\/product\/5176","targetHints":{"allow":["GET"]}}],"collection":[{"href":"https:\/\/keluvo.com\/no\/wp-json\/wp\/v2\/product"}],"about":[{"href":"https:\/\/keluvo.com\/no\/wp-json\/wp\/v2\/types\/product"}],"replies":[{"embeddable":true,"href":"https:\/\/keluvo.com\/no\/wp-json\/wp\/v2\/comments?post=5176"}],"wp:featuredmedia":[{"embeddable":true,"href":"https:\/\/keluvo.com\/no\/wp-json\/wp\/v2\/media\/5172"}],"wp:attachment":[{"href":"https:\/\/keluvo.com\/no\/wp-json\/wp\/v2\/media?parent=5176"}],"wp:term":[{"taxonomy":"product_brand","embeddable":true,"href":"https:\/\/keluvo.com\/no\/wp-json\/wp\/v2\/product_brand?post=5176"},{"taxonomy":"product_cat","embeddable":true,"href":"https:\/\/keluvo.com\/no\/wp-json\/wp\/v2\/product_cat?post=5176"},{"taxonomy":"product_tag","embeddable":true,"href":"https:\/\/keluvo.com\/no\/wp-json\/wp\/v2\/product_tag?post=5176"}],"curies":[{"name":"wp","href":"https:\/\/api.w.org\/{rel}","templated":true}]}}