{"id":51690,"date":"2025-10-23T17:58:35","date_gmt":"2025-10-23T14:58:35","guid":{"rendered":"https:\/\/keluvo.com\/no\/produkt\/moderne-vegglampe\/"},"modified":"2025-11-18T16:01:51","modified_gmt":"2025-11-18T14:01:51","slug":"moderne-vegglampe","status":"publish","type":"product","link":"https:\/\/keluvo.com\/no\/produkt\/moderne-vegglampe\/","title":{"rendered":"Moderne vegglampe"},"content":{"rendered":"<p style=\"text-align: center\" data-start=\"0\" data-end=\"80\"><strong data-start=\"0\" data-end=\"78\">Nyt Uanstrengt Belysning Og Moderne Stil Med Denne Moderne Vegglampen. \ud83c\udf19<\/strong><\/p>\n<p style=\"text-align: center\" data-start=\"82\" data-end=\"399\">Denne moderne vegglampen er en smart, plug-in vegglampe som automatisk tilpasser seg dine behov. Med sin innebygde lyssensor, dimbare lysstyrke og kompakte design gir den den perfekte mengden lys hvor som helst i hjemmet ditt &#8211; fra m\u00f8rke korridorer til koselige soverom. Bare koble den til og la den gj\u00f8re jobben for deg.<\/p>\n<p data-start=\"82\" data-end=\"399\"><img decoding=\"async\" class=\"size-full wp-image-38146 aligncenter\" src=\"https:\/\/keluvo.com\/template\/wp-content\/uploads\/sites\/5\/2025\/10\/ezgif-3-e82e054535.webp\" alt=\"\" \/><\/p>\n<h2 style=\"text-align: center\" data-start=\"406\" data-end=\"428\"><strong>Hovedfordeler<\/strong><\/h2>\n<p data-start=\"431\" data-end=\"534\">\ud83c\udf19 Automatisk av\/p\u00e5 &#8211; Smart skumrings- og soloppgangssensor sl\u00e5r lyset p\u00e5 i m\u00f8rket og av ved soloppgang.<\/p>\n<p data-start=\"537\" data-end=\"631\">\ud83d\udd06 Justerbar lysstyrke &#8211; Velg mellom en mild gl\u00f8d eller sterkere lys for bedre synlighet.<\/p>\n<p data-start=\"634\" data-end=\"719\">\u26a1 Energieffektiv &#8211; Bruker mindre enn 1 watt \u2014 lyser hele natten, bruker lite str\u00f8m.<\/p>\n<p data-start=\"634\" data-end=\"719\">\ud83e\udde9 Kompakt og stilig design &#8211; Passer i alle stikkontakter og holder den andre stikkontakten fri.<\/p>\n<p data-start=\"809\" data-end=\"890\">\ud83d\udd12 Sikker og p\u00e5litelig &#8211; Holder seg kj\u00f8lig \u00e5 ta p\u00e5, ideell for daglig innend\u00f8rs bruk.<\/p>\n<p data-start=\"809\" data-end=\"890\"><img decoding=\"async\" class=\"size-full wp-image-38147 aligncenter\" src=\"https:\/\/keluvo.com\/template\/wp-content\/uploads\/sites\/5\/2025\/10\/ezgif-3-c747945947.webp\" alt=\"\" \/><\/p>\n<h2 style=\"text-align: center\" data-start=\"897\" data-end=\"916\"><strong>Slik Bruker Du Den<\/strong><\/h2>\n<ol data-start=\"917\" data-end=\"1125\">\n<li data-start=\"917\" data-end=\"978\">\n<p data-start=\"920\" data-end=\"978\">Koble vegglampen til en hvilken som helst stikkontakt.<\/p>\n<\/li>\n<li data-start=\"979\" data-end=\"1037\">\n<p data-start=\"982\" data-end=\"1037\">Juster lysstyrken ved hjelp av den innebygde dimmerfunksjonen.<\/p>\n<\/li>\n<li data-start=\"1038\" data-end=\"1125\">\n<p data-start=\"1041\" data-end=\"1125\">Lyset sl\u00e5s automatisk p\u00e5 i skumringen og av ved daggry &#8211; ingen brytere er n\u00f8dvendig.<\/p>\n<\/li>\n<\/ol>\n<h2 style=\"text-align: center\" data-start=\"1132\" data-end=\"1156\"><strong>Produktdetaljer<\/strong><\/h2>\n<ul data-start=\"1157\" data-end=\"1481\">\n<li data-start=\"1202\" data-end=\"1230\">\n<p data-start=\"1204\" data-end=\"1230\">Lysstyrke: Dimbar<\/p>\n<\/li>\n<li data-start=\"1231\" data-end=\"1277\">\n<p data-start=\"1233\" data-end=\"1277\">Sensor: Automatisk skumring-til-gry-kontroll<\/p>\n<\/li>\n<li data-start=\"1278\" data-end=\"1309\">\n<p data-start=\"1280\" data-end=\"1309\">Effektforbruk: &lt; 1W<\/p>\n<\/li>\n<li data-start=\"1310\" data-end=\"1347\">\n<p data-start=\"1312\" data-end=\"1347\">Fargealternativer: Svart eller hvit<\/p>\n<\/li>\n<li data-start=\"1348\" data-end=\"1412\">\n<p data-start=\"1350\" data-end=\"1412\">Design: Kompakt og plassbesparende (holder \u00e9n stikkontakt ledig)<\/p>\n<\/li>\n<li data-start=\"1413\" data-end=\"1481\">\n<p data-start=\"1415\" data-end=\"1481\">Bruk: Perfekt for gang, soverom, bad og kj\u00f8kken<\/p>\n<\/li>\n<li data-start=\"1413\" data-end=\"1481\">Str\u00f8m: EU-kontakt<\/li>\n<\/ul>\n<h2 style=\"text-align: center\" data-start=\"1488\" data-end=\"1513\"><strong>Pakken Inneholder<\/strong><\/h2>\n<ul data-start=\"1514\" data-end=\"1554\">\n<li data-start=\"1514\" data-end=\"1554\">\n<p data-start=\"1516\" data-end=\"1554\">1, 2, 4x moderne vegglampe.<\/p>\n<\/li>\n<\/ul>\n","protected":false},"excerpt":{"rendered":"<p>Nyt Uanstrengt Belysning Og Moderne Stil Med Denne Moderne Vegglampen. \ud83c\udf19 Denne moderne vegglampen er en smart, plug-in vegglampe som [&hellip;]<\/p>\n","protected":false},"featured_media":51686,"comment_status":"open","ping_status":"closed","template":"","meta":{"site-sidebar-layout":"default","site-content-layout":"","ast-site-content-layout":"default","site-content-style":"default","site-sidebar-style":"default","ast-global-header-display":"","ast-banner-title-visibility":"","ast-main-header-display":"","ast-hfb-above-header-display":"","ast-hfb-below-header-display":"","ast-hfb-mobile-header-display":"","site-post-title":"","ast-breadcrumbs-content":"","ast-featured-img":"","footer-sml-layout":"","theme-transparent-header-meta":"default","adv-header-id-meta":"","stick-header-meta":"","header-above-stick-meta":"","header-main-stick-meta":"","header-below-stick-meta":"","astra-migrate-meta-layouts":"set","ast-page-background-enabled":"default","ast-page-background-meta":{"desktop":{"background-color":"var(--ast-global-color-4)","background-image":"","background-repeat":"repeat","background-position":"center center","background-size":"auto","background-attachment":"scroll","background-type":"","background-media":"","overlay-type":"","overlay-color":"","overlay-opacity":"","overlay-gradient":""},"tablet":{"background-color":"","background-image":"","background-repeat":"repeat","background-position":"center center","background-size":"auto","background-attachment":"scroll","background-type":"","background-media":"","overlay-type":"","overlay-color":"","overlay-opacity":"","overlay-gradient":""},"mobile":{"background-color":"","background-image":"","background-repeat":"repeat","background-position":"center center","background-size":"auto","background-attachment":"scroll","background-type":"","background-media":"","overlay-type":"","overlay-color":"","overlay-opacity":"","overlay-gradient":""}},"ast-content-background-meta":{"desktop":{"background-color":"var(--ast-global-color-5)","background-image":"","background-repeat":"repeat","background-position":"center center","background-size":"auto","background-attachment":"scroll","background-type":"","background-media":"","overlay-type":"","overlay-color":"","overlay-opacity":"","overlay-gradient":""},"tablet":{"background-color":"var(--ast-global-color-5)","background-image":"","background-repeat":"repeat","background-position":"center center","background-size":"auto","background-attachment":"scroll","background-type":"","background-media":"","overlay-type":"","overlay-color":"","overlay-opacity":"","overlay-gradient":""},"mobile":{"background-color":"var(--ast-global-color-5)","background-image":"","background-repeat":"repeat","background-position":"center center","background-size":"auto","background-attachment":"scroll","background-type":"","background-media":"","overlay-type":"","overlay-color":"","overlay-opacity":"","overlay-gradient":""}}},"product_brand":[],"product_cat":[1001],"product_tag":[],"class_list":{"0":"post-51690","1":"product","2":"type-product","3":"status-publish","4":"has-post-thumbnail","6":"product_cat-husholdningsartikler","7":"pa_48374_pgei1au3-1-stk","8":"pa_48374_pgei1au3-2-stk","9":"pa_48374_pgei1au3-4-stk","10":"desktop-align-left","11":"tablet-align-left","12":"mobile-align-left","14":"first","15":"instock","16":"shipping-taxable","17":"purchasable","18":"product-type-variable"},"_links":{"self":[{"href":"https:\/\/keluvo.com\/no\/wp-json\/wp\/v2\/product\/51690","targetHints":{"allow":["GET"]}}],"collection":[{"href":"https:\/\/keluvo.com\/no\/wp-json\/wp\/v2\/product"}],"about":[{"href":"https:\/\/keluvo.com\/no\/wp-json\/wp\/v2\/types\/product"}],"replies":[{"embeddable":true,"href":"https:\/\/keluvo.com\/no\/wp-json\/wp\/v2\/comments?post=51690"}],"wp:featuredmedia":[{"embeddable":true,"href":"https:\/\/keluvo.com\/no\/wp-json\/wp\/v2\/media\/51686"}],"wp:attachment":[{"href":"https:\/\/keluvo.com\/no\/wp-json\/wp\/v2\/media?parent=51690"}],"wp:term":[{"taxonomy":"product_brand","embeddable":true,"href":"https:\/\/keluvo.com\/no\/wp-json\/wp\/v2\/product_brand?post=51690"},{"taxonomy":"product_cat","embeddable":true,"href":"https:\/\/keluvo.com\/no\/wp-json\/wp\/v2\/product_cat?post=51690"},{"taxonomy":"product_tag","embeddable":true,"href":"https:\/\/keluvo.com\/no\/wp-json\/wp\/v2\/product_tag?post=51690"}],"curies":[{"name":"wp","href":"https:\/\/api.w.org\/{rel}","templated":true}]}}