{"id":5167,"date":"2024-11-15T11:19:03","date_gmt":"2024-11-15T09:19:03","guid":{"rendered":"https:\/\/keluvo.com\/no\/produkt\/bilskjerm\/"},"modified":"2024-12-03T18:15:23","modified_gmt":"2024-12-03T16:15:23","slug":"bilskjerm","status":"publish","type":"product","link":"https:\/\/keluvo.com\/no\/produkt\/bilskjerm\/","title":{"rendered":"CarPlay Skjerm"},"content":{"rendered":"<h2 style=\"text-align: center;\"><strong>Skjerm med h\u00f8y oppl\u00f8sning<\/strong><\/h2>\n<p style=\"text-align: center;\">Gled deg over en skarp og klar visning p\u00e5 den 10,26-tommers bilskjermen, med UHD 4K-oppl\u00f8sning for skjermen foran og 1080P AHD for kameraet bak. Denne h\u00f8yoppl\u00f8selige skjermen s\u00f8rger for at navigasjon, videoer og ryggeassistanse vises skarpt og levende, noe som forbedrer kj\u00f8reopplevelsen din.<\/p>\n<p><img decoding=\"async\" class=\"alignnone size-medium wp-image-3246 aligncenter\" src=\"https:\/\/keluvo.com\/template\/wp-content\/uploads\/sites\/5\/2024\/11\/S945540f91f54442baf2c3c2ca4271342Y.jpg\" alt=\"\" \/><\/p>\n<h2 style=\"text-align: center;\"><strong>Innebygd GPS og WiFi-funksjoner<\/strong><\/h2>\n<p style=\"text-align: center;\">Denne bilskjermen inkluderer ogs\u00e5 GPS-sporing og WiFi-tilkobling for et komplett utvalg av smarte funksjoner. Bruk GPS-en til \u00e5 registrere kj\u00f8reruter og spille dem av p\u00e5 datamaskinen, og koble til via WiFi for \u00e5 f\u00e5 enkel tilgang til apper og oppdateringer. For enda mer kontroll kan du bruke Viidure-appen til \u00e5 administrere funksjoner direkte fra telefonen.<\/p>\n<p><img decoding=\"async\" class=\"alignnone size-medium wp-image-3240 aligncenter\" src=\"https:\/\/keluvo.com\/template\/wp-content\/uploads\/sites\/5\/2024\/11\/8c7a18ee-97d1-4300-b82e-6436a3fbb6ca.webp\" alt=\"\" \/><\/p>\n<h2><\/h2>\n<h2 style=\"text-align: center;\"><strong>Tyverisikring og ulykkesoverv\u00e5king<\/strong><\/h2>\n<p style=\"text-align: center;\">CarPlay-skjermen gir deg d\u00f8gnkontinuerlig overv\u00e5king av bilens omgivelser og beskytter deg mot tyverier eller fanger opp eventuelle hendelser.<\/p>\n<p><img decoding=\"async\" class=\"size-medium wp-image-3791 aligncenter\" src=\"https:\/\/keluvo.com\/template\/wp-content\/uploads\/sites\/5\/2024\/11\/1088312893-358223761.png\" alt=\"\" \/><\/p>\n<h2><\/h2>\n<h2 style=\"text-align: center;\"><strong>Ryggekamera<\/strong><\/h2>\n<p style=\"text-align: center;\">CarPlay-skjermen har ryggekamera, noe som gj\u00f8r det enklere \u00e5 kj\u00f8re bakover og parkere.<\/p>\n<p><img decoding=\"async\" class=\"size-medium wp-image-3808 aligncenter\" src=\"https:\/\/keluvo.com\/template\/wp-content\/uploads\/sites\/5\/2024\/11\/1089757743-1859531250.jpg\" alt=\"\" \/><\/p>\n","protected":false},"excerpt":{"rendered":"<p>Skjerm med h\u00f8y oppl\u00f8sning Gled deg over en skarp og klar visning p\u00e5 den 10,26-tommers bilskjermen, med UHD 4K-oppl\u00f8sning for [&hellip;]<\/p>\n","protected":false},"featured_media":5163,"comment_status":"open","ping_status":"closed","template":"","meta":{"site-sidebar-layout":"default","site-content-layout":"","ast-site-content-layout":"default","site-content-style":"default","site-sidebar-style":"default","ast-global-header-display":"","ast-banner-title-visibility":"","ast-main-header-display":"","ast-hfb-above-header-display":"","ast-hfb-below-header-display":"","ast-hfb-mobile-header-display":"","site-post-title":"","ast-breadcrumbs-content":"","ast-featured-img":"","footer-sml-layout":"","theme-transparent-header-meta":"default","adv-header-id-meta":"","stick-header-meta":"","header-above-stick-meta":"","header-main-stick-meta":"","header-below-stick-meta":"","astra-migrate-meta-layouts":"set","ast-page-background-enabled":"default","ast-page-background-meta":{"desktop":{"background-color":"var(--ast-global-color-4)","background-image":"","background-repeat":"repeat","background-position":"center center","background-size":"auto","background-attachment":"scroll","background-type":"","background-media":"","overlay-type":"","overlay-color":"","overlay-opacity":"","overlay-gradient":""},"tablet":{"background-color":"","background-image":"","background-repeat":"repeat","background-position":"center center","background-size":"auto","background-attachment":"scroll","background-type":"","background-media":"","overlay-type":"","overlay-color":"","overlay-opacity":"","overlay-gradient":""},"mobile":{"background-color":"","background-image":"","background-repeat":"repeat","background-position":"center center","background-size":"auto","background-attachment":"scroll","background-type":"","background-media":"","overlay-type":"","overlay-color":"","overlay-opacity":"","overlay-gradient":""}},"ast-content-background-meta":{"desktop":{"background-color":"var(--ast-global-color-5)","background-image":"","background-repeat":"repeat","background-position":"center center","background-size":"auto","background-attachment":"scroll","background-type":"","background-media":"","overlay-type":"","overlay-color":"","overlay-opacity":"","overlay-gradient":""},"tablet":{"background-color":"var(--ast-global-color-5)","background-image":"","background-repeat":"repeat","background-position":"center center","background-size":"auto","background-attachment":"scroll","background-type":"","background-media":"","overlay-type":"","overlay-color":"","overlay-opacity":"","overlay-gradient":""},"mobile":{"background-color":"var(--ast-global-color-5)","background-image":"","background-repeat":"repeat","background-position":"center center","background-size":"auto","background-attachment":"scroll","background-type":"","background-media":"","overlay-type":"","overlay-color":"","overlay-opacity":"","overlay-gradient":""}}},"product_brand":[],"product_cat":[998],"product_tag":[],"class_list":{"0":"post-5167","1":"product","2":"type-product","3":"status-publish","4":"has-post-thumbnail","6":"product_cat-bilprodukter","7":"desktop-align-left","8":"tablet-align-left","9":"mobile-align-left","11":"first","12":"instock","13":"shipping-taxable","14":"purchasable","15":"product-type-simple"},"_links":{"self":[{"href":"https:\/\/keluvo.com\/no\/wp-json\/wp\/v2\/product\/5167","targetHints":{"allow":["GET"]}}],"collection":[{"href":"https:\/\/keluvo.com\/no\/wp-json\/wp\/v2\/product"}],"about":[{"href":"https:\/\/keluvo.com\/no\/wp-json\/wp\/v2\/types\/product"}],"replies":[{"embeddable":true,"href":"https:\/\/keluvo.com\/no\/wp-json\/wp\/v2\/comments?post=5167"}],"wp:featuredmedia":[{"embeddable":true,"href":"https:\/\/keluvo.com\/no\/wp-json\/wp\/v2\/media\/5163"}],"wp:attachment":[{"href":"https:\/\/keluvo.com\/no\/wp-json\/wp\/v2\/media?parent=5167"}],"wp:term":[{"taxonomy":"product_brand","embeddable":true,"href":"https:\/\/keluvo.com\/no\/wp-json\/wp\/v2\/product_brand?post=5167"},{"taxonomy":"product_cat","embeddable":true,"href":"https:\/\/keluvo.com\/no\/wp-json\/wp\/v2\/product_cat?post=5167"},{"taxonomy":"product_tag","embeddable":true,"href":"https:\/\/keluvo.com\/no\/wp-json\/wp\/v2\/product_tag?post=5167"}],"curies":[{"name":"wp","href":"https:\/\/api.w.org\/{rel}","templated":true}]}}