{"id":5140,"date":"2024-11-15T11:13:15","date_gmt":"2024-11-15T09:13:15","guid":{"rendered":"https:\/\/keluvo.com\/no\/produkt\/bordlampe\/"},"modified":"2024-11-15T11:13:50","modified_gmt":"2024-11-15T09:13:50","slug":"bordlampe","status":"publish","type":"product","link":"https:\/\/keluvo.com\/no\/produkt\/bordlampe\/","title":{"rendered":"Bordlampe"},"content":{"rendered":"<h2 style=\"text-align: center\"><strong>Ber\u00f8ringsstyrt belysning<\/strong><\/h2>\n<p style=\"text-align: center\">Denne bordlampen har enkel ber\u00f8ringskontroll for \u00e5 justere lysfarge og lysstyrke. Bare trykk p\u00e5 bryteren for \u00e5 veksle mellom innstillingene for naturlig, hvitt og varmt lys. Hold ber\u00f8ringsbryteren nede for \u00e5 justere lysstyrken fra svak til sterk eller omvendt for den perfekte stemningen.<\/p>\n<p><img decoding=\"async\" class=\"alignnone size-medium wp-image-3256 aligncenter\" src=\"https:\/\/keluvo.com\/template\/wp-content\/uploads\/sites\/5\/2024\/11\/171ae416-cbbb-45db-9b90-e99d71ff15e1.webp\" alt=\"\" \/><\/p>\n<h2 style=\"text-align: center\"><strong>Elegant og allsidig design<\/strong><\/h2>\n<p style=\"text-align: center\">Med sin stilige, nordiskinspirerte design gir denne bordlampen et dekorativt innslag i rommet ditt. Den elegante og moderne blomsterknoppformen utfyller ulike romstiler, noe som gj\u00f8r den til et ideelt valg for soverom, hoteller og andre koselige rom.<\/p>\n<p><img decoding=\"async\" class=\"alignnone size-medium wp-image-3271 aligncenter\" src=\"https:\/\/keluvo.com\/template\/wp-content\/uploads\/sites\/5\/2024\/11\/c3a9bd0d-008b-4d17-9f71-0ba618442087.webp\" alt=\"\" \/><\/p>\n","protected":false},"excerpt":{"rendered":"<p>Ber\u00f8ringsstyrt belysning Denne bordlampen har enkel ber\u00f8ringskontroll for \u00e5 justere lysfarge og lysstyrke. Bare trykk p\u00e5 bryteren for \u00e5 veksle [&hellip;]<\/p>\n","protected":false},"featured_media":5136,"comment_status":"open","ping_status":"closed","template":"","meta":{"site-sidebar-layout":"default","site-content-layout":"","ast-site-content-layout":"default","site-content-style":"default","site-sidebar-style":"default","ast-global-header-display":"","ast-banner-title-visibility":"","ast-main-header-display":"","ast-hfb-above-header-display":"","ast-hfb-below-header-display":"","ast-hfb-mobile-header-display":"","site-post-title":"","ast-breadcrumbs-content":"","ast-featured-img":"","footer-sml-layout":"","theme-transparent-header-meta":"default","adv-header-id-meta":"","stick-header-meta":"","header-above-stick-meta":"","header-main-stick-meta":"","header-below-stick-meta":"","astra-migrate-meta-layouts":"set","ast-page-background-enabled":"default","ast-page-background-meta":{"desktop":{"background-color":"var(--ast-global-color-4)","background-image":"","background-repeat":"repeat","background-position":"center center","background-size":"auto","background-attachment":"scroll","background-type":"","background-media":"","overlay-type":"","overlay-color":"","overlay-opacity":"","overlay-gradient":""},"tablet":{"background-color":"","background-image":"","background-repeat":"repeat","background-position":"center center","background-size":"auto","background-attachment":"scroll","background-type":"","background-media":"","overlay-type":"","overlay-color":"","overlay-opacity":"","overlay-gradient":""},"mobile":{"background-color":"","background-image":"","background-repeat":"repeat","background-position":"center center","background-size":"auto","background-attachment":"scroll","background-type":"","background-media":"","overlay-type":"","overlay-color":"","overlay-opacity":"","overlay-gradient":""}},"ast-content-background-meta":{"desktop":{"background-color":"var(--ast-global-color-5)","background-image":"","background-repeat":"repeat","background-position":"center center","background-size":"auto","background-attachment":"scroll","background-type":"","background-media":"","overlay-type":"","overlay-color":"","overlay-opacity":"","overlay-gradient":""},"tablet":{"background-color":"var(--ast-global-color-5)","background-image":"","background-repeat":"repeat","background-position":"center center","background-size":"auto","background-attachment":"scroll","background-type":"","background-media":"","overlay-type":"","overlay-color":"","overlay-opacity":"","overlay-gradient":""},"mobile":{"background-color":"var(--ast-global-color-5)","background-image":"","background-repeat":"repeat","background-position":"center center","background-size":"auto","background-attachment":"scroll","background-type":"","background-media":"","overlay-type":"","overlay-color":"","overlay-opacity":"","overlay-gradient":""}}},"product_brand":[],"product_cat":[1001],"product_tag":[],"class_list":{"0":"post-5140","1":"product","2":"type-product","3":"status-publish","4":"has-post-thumbnail","6":"product_cat-husholdningsartikler","7":"pa_x90lkm2x-bla","8":"pa_x90lkm2x-gra","9":"pa_x90lkm2x-gronn","10":"pa_x90lkm2x-gul","11":"pa_x90lkm2x-hvit","12":"pa_x90lkm2x-oransje","13":"pa_x90lkm2x-rod","14":"pa_x90lkm2x-rosa","15":"pa_x90lkm2x-svart","16":"desktop-align-left","17":"tablet-align-left","18":"mobile-align-left","20":"first","21":"instock","22":"shipping-taxable","23":"purchasable","24":"product-type-variable"},"_links":{"self":[{"href":"https:\/\/keluvo.com\/no\/wp-json\/wp\/v2\/product\/5140","targetHints":{"allow":["GET"]}}],"collection":[{"href":"https:\/\/keluvo.com\/no\/wp-json\/wp\/v2\/product"}],"about":[{"href":"https:\/\/keluvo.com\/no\/wp-json\/wp\/v2\/types\/product"}],"replies":[{"embeddable":true,"href":"https:\/\/keluvo.com\/no\/wp-json\/wp\/v2\/comments?post=5140"}],"wp:featuredmedia":[{"embeddable":true,"href":"https:\/\/keluvo.com\/no\/wp-json\/wp\/v2\/media\/5136"}],"wp:attachment":[{"href":"https:\/\/keluvo.com\/no\/wp-json\/wp\/v2\/media?parent=5140"}],"wp:term":[{"taxonomy":"product_brand","embeddable":true,"href":"https:\/\/keluvo.com\/no\/wp-json\/wp\/v2\/product_brand?post=5140"},{"taxonomy":"product_cat","embeddable":true,"href":"https:\/\/keluvo.com\/no\/wp-json\/wp\/v2\/product_cat?post=5140"},{"taxonomy":"product_tag","embeddable":true,"href":"https:\/\/keluvo.com\/no\/wp-json\/wp\/v2\/product_tag?post=5140"}],"curies":[{"name":"wp","href":"https:\/\/api.w.org\/{rel}","templated":true}]}}