{"id":5127,"date":"2024-11-15T11:10:01","date_gmt":"2024-11-15T09:10:01","guid":{"rendered":"https:\/\/keluvo.com\/no\/produkt\/oredobb\/"},"modified":"2025-06-19T09:45:48","modified_gmt":"2025-06-19T07:45:48","slug":"oredobb","status":"publish","type":"product","link":"https:\/\/keluvo.com\/no\/produkt\/oredobb\/","title":{"rendered":"\u00d8redobb"},"content":{"rendered":"<h2 style=\"text-align: center\"><strong>Briljant krystalldesign<\/strong><\/h2>\n<p style=\"text-align: center\">Denne \u00f8redobben har en fantastisk AAA cubic zirkonia-stein som tilf\u00f8rer et snev av glans og glitter. Krystallen av h\u00f8y kvalitet fanger lyset p\u00e5 en vakker m\u00e5te, noe som gj\u00f8r den til et i\u00f8ynefallende tilbeh\u00f8r. Perfekt for \u00e5 tilf\u00f8re et hint av eleganse til b\u00e5de uformelle og formelle antrekk.<\/p>\n<p><img decoding=\"async\" class=\"alignnone size-medium wp-image-3290 aligncenter\" src=\"https:\/\/keluvo.com\/template\/wp-content\/uploads\/sites\/5\/2024\/11\/2939862b-e121-4041-8298-3cb57e1027b3.webp\" alt=\"\" \/><\/p>\n<h2 style=\"text-align: center\"><strong>Komfortabel og lett<\/strong><\/h2>\n<p style=\"text-align: center\">Her er denne \u00f8redobben laget av lett messing og er designet for \u00e5 v\u00e6re behagelig \u00e5 ha p\u00e5 hele dagen. Med en vekt p\u00e5 bare 4,2 g f\u00f8les den lett p\u00e5 \u00f8rene, samtidig som den er et holdbart og stilig valg. Nyt elegansen uten ubehag, enten det er p\u00e5 jobb eller en kveld ute.<\/p>\n<p><img decoding=\"async\" class=\"alignnone size-medium wp-image-3287 aligncenter\" src=\"https:\/\/keluvo.com\/template\/wp-content\/uploads\/sites\/5\/2024\/11\/81fbe956-17d1-4c30-9687-d4f9dab5ceee.webp\" alt=\"\" \/><\/p>\n","protected":false},"excerpt":{"rendered":"<p>Briljant krystalldesign Denne \u00f8redobben har en fantastisk AAA cubic zirkonia-stein som tilf\u00f8rer et snev av glans og glitter. Krystallen av [&hellip;]<\/p>\n","protected":false},"featured_media":5123,"comment_status":"open","ping_status":"closed","template":"","meta":{"site-sidebar-layout":"default","site-content-layout":"","ast-site-content-layout":"default","site-content-style":"default","site-sidebar-style":"default","ast-global-header-display":"","ast-banner-title-visibility":"","ast-main-header-display":"","ast-hfb-above-header-display":"","ast-hfb-below-header-display":"","ast-hfb-mobile-header-display":"","site-post-title":"","ast-breadcrumbs-content":"","ast-featured-img":"","footer-sml-layout":"","theme-transparent-header-meta":"default","adv-header-id-meta":"","stick-header-meta":"","header-above-stick-meta":"","header-main-stick-meta":"","header-below-stick-meta":"","astra-migrate-meta-layouts":"set","ast-page-background-enabled":"default","ast-page-background-meta":{"desktop":{"background-color":"var(--ast-global-color-4)","background-image":"","background-repeat":"repeat","background-position":"center center","background-size":"auto","background-attachment":"scroll","background-type":"","background-media":"","overlay-type":"","overlay-color":"","overlay-opacity":"","overlay-gradient":""},"tablet":{"background-color":"","background-image":"","background-repeat":"repeat","background-position":"center center","background-size":"auto","background-attachment":"scroll","background-type":"","background-media":"","overlay-type":"","overlay-color":"","overlay-opacity":"","overlay-gradient":""},"mobile":{"background-color":"","background-image":"","background-repeat":"repeat","background-position":"center center","background-size":"auto","background-attachment":"scroll","background-type":"","background-media":"","overlay-type":"","overlay-color":"","overlay-opacity":"","overlay-gradient":""}},"ast-content-background-meta":{"desktop":{"background-color":"var(--ast-global-color-5)","background-image":"","background-repeat":"repeat","background-position":"center center","background-size":"auto","background-attachment":"scroll","background-type":"","background-media":"","overlay-type":"","overlay-color":"","overlay-opacity":"","overlay-gradient":""},"tablet":{"background-color":"var(--ast-global-color-5)","background-image":"","background-repeat":"repeat","background-position":"center center","background-size":"auto","background-attachment":"scroll","background-type":"","background-media":"","overlay-type":"","overlay-color":"","overlay-opacity":"","overlay-gradient":""},"mobile":{"background-color":"var(--ast-global-color-5)","background-image":"","background-repeat":"repeat","background-position":"center center","background-size":"auto","background-attachment":"scroll","background-type":"","background-media":"","overlay-type":"","overlay-color":"","overlay-opacity":"","overlay-gradient":""}}},"product_brand":[],"product_cat":[993],"product_tag":[],"class_list":{"0":"post-5127","1":"product","2":"type-product","3":"status-publish","4":"has-post-thumbnail","6":"product_cat-skotoy-tilbehor","7":"pa_z8cdxpp9-gull","8":"pa_z8cdxpp9-solv","9":"desktop-align-left","10":"tablet-align-left","11":"mobile-align-left","13":"first","14":"instock","15":"shipping-taxable","16":"purchasable","17":"product-type-variable"},"_links":{"self":[{"href":"https:\/\/keluvo.com\/no\/wp-json\/wp\/v2\/product\/5127","targetHints":{"allow":["GET"]}}],"collection":[{"href":"https:\/\/keluvo.com\/no\/wp-json\/wp\/v2\/product"}],"about":[{"href":"https:\/\/keluvo.com\/no\/wp-json\/wp\/v2\/types\/product"}],"replies":[{"embeddable":true,"href":"https:\/\/keluvo.com\/no\/wp-json\/wp\/v2\/comments?post=5127"}],"wp:featuredmedia":[{"embeddable":true,"href":"https:\/\/keluvo.com\/no\/wp-json\/wp\/v2\/media\/5123"}],"wp:attachment":[{"href":"https:\/\/keluvo.com\/no\/wp-json\/wp\/v2\/media?parent=5127"}],"wp:term":[{"taxonomy":"product_brand","embeddable":true,"href":"https:\/\/keluvo.com\/no\/wp-json\/wp\/v2\/product_brand?post=5127"},{"taxonomy":"product_cat","embeddable":true,"href":"https:\/\/keluvo.com\/no\/wp-json\/wp\/v2\/product_cat?post=5127"},{"taxonomy":"product_tag","embeddable":true,"href":"https:\/\/keluvo.com\/no\/wp-json\/wp\/v2\/product_tag?post=5127"}],"curies":[{"name":"wp","href":"https:\/\/api.w.org\/{rel}","templated":true}]}}