{"id":51259,"date":"2025-10-22T20:20:37","date_gmt":"2025-10-22T17:20:37","guid":{"rendered":"https:\/\/keluvo.com\/no\/produkt\/lekematte\/"},"modified":"2025-10-23T14:54:43","modified_gmt":"2025-10-23T11:54:43","slug":"lekematte","status":"publish","type":"product","link":"https:\/\/keluvo.com\/no\/produkt\/lekematte\/","title":{"rendered":"Lekematte"},"content":{"rendered":"<article class=\"text-token-text-primary w-full focus:outline-none [--shadow-height:45px] has-data-writing-block:pointer-events-none has-data-writing-block:-mt-(--shadow-height) has-data-writing-block:pt-(--shadow-height) [&amp;:has([data-writing-block])&gt;*]:pointer-events-auto [content-visibility:auto] supports-[content-visibility:auto]:[contain-intrinsic-size:auto_100lvh] scroll-mt-[calc(var(--header-height)+min(200px,max(70px,20svh)))]\" dir=\"auto\" data-turn-id=\"request-68f27435-66d8-8326-9862-00f9c0a2e193-15\" data-testid=\"conversation-turn-48\" data-scroll-anchor=\"true\" data-turn=\"assistant\">\n<div class=\"text-base my-auto mx-auto pb-10 [--thread-content-margin:--spacing(4)] thread-sm:[--thread-content-margin:--spacing(6)] thread-lg:[--thread-content-margin:--spacing(16)] px-(--thread-content-margin)\">\n<div class=\"[--thread-content-max-width:40rem] thread-lg:[--thread-content-max-width:48rem] mx-auto max-w-(--thread-content-max-width) flex-1 group\/turn-messages focus-visible:outline-hidden relative flex w-full min-w-0 flex-col agent-turn\">\n<div class=\"flex max-w-full flex-col grow\">\n<div class=\"min-h-8 text-message relative flex w-full flex-col items-end gap-2 text-start break-words whitespace-normal [.text-message+&amp;]:mt-1\" dir=\"auto\" data-message-author-role=\"assistant\" data-message-id=\"b5f2fb99-ac61-4ac8-bb15-839ed2869d74\" data-message-model-slug=\"gpt-5\">\n<div class=\"flex w-full flex-col gap-1 empty:hidden first:pt-[1px]\">\n<div class=\"markdown prose dark:prose-invert w-full break-words light markdown-new-styling\">\n<p style=\"text-align: center;\" data-start=\"0\" data-end=\"76\"><strong>Skap et koselig og trygt sted der babyen din kan leke, utforske og vokse. \ud83e\uddf8<\/strong><\/p>\n<p style=\"text-align: center;\" data-start=\"78\" data-end=\"461\">Denne myke lekematten i bomull tilbyr mer enn komfort &#8211; den er en verden av oppdagelser for den lille. Den er designet for \u00e5 st\u00f8tte barnets utvikling fra de f\u00f8rste m\u00e5nedene, og gir en varm og trygg overflate for magetid, kryping og fantasifull lek. Med sine s\u00f8te trykk og pastellfarger er den b\u00e5de praktisk og dekorativ &#8211; et perfekt tillegg til ethvert barnerom eller lekerom.<\/p>\n<p data-start=\"78\" data-end=\"461\"><img decoding=\"async\" class=\"size-full wp-image-37853 aligncenter\" src=\"https:\/\/keluvo.com\/template\/wp-content\/uploads\/sites\/5\/2025\/10\/S75bcd646287040b58c47a30f2c1b2ba79.jpg_960x960q75.jpg_.avif\" alt=\"\" \/><\/p>\n<h2 style=\"text-align: center;\" data-start=\"468\" data-end=\"490\">\ud83c\udf08 Hovedfordeler<\/h2>\n<p data-start=\"493\" data-end=\"567\">\ud83e\uddf8 Myk og trygg &#8211; Laget av sklisikker bomull for komfort og stabilitet.<\/p>\n<p data-start=\"570\" data-end=\"671\">\ud83c\udf3f Oppmuntrer til utvikling &#8211; Fremmer bevegelse, nysgjerrighet og koordinasjon fra den f\u00f8rste m\u00e5neden.<\/p>\n<p data-start=\"674\" data-end=\"770\">\ud83e\udde9 Romslig design &#8211; Opp til 140 cm bred &#8211; god plass til lek, kryping og kreativitet.<\/p>\n<p data-start=\"773\" data-end=\"851\">\ud83c\udfa8 Sjarmerende design &#8211; S\u00f8te, trendy trykk som forbedrer enhver barnehageinnredning.<\/p>\n<p data-start=\"854\" data-end=\"958\">\ud83d\udc76 Vokser med barnet ditt &#8211; Ideelt fra f\u00f8dselen og opp til 3+ \u00e5r, b\u00e5de som lekeplass og dekorativt teppe.<\/p>\n<p data-start=\"961\" data-end=\"1048\">\ud83d\udc95 Flerfunksjonelt &#8211; Perfekt til magestund, lek, lesing eller middagslur.<\/p>\n<p data-start=\"961\" data-end=\"1048\"><img decoding=\"async\" class=\"size-full wp-image-37850 aligncenter\" src=\"https:\/\/keluvo.com\/template\/wp-content\/uploads\/sites\/5\/2025\/10\/Sd999d6565fe54ebab0f9ae032617de15d.jpg\" alt=\"\" \/><\/p>\n<h2 style=\"text-align: center;\" data-start=\"1055\" data-end=\"1074\">\ud83e\ude84 Slik bruker du den<\/h2>\n<ol data-start=\"1075\" data-end=\"1452\">\n<li data-start=\"1075\" data-end=\"1149\">\n<p data-start=\"1078\" data-end=\"1149\">Plasser lekematten p\u00e5 et flatt underlag p\u00e5 barnerommet eller lekeomr\u00e5det.<\/p>\n<\/li>\n<li data-start=\"1150\" data-end=\"1209\">\n<p data-start=\"1153\" data-end=\"1209\">Legg babyen p\u00e5 matten slik at den kan utforske fritt og trygt.<\/p>\n<\/li>\n<li data-start=\"1210\" data-end=\"1273\">\n<p data-start=\"1213\" data-end=\"1273\">Bruk den til magetid, lek eller historiefortelling.<\/p>\n<\/li>\n<li data-start=\"1274\" data-end=\"1378\">\n<p data-start=\"1277\" data-end=\"1378\">Rengj\u00f8res ved \u00e5 vaske i maskin p\u00e5 sk\u00e5neprogram (kaldt eller 30 \u00b0C), rist for \u00e5 gjenopprette formen, og luftt\u00f8rk.<\/p>\n<\/li>\n<li data-start=\"1379\" data-end=\"1452\">\n<p data-start=\"1382\" data-end=\"1452\">Valgfritt: Stryk forsiktig med et h\u00e5ndkle under for \u00e5 beskytte fargene.<\/p>\n<\/li>\n<\/ol>\n<h2 style=\"text-align: center;\" data-start=\"1459\" data-end=\"1483\">\ud83d\udccf Produktdetaljer<\/h2>\n<ul data-start=\"1484\" data-end=\"1721\">\n<li data-start=\"1484\" data-end=\"1517\">\n<p data-start=\"1486\" data-end=\"1517\">Materiale: Sklisikker bomull<\/p>\n<\/li>\n<li data-start=\"1518\" data-end=\"1553\">\n<p data-start=\"1520\" data-end=\"1553\">St\u00f8rrelse: 40 cm, 60 cm, 80 cm, 100 cm, 120 cm, 140 cm<\/p>\n<\/li>\n<li data-start=\"1554\" data-end=\"1606\">\n<p data-start=\"1556\" data-end=\"1606\">Aldersgruppe: Passer fra 1 m\u00e5ned til 3+ \u00e5r<\/p>\n<\/li>\n<li data-start=\"1607\" data-end=\"1665\">\n<p data-start=\"1609\" data-end=\"1665\">Design: Flere s\u00f8te og trendy trykk tilgjengelig<\/p>\n<\/li>\n<li data-start=\"1666\" data-end=\"1721\">\n<p data-start=\"1668\" data-end=\"1721\">Bruk: Lek, utforskning, dekorasjon eller middagslur<\/p>\n<\/li>\n<\/ul>\n<h2 style=\"text-align: center;\" data-start=\"1728\" data-end=\"1753\">\ud83c\udf81 Pakken inkluderer<\/h2>\n<ul data-start=\"1754\" data-end=\"1784\" data-is-last-node=\"\" data-is-only-node=\"\">\n<li data-start=\"1754\" data-end=\"1784\" data-is-last-node=\"\">\n<p data-start=\"1756\" data-end=\"1784\" data-is-last-node=\"\">1x lekematte.<\/p>\n<\/li>\n<\/ul>\n<\/div>\n<\/div>\n<\/div>\n<\/div>\n<\/div>\n<\/div>\n<\/article>\n","protected":false},"excerpt":{"rendered":"<p>Skap et koselig og trygt sted der babyen din kan leke, utforske og vokse. \ud83e\uddf8 Denne myke lekematten i bomull [&hellip;]<\/p>\n","protected":false},"featured_media":51255,"comment_status":"open","ping_status":"closed","template":"","meta":{"site-sidebar-layout":"default","site-content-layout":"","ast-site-content-layout":"default","site-content-style":"default","site-sidebar-style":"default","ast-global-header-display":"","ast-banner-title-visibility":"","ast-main-header-display":"","ast-hfb-above-header-display":"","ast-hfb-below-header-display":"","ast-hfb-mobile-header-display":"","site-post-title":"","ast-breadcrumbs-content":"","ast-featured-img":"","footer-sml-layout":"","theme-transparent-header-meta":"default","adv-header-id-meta":"","stick-header-meta":"","header-above-stick-meta":"","header-main-stick-meta":"","header-below-stick-meta":"","astra-migrate-meta-layouts":"set","ast-page-background-enabled":"default","ast-page-background-meta":{"desktop":{"background-color":"var(--ast-global-color-4)","background-image":"","background-repeat":"repeat","background-position":"center center","background-size":"auto","background-attachment":"scroll","background-type":"","background-media":"","overlay-type":"","overlay-color":"","overlay-opacity":"","overlay-gradient":""},"tablet":{"background-color":"","background-image":"","background-repeat":"repeat","background-position":"center center","background-size":"auto","background-attachment":"scroll","background-type":"","background-media":"","overlay-type":"","overlay-color":"","overlay-opacity":"","overlay-gradient":""},"mobile":{"background-color":"","background-image":"","background-repeat":"repeat","background-position":"center center","background-size":"auto","background-attachment":"scroll","background-type":"","background-media":"","overlay-type":"","overlay-color":"","overlay-opacity":"","overlay-gradient":""}},"ast-content-background-meta":{"desktop":{"background-color":"var(--ast-global-color-5)","background-image":"","background-repeat":"repeat","background-position":"center center","background-size":"auto","background-attachment":"scroll","background-type":"","background-media":"","overlay-type":"","overlay-color":"","overlay-opacity":"","overlay-gradient":""},"tablet":{"background-color":"var(--ast-global-color-5)","background-image":"","background-repeat":"repeat","background-position":"center center","background-size":"auto","background-attachment":"scroll","background-type":"","background-media":"","overlay-type":"","overlay-color":"","overlay-opacity":"","overlay-gradient":""},"mobile":{"background-color":"var(--ast-global-color-5)","background-image":"","background-repeat":"repeat","background-position":"center center","background-size":"auto","background-attachment":"scroll","background-type":"","background-media":"","overlay-type":"","overlay-color":"","overlay-opacity":"","overlay-gradient":""}}},"product_brand":[],"product_cat":[990],"product_tag":[],"class_list":{"0":"post-51259","1":"product","2":"type-product","3":"status-publish","4":"has-post-thumbnail","6":"product_cat-leker-barne-og-babyprodukter","7":"pa_38900_1euvhavm-40-cm","8":"pa_38900_1euvhavm-60-cm","9":"pa_38900_1euvhavm-80-cm","10":"pa_38900_1euvhavm-100-cm","11":"pa_38900_1euvhavm-120-cm","12":"pa_38900_1euvhavm-140-cm","13":"pa_38900_i31vgygt-a","14":"pa_38900_i31vgygt-b","15":"pa_38900_i31vgygt-c","16":"pa_38900_i31vgygt-d","17":"pa_38900_i31vgygt-e","18":"pa_38900_i31vgygt-f","19":"pa_38900_i31vgygt-g","20":"pa_38900_i31vgygt-h","21":"pa_38900_i31vgygt-i","22":"pa_38900_i31vgygt-j","23":"pa_38900_i31vgygt-k","24":"desktop-align-left","25":"tablet-align-left","26":"mobile-align-left","28":"first","29":"instock","30":"shipping-taxable","31":"purchasable","32":"product-type-variable","33":"has-default-attributes"},"_links":{"self":[{"href":"https:\/\/keluvo.com\/no\/wp-json\/wp\/v2\/product\/51259","targetHints":{"allow":["GET"]}}],"collection":[{"href":"https:\/\/keluvo.com\/no\/wp-json\/wp\/v2\/product"}],"about":[{"href":"https:\/\/keluvo.com\/no\/wp-json\/wp\/v2\/types\/product"}],"replies":[{"embeddable":true,"href":"https:\/\/keluvo.com\/no\/wp-json\/wp\/v2\/comments?post=51259"}],"wp:featuredmedia":[{"embeddable":true,"href":"https:\/\/keluvo.com\/no\/wp-json\/wp\/v2\/media\/51255"}],"wp:attachment":[{"href":"https:\/\/keluvo.com\/no\/wp-json\/wp\/v2\/media?parent=51259"}],"wp:term":[{"taxonomy":"product_brand","embeddable":true,"href":"https:\/\/keluvo.com\/no\/wp-json\/wp\/v2\/product_brand?post=51259"},{"taxonomy":"product_cat","embeddable":true,"href":"https:\/\/keluvo.com\/no\/wp-json\/wp\/v2\/product_cat?post=51259"},{"taxonomy":"product_tag","embeddable":true,"href":"https:\/\/keluvo.com\/no\/wp-json\/wp\/v2\/product_tag?post=51259"}],"curies":[{"name":"wp","href":"https:\/\/api.w.org\/{rel}","templated":true}]}}