{"id":5112,"date":"2024-11-15T11:06:42","date_gmt":"2024-11-15T09:06:42","guid":{"rendered":"https:\/\/keluvo.com\/no\/produkt\/led-lys-i-glass\/"},"modified":"2025-09-04T17:37:41","modified_gmt":"2025-09-04T14:37:41","slug":"led-lys-i-glass","status":"publish","type":"product","link":"https:\/\/keluvo.com\/no\/produkt\/led-lys-i-glass\/","title":{"rendered":"LED-lys i glass"},"content":{"rendered":"<h2 style=\"text-align: center\"><strong>Sikker og holdbar design<\/strong><\/h2>\n<p style=\"text-align: center\">LED-glasslyset er laget med et solid deksel av imitert glass, noe som gj\u00f8r det trygt selv om du skulle miste det ved et uhell. Den flammel\u00f8se designen sikrer at det ikke er noen risiko for brann eller forbrenning, noe som gj\u00f8r det ideelt for hjem med barn og kj\u00e6ledyr. Nyt skj\u00f8nnheten ved stearinlys uten \u00e5 bekymre deg for \u00e5pne flammer.<\/p>\n<p><img decoding=\"async\" class=\"alignnone size-medium wp-image-3308 aligncenter\" src=\"https:\/\/keluvo.com\/template\/wp-content\/uploads\/sites\/5\/2024\/11\/d74f1271-fb02-49b5-8ec3-8b418c5af664.webp\" alt=\"\" \/><\/p>\n<h2 style=\"text-align: center\"><strong>praktisk fjernkontroll<\/strong><\/h2>\n<p style=\"text-align: center\">Styr enkelt LED-glasslyset med den medf\u00f8lgende fjernkontrollen med 10 taster. Juster lysstyrken, sl\u00e5 lyset av og p\u00e5, eller still inn en tidtaker for 2, 4, 6 eller 8 timer, noe som sikrer bekvemmelighet og energieffektivitet. 24-timers syklusfunksjon bidrar til \u00e5 spare p\u00e5 batteriet, noe som gj\u00f8r det problemfritt \u00e5 nyte langvarig belysning.<\/p>\n<p style=\"text-align: center\"><img decoding=\"async\" class=\"alignnone size-medium wp-image-3312\" src=\"https:\/\/keluvo.com\/template\/wp-content\/uploads\/sites\/5\/2024\/11\/LED-Lights-for-Home-Electronic-Candle-LED-Candle-Decoration-LED-Glass-Candle-Full-Set-Remote-Control.png_.png\" alt=\"\" \/><\/p>\n","protected":false},"excerpt":{"rendered":"<p>Sikker og holdbar design LED-glasslyset er laget med et solid deksel av imitert glass, noe som gj\u00f8r det trygt selv [&hellip;]<\/p>\n","protected":false},"featured_media":5108,"comment_status":"open","ping_status":"closed","template":"","meta":{"site-sidebar-layout":"default","site-content-layout":"","ast-site-content-layout":"default","site-content-style":"default","site-sidebar-style":"default","ast-global-header-display":"","ast-banner-title-visibility":"","ast-main-header-display":"","ast-hfb-above-header-display":"","ast-hfb-below-header-display":"","ast-hfb-mobile-header-display":"","site-post-title":"","ast-breadcrumbs-content":"","ast-featured-img":"","footer-sml-layout":"","theme-transparent-header-meta":"default","adv-header-id-meta":"","stick-header-meta":"","header-above-stick-meta":"","header-main-stick-meta":"","header-below-stick-meta":"","astra-migrate-meta-layouts":"set","ast-page-background-enabled":"default","ast-page-background-meta":{"desktop":{"background-color":"var(--ast-global-color-4)","background-image":"","background-repeat":"repeat","background-position":"center center","background-size":"auto","background-attachment":"scroll","background-type":"","background-media":"","overlay-type":"","overlay-color":"","overlay-opacity":"","overlay-gradient":""},"tablet":{"background-color":"","background-image":"","background-repeat":"repeat","background-position":"center center","background-size":"auto","background-attachment":"scroll","background-type":"","background-media":"","overlay-type":"","overlay-color":"","overlay-opacity":"","overlay-gradient":""},"mobile":{"background-color":"","background-image":"","background-repeat":"repeat","background-position":"center center","background-size":"auto","background-attachment":"scroll","background-type":"","background-media":"","overlay-type":"","overlay-color":"","overlay-opacity":"","overlay-gradient":""}},"ast-content-background-meta":{"desktop":{"background-color":"var(--ast-global-color-5)","background-image":"","background-repeat":"repeat","background-position":"center center","background-size":"auto","background-attachment":"scroll","background-type":"","background-media":"","overlay-type":"","overlay-color":"","overlay-opacity":"","overlay-gradient":""},"tablet":{"background-color":"var(--ast-global-color-5)","background-image":"","background-repeat":"repeat","background-position":"center center","background-size":"auto","background-attachment":"scroll","background-type":"","background-media":"","overlay-type":"","overlay-color":"","overlay-opacity":"","overlay-gradient":""},"mobile":{"background-color":"var(--ast-global-color-5)","background-image":"","background-repeat":"repeat","background-position":"center center","background-size":"auto","background-attachment":"scroll","background-type":"","background-media":"","overlay-type":"","overlay-color":"","overlay-opacity":"","overlay-gradient":""}}},"product_brand":[],"product_cat":[1001],"product_tag":[],"class_list":{"0":"post-5112","1":"product","2":"type-product","3":"status-publish","4":"has-post-thumbnail","6":"product_cat-husholdningsartikler","7":"pa_a922a6z3-gra","8":"pa_a922a6z3-gull","9":"pa_a922a6z3-hvit","10":"desktop-align-left","11":"tablet-align-left","12":"mobile-align-left","14":"first","15":"instock","16":"shipping-taxable","17":"purchasable","18":"product-type-variable"},"_links":{"self":[{"href":"https:\/\/keluvo.com\/no\/wp-json\/wp\/v2\/product\/5112","targetHints":{"allow":["GET"]}}],"collection":[{"href":"https:\/\/keluvo.com\/no\/wp-json\/wp\/v2\/product"}],"about":[{"href":"https:\/\/keluvo.com\/no\/wp-json\/wp\/v2\/types\/product"}],"replies":[{"embeddable":true,"href":"https:\/\/keluvo.com\/no\/wp-json\/wp\/v2\/comments?post=5112"}],"wp:featuredmedia":[{"embeddable":true,"href":"https:\/\/keluvo.com\/no\/wp-json\/wp\/v2\/media\/5108"}],"wp:attachment":[{"href":"https:\/\/keluvo.com\/no\/wp-json\/wp\/v2\/media?parent=5112"}],"wp:term":[{"taxonomy":"product_brand","embeddable":true,"href":"https:\/\/keluvo.com\/no\/wp-json\/wp\/v2\/product_brand?post=5112"},{"taxonomy":"product_cat","embeddable":true,"href":"https:\/\/keluvo.com\/no\/wp-json\/wp\/v2\/product_cat?post=5112"},{"taxonomy":"product_tag","embeddable":true,"href":"https:\/\/keluvo.com\/no\/wp-json\/wp\/v2\/product_tag?post=5112"}],"curies":[{"name":"wp","href":"https:\/\/api.w.org\/{rel}","templated":true}]}}