{"id":51100,"date":"2025-10-22T14:05:27","date_gmt":"2025-10-22T11:05:27","guid":{"rendered":"https:\/\/keluvo.com\/no\/produkt\/taklamper-med-klatretau\/"},"modified":"2025-10-23T14:38:24","modified_gmt":"2025-10-23T11:38:24","slug":"taklamper-med-klatretau","status":"publish","type":"product","link":"https:\/\/keluvo.com\/no\/produkt\/taklamper-med-klatretau\/","title":{"rendered":"Taklamper med klatretau"},"content":{"rendered":"<article class=\"text-token-text-primary w-full focus:outline-none [--shadow-height:45px] has-data-writing-block:pointer-events-none has-data-writing-block:-mt-(--shadow-height) has-data-writing-block:pt-(--shadow-height) [&amp;:has([data-writing-block])&gt;*]:pointer-events-auto [content-visibility:auto] supports-[content-visibility:auto]:[contain-intrinsic-size:auto_100lvh] scroll-mt-[calc(var(--header-height)+min(200px,max(70px,20svh)))]\" dir=\"auto\" data-turn-id=\"request-68f27435-66d8-8326-9862-00f9c0a2e193-11\" data-testid=\"conversation-turn-40\" data-scroll-anchor=\"true\" data-turn=\"assistant\">\n<div class=\"text-base my-auto mx-auto pb-10 [--thread-content-margin:--spacing(4)] thread-sm:[--thread-content-margin:--spacing(6)] thread-lg:[--thread-content-margin:--spacing(16)] px-(--thread-content-margin)\">\n<div class=\"[--thread-content-max-width:40rem] thread-lg:[--thread-content-max-width:48rem] mx-auto max-w-(--thread-content-max-width) flex-1 group\/turn-messages focus-visible:outline-hidden relative flex w-full min-w-0 flex-col agent-turn\">\n<div class=\"flex max-w-full flex-col grow\">\n<div class=\"min-h-8 text-message relative flex w-full flex-col items-end gap-2 text-start break-words whitespace-normal [.text-message+&amp;]:mt-1\" dir=\"auto\" data-message-author-role=\"assistant\" data-message-id=\"66131385-93df-44ea-8834-41b65a9ff32a\" data-message-model-slug=\"gpt-5\">\n<div class=\"flex w-full flex-col gap-1 empty:hidden first:pt-[1px]\">\n<div class=\"markdown prose dark:prose-invert w-full break-words light markdown-new-styling\">\n<p style=\"text-align: center;\" data-start=\"0\" data-end=\"89\"><strong>Tilf\u00f8r kreativitet og sjarm til hjemmet ditt med denne lekne taklampen med tauklatrer. \ud83e\uddd7<\/strong><\/p>\n<p style=\"text-align: center;\" data-start=\"91\" data-end=\"402\">Denne unike lysekronen kombinerer kunst og funksjon i ett. Den er designet som en klatrende figur og gir et morsomt, moderne og stilig preg til rommet ditt, samtidig som den gir varm og energieffektiv belysning. Perfekt for soverom, stuer eller barnerom, og gj\u00f8r vanlig belysning til et statement piece.<\/p>\n<p data-start=\"91\" data-end=\"402\"><img decoding=\"async\" class=\"size-full wp-image-37687 aligncenter\" src=\"https:\/\/keluvo.com\/template\/wp-content\/uploads\/sites\/5\/2025\/10\/100216-ezgif.com-video-to-webp-converter-1.webp\" alt=\"\" \/><\/p>\n<h2 style=\"text-align: center;\" data-start=\"409\" data-end=\"431\">\ud83d\udca1 Hovedfordeler<\/h2>\n<p data-start=\"434\" data-end=\"531\">\ud83e\uddd7 Kreativ design &#8211; Har en klatrende jernmannsfigur \u2014 b\u00e5de belysning og kunstverk i ett.<\/p>\n<p data-start=\"534\" data-end=\"609\">\ud83c\udfe0 Allsidig stil &#8211; Ideell for soverom, stuer eller barnerom.<\/p>\n<p data-start=\"612\" data-end=\"695\">\ud83c\udf1f Moderne og minimalistisk &#8211; Tilf\u00f8rer et morsomt, men sofistikert utseende til hjemmet ditt.<\/p>\n<p data-start=\"698\" data-end=\"785\">\ud83d\udcaa Slitesterke materialer &#8211; Laget av jern og harpiks av h\u00f8y kvalitet for langvarig bruk.<\/p>\n<p data-start=\"788\" data-end=\"878\">\ud83d\udcb0 Energieffektiv &#8211; Fungerer med LED-p\u00e6rer for sterkt lys og reduserte energikostnader.<\/p>\n<p data-start=\"881\" data-end=\"964\">\ud83d\udd27 Enkel installasjon &#8211; Enkelt oppsett som passer til de fleste standard E27-stikkontakter.<\/p>\n<p data-start=\"881\" data-end=\"964\"><img decoding=\"async\" class=\"size-full wp-image-37692 aligncenter\" src=\"https:\/\/keluvo.com\/template\/wp-content\/uploads\/sites\/5\/2025\/10\/S9db4c543dcc34a468dff9682b43ca485c.jpg_960x960q75.jpg_.avif\" alt=\"\" \/><\/p>\n<h2 style=\"text-align: center;\" data-start=\"971\" data-end=\"990\">\ud83e\ude84 Slik bruker du den<\/h2>\n<ol data-start=\"991\" data-end=\"1254\">\n<li data-start=\"991\" data-end=\"1050\">\n<p data-start=\"994\" data-end=\"1050\">Velg din foretrukne versjon (1-hodeskive eller 3-hodeskive).<\/p>\n<\/li>\n<li data-start=\"1051\" data-end=\"1133\">\n<p data-start=\"1054\" data-end=\"1133\">Monter sokkelen sikkert i taket ved \u00e5 f\u00f8lge de medf\u00f8lgende instruksjonene.<\/p>\n<\/li>\n<li data-start=\"1134\" data-end=\"1173\">\n<p data-start=\"1137\" data-end=\"1173\">Sett inn en E27-p\u00e6re (ikke inkludert).<\/p>\n<\/li>\n<li data-start=\"1174\" data-end=\"1254\">\n<p data-start=\"1177\" data-end=\"1254\">Sl\u00e5 p\u00e5 lyset for \u00e5 nyte en varm, moderne og kunstnerisk gl\u00f8d i rommet ditt.<\/p>\n<\/li>\n<\/ol>\n<h2 style=\"text-align: center;\" data-start=\"1261\" data-end=\"1285\">\ud83d\udccf Produktdetaljer<\/h2>\n<ul data-start=\"1286\" data-end=\"1621\">\n<li data-start=\"1351\" data-end=\"1371\">\n<p data-start=\"1353\" data-end=\"1371\">Farge: Svart<\/p>\n<\/li>\n<li data-start=\"1372\" data-end=\"1415\">\n<p data-start=\"1374\" data-end=\"1415\">Materiale: Jern + harpiks av h\u00f8y kvalitet<\/p>\n<\/li>\n<li data-start=\"1416\" data-end=\"1461\">\n<p data-start=\"1418\" data-end=\"1461\">Lyskilde: E27-p\u00e6re (ikke inkludert)<\/p>\n<\/li>\n<li data-start=\"1462\" data-end=\"1511\">\n<p data-start=\"1464\" data-end=\"1511\">Typealternativer: 1-hodet eller 3-hodet skivemodell<\/p>\n<\/li>\n<li data-start=\"1512\" data-end=\"1573\">\n<p data-start=\"1514\" data-end=\"1573\">Applikasjon: Soverom, stue eller barnerom<\/p>\n<\/li>\n<li data-start=\"1574\" data-end=\"1621\">\n<p data-start=\"1576\" data-end=\"1621\">Stil: Moderne, minimalistisk og kunstnerisk<\/p>\n<\/li>\n<\/ul>\n<h2 style=\"text-align: center;\" data-start=\"1628\" data-end=\"1653\">\ud83c\udf81 Pakken inkluderer<\/h2>\n<ul data-start=\"1654\" data-end=\"1747\" data-is-last-node=\"\" data-is-only-node=\"\">\n<li data-start=\"1654\" data-end=\"1704\">\n<p data-start=\"1656\" data-end=\"1704\">1x taklampe med tauklatrer (valgt type)<\/p>\n<\/li>\n<li data-start=\"1705\" data-end=\"1747\" data-is-last-node=\"\">\n<p data-start=\"1707\" data-end=\"1747\" data-is-last-node=\"\">1x monteringssett (p\u00e6re ikke inkludert).<\/p>\n<\/li>\n<\/ul>\n<\/div>\n<\/div>\n<\/div>\n<\/div>\n<\/div>\n<\/div>\n<\/article>\n","protected":false},"excerpt":{"rendered":"<p>Tilf\u00f8r kreativitet og sjarm til hjemmet ditt med denne lekne taklampen med tauklatrer. \ud83e\uddd7 Denne unike lysekronen kombinerer kunst og [&hellip;]<\/p>\n","protected":false},"featured_media":51096,"comment_status":"open","ping_status":"closed","template":"","meta":{"site-sidebar-layout":"default","site-content-layout":"","ast-site-content-layout":"default","site-content-style":"default","site-sidebar-style":"default","ast-global-header-display":"","ast-banner-title-visibility":"","ast-main-header-display":"","ast-hfb-above-header-display":"","ast-hfb-below-header-display":"","ast-hfb-mobile-header-display":"","site-post-title":"","ast-breadcrumbs-content":"","ast-featured-img":"","footer-sml-layout":"","theme-transparent-header-meta":"default","adv-header-id-meta":"","stick-header-meta":"","header-above-stick-meta":"","header-main-stick-meta":"","header-below-stick-meta":"","astra-migrate-meta-layouts":"set","ast-page-background-enabled":"default","ast-page-background-meta":{"desktop":{"background-color":"var(--ast-global-color-4)","background-image":"","background-repeat":"repeat","background-position":"center center","background-size":"auto","background-attachment":"scroll","background-type":"","background-media":"","overlay-type":"","overlay-color":"","overlay-opacity":"","overlay-gradient":""},"tablet":{"background-color":"","background-image":"","background-repeat":"repeat","background-position":"center center","background-size":"auto","background-attachment":"scroll","background-type":"","background-media":"","overlay-type":"","overlay-color":"","overlay-opacity":"","overlay-gradient":""},"mobile":{"background-color":"","background-image":"","background-repeat":"repeat","background-position":"center center","background-size":"auto","background-attachment":"scroll","background-type":"","background-media":"","overlay-type":"","overlay-color":"","overlay-opacity":"","overlay-gradient":""}},"ast-content-background-meta":{"desktop":{"background-color":"var(--ast-global-color-5)","background-image":"","background-repeat":"repeat","background-position":"center center","background-size":"auto","background-attachment":"scroll","background-type":"","background-media":"","overlay-type":"","overlay-color":"","overlay-opacity":"","overlay-gradient":""},"tablet":{"background-color":"var(--ast-global-color-5)","background-image":"","background-repeat":"repeat","background-position":"center center","background-size":"auto","background-attachment":"scroll","background-type":"","background-media":"","overlay-type":"","overlay-color":"","overlay-opacity":"","overlay-gradient":""},"mobile":{"background-color":"var(--ast-global-color-5)","background-image":"","background-repeat":"repeat","background-position":"center center","background-size":"auto","background-attachment":"scroll","background-type":"","background-media":"","overlay-type":"","overlay-color":"","overlay-opacity":"","overlay-gradient":""}}},"product_brand":[],"product_cat":[1001],"product_tag":[],"class_list":{"0":"post-51100","1":"product","2":"type-product","3":"status-publish","4":"has-post-thumbnail","6":"product_cat-husholdningsartikler","7":"pa_31343_lqmkadsa-ett-hode","8":"pa_31343_lqmkadsa-tre-hoder","9":"desktop-align-left","10":"tablet-align-left","11":"mobile-align-left","13":"first","14":"instock","15":"shipping-taxable","16":"purchasable","17":"product-type-variable"},"_links":{"self":[{"href":"https:\/\/keluvo.com\/no\/wp-json\/wp\/v2\/product\/51100","targetHints":{"allow":["GET"]}}],"collection":[{"href":"https:\/\/keluvo.com\/no\/wp-json\/wp\/v2\/product"}],"about":[{"href":"https:\/\/keluvo.com\/no\/wp-json\/wp\/v2\/types\/product"}],"replies":[{"embeddable":true,"href":"https:\/\/keluvo.com\/no\/wp-json\/wp\/v2\/comments?post=51100"}],"wp:featuredmedia":[{"embeddable":true,"href":"https:\/\/keluvo.com\/no\/wp-json\/wp\/v2\/media\/51096"}],"wp:attachment":[{"href":"https:\/\/keluvo.com\/no\/wp-json\/wp\/v2\/media?parent=51100"}],"wp:term":[{"taxonomy":"product_brand","embeddable":true,"href":"https:\/\/keluvo.com\/no\/wp-json\/wp\/v2\/product_brand?post=51100"},{"taxonomy":"product_cat","embeddable":true,"href":"https:\/\/keluvo.com\/no\/wp-json\/wp\/v2\/product_cat?post=51100"},{"taxonomy":"product_tag","embeddable":true,"href":"https:\/\/keluvo.com\/no\/wp-json\/wp\/v2\/product_tag?post=51100"}],"curies":[{"name":"wp","href":"https:\/\/api.w.org\/{rel}","templated":true}]}}