{"id":51087,"date":"2025-10-22T14:04:19","date_gmt":"2025-10-22T11:04:19","guid":{"rendered":"https:\/\/keluvo.com\/no\/produkt\/vevd-crossbody-veske\/"},"modified":"2025-11-11T11:52:34","modified_gmt":"2025-11-11T09:52:34","slug":"vevd-crossbody-veske","status":"publish","type":"product","link":"https:\/\/keluvo.com\/no\/produkt\/vevd-crossbody-veske\/","title":{"rendered":"Vevd crossbody-veske"},"content":{"rendered":"<article class=\"text-token-text-primary w-full focus:outline-none [--shadow-height:45px] has-data-writing-block:pointer-events-none has-data-writing-block:-mt-(--shadow-height) has-data-writing-block:pt-(--shadow-height) [&amp;:has([data-writing-block])&gt;*]:pointer-events-auto [content-visibility:auto] supports-[content-visibility:auto]:[contain-intrinsic-size:auto_100lvh] scroll-mt-[calc(var(--header-height)+min(200px,max(70px,20svh)))]\" dir=\"auto\" data-turn-id=\"request-68f27435-66d8-8326-9862-00f9c0a2e193-10\" data-testid=\"conversation-turn-38\" data-scroll-anchor=\"true\" data-turn=\"assistant\">\n<div class=\"text-base my-auto mx-auto pb-10 [--thread-content-margin:--spacing(4)] thread-sm:[--thread-content-margin:--spacing(6)] thread-lg:[--thread-content-margin:--spacing(16)] px-(--thread-content-margin)\">\n<div class=\"[--thread-content-max-width:40rem] thread-lg:[--thread-content-max-width:48rem] mx-auto max-w-(--thread-content-max-width) flex-1 group\/turn-messages focus-visible:outline-hidden relative flex w-full min-w-0 flex-col agent-turn\">\n<div class=\"flex max-w-full flex-col grow\">\n<div class=\"min-h-8 text-message relative flex w-full flex-col items-end gap-2 text-start break-words whitespace-normal [.text-message+&amp;]:mt-1\" dir=\"auto\" data-message-author-role=\"assistant\" data-message-id=\"d3de6eda-53a1-4493-b001-a3d2c4ecbe0a\" data-message-model-slug=\"gpt-5\">\n<div class=\"flex w-full flex-col gap-1 empty:hidden first:pt-[1px]\">\n<div class=\"markdown prose dark:prose-invert w-full break-words light markdown-new-styling\">\n<p style=\"text-align: center;\" data-start=\"0\" data-end=\"81\"><strong>Denne vevde crossbody-vesken tilf\u00f8rer uanstrengt sjarm til looken din. \ud83d\udc5c<\/strong><\/p>\n<p style=\"text-align: center;\" data-start=\"83\" data-end=\"367\">Denne lette, vevde vesken er laget av mykt, naturlig papirtau og PU-l\u00e6r, og kombinerer eleganse med funksjonalitet. Den romslige designen gj\u00f8r den perfekt for stranddager, shoppingturer eller uformelle utflukter, mens den strukturerte vevingen og de lyse fargene gir et stilig preg til ethvert antrekk.<\/p>\n<p data-start=\"83\" data-end=\"367\"><img decoding=\"async\" class=\"size-full wp-image-37677 aligncenter\" src=\"https:\/\/keluvo.com\/template\/wp-content\/uploads\/sites\/5\/2025\/10\/100215-ezgif.com-video-to-webp-converter-1.webp\" alt=\"\" \/><\/p>\n<h2 style=\"text-align: center;\" data-start=\"374\" data-end=\"396\">Hovedfordeler \ud83c\udf1e<\/h2>\n<p data-start=\"399\" data-end=\"496\">\ud83c\udf3e Naturlig h\u00e5ndverk &#8211; Laget av papirtau av h\u00f8y kvalitet som gir en myk, pustende tekstur.<\/p>\n<p data-start=\"499\" data-end=\"586\">\ud83e\uddf4 Romslig design &#8211; Plass til telefon, lommebok, sminke og daglige n\u00f8dvendigheter.<\/p>\n<p data-start=\"589\" data-end=\"679\">\ud83c\udfa8 Stilig utseende &#8211; Tredimensjonal vevd design gir unike detaljer.<\/p>\n<p data-start=\"682\" data-end=\"774\">\ud83c\udf1e Perfekt for enhver anledning &#8211; Ideell for ferier, shopping, fester eller hverdagsbruk.<\/p>\n<p data-start=\"777\" data-end=\"872\">\ud83d\udcaa Lett og slitesterk &#8211; Veier bare 150 g, men er bygget for \u00e5 vare med streng kvalitetskontroll.<\/p>\n<p data-start=\"777\" data-end=\"872\"><img decoding=\"async\" class=\"size-full wp-image-37676 aligncenter\" src=\"https:\/\/keluvo.com\/template\/wp-content\/uploads\/sites\/5\/2025\/10\/b87991d2-f3df-4585-bff5-da3a70faf569.webp\" alt=\"\" \/><\/p>\n<h2 style=\"text-align: center;\" data-start=\"879\" data-end=\"898\">Slik bruker du den \ud83d\udccc<\/h2>\n<ol data-start=\"899\" data-end=\"1240\">\n<li data-start=\"899\" data-end=\"992\">\n<p data-start=\"902\" data-end=\"992\">\u00c5pne hovedrommet for \u00e5 oppbevare det viktigste &#8211; telefon, n\u00f8kler, sminke eller solbriller.<\/p>\n<\/li>\n<li data-start=\"993\" data-end=\"1077\">\n<p data-start=\"996\" data-end=\"1077\">Juster stroppen slik at du kan b\u00e6re den komfortabelt over kroppen eller over skulderen.<\/p>\n<\/li>\n<li data-start=\"1078\" data-end=\"1171\">\n<p data-start=\"1081\" data-end=\"1171\">Kombiner den med favorittkjolen din, strandkl\u00e6r eller uformelle antrekk for en avslappet, elegant stemning.<\/p>\n<\/li>\n<li data-start=\"1172\" data-end=\"1240\">\n<p data-start=\"1175\" data-end=\"1240\">Oppbevar den p\u00e5 et t\u00f8rt sted for \u00e5 opprettholde den vevde teksturen og formen.<\/p>\n<\/li>\n<\/ol>\n<h2 style=\"text-align: center;\" data-start=\"1247\" data-end=\"1271\">Produktdetaljer \ud83d\udccf<\/h2>\n<ul data-start=\"1272\" data-end=\"1498\">\n<li data-start=\"1272\" data-end=\"1312\">\n<p data-start=\"1274\" data-end=\"1312\">Materiale: Papirtau, PU-l\u00e6r<\/p>\n<\/li>\n<li data-start=\"1313\" data-end=\"1355\">\n<p data-start=\"1315\" data-end=\"1355\">Fargemuligheter: Khaki, Beige<\/p>\n<\/li>\n<li data-start=\"1356\" data-end=\"1380\">\n<p data-start=\"1358\" data-end=\"1380\">St\u00f8rrelse: 27 x 24 cm<\/p>\n<\/li>\n<li data-start=\"1381\" data-end=\"1402\">\n<p data-start=\"1383\" data-end=\"1402\">Vekt: 150 g<\/p>\n<\/li>\n<li data-start=\"1403\" data-end=\"1441\">\n<p data-start=\"1405\" data-end=\"1441\">Stil: Vevd crossbody-veske<\/p>\n<\/li>\n<li data-start=\"1442\" data-end=\"1498\">\n<p data-start=\"1444\" data-end=\"1498\">Bruk: Strand, shopping, uformelle utflukter eller fester<\/p>\n<\/li>\n<\/ul>\n<h2 style=\"text-align: center;\" data-start=\"1505\" data-end=\"1530\">Pakken\u00a0inkluderer\u00a0\ud83d\udce6<\/h2>\n<ul data-start=\"1531\" data-end=\"1560\" data-is-last-node=\"\" data-is-only-node=\"\">\n<li data-start=\"1531\" data-end=\"1560\" data-is-last-node=\"\">\n<p data-start=\"1533\" data-end=\"1560\" data-is-last-node=\"\">1x vevd crossbody-veske.<\/p>\n<\/li>\n<\/ul>\n<\/div>\n<\/div>\n<\/div>\n<\/div>\n<\/div>\n<\/div>\n<\/article>\n","protected":false},"excerpt":{"rendered":"<p>Denne vevde crossbody-vesken tilf\u00f8rer uanstrengt sjarm til looken din. \ud83d\udc5c Denne lette, vevde vesken er laget av mykt, naturlig papirtau [&hellip;]<\/p>\n","protected":false},"featured_media":51083,"comment_status":"open","ping_status":"closed","template":"","meta":{"site-sidebar-layout":"default","site-content-layout":"","ast-site-content-layout":"default","site-content-style":"default","site-sidebar-style":"default","ast-global-header-display":"","ast-banner-title-visibility":"","ast-main-header-display":"","ast-hfb-above-header-display":"","ast-hfb-below-header-display":"","ast-hfb-mobile-header-display":"","site-post-title":"","ast-breadcrumbs-content":"","ast-featured-img":"","footer-sml-layout":"","theme-transparent-header-meta":"default","adv-header-id-meta":"","stick-header-meta":"","header-above-stick-meta":"","header-main-stick-meta":"","header-below-stick-meta":"","astra-migrate-meta-layouts":"set","ast-page-background-enabled":"default","ast-page-background-meta":{"desktop":{"background-color":"var(--ast-global-color-4)","background-image":"","background-repeat":"repeat","background-position":"center center","background-size":"auto","background-attachment":"scroll","background-type":"","background-media":"","overlay-type":"","overlay-color":"","overlay-opacity":"","overlay-gradient":""},"tablet":{"background-color":"","background-image":"","background-repeat":"repeat","background-position":"center center","background-size":"auto","background-attachment":"scroll","background-type":"","background-media":"","overlay-type":"","overlay-color":"","overlay-opacity":"","overlay-gradient":""},"mobile":{"background-color":"","background-image":"","background-repeat":"repeat","background-position":"center center","background-size":"auto","background-attachment":"scroll","background-type":"","background-media":"","overlay-type":"","overlay-color":"","overlay-opacity":"","overlay-gradient":""}},"ast-content-background-meta":{"desktop":{"background-color":"var(--ast-global-color-5)","background-image":"","background-repeat":"repeat","background-position":"center center","background-size":"auto","background-attachment":"scroll","background-type":"","background-media":"","overlay-type":"","overlay-color":"","overlay-opacity":"","overlay-gradient":""},"tablet":{"background-color":"var(--ast-global-color-5)","background-image":"","background-repeat":"repeat","background-position":"center center","background-size":"auto","background-attachment":"scroll","background-type":"","background-media":"","overlay-type":"","overlay-color":"","overlay-opacity":"","overlay-gradient":""},"mobile":{"background-color":"var(--ast-global-color-5)","background-image":"","background-repeat":"repeat","background-position":"center center","background-size":"auto","background-attachment":"scroll","background-type":"","background-media":"","overlay-type":"","overlay-color":"","overlay-opacity":"","overlay-gradient":""}}},"product_brand":[],"product_cat":[994,993],"product_tag":[],"class_list":{"0":"post-51087","1":"product","2":"type-product","3":"status-publish","4":"has-post-thumbnail","6":"product_cat-klaer-til-kvinner","7":"product_cat-skotoy-tilbehor","8":"pa_24317_313wbjvw-beige","9":"pa_24317_313wbjvw-khaki","10":"desktop-align-left","11":"tablet-align-left","12":"mobile-align-left","14":"first","15":"instock","16":"shipping-taxable","17":"purchasable","18":"product-type-variable"},"_links":{"self":[{"href":"https:\/\/keluvo.com\/no\/wp-json\/wp\/v2\/product\/51087","targetHints":{"allow":["GET"]}}],"collection":[{"href":"https:\/\/keluvo.com\/no\/wp-json\/wp\/v2\/product"}],"about":[{"href":"https:\/\/keluvo.com\/no\/wp-json\/wp\/v2\/types\/product"}],"replies":[{"embeddable":true,"href":"https:\/\/keluvo.com\/no\/wp-json\/wp\/v2\/comments?post=51087"}],"wp:featuredmedia":[{"embeddable":true,"href":"https:\/\/keluvo.com\/no\/wp-json\/wp\/v2\/media\/51083"}],"wp:attachment":[{"href":"https:\/\/keluvo.com\/no\/wp-json\/wp\/v2\/media?parent=51087"}],"wp:term":[{"taxonomy":"product_brand","embeddable":true,"href":"https:\/\/keluvo.com\/no\/wp-json\/wp\/v2\/product_brand?post=51087"},{"taxonomy":"product_cat","embeddable":true,"href":"https:\/\/keluvo.com\/no\/wp-json\/wp\/v2\/product_cat?post=51087"},{"taxonomy":"product_tag","embeddable":true,"href":"https:\/\/keluvo.com\/no\/wp-json\/wp\/v2\/product_tag?post=51087"}],"curies":[{"name":"wp","href":"https:\/\/api.w.org\/{rel}","templated":true}]}}