{"id":51073,"date":"2025-10-22T14:03:14","date_gmt":"2025-10-22T11:03:14","guid":{"rendered":"https:\/\/keluvo.com\/no\/produkt\/halskjede-med-anheng-med-parklemmer-4-stk\/"},"modified":"2025-10-23T14:34:30","modified_gmt":"2025-10-23T11:34:30","slug":"halskjede-med-anheng-med-parklemmer-4-stk","status":"publish","type":"product","link":"https:\/\/keluvo.com\/no\/produkt\/halskjede-med-anheng-med-parklemmer-4-stk\/","title":{"rendered":"Halskjede med anheng med parklemmer (4 stk)"},"content":{"rendered":"<p style=\"text-align: center;\" data-start=\"0\" data-end=\"82\"><strong data-start=\"0\" data-end=\"80\">Feir kj\u00e6rligheten og samh\u00f8righeten med dette elegante halskjedet med parklemmer. \ud83d\udc69\u200d\u2764\ufe0f\u200d\ud83d\udc68<\/strong><\/p>\n<p style=\"text-align: center;\" data-start=\"84\" data-end=\"432\">Det vakkert utformede halskjedet symboliserer samhold, hengivenhet og evig kj\u00e6rlighet. Halskjedet er laget av h\u00f8ykvalitetslegering og galvanisert hvitt st\u00e5l, og er slitesterkt, rustbestandig og designet for \u00e5 skinne i \u00e5revis. Anhenget viser en mann og en kvinne i en kj\u00e6rlig omfavnelse &#8211; et meningsfullt smykke som er perfekt for par, merkedager eller andre spesielle anledninger.<\/p>\n<p data-start=\"84\" data-end=\"432\"><img decoding=\"async\" class=\"size-full wp-image-37667 aligncenter\" src=\"https:\/\/keluvo.com\/template\/wp-content\/uploads\/sites\/5\/2025\/10\/100214-ezgif.com-video-to-webp-converter-2.webp\" alt=\"\" \/><\/p>\n<h2 style=\"text-align: center;\" data-start=\"439\" data-end=\"461\">Hovedfordeler \ud83d\udc69\u200d\u2764\ufe0f\u200d\ud83d\udc68<\/h2>\n<p data-start=\"464\" data-end=\"548\">\u2764\ufe0f Symbol p\u00e5 kj\u00e6rlighet &#8211; Representerer det dype b\u00e5ndet og forbindelsen mellom to mennesker.<\/p>\n<p data-start=\"551\" data-end=\"668\">\ud83d\udc8e Slitesterk og langvarig &#8211; Laget av f\u00f8rsteklasses legering og galvanisert hvitt st\u00e5l for glans og rustmotstand.<\/p>\n<p data-start=\"671\" data-end=\"760\">\ud83d\udc69\u200d\u2764\ufe0f\u200d\ud83d\udc68 Elegant design &#8211; Minimalistisk, men likevel emosjonell &#8211; perfekt for b\u00e5de menn og kvinner.<\/p>\n<p data-start=\"763\" data-end=\"861\">\ud83c\udf81 Perfekt gave &#8211; Ideell til jubileer, bursdager, valentinsdagen eller romantiske overraskelser.<\/p>\n<p data-start=\"864\" data-end=\"961\">\u2728 Justerbar passform &#8211; Behagelig \u00e5 ha p\u00e5 seg hver dag med et justerbart kjede for din ideelle lengde.<\/p>\n<p data-start=\"864\" data-end=\"961\"><img decoding=\"async\" class=\"size-full wp-image-37671 aligncenter\" src=\"https:\/\/keluvo.com\/template\/wp-content\/uploads\/sites\/5\/2025\/10\/ezgif.com-gif-maker_9_dd863ac5-94ef-4ffe-bfd3-51c12852e71e_480x480.webp\" alt=\"\" \/><\/p>\n<h2 style=\"text-align: center;\" data-start=\"968\" data-end=\"987\">Slik bruker du den \ud83d\udccc<\/h2>\n<ol data-start=\"988\" data-end=\"1271\">\n<li data-start=\"988\" data-end=\"1065\">\n<p data-start=\"991\" data-end=\"1065\">Juster kjedelengden til din foretrukne passform ved hjelp av forlengelsesl\u00e5sen.<\/p>\n<\/li>\n<li data-start=\"1066\" data-end=\"1115\">\n<p data-start=\"1069\" data-end=\"1115\">Fest halskjedet forsiktig rundt halsen.<\/p>\n<\/li>\n<li data-start=\"1116\" data-end=\"1202\">\n<p data-start=\"1119\" data-end=\"1202\">Kombiner det med ethvert antrekk &#8211; uformelt eller formelt &#8211; for et snev av eleganse og mening.<\/p>\n<\/li>\n<li data-start=\"1203\" data-end=\"1271\">\n<p data-start=\"1206\" data-end=\"1271\">Oppbevar det p\u00e5 et t\u00f8rt sted for \u00e5 opprettholde glansen og skj\u00f8nnheten.<\/p>\n<\/li>\n<\/ol>\n<h2 style=\"text-align: center;\" data-start=\"1278\" data-end=\"1302\">Produktdetaljer \ud83d\udccf<\/h2>\n<ul data-start=\"1303\" data-end=\"1632\">\n<li data-start=\"1303\" data-end=\"1353\">\n<p data-start=\"1305\" data-end=\"1353\">Materiale: Legering, galvanisert hvitt st\u00e5l<\/p>\n<\/li>\n<li data-start=\"1354\" data-end=\"1415\">\n<p data-start=\"1356\" data-end=\"1415\">Pendeldesign: Par som omfavner hverandre i en intim omfavnelse<\/p>\n<\/li>\n<li data-start=\"1416\" data-end=\"1486\">\n<p data-start=\"1418\" data-end=\"1486\">Halsb\u00e5ndets lengde: 40 cm + 5 cm forlengerkjede<\/p>\n<\/li>\n<li data-start=\"1487\" data-end=\"1523\">\n<p data-start=\"1489\" data-end=\"1523\">Anhengets st\u00f8rrelse: 2,5 cm<\/p>\n<\/li>\n<li data-start=\"1524\" data-end=\"1566\">\n<p data-start=\"1526\" data-end=\"1566\">Stil: Mote, minimalistisk, unisex<\/p>\n<\/li>\n<li data-start=\"1567\" data-end=\"1632\">\n<p data-start=\"1569\" data-end=\"1632\">Bearbeiding: Galvanisering for ekstra holdbarhet og glans<\/p>\n<\/li>\n<li data-start=\"1567\" data-end=\"1632\">Blanding av 4 farger: S\u00f8lv, Svart, Rosegull, Gylden<\/li>\n<\/ul>\n<h2 style=\"text-align: center;\" data-start=\"1639\" data-end=\"1664\">Pakken\u00a0inkluderer\u00a0\ud83d\udce6<\/h2>\n<ul data-start=\"1665\" data-end=\"1698\" data-is-last-node=\"\" data-is-only-node=\"\">\n<li data-start=\"1665\" data-end=\"1698\" data-is-last-node=\"\">\n<p data-start=\"1667\" data-end=\"1698\" data-is-last-node=\"\">4x par klem anheng halskjeder (4 farger).<\/p>\n<\/li>\n<\/ul>\n","protected":false},"excerpt":{"rendered":"<p>Feir kj\u00e6rligheten og samh\u00f8righeten med dette elegante halskjedet med parklemmer. \ud83d\udc69\u200d\u2764\ufe0f\u200d\ud83d\udc68 Det vakkert utformede halskjedet symboliserer samhold, hengivenhet og evig [&hellip;]<\/p>\n","protected":false},"featured_media":51069,"comment_status":"open","ping_status":"closed","template":"","meta":{"site-sidebar-layout":"default","site-content-layout":"","ast-site-content-layout":"default","site-content-style":"default","site-sidebar-style":"default","ast-global-header-display":"","ast-banner-title-visibility":"","ast-main-header-display":"","ast-hfb-above-header-display":"","ast-hfb-below-header-display":"","ast-hfb-mobile-header-display":"","site-post-title":"","ast-breadcrumbs-content":"","ast-featured-img":"","footer-sml-layout":"","theme-transparent-header-meta":"default","adv-header-id-meta":"","stick-header-meta":"","header-above-stick-meta":"","header-main-stick-meta":"","header-below-stick-meta":"","astra-migrate-meta-layouts":"set","ast-page-background-enabled":"default","ast-page-background-meta":{"desktop":{"background-color":"var(--ast-global-color-4)","background-image":"","background-repeat":"repeat","background-position":"center center","background-size":"auto","background-attachment":"scroll","background-type":"","background-media":"","overlay-type":"","overlay-color":"","overlay-opacity":"","overlay-gradient":""},"tablet":{"background-color":"","background-image":"","background-repeat":"repeat","background-position":"center center","background-size":"auto","background-attachment":"scroll","background-type":"","background-media":"","overlay-type":"","overlay-color":"","overlay-opacity":"","overlay-gradient":""},"mobile":{"background-color":"","background-image":"","background-repeat":"repeat","background-position":"center center","background-size":"auto","background-attachment":"scroll","background-type":"","background-media":"","overlay-type":"","overlay-color":"","overlay-opacity":"","overlay-gradient":""}},"ast-content-background-meta":{"desktop":{"background-color":"var(--ast-global-color-5)","background-image":"","background-repeat":"repeat","background-position":"center center","background-size":"auto","background-attachment":"scroll","background-type":"","background-media":"","overlay-type":"","overlay-color":"","overlay-opacity":"","overlay-gradient":""},"tablet":{"background-color":"var(--ast-global-color-5)","background-image":"","background-repeat":"repeat","background-position":"center center","background-size":"auto","background-attachment":"scroll","background-type":"","background-media":"","overlay-type":"","overlay-color":"","overlay-opacity":"","overlay-gradient":""},"mobile":{"background-color":"var(--ast-global-color-5)","background-image":"","background-repeat":"repeat","background-position":"center center","background-size":"auto","background-attachment":"scroll","background-type":"","background-media":"","overlay-type":"","overlay-color":"","overlay-opacity":"","overlay-gradient":""}}},"product_brand":[],"product_cat":[993],"product_tag":[],"class_list":{"0":"post-51073","1":"product","2":"type-product","3":"status-publish","4":"has-post-thumbnail","6":"product_cat-skotoy-tilbehor","7":"desktop-align-left","8":"tablet-align-left","9":"mobile-align-left","11":"first","12":"instock","13":"shipping-taxable","14":"purchasable","15":"product-type-simple"},"_links":{"self":[{"href":"https:\/\/keluvo.com\/no\/wp-json\/wp\/v2\/product\/51073","targetHints":{"allow":["GET"]}}],"collection":[{"href":"https:\/\/keluvo.com\/no\/wp-json\/wp\/v2\/product"}],"about":[{"href":"https:\/\/keluvo.com\/no\/wp-json\/wp\/v2\/types\/product"}],"replies":[{"embeddable":true,"href":"https:\/\/keluvo.com\/no\/wp-json\/wp\/v2\/comments?post=51073"}],"wp:featuredmedia":[{"embeddable":true,"href":"https:\/\/keluvo.com\/no\/wp-json\/wp\/v2\/media\/51069"}],"wp:attachment":[{"href":"https:\/\/keluvo.com\/no\/wp-json\/wp\/v2\/media?parent=51073"}],"wp:term":[{"taxonomy":"product_brand","embeddable":true,"href":"https:\/\/keluvo.com\/no\/wp-json\/wp\/v2\/product_brand?post=51073"},{"taxonomy":"product_cat","embeddable":true,"href":"https:\/\/keluvo.com\/no\/wp-json\/wp\/v2\/product_cat?post=51073"},{"taxonomy":"product_tag","embeddable":true,"href":"https:\/\/keluvo.com\/no\/wp-json\/wp\/v2\/product_tag?post=51073"}],"curies":[{"name":"wp","href":"https:\/\/api.w.org\/{rel}","templated":true}]}}