{"id":51041,"date":"2025-10-22T14:00:43","date_gmt":"2025-10-22T11:00:43","guid":{"rendered":"https:\/\/keluvo.com\/no\/produkt\/penalhus\/"},"modified":"2025-10-23T14:30:43","modified_gmt":"2025-10-23T11:30:43","slug":"penalhus","status":"publish","type":"product","link":"https:\/\/keluvo.com\/no\/produkt\/penalhus\/","title":{"rendered":"Penalhus"},"content":{"rendered":"<p style=\"text-align: center;\" data-start=\"0\" data-end=\"104\"><strong data-start=\"0\" data-end=\"102\">Hold orden p\u00e5 skrivebordet og oppbevar sakene dine p\u00e5 en stilig m\u00e5te med dette multifunksjonelle pennalet. \ud83d\udd8a\ufe0f<\/strong><\/p>\n<p style=\"text-align: center;\" data-start=\"106\" data-end=\"411\">Denne smarte og estetisk pennal som fungerer b\u00e5de som en b\u00e6rbar veske og en pennholder for st\u00e5ende skrivebord. Det er laget av myk bomull og vegansk l\u00e6r, er slitesterkt, komfortabelt \u00e5 bruke og stort nok til \u00e5 romme alle favorittpennene, blyantene og skrivesakene dine &#8211; perfekt for skole-, kontor- eller hjemmebruk.<\/p>\n<p data-start=\"106\" data-end=\"411\"><img decoding=\"async\" class=\"size-full wp-image-37642 aligncenter\" src=\"https:\/\/keluvo.com\/template\/wp-content\/uploads\/sites\/5\/2025\/10\/100212-ezgif.com-video-to-webp-converter-2.webp\" alt=\"\" \/><\/p>\n<h2 style=\"text-align: center;\" data-start=\"418\" data-end=\"440\">\u270f\ufe0f Hovedfordeler<\/h2>\n<p data-start=\"443\" data-end=\"548\">\ud83d\udd8a\ufe0f 2-i-1-design &#8211; Bruk det som et pennal n\u00e5r du er p\u00e5 farten, eller trykk det ned for \u00e5 gj\u00f8re det om til en pennholder.<\/p>\n<p data-start=\"551\" data-end=\"632\">\ud83d\udcda Stor kapasitet &#8211; Rommer enkelt over 35 blyanter og andre skriveredskaper.<\/p>\n<p data-start=\"635\" data-end=\"750\">\ud83d\udcbc Materialer av h\u00f8y kvalitet &#8211; Laget av myk bomull, polyuretan og vegansk l\u00e6r for holdbarhet og komfort.<\/p>\n<p data-start=\"753\" data-end=\"820\">\ud83c\udf92 B\u00e6rbar og kompakt &#8211; Lett \u00e5 ha med seg i vesken eller ryggsekken.<\/p>\n<p data-start=\"823\" data-end=\"886\">\ud83c\udf3f Milj\u00f8vennlig &#8211; Laget av grusomhetsfritt vegansk l\u00e6r.<\/p>\n<p data-start=\"823\" data-end=\"886\"><img decoding=\"async\" class=\"size-full wp-image-37643 aligncenter\" src=\"https:\/\/keluvo.com\/template\/wp-content\/uploads\/sites\/5\/2025\/10\/centerframe.webp\" alt=\"\" \/><\/p>\n<h2 style=\"text-align: center;\" data-start=\"893\" data-end=\"912\">\ud83e\ude84 Slik bruker du den<\/h2>\n<ol data-start=\"913\" data-end=\"1219\">\n<li data-start=\"913\" data-end=\"978\">\n<p data-start=\"916\" data-end=\"978\">Pip opp penalhuset for \u00e5 oppbevare skriveredskapene dine.<\/p>\n<\/li>\n<li data-start=\"979\" data-end=\"1067\">\n<p data-start=\"982\" data-end=\"1067\">N\u00e5r du arbeider, trykker du bare sidene ned for \u00e5 gj\u00f8re det om til en st\u00e5ende pennholder.<\/p>\n<\/li>\n<li data-start=\"1068\" data-end=\"1131\">\n<p data-start=\"1071\" data-end=\"1131\">Plasser det p\u00e5 skrivebordet for enkel tilgang til penner og blyanter.<\/p>\n<\/li>\n<li data-start=\"1132\" data-end=\"1219\">\n<p data-start=\"1135\" data-end=\"1219\">Glidel\u00e5s og ta det med deg n\u00e5r du er ferdig &#8211; stilig og praktisk hvor som helst!<\/p>\n<\/li>\n<\/ol>\n<h2 style=\"text-align: center;\" data-start=\"1226\" data-end=\"1250\">\ud83d\udccf Produktdetaljer<\/h2>\n<ul data-start=\"1251\" data-end=\"1438\">\n<li data-start=\"1251\" data-end=\"1311\">\n<p data-start=\"1253\" data-end=\"1311\">Materiale: Polyuretangummi, bomull, vegansk skinn<\/p>\n<\/li>\n<li data-start=\"1312\" data-end=\"1338\">\n<p data-start=\"1314\" data-end=\"1338\">St\u00f8rrelse: 18,5 x 8,5 x 6,5 cm<\/p>\n<\/li>\n<li data-start=\"1339\" data-end=\"1374\">\n<p data-start=\"1341\" data-end=\"1374\">Kapasitet: Plass til mer enn 35 blyanter<\/p>\n<\/li>\n<li data-start=\"1375\" data-end=\"1438\">\n<p data-start=\"1377\" data-end=\"1438\">Bruk: Oppbevaring av penner, blyanter og andre skriveredskaper<\/p>\n<\/li>\n<\/ul>\n<h2 style=\"text-align: center;\" data-start=\"1445\" data-end=\"1470\">\ud83c\udf81 Pakken inkluderer<\/h2>\n<ul data-start=\"1471\" data-end=\"1504\" data-is-last-node=\"\" data-is-only-node=\"\">\n<li data-start=\"1471\" data-end=\"1504\" data-is-last-node=\"\">\n<p data-start=\"1473\" data-end=\"1504\" data-is-last-node=\"\">1x multifunksjonelt pennal.<\/p>\n<\/li>\n<\/ul>\n","protected":false},"excerpt":{"rendered":"<p>Hold orden p\u00e5 skrivebordet og oppbevar sakene dine p\u00e5 en stilig m\u00e5te med dette multifunksjonelle pennalet. \ud83d\udd8a\ufe0f Denne smarte og [&hellip;]<\/p>\n","protected":false},"featured_media":51037,"comment_status":"open","ping_status":"closed","template":"","meta":{"site-sidebar-layout":"default","site-content-layout":"","ast-site-content-layout":"default","site-content-style":"default","site-sidebar-style":"default","ast-global-header-display":"","ast-banner-title-visibility":"","ast-main-header-display":"","ast-hfb-above-header-display":"","ast-hfb-below-header-display":"","ast-hfb-mobile-header-display":"","site-post-title":"","ast-breadcrumbs-content":"","ast-featured-img":"","footer-sml-layout":"","theme-transparent-header-meta":"default","adv-header-id-meta":"","stick-header-meta":"","header-above-stick-meta":"","header-main-stick-meta":"","header-below-stick-meta":"","astra-migrate-meta-layouts":"set","ast-page-background-enabled":"default","ast-page-background-meta":{"desktop":{"background-color":"var(--ast-global-color-4)","background-image":"","background-repeat":"repeat","background-position":"center center","background-size":"auto","background-attachment":"scroll","background-type":"","background-media":"","overlay-type":"","overlay-color":"","overlay-opacity":"","overlay-gradient":""},"tablet":{"background-color":"","background-image":"","background-repeat":"repeat","background-position":"center center","background-size":"auto","background-attachment":"scroll","background-type":"","background-media":"","overlay-type":"","overlay-color":"","overlay-opacity":"","overlay-gradient":""},"mobile":{"background-color":"","background-image":"","background-repeat":"repeat","background-position":"center center","background-size":"auto","background-attachment":"scroll","background-type":"","background-media":"","overlay-type":"","overlay-color":"","overlay-opacity":"","overlay-gradient":""}},"ast-content-background-meta":{"desktop":{"background-color":"var(--ast-global-color-5)","background-image":"","background-repeat":"repeat","background-position":"center center","background-size":"auto","background-attachment":"scroll","background-type":"","background-media":"","overlay-type":"","overlay-color":"","overlay-opacity":"","overlay-gradient":""},"tablet":{"background-color":"var(--ast-global-color-5)","background-image":"","background-repeat":"repeat","background-position":"center center","background-size":"auto","background-attachment":"scroll","background-type":"","background-media":"","overlay-type":"","overlay-color":"","overlay-opacity":"","overlay-gradient":""},"mobile":{"background-color":"var(--ast-global-color-5)","background-image":"","background-repeat":"repeat","background-position":"center center","background-size":"auto","background-attachment":"scroll","background-type":"","background-media":"","overlay-type":"","overlay-color":"","overlay-opacity":"","overlay-gradient":""}}},"product_brand":[],"product_cat":[990,993],"product_tag":[],"class_list":{"0":"post-51041","1":"product","2":"type-product","3":"status-publish","4":"has-post-thumbnail","6":"product_cat-leker-barne-og-babyprodukter","7":"product_cat-skotoy-tilbehor","8":"pa_24082_r5wfedas-bla","9":"pa_24082_r5wfedas-gronn","10":"pa_24082_r5wfedas-gul","11":"pa_24082_r5wfedas-lilla","12":"pa_24082_r5wfedas-rosa","13":"desktop-align-left","14":"tablet-align-left","15":"mobile-align-left","17":"first","18":"instock","19":"shipping-taxable","20":"purchasable","21":"product-type-variable"},"_links":{"self":[{"href":"https:\/\/keluvo.com\/no\/wp-json\/wp\/v2\/product\/51041","targetHints":{"allow":["GET"]}}],"collection":[{"href":"https:\/\/keluvo.com\/no\/wp-json\/wp\/v2\/product"}],"about":[{"href":"https:\/\/keluvo.com\/no\/wp-json\/wp\/v2\/types\/product"}],"replies":[{"embeddable":true,"href":"https:\/\/keluvo.com\/no\/wp-json\/wp\/v2\/comments?post=51041"}],"wp:featuredmedia":[{"embeddable":true,"href":"https:\/\/keluvo.com\/no\/wp-json\/wp\/v2\/media\/51037"}],"wp:attachment":[{"href":"https:\/\/keluvo.com\/no\/wp-json\/wp\/v2\/media?parent=51041"}],"wp:term":[{"taxonomy":"product_brand","embeddable":true,"href":"https:\/\/keluvo.com\/no\/wp-json\/wp\/v2\/product_brand?post=51041"},{"taxonomy":"product_cat","embeddable":true,"href":"https:\/\/keluvo.com\/no\/wp-json\/wp\/v2\/product_cat?post=51041"},{"taxonomy":"product_tag","embeddable":true,"href":"https:\/\/keluvo.com\/no\/wp-json\/wp\/v2\/product_tag?post=51041"}],"curies":[{"name":"wp","href":"https:\/\/api.w.org\/{rel}","templated":true}]}}