{"id":51022,"date":"2025-10-22T13:59:31","date_gmt":"2025-10-22T10:59:31","guid":{"rendered":"https:\/\/keluvo.com\/no\/produkt\/dekorativt-nattlys\/"},"modified":"2025-11-11T11:52:32","modified_gmt":"2025-11-11T09:52:32","slug":"dekorativt-nattlys","status":"publish","type":"product","link":"https:\/\/keluvo.com\/no\/produkt\/dekorativt-nattlys\/","title":{"rendered":"Dekorativt nattlys"},"content":{"rendered":"<article class=\"text-token-text-primary w-full focus:outline-none [--shadow-height:45px] has-data-writing-block:pointer-events-none has-data-writing-block:-mt-(--shadow-height) has-data-writing-block:pt-(--shadow-height) [&amp;:has([data-writing-block])&gt;*]:pointer-events-auto [content-visibility:auto] supports-[content-visibility:auto]:[contain-intrinsic-size:auto_100lvh] scroll-mt-[calc(var(--header-height)+min(200px,max(70px,20svh)))]\" dir=\"auto\" data-turn-id=\"request-68f27435-66d8-8326-9862-00f9c0a2e193-6\" data-testid=\"conversation-turn-30\" data-scroll-anchor=\"true\" data-turn=\"assistant\">\n<div class=\"text-base my-auto mx-auto pb-10 [--thread-content-margin:--spacing(4)] thread-sm:[--thread-content-margin:--spacing(6)] thread-lg:[--thread-content-margin:--spacing(16)] px-(--thread-content-margin)\">\n<div class=\"[--thread-content-max-width:40rem] thread-lg:[--thread-content-max-width:48rem] mx-auto max-w-(--thread-content-max-width) flex-1 group\/turn-messages focus-visible:outline-hidden relative flex w-full min-w-0 flex-col agent-turn\">\n<div class=\"flex max-w-full flex-col grow\">\n<div class=\"min-h-8 text-message relative flex w-full flex-col items-end gap-2 text-start break-words whitespace-normal [.text-message+&amp;]:mt-1\" dir=\"auto\" data-message-author-role=\"assistant\" data-message-id=\"d44776d3-33d8-4e49-aa6d-daee0bc91ce9\" data-message-model-slug=\"gpt-5\">\n<div class=\"flex w-full flex-col gap-1 empty:hidden first:pt-[1px]\">\n<div class=\"markdown prose dark:prose-invert w-full break-words light markdown-new-styling\">\n<p style=\"text-align: center;\" data-start=\"0\" data-end=\"83\"><strong>Skap en varm og koselig atmosf\u00e6re med dette vakre, dekorative nattlyset. \ud83c\udf19<\/strong><\/p>\n<p style=\"text-align: center;\" data-start=\"85\" data-end=\"394\">Designet i en stilig m\u00e5ne- og stjerneform med en h\u00e5ndlaget hampetaufinish, gir dette nattlyset en myk, varm gl\u00f8d til ethvert rom. Den er perfekt til soverom, stuer, fester eller som en unik gave til h\u00f8ytider og spesielle anledninger. Den er batteridrevet og b\u00e6rbar, og passer uanstrengt inn i enhver innredningsstil.<\/p>\n<p data-start=\"85\" data-end=\"394\"><img decoding=\"async\" class=\"size-full wp-image-37627 aligncenter\" src=\"https:\/\/keluvo.com\/template\/wp-content\/uploads\/sites\/5\/2025\/10\/100211-ezgif.com-video-to-webp-converter-2.webp\" alt=\"\" \/><\/p>\n<h2 style=\"text-align: center;\" data-start=\"401\" data-end=\"423\">\ud83c\udf19 Hovedfordeler<\/h2>\n<p data-start=\"426\" data-end=\"530\">\ud83d\udca1 Mykt, varmt lys &#8211; Mild belysning som er sk\u00e5nsom for \u00f8ynene og perfekt for avslappende kvelder.<\/p>\n<p data-start=\"533\" data-end=\"617\">\ud83e\uddf6 H\u00e5ndlaget design &#8211; Laget med naturlig hampetau for et rustikt, elegant utseende.<\/p>\n<p data-start=\"620\" data-end=\"718\">\ud83e\udeb6 B\u00e6rbar og praktisk &#8211; Batteridrevet (3xAA) slik at du kan plassere den hvor som helst uten ledninger.<\/p>\n<p data-start=\"721\" data-end=\"816\">\ud83c\udfe0 Allsidig dekorasjon &#8211; Ideell for soverom, sovesaler, fotovegger eller festlige bordoppsett.<\/p>\n<p data-start=\"819\" data-end=\"905\">\ud83d\udd29 Slitesterk konstruksjon &#8211; Smijernskonstruksjonen sikrer stabilitet og langvarig bruk.<\/p>\n<p data-start=\"908\" data-end=\"999\">\ud83c\udf81 Perfekt gave &#8211; En omtenksom og sjarmerende gave til h\u00f8ytider eller spesielle anledninger.<\/p>\n<p data-start=\"908\" data-end=\"999\"><img decoding=\"async\" class=\"size-full wp-image-37630 aligncenter\" src=\"https:\/\/keluvo.com\/template\/wp-content\/uploads\/sites\/5\/2025\/10\/giphy_ffce9784-cc10-41e0-b1e9-d1cef65ca9d9.webp\" alt=\"\" \/><\/p>\n<h2 style=\"text-align: center;\" data-start=\"1006\" data-end=\"1025\">\ud83e\ude84 Slik bruker du den<\/h2>\n<ol data-start=\"1026\" data-end=\"1320\">\n<li data-start=\"1026\" data-end=\"1099\">\n<p data-start=\"1029\" data-end=\"1099\">Sett inn 3 AA-batterier i rommet (batterier ikke inkludert).<\/p>\n<\/li>\n<li data-start=\"1100\" data-end=\"1184\">\n<p data-start=\"1103\" data-end=\"1184\">Plasser lampen p\u00e5 en flat, stabil overflate, f.eks. et nattbord, en hylle eller et bord.<\/p>\n<\/li>\n<li data-start=\"1185\" data-end=\"1236\">\n<p data-start=\"1188\" data-end=\"1236\">Sl\u00e5 den p\u00e5 for \u00e5 nyte det varme, avslappende lyset.<\/p>\n<\/li>\n<li data-start=\"1237\" data-end=\"1320\">\n<p data-start=\"1240\" data-end=\"1320\">Bruk den som nattlys, dekorasjonsobjekt eller festlampe til arrangementer og h\u00f8ytider.<\/p>\n<\/li>\n<\/ol>\n<h2 style=\"text-align: center;\" data-start=\"1327\" data-end=\"1351\">\ud83d\udccf Produktdetaljer<\/h2>\n<ul data-start=\"1352\" data-end=\"1685\">\n<li data-start=\"1423\" data-end=\"1454\">\n<p data-start=\"1425\" data-end=\"1454\">Lysfarge: Varmt lys<\/p>\n<\/li>\n<li data-start=\"1455\" data-end=\"1515\">\n<p data-start=\"1457\" data-end=\"1515\">Materiale: Smijernsramme med h\u00e5ndlaget hampetau<\/p>\n<\/li>\n<li data-start=\"1516\" data-end=\"1545\">\n<p data-start=\"1518\" data-end=\"1545\">St\u00f8rrelse: 28 x 14 x 13 cm<\/p>\n<\/li>\n<li data-start=\"1546\" data-end=\"1575\">\n<p data-start=\"1548\" data-end=\"1575\">Vekt: Ca. 350 g<\/p>\n<\/li>\n<li data-start=\"1576\" data-end=\"1627\">\n<p data-start=\"1578\" data-end=\"1627\">Str\u00f8mforsyning: 3\u00d7AA-batterier (ikke inkludert)<\/p>\n<\/li>\n<li data-start=\"1628\" data-end=\"1685\">\n<p data-start=\"1630\" data-end=\"1685\">Bruk: Hjemmeinnredning, fester, h\u00f8ytider, Ramadan-gaver<\/p>\n<\/li>\n<\/ul>\n<h2 style=\"text-align: center;\" data-start=\"1692\" data-end=\"1717\">\ud83c\udf81 Pakken inkluderer<\/h2>\n<ul data-start=\"1718\" data-end=\"1770\" data-is-last-node=\"\" data-is-only-node=\"\">\n<li data-start=\"1718\" data-end=\"1770\" data-is-last-node=\"\">\n<p data-start=\"1720\" data-end=\"1770\" data-is-last-node=\"\">1x dekorativt nattlys.<\/p>\n<\/li>\n<\/ul>\n<\/div>\n<\/div>\n<\/div>\n<\/div>\n<\/div>\n<\/div>\n<\/article>\n","protected":false},"excerpt":{"rendered":"<p>Skap en varm og koselig atmosf\u00e6re med dette vakre, dekorative nattlyset. \ud83c\udf19 Designet i en stilig m\u00e5ne- og stjerneform med [&hellip;]<\/p>\n","protected":false},"featured_media":51018,"comment_status":"open","ping_status":"closed","template":"","meta":{"site-sidebar-layout":"default","site-content-layout":"","ast-site-content-layout":"default","site-content-style":"default","site-sidebar-style":"default","ast-global-header-display":"","ast-banner-title-visibility":"","ast-main-header-display":"","ast-hfb-above-header-display":"","ast-hfb-below-header-display":"","ast-hfb-mobile-header-display":"","site-post-title":"","ast-breadcrumbs-content":"","ast-featured-img":"","footer-sml-layout":"","theme-transparent-header-meta":"default","adv-header-id-meta":"","stick-header-meta":"","header-above-stick-meta":"","header-main-stick-meta":"","header-below-stick-meta":"","astra-migrate-meta-layouts":"set","ast-page-background-enabled":"default","ast-page-background-meta":{"desktop":{"background-color":"var(--ast-global-color-4)","background-image":"","background-repeat":"repeat","background-position":"center center","background-size":"auto","background-attachment":"scroll","background-type":"","background-media":"","overlay-type":"","overlay-color":"","overlay-opacity":"","overlay-gradient":""},"tablet":{"background-color":"","background-image":"","background-repeat":"repeat","background-position":"center center","background-size":"auto","background-attachment":"scroll","background-type":"","background-media":"","overlay-type":"","overlay-color":"","overlay-opacity":"","overlay-gradient":""},"mobile":{"background-color":"","background-image":"","background-repeat":"repeat","background-position":"center center","background-size":"auto","background-attachment":"scroll","background-type":"","background-media":"","overlay-type":"","overlay-color":"","overlay-opacity":"","overlay-gradient":""}},"ast-content-background-meta":{"desktop":{"background-color":"var(--ast-global-color-5)","background-image":"","background-repeat":"repeat","background-position":"center center","background-size":"auto","background-attachment":"scroll","background-type":"","background-media":"","overlay-type":"","overlay-color":"","overlay-opacity":"","overlay-gradient":""},"tablet":{"background-color":"var(--ast-global-color-5)","background-image":"","background-repeat":"repeat","background-position":"center center","background-size":"auto","background-attachment":"scroll","background-type":"","background-media":"","overlay-type":"","overlay-color":"","overlay-opacity":"","overlay-gradient":""},"mobile":{"background-color":"var(--ast-global-color-5)","background-image":"","background-repeat":"repeat","background-position":"center center","background-size":"auto","background-attachment":"scroll","background-type":"","background-media":"","overlay-type":"","overlay-color":"","overlay-opacity":"","overlay-gradient":""}}},"product_brand":[],"product_cat":[1001],"product_tag":[],"class_list":{"0":"post-51022","1":"product","2":"type-product","3":"status-publish","4":"has-post-thumbnail","6":"product_cat-husholdningsartikler","7":"pa_23978_06nse755-a","8":"pa_23978_06nse755-b","9":"pa_23978_06nse755-c","10":"pa_23978_06nse755-d","11":"pa_23978_06nse755-e","12":"desktop-align-left","13":"tablet-align-left","14":"mobile-align-left","16":"first","17":"instock","18":"shipping-taxable","19":"purchasable","20":"product-type-variable"},"_links":{"self":[{"href":"https:\/\/keluvo.com\/no\/wp-json\/wp\/v2\/product\/51022","targetHints":{"allow":["GET"]}}],"collection":[{"href":"https:\/\/keluvo.com\/no\/wp-json\/wp\/v2\/product"}],"about":[{"href":"https:\/\/keluvo.com\/no\/wp-json\/wp\/v2\/types\/product"}],"replies":[{"embeddable":true,"href":"https:\/\/keluvo.com\/no\/wp-json\/wp\/v2\/comments?post=51022"}],"wp:featuredmedia":[{"embeddable":true,"href":"https:\/\/keluvo.com\/no\/wp-json\/wp\/v2\/media\/51018"}],"wp:attachment":[{"href":"https:\/\/keluvo.com\/no\/wp-json\/wp\/v2\/media?parent=51022"}],"wp:term":[{"taxonomy":"product_brand","embeddable":true,"href":"https:\/\/keluvo.com\/no\/wp-json\/wp\/v2\/product_brand?post=51022"},{"taxonomy":"product_cat","embeddable":true,"href":"https:\/\/keluvo.com\/no\/wp-json\/wp\/v2\/product_cat?post=51022"},{"taxonomy":"product_tag","embeddable":true,"href":"https:\/\/keluvo.com\/no\/wp-json\/wp\/v2\/product_tag?post=51022"}],"curies":[{"name":"wp","href":"https:\/\/api.w.org\/{rel}","templated":true}]}}