{"id":50987,"date":"2025-10-22T13:57:14","date_gmt":"2025-10-22T10:57:14","guid":{"rendered":"https:\/\/keluvo.com\/no\/produkt\/dekorativ-bulldog\/"},"modified":"2025-11-11T12:20:58","modified_gmt":"2025-11-11T10:20:58","slug":"dekorativ-bulldog","status":"publish","type":"product","link":"https:\/\/keluvo.com\/no\/produkt\/dekorativ-bulldog\/","title":{"rendered":"Dekorativ bulldog"},"content":{"rendered":"<p style=\"text-align: center;\" data-start=\"0\" data-end=\"77\"><strong data-start=\"0\" data-end=\"75\">Tilf\u00f8r hjemmet ditt luksus og sjarm med denne stilige, dekorative bulldogen. \ud83d\udc36<\/strong><\/p>\n<p style=\"text-align: center;\" data-start=\"79\" data-end=\"407\">Denne unike bulldogformede holderen er b\u00e5de i\u00f8ynefallende og praktisk. Med sin blanke, svarte kropp, solbriller i gull og brett fungerer den som et statement-stykke for ethvert moderne eller klassisk interi\u00f8r. Perfekt for oppbevaring av n\u00f8kler, smykker, godteri eller sm\u00e5ting, og holder plassen din organisert samtidig som den gir et lekent preg av eleganse.<\/p>\n<p data-start=\"79\" data-end=\"407\"><img decoding=\"async\" class=\"size-full wp-image-37514 aligncenter\" src=\"https:\/\/keluvo.com\/template\/wp-content\/uploads\/sites\/5\/2025\/10\/10029-ezgif.com-video-to-webp-converter-2.webp\" alt=\"\" \/><\/p>\n<h2 style=\"text-align: center;\" data-start=\"414\" data-end=\"436\">Hovedfordeler \ud83d\udc36<\/h2>\n<p data-start=\"439\" data-end=\"528\">\ud83d\udc36 Stilig design &#8211; Elegant bulldog med solbriller i gull gir personlighet og sjarm.<\/p>\n<p data-start=\"531\" data-end=\"604\">\ud83d\udc8d Oppbevaring til flere form\u00e5l &#8211; Ideell for n\u00f8kler, smykker, mynter eller godteri.<\/p>\n<p data-start=\"607\" data-end=\"696\">\ud83c\udfe0 Perfekt dekorasjon &#8211; Forbedrer bord, kommoder eller hyller med luksus og stil.<\/p>\n<p data-start=\"699\" data-end=\"776\">\ud83d\udcaa Slitesterkt materiale &#8211; Laget av harpiks av h\u00f8y kvalitet for langvarig bruk.<\/p>\n<p data-start=\"779\" data-end=\"857\">\ud83c\udf81 Flott gaveid\u00e9 &#8211; Perfekt for b\u00e5de hundeelskere og designentusiaster.<\/p>\n<p data-start=\"779\" data-end=\"857\"><img decoding=\"async\" class=\"size-full wp-image-37518 aligncenter\" src=\"https:\/\/keluvo.com\/template\/wp-content\/uploads\/sites\/5\/2025\/10\/5_8fa4a2df-8a6c-4324-aff0-6a1dbab4fefd.jpg\" alt=\"\" \/><\/p>\n<h2 style=\"text-align: center;\" data-start=\"864\" data-end=\"883\">Slik bruker du den \ud83d\udccc<\/h2>\n<ol data-start=\"884\" data-end=\"1140\">\n<li data-start=\"884\" data-end=\"946\">\n<p data-start=\"887\" data-end=\"946\">Plasser bulldogen p\u00e5 skrivebordet, kommoden eller salongbordet.<\/p>\n<\/li>\n<li data-start=\"947\" data-end=\"1004\">\n<p data-start=\"950\" data-end=\"1004\">Bruk bolleomr\u00e5det til \u00e5 oppbevare n\u00f8kler, telefoner eller godteri.<\/p>\n<\/li>\n<li data-start=\"1005\" data-end=\"1077\">\n<p data-start=\"1008\" data-end=\"1077\">Oppbevar sm\u00e5 verdisaker eller smykker p\u00e5 det gylne brettet for enkel tilgang.<\/p>\n<\/li>\n<li data-start=\"1078\" data-end=\"1140\">\n<p data-start=\"1081\" data-end=\"1140\">Nyt et ryddigere rom og en unik innredningsaksent hver dag.<\/p>\n<\/li>\n<\/ol>\n<h2 style=\"text-align: center;\" data-start=\"1147\" data-end=\"1171\">Produktdetaljer \ud83d\udccf<\/h2>\n<ul data-start=\"1172\" data-end=\"1422\">\n<li data-start=\"1172\" data-end=\"1208\">\n<p data-start=\"1174\" data-end=\"1208\">Materiale: Harpiks av h\u00f8y kvalitet<\/p>\n<\/li>\n<li data-start=\"1209\" data-end=\"1251\">\n<p data-start=\"1211\" data-end=\"1251\">Stil: Moderne dekorativ skulptur<\/p>\n<\/li>\n<li data-start=\"1252\" data-end=\"1312\">\n<p data-start=\"1254\" data-end=\"1312\">Design: Bulldog med solbriller i gull og et gullbrett<\/p>\n<\/li>\n<li data-start=\"1313\" data-end=\"1366\">\n<p data-start=\"1315\" data-end=\"1366\">St\u00f8rrelse: 30 x 17 x 19,5 cm<\/p>\n<\/li>\n<li data-start=\"1367\" data-end=\"1422\">\n<p data-start=\"1369\" data-end=\"1422\">Form\u00e5l: Dekorasjon og oppbevaring av sm\u00e5ting<\/p>\n<\/li>\n<\/ul>\n<h2 style=\"text-align: center;\" data-start=\"1429\" data-end=\"1454\">Pakken\u00a0inkluderer\u00a0\ud83d\udce6<\/h2>\n<ul data-start=\"1455\" data-end=\"1491\" data-is-last-node=\"\" data-is-only-node=\"\">\n<li data-start=\"1455\" data-end=\"1491\" data-is-last-node=\"\">\n<p data-start=\"1457\" data-end=\"1491\" data-is-last-node=\"\">1x dekorativ bulldog.<\/p>\n<\/li>\n<\/ul>\n","protected":false},"excerpt":{"rendered":"<p>Tilf\u00f8r hjemmet ditt luksus og sjarm med denne stilige, dekorative bulldogen. \ud83d\udc36 Denne unike bulldogformede holderen er b\u00e5de i\u00f8ynefallende og [&hellip;]<\/p>\n","protected":false},"featured_media":50983,"comment_status":"open","ping_status":"closed","template":"","meta":{"site-sidebar-layout":"default","site-content-layout":"","ast-site-content-layout":"default","site-content-style":"default","site-sidebar-style":"default","ast-global-header-display":"","ast-banner-title-visibility":"","ast-main-header-display":"","ast-hfb-above-header-display":"","ast-hfb-below-header-display":"","ast-hfb-mobile-header-display":"","site-post-title":"","ast-breadcrumbs-content":"","ast-featured-img":"","footer-sml-layout":"","theme-transparent-header-meta":"default","adv-header-id-meta":"","stick-header-meta":"","header-above-stick-meta":"","header-main-stick-meta":"","header-below-stick-meta":"","astra-migrate-meta-layouts":"set","ast-page-background-enabled":"default","ast-page-background-meta":{"desktop":{"background-color":"var(--ast-global-color-4)","background-image":"","background-repeat":"repeat","background-position":"center center","background-size":"auto","background-attachment":"scroll","background-type":"","background-media":"","overlay-type":"","overlay-color":"","overlay-opacity":"","overlay-gradient":""},"tablet":{"background-color":"","background-image":"","background-repeat":"repeat","background-position":"center center","background-size":"auto","background-attachment":"scroll","background-type":"","background-media":"","overlay-type":"","overlay-color":"","overlay-opacity":"","overlay-gradient":""},"mobile":{"background-color":"","background-image":"","background-repeat":"repeat","background-position":"center center","background-size":"auto","background-attachment":"scroll","background-type":"","background-media":"","overlay-type":"","overlay-color":"","overlay-opacity":"","overlay-gradient":""}},"ast-content-background-meta":{"desktop":{"background-color":"var(--ast-global-color-5)","background-image":"","background-repeat":"repeat","background-position":"center center","background-size":"auto","background-attachment":"scroll","background-type":"","background-media":"","overlay-type":"","overlay-color":"","overlay-opacity":"","overlay-gradient":""},"tablet":{"background-color":"var(--ast-global-color-5)","background-image":"","background-repeat":"repeat","background-position":"center center","background-size":"auto","background-attachment":"scroll","background-type":"","background-media":"","overlay-type":"","overlay-color":"","overlay-opacity":"","overlay-gradient":""},"mobile":{"background-color":"var(--ast-global-color-5)","background-image":"","background-repeat":"repeat","background-position":"center center","background-size":"auto","background-attachment":"scroll","background-type":"","background-media":"","overlay-type":"","overlay-color":"","overlay-opacity":"","overlay-gradient":""}}},"product_brand":[],"product_cat":[1001],"product_tag":[],"class_list":{"0":"post-50987","1":"product","2":"type-product","3":"status-publish","4":"has-post-thumbnail","6":"product_cat-husholdningsartikler","7":"pa_23378_l7zyrb6w-gra","8":"pa_23378_l7zyrb6w-gronn","9":"pa_23378_l7zyrb6w-svart","10":"desktop-align-left","11":"tablet-align-left","12":"mobile-align-left","14":"first","15":"instock","16":"shipping-taxable","17":"purchasable","18":"product-type-variable"},"_links":{"self":[{"href":"https:\/\/keluvo.com\/no\/wp-json\/wp\/v2\/product\/50987","targetHints":{"allow":["GET"]}}],"collection":[{"href":"https:\/\/keluvo.com\/no\/wp-json\/wp\/v2\/product"}],"about":[{"href":"https:\/\/keluvo.com\/no\/wp-json\/wp\/v2\/types\/product"}],"replies":[{"embeddable":true,"href":"https:\/\/keluvo.com\/no\/wp-json\/wp\/v2\/comments?post=50987"}],"wp:featuredmedia":[{"embeddable":true,"href":"https:\/\/keluvo.com\/no\/wp-json\/wp\/v2\/media\/50983"}],"wp:attachment":[{"href":"https:\/\/keluvo.com\/no\/wp-json\/wp\/v2\/media?parent=50987"}],"wp:term":[{"taxonomy":"product_brand","embeddable":true,"href":"https:\/\/keluvo.com\/no\/wp-json\/wp\/v2\/product_brand?post=50987"},{"taxonomy":"product_cat","embeddable":true,"href":"https:\/\/keluvo.com\/no\/wp-json\/wp\/v2\/product_cat?post=50987"},{"taxonomy":"product_tag","embeddable":true,"href":"https:\/\/keluvo.com\/no\/wp-json\/wp\/v2\/product_tag?post=50987"}],"curies":[{"name":"wp","href":"https:\/\/api.w.org\/{rel}","templated":true}]}}