{"id":50974,"date":"2025-10-22T13:56:20","date_gmt":"2025-10-22T10:56:20","guid":{"rendered":"https:\/\/keluvo.com\/no\/produkt\/oredobber-5\/"},"modified":"2025-11-11T11:53:39","modified_gmt":"2025-11-11T09:53:39","slug":"oredobber-5","status":"publish","type":"product","link":"https:\/\/keluvo.com\/no\/produkt\/oredobber-5\/","title":{"rendered":"\u00d8redobber"},"content":{"rendered":"<p style=\"text-align: center;\" data-start=\"0\" data-end=\"62\"><strong data-start=\"0\" data-end=\"60\">Tilf\u00f8r et snev av tidl\u00f8s blomstereleganse til ethvert antrekk. \ud83c\udf37<\/strong><\/p>\n<p style=\"text-align: center;\" data-start=\"64\" data-end=\"330\">Disse tulipaninspirerte \u00f8redobbene fanger naturens delikate skj\u00f8nnhet og tilf\u00f8rer en sofistikert sjarm til looken din. De er laget av h\u00f8ykvalitetslegering og er designet for \u00e5 vare &#8211; noe som gj\u00f8r dem til et perfekt hverdagstilbeh\u00f8r eller en grasi\u00f8s aksent for spesielle anledninger.<\/p>\n<p data-start=\"64\" data-end=\"330\"><img decoding=\"async\" class=\"size-full wp-image-37503 aligncenter\" src=\"https:\/\/keluvo.com\/template\/wp-content\/uploads\/sites\/5\/2025\/10\/10028-ezgif.com-video-to-webp-converter-1.webp\" alt=\"\" \/><\/p>\n<h2 style=\"text-align: center;\" data-start=\"337\" data-end=\"359\">Hovedfordeler \ud83c\udf37<\/h2>\n<p data-start=\"362\" data-end=\"439\">\ud83c\udf37 Elegant blomsterdesign &#8211; Inspirert av tulipaner for et mykt, tidl\u00f8st utseende.<\/p>\n<p data-start=\"442\" data-end=\"521\">\ud83d\udc8e Materiale av h\u00f8y kvalitet &#8211; Laget av slitesterk legering for langvarig glans.<\/p>\n<p data-start=\"524\" data-end=\"590\">\ud83d\udc57 Allsidig stil &#8211; Perfekt for b\u00e5de uformell og formell bruk.<\/p>\n<p data-start=\"593\" data-end=\"663\">\ud83c\udf81 Raffinert finish &#8211; Tilf\u00f8rer et snev av raffinement til ethvert antrekk.<\/p>\n<p data-start=\"666\" data-end=\"736\">\ud83e\udeb6 Lett komfort &#8211; Lett \u00e5 ha p\u00e5 hele dagen uten irritasjon.<\/p>\n<p data-start=\"666\" data-end=\"736\"><img decoding=\"async\" class=\"size-full wp-image-37504 aligncenter\" src=\"https:\/\/keluvo.com\/template\/wp-content\/uploads\/sites\/5\/2025\/10\/1_615279db-8db1-4d75-b8d5-8c092d46338d.webp\" alt=\"\" \/><\/p>\n<h2 style=\"text-align: center;\" data-start=\"743\" data-end=\"762\">Slik bruker du den \ud83d\udccc<\/h2>\n<ol data-start=\"763\" data-end=\"1013\">\n<li data-start=\"763\" data-end=\"837\">\n<p data-start=\"766\" data-end=\"837\">\u00c5pne l\u00e5sen forsiktig og plasser \u00f8reringen gjennom det hullete \u00f8ret.<\/p>\n<\/li>\n<li data-start=\"838\" data-end=\"887\">\n<p data-start=\"841\" data-end=\"887\">Fest bakluken for \u00e5 holde den p\u00e5 plass.<\/p>\n<\/li>\n<li data-start=\"888\" data-end=\"956\">\n<p data-start=\"891\" data-end=\"956\">Kombiner med favorittantrekket ditt for \u00e5 l\u00f8fte stilen din umiddelbart.<\/p>\n<\/li>\n<li data-start=\"957\" data-end=\"1013\">\n<p data-start=\"960\" data-end=\"1013\">Oppbevares p\u00e5 et t\u00f8rt sted for \u00e5 opprettholde glansen og kvaliteten.<\/p>\n<\/li>\n<\/ol>\n<h2 style=\"text-align: center;\" data-start=\"1020\" data-end=\"1044\">Produktdetaljer \ud83d\udccf<\/h2>\n<ul data-start=\"1045\" data-end=\"1243\">\n<li data-start=\"1045\" data-end=\"1081\">\n<p data-start=\"1047\" data-end=\"1081\">Materiale: Legering av h\u00f8y kvalitet<\/p>\n<\/li>\n<li data-start=\"1082\" data-end=\"1125\">\n<p data-start=\"1084\" data-end=\"1125\">Design: Tulipaninspirert blomsterform<\/p>\n<\/li>\n<li data-start=\"1126\" data-end=\"1185\">\n<p data-start=\"1128\" data-end=\"1185\">Stil: Universelle \u00f8reringer som passer til enhver anledning<\/p>\n<\/li>\n<li data-start=\"1186\" data-end=\"1243\">\n<p data-start=\"1188\" data-end=\"1243\">Slitestyrke: Langvarig og motstandsdyktig mot anl\u00f8pe<\/p>\n<\/li>\n<\/ul>\n<h2 style=\"text-align: center;\" data-start=\"1250\" data-end=\"1275\">Pakken\u00a0inkluderer\u00a0\ud83d\udce6<\/h2>\n<ul data-start=\"1276\" data-end=\"1311\" data-is-last-node=\"\" data-is-only-node=\"\">\n<li data-start=\"1276\" data-end=\"1311\" data-is-last-node=\"\">\n<p data-start=\"1278\" data-end=\"1311\" data-is-last-node=\"\">1x par \u00f8redobber.<\/p>\n<\/li>\n<\/ul>\n","protected":false},"excerpt":{"rendered":"<p>Tilf\u00f8r et snev av tidl\u00f8s blomstereleganse til ethvert antrekk. \ud83c\udf37 Disse tulipaninspirerte \u00f8redobbene fanger naturens delikate skj\u00f8nnhet og tilf\u00f8rer en [&hellip;]<\/p>\n","protected":false},"featured_media":50970,"comment_status":"open","ping_status":"closed","template":"","meta":{"site-sidebar-layout":"default","site-content-layout":"","ast-site-content-layout":"default","site-content-style":"default","site-sidebar-style":"default","ast-global-header-display":"","ast-banner-title-visibility":"","ast-main-header-display":"","ast-hfb-above-header-display":"","ast-hfb-below-header-display":"","ast-hfb-mobile-header-display":"","site-post-title":"","ast-breadcrumbs-content":"","ast-featured-img":"","footer-sml-layout":"","theme-transparent-header-meta":"default","adv-header-id-meta":"","stick-header-meta":"","header-above-stick-meta":"","header-main-stick-meta":"","header-below-stick-meta":"","astra-migrate-meta-layouts":"set","ast-page-background-enabled":"default","ast-page-background-meta":{"desktop":{"background-color":"var(--ast-global-color-4)","background-image":"","background-repeat":"repeat","background-position":"center center","background-size":"auto","background-attachment":"scroll","background-type":"","background-media":"","overlay-type":"","overlay-color":"","overlay-opacity":"","overlay-gradient":""},"tablet":{"background-color":"","background-image":"","background-repeat":"repeat","background-position":"center center","background-size":"auto","background-attachment":"scroll","background-type":"","background-media":"","overlay-type":"","overlay-color":"","overlay-opacity":"","overlay-gradient":""},"mobile":{"background-color":"","background-image":"","background-repeat":"repeat","background-position":"center center","background-size":"auto","background-attachment":"scroll","background-type":"","background-media":"","overlay-type":"","overlay-color":"","overlay-opacity":"","overlay-gradient":""}},"ast-content-background-meta":{"desktop":{"background-color":"var(--ast-global-color-5)","background-image":"","background-repeat":"repeat","background-position":"center center","background-size":"auto","background-attachment":"scroll","background-type":"","background-media":"","overlay-type":"","overlay-color":"","overlay-opacity":"","overlay-gradient":""},"tablet":{"background-color":"var(--ast-global-color-5)","background-image":"","background-repeat":"repeat","background-position":"center center","background-size":"auto","background-attachment":"scroll","background-type":"","background-media":"","overlay-type":"","overlay-color":"","overlay-opacity":"","overlay-gradient":""},"mobile":{"background-color":"var(--ast-global-color-5)","background-image":"","background-repeat":"repeat","background-position":"center center","background-size":"auto","background-attachment":"scroll","background-type":"","background-media":"","overlay-type":"","overlay-color":"","overlay-opacity":"","overlay-gradient":""}}},"product_brand":[],"product_cat":[993],"product_tag":[],"class_list":{"0":"post-50974","1":"product","2":"type-product","3":"status-publish","4":"has-post-thumbnail","6":"product_cat-skotoy-tilbehor","7":"pa_22283_bvt9cmvm-rod","8":"pa_22283_bvt9cmvm-svart","9":"desktop-align-left","10":"tablet-align-left","11":"mobile-align-left","13":"first","14":"instock","15":"shipping-taxable","16":"purchasable","17":"product-type-variable"},"_links":{"self":[{"href":"https:\/\/keluvo.com\/no\/wp-json\/wp\/v2\/product\/50974","targetHints":{"allow":["GET"]}}],"collection":[{"href":"https:\/\/keluvo.com\/no\/wp-json\/wp\/v2\/product"}],"about":[{"href":"https:\/\/keluvo.com\/no\/wp-json\/wp\/v2\/types\/product"}],"replies":[{"embeddable":true,"href":"https:\/\/keluvo.com\/no\/wp-json\/wp\/v2\/comments?post=50974"}],"wp:featuredmedia":[{"embeddable":true,"href":"https:\/\/keluvo.com\/no\/wp-json\/wp\/v2\/media\/50970"}],"wp:attachment":[{"href":"https:\/\/keluvo.com\/no\/wp-json\/wp\/v2\/media?parent=50974"}],"wp:term":[{"taxonomy":"product_brand","embeddable":true,"href":"https:\/\/keluvo.com\/no\/wp-json\/wp\/v2\/product_brand?post=50974"},{"taxonomy":"product_cat","embeddable":true,"href":"https:\/\/keluvo.com\/no\/wp-json\/wp\/v2\/product_cat?post=50974"},{"taxonomy":"product_tag","embeddable":true,"href":"https:\/\/keluvo.com\/no\/wp-json\/wp\/v2\/product_tag?post=50974"}],"curies":[{"name":"wp","href":"https:\/\/api.w.org\/{rel}","templated":true}]}}