{"id":50851,"date":"2025-10-22T13:43:46","date_gmt":"2025-10-22T10:43:46","guid":{"rendered":"https:\/\/keluvo.com\/no\/produkt\/ryggsekk-6\/"},"modified":"2025-10-23T14:14:01","modified_gmt":"2025-10-23T11:14:01","slug":"ryggsekk-6","status":"publish","type":"product","link":"https:\/\/keluvo.com\/no\/produkt\/ryggsekk-6\/","title":{"rendered":"Ryggsekk"},"content":{"rendered":"<p style=\"text-align: center;\" data-start=\"0\" data-end=\"75\"><strong>S\u00f8t, myk og behagelig \u2014 den perfekte ryggsekken til den lille! \ud83d\udc3b<\/strong><\/p>\n<p style=\"text-align: center;\" data-start=\"77\" data-end=\"386\">Denne plysjryggsekken er designet med tanke p\u00e5 komfort, s\u00f8thet og praktisk bruk. Den er laget av luktfritt plysjmateriale av h\u00f8y kvalitet, er sk\u00e5nsom \u00e5 ta p\u00e5 og er lett p\u00e5 barnets skuldre. Med morsomme dyremotiver \u00e5 velge mellom, er den den perfekte f\u00f8lgesvenn for f\u00f8rskolen, barnehagen eller p\u00e5 lekeeventyr.<\/p>\n<p data-start=\"77\" data-end=\"386\"><img decoding=\"async\" class=\"size-full wp-image-37323 aligncenter\" src=\"https:\/\/keluvo.com\/template\/wp-content\/uploads\/sites\/5\/2025\/10\/10023-ezgif.com-video-to-webp-converter-2.webp\" alt=\"\" \/><\/p>\n<h2 style=\"text-align: center;\" data-start=\"393\" data-end=\"415\">\ud83e\uddf8 Hovedfordeler<\/h2>\n<p data-start=\"418\" data-end=\"500\">\ud83d\udc3b Myk og behagelig &#8211; Laget av plysjstoff som er sk\u00e5nsomt og koselig \u00e5 b\u00e6re<\/p>\n<p data-start=\"503\" data-end=\"576\">\ud83c\udfa8 S\u00f8te dyremotiver &#8211; 15 s\u00f8te stiler for b\u00e5de jenter og gutter<\/p>\n<p data-start=\"579\" data-end=\"660\">\ud83c\udf92 Lett og lett \u00e5 b\u00e6re &#8211; Veier bare 150\u2013180 g, perfekt for sm\u00e5barn<\/p>\n<p data-start=\"663\" data-end=\"738\">\ud83d\udcbc Romslig innvendig &#8211; Har plass til sm\u00e5 leker, snacks eller n\u00f8dvendigheter<\/p>\n<p data-start=\"741\" data-end=\"810\">\ud83e\uddf5 Slitesterkt f\u00f4r &#8211; Holder alt organisert og lett \u00e5 finne<\/p>\n<p data-start=\"813\" data-end=\"873\">\ud83d\udc76 Perfekt passform &#8211; Ideell st\u00f8rrelse for barn i alderen 2\u20134 \u00e5r<\/p>\n<p data-start=\"813\" data-end=\"873\"><img decoding=\"async\" class=\"size-full wp-image-37327 aligncenter\" src=\"https:\/\/keluvo.com\/template\/wp-content\/uploads\/sites\/5\/2025\/10\/H24526f72ff4a4290aa48fda0f74d9fd8F.jpg_960x960q75.jpg_.avif\" alt=\"\" \/><\/p>\n<h2 style=\"text-align: center;\" data-start=\"880\" data-end=\"899\">\ud83e\ude84 Slik bruker du den<\/h2>\n<ol data-start=\"900\" data-end=\"1198\">\n<li data-start=\"900\" data-end=\"985\">\n<p data-start=\"903\" data-end=\"985\">Glippe opp glidel\u00e5sen i ryggsekken og plassere barnets sm\u00e5 leker, snacks eller kl\u00e6r i den.<\/p>\n<\/li>\n<li data-start=\"986\" data-end=\"1073\">\n<p data-start=\"989\" data-end=\"1073\">Juster de myke stroppene slik at ryggsekken sitter komfortabelt p\u00e5 barnets skuldre.<\/p>\n<\/li>\n<li data-start=\"1074\" data-end=\"1126\">\n<p data-start=\"1077\" data-end=\"1126\">Lukk glidel\u00e5sen godt igjen &#8211; alt holder seg p\u00e5 plass.<\/p>\n<\/li>\n<li data-start=\"1127\" data-end=\"1198\">\n<p data-start=\"1130\" data-end=\"1198\">La barnet nyte eventyrene sammen med sin nye plysjvenn!<\/p>\n<\/li>\n<\/ol>\n<h2 style=\"text-align: center;\" data-start=\"1205\" data-end=\"1229\">\ud83d\udccf Produktdetaljer<\/h2>\n<ul data-start=\"1230\" data-end=\"1522\">\n<li data-start=\"1230\" data-end=\"1273\">\n<p data-start=\"1232\" data-end=\"1273\">Materiale: Plysjstoff av h\u00f8y kvalitet<\/p>\n<\/li>\n<li data-start=\"1274\" data-end=\"1307\">\n<p data-start=\"1276\" data-end=\"1307\">St\u00f8rrelse: 26,5 x 24 x 10,5 cm<\/p>\n<\/li>\n<li data-start=\"1308\" data-end=\"1355\">\n<p data-start=\"1310\" data-end=\"1355\">Vekt: 150\u2013180 g (avhengig av design)<\/p>\n<\/li>\n<li data-start=\"1356\" data-end=\"1390\">\n<p data-start=\"1358\" data-end=\"1390\">Anbefalt alder: 2\u20134 \u00e5r<\/p>\n<\/li>\n<li data-start=\"1391\" data-end=\"1421\">\n<p data-start=\"1393\" data-end=\"1421\">Vanntetthet: Ingen<\/p>\n<\/li>\n<li data-start=\"1422\" data-end=\"1458\">\n<p data-start=\"1424\" data-end=\"1458\">Tilpasset for: Gutter og jenter<\/p>\n<\/li>\n<li data-start=\"1459\" data-end=\"1522\">\n<p data-start=\"1461\" data-end=\"1522\">Form\u00e5l: For \u00e5 b\u00e6re sm\u00e5 gjenstander, leker eller tilbeh\u00f8r<\/p>\n<\/li>\n<\/ul>\n<h2 style=\"text-align: center;\" data-start=\"1529\" data-end=\"1554\">\ud83c\udf81 Pakken inkluderer<\/h2>\n<ul data-start=\"1555\" data-end=\"1582\" data-is-last-node=\"\" data-is-only-node=\"\">\n<li data-start=\"1555\" data-end=\"1582\" data-is-last-node=\"\">\n<p data-start=\"1557\" data-end=\"1582\" data-is-last-node=\"\">1x ryggsekk.<\/p>\n<\/li>\n<\/ul>\n","protected":false},"excerpt":{"rendered":"<p>S\u00f8t, myk og behagelig \u2014 den perfekte ryggsekken til den lille! \ud83d\udc3b Denne plysjryggsekken er designet med tanke p\u00e5 komfort, [&hellip;]<\/p>\n","protected":false},"featured_media":50847,"comment_status":"open","ping_status":"closed","template":"","meta":{"site-sidebar-layout":"default","site-content-layout":"","ast-site-content-layout":"default","site-content-style":"default","site-sidebar-style":"default","ast-global-header-display":"","ast-banner-title-visibility":"","ast-main-header-display":"","ast-hfb-above-header-display":"","ast-hfb-below-header-display":"","ast-hfb-mobile-header-display":"","site-post-title":"","ast-breadcrumbs-content":"","ast-featured-img":"","footer-sml-layout":"","theme-transparent-header-meta":"default","adv-header-id-meta":"","stick-header-meta":"","header-above-stick-meta":"","header-main-stick-meta":"","header-below-stick-meta":"","astra-migrate-meta-layouts":"set","ast-page-background-enabled":"default","ast-page-background-meta":{"desktop":{"background-color":"var(--ast-global-color-4)","background-image":"","background-repeat":"repeat","background-position":"center center","background-size":"auto","background-attachment":"scroll","background-type":"","background-media":"","overlay-type":"","overlay-color":"","overlay-opacity":"","overlay-gradient":""},"tablet":{"background-color":"","background-image":"","background-repeat":"repeat","background-position":"center center","background-size":"auto","background-attachment":"scroll","background-type":"","background-media":"","overlay-type":"","overlay-color":"","overlay-opacity":"","overlay-gradient":""},"mobile":{"background-color":"","background-image":"","background-repeat":"repeat","background-position":"center center","background-size":"auto","background-attachment":"scroll","background-type":"","background-media":"","overlay-type":"","overlay-color":"","overlay-opacity":"","overlay-gradient":""}},"ast-content-background-meta":{"desktop":{"background-color":"var(--ast-global-color-5)","background-image":"","background-repeat":"repeat","background-position":"center center","background-size":"auto","background-attachment":"scroll","background-type":"","background-media":"","overlay-type":"","overlay-color":"","overlay-opacity":"","overlay-gradient":""},"tablet":{"background-color":"var(--ast-global-color-5)","background-image":"","background-repeat":"repeat","background-position":"center center","background-size":"auto","background-attachment":"scroll","background-type":"","background-media":"","overlay-type":"","overlay-color":"","overlay-opacity":"","overlay-gradient":""},"mobile":{"background-color":"var(--ast-global-color-5)","background-image":"","background-repeat":"repeat","background-position":"center center","background-size":"auto","background-attachment":"scroll","background-type":"","background-media":"","overlay-type":"","overlay-color":"","overlay-opacity":"","overlay-gradient":""}}},"product_brand":[],"product_cat":[990],"product_tag":[],"class_list":{"0":"post-50851","1":"product","2":"type-product","3":"status-publish","4":"has-post-thumbnail","6":"product_cat-leker-barne-og-babyprodukter","7":"pa_24201_5bedoqwd-ape","8":"pa_24201_5bedoqwd-bie","9":"pa_24201_5bedoqwd-bunny","10":"pa_24201_5bedoqwd-dinosaur","11":"pa_24201_5bedoqwd-elefant","12":"pa_24201_5bedoqwd-enhjorning","13":"pa_24201_5bedoqwd-hai","14":"pa_24201_5bedoqwd-hjort","15":"pa_24201_5bedoqwd-katt","16":"pa_24201_5bedoqwd-lokke","17":"pa_24201_5bedoqwd-marihone","18":"pa_24201_5bedoqwd-pingvin","19":"pa_24201_5bedoqwd-pinnsvin","20":"pa_24201_5bedoqwd-sjiraff","21":"pa_24201_5bedoqwd-sommerfugl","22":"desktop-align-left","23":"tablet-align-left","24":"mobile-align-left","26":"first","27":"instock","28":"shipping-taxable","29":"purchasable","30":"product-type-variable"},"_links":{"self":[{"href":"https:\/\/keluvo.com\/no\/wp-json\/wp\/v2\/product\/50851","targetHints":{"allow":["GET"]}}],"collection":[{"href":"https:\/\/keluvo.com\/no\/wp-json\/wp\/v2\/product"}],"about":[{"href":"https:\/\/keluvo.com\/no\/wp-json\/wp\/v2\/types\/product"}],"replies":[{"embeddable":true,"href":"https:\/\/keluvo.com\/no\/wp-json\/wp\/v2\/comments?post=50851"}],"wp:featuredmedia":[{"embeddable":true,"href":"https:\/\/keluvo.com\/no\/wp-json\/wp\/v2\/media\/50847"}],"wp:attachment":[{"href":"https:\/\/keluvo.com\/no\/wp-json\/wp\/v2\/media?parent=50851"}],"wp:term":[{"taxonomy":"product_brand","embeddable":true,"href":"https:\/\/keluvo.com\/no\/wp-json\/wp\/v2\/product_brand?post=50851"},{"taxonomy":"product_cat","embeddable":true,"href":"https:\/\/keluvo.com\/no\/wp-json\/wp\/v2\/product_cat?post=50851"},{"taxonomy":"product_tag","embeddable":true,"href":"https:\/\/keluvo.com\/no\/wp-json\/wp\/v2\/product_tag?post=50851"}],"curies":[{"name":"wp","href":"https:\/\/api.w.org\/{rel}","templated":true}]}}