{"id":50837,"date":"2025-10-22T13:42:38","date_gmt":"2025-10-22T10:42:38","guid":{"rendered":"https:\/\/keluvo.com\/no\/produkt\/skrivebordslampe\/"},"modified":"2025-10-23T14:10:54","modified_gmt":"2025-10-23T11:10:54","slug":"skrivebordslampe","status":"publish","type":"product","link":"https:\/\/keluvo.com\/no\/produkt\/skrivebordslampe\/","title":{"rendered":"Skrivebordslampe"},"content":{"rendered":"<p style=\"text-align: center;\" data-start=\"0\" data-end=\"68\"><strong>Lys opp arbeidsomr\u00e5det ditt med den perfekte justerbare skrivebordslampen. \ud83d\udecb<\/strong><\/p>\n<p style=\"text-align: center;\" data-start=\"70\" data-end=\"396\">Denne smarte skrivebordslampen har tre lysstyrkeniv\u00e5er, slik at du kan velge den ideelle belysningen for lesing, studier eller arbeid om natten. Den oppladbare designen gj\u00f8r at du kan bruke den hvor som helst &#8211; med eller uten USB-kabel. Den er kompakt, lett og moderne, og er den perfekte belysningen for skrivebordet, soverommet eller kontoret.<\/p>\n<p data-start=\"70\" data-end=\"396\"><img decoding=\"async\" class=\"size-full wp-image-37320 aligncenter\" src=\"https:\/\/keluvo.com\/template\/wp-content\/uploads\/sites\/5\/2025\/10\/10022-ezgif.com-video-to-webp-converter-2.webp\" alt=\"\" \/><\/p>\n<h2 style=\"text-align: center;\" data-start=\"403\" data-end=\"425\">\ud83d\udca1 Hovedfordeler<\/h2>\n<p data-start=\"428\" data-end=\"507\">\ud83c\udf1f Justerbar lysstyrke &#8211; Tre lysniv\u00e5er som passer ditt hum\u00f8r og dine behov<\/p>\n<p data-start=\"510\" data-end=\"590\">\ud83d\udd0b Oppladbar design &#8211; Bruk med en USB-kabel eller tr\u00e5dl\u00f8st etter lading<\/p>\n<p data-start=\"593\" data-end=\"666\">\ud83e\udde0 Smart ber\u00f8ringskontroll &#8211; Bytt lysstyrke enkelt med et enkelt trykk<\/p>\n<p data-start=\"669\" data-end=\"744\">\ud83e\udeb6 Lett og sammenleggbar &#8211; Enkel \u00e5 flytte, oppbevare og b\u00e6re hvor som helst<\/p>\n<p data-start=\"747\" data-end=\"819\">\ud83e\uddf4 Slitesterk konstruksjon &#8211; Laget av sterk ABS-plast for langvarig bruk<\/p>\n<p data-start=\"747\" data-end=\"819\"><img decoding=\"async\" class=\"size-full wp-image-37319 aligncenter\" src=\"https:\/\/keluvo.com\/template\/wp-content\/uploads\/sites\/5\/2025\/10\/61qCfhazC0L._AC_SL1170.webp\" alt=\"\" \/><\/p>\n<h2 style=\"text-align: center;\" data-start=\"826\" data-end=\"845\">\ud83e\ude84 Slik bruker du den<\/h2>\n<ol data-start=\"846\" data-end=\"1123\">\n<li data-start=\"846\" data-end=\"948\">\n<p data-start=\"849\" data-end=\"948\">Koble lampen til en str\u00f8mkilde med den medf\u00f8lgende USB-kabelen (eller bruk den tr\u00e5dl\u00f8st hvis den er ladet).<\/p>\n<\/li>\n<li data-start=\"949\" data-end=\"991\">\n<p data-start=\"952\" data-end=\"991\">Trykk p\u00e5 ber\u00f8ringsknappen for \u00e5 sl\u00e5 den p\u00e5.<\/p>\n<\/li>\n<li data-start=\"992\" data-end=\"1053\">\n<p data-start=\"995\" data-end=\"1053\">Trykk igjen for \u00e5 justere mellom de tre lysstyrkeniv\u00e5ene.<\/p>\n<\/li>\n<li data-start=\"1054\" data-end=\"1123\">\n<p data-start=\"1057\" data-end=\"1123\">Brett eller brett ut lampen etter behov for \u00e5 rette lyset perfekt.<\/p>\n<\/li>\n<\/ol>\n<h2 style=\"text-align: center;\" data-start=\"1130\" data-end=\"1154\">\ud83d\udccf Produktdetaljer<\/h2>\n<ul data-start=\"1155\" data-end=\"1408\">\n<li data-start=\"1155\" data-end=\"1184\">\n<p data-start=\"1157\" data-end=\"1184\">Materiale: ABS-plast<\/p>\n<\/li>\n<li data-start=\"1185\" data-end=\"1216\">\n<p data-start=\"1187\" data-end=\"1216\">St\u00f8rrelse: 28 x 13,5 x 25 cm<\/p>\n<\/li>\n<li data-start=\"1217\" data-end=\"1238\">\n<p data-start=\"1219\" data-end=\"1238\">Vekt: 250 g<\/p>\n<\/li>\n<li data-start=\"1239\" data-end=\"1304\">\n<p data-start=\"1241\" data-end=\"1304\">Batterikapasitet: 4000 mAh<\/p>\n<\/li>\n<li data-start=\"1352\" data-end=\"1408\">\n<p data-start=\"1354\" data-end=\"1408\">Bruk: Ideell for nattarbeid, studier eller lesing<\/p>\n<\/li>\n<\/ul>\n<h2 style=\"text-align: center;\" data-start=\"1415\" data-end=\"1440\">\ud83c\udf81 Pakken inkluderer<\/h2>\n<ul data-start=\"1441\" data-end=\"1487\" data-is-last-node=\"\" data-is-only-node=\"\">\n<li data-start=\"1441\" data-end=\"1466\">\n<p data-start=\"1443\" data-end=\"1466\">1x skrivebordslampe<\/p>\n<\/li>\n<li data-start=\"1467\" data-end=\"1487\" data-is-last-node=\"\">\n<p data-start=\"1469\" data-end=\"1487\" data-is-last-node=\"\">1x USB-datakabel.<\/p>\n<\/li>\n<\/ul>\n","protected":false},"excerpt":{"rendered":"<p>Lys opp arbeidsomr\u00e5det ditt med den perfekte justerbare skrivebordslampen. \ud83d\udecb Denne smarte skrivebordslampen har tre lysstyrkeniv\u00e5er, slik at du kan [&hellip;]<\/p>\n","protected":false},"featured_media":50833,"comment_status":"open","ping_status":"closed","template":"","meta":{"site-sidebar-layout":"default","site-content-layout":"","ast-site-content-layout":"default","site-content-style":"default","site-sidebar-style":"default","ast-global-header-display":"","ast-banner-title-visibility":"","ast-main-header-display":"","ast-hfb-above-header-display":"","ast-hfb-below-header-display":"","ast-hfb-mobile-header-display":"","site-post-title":"","ast-breadcrumbs-content":"","ast-featured-img":"","footer-sml-layout":"","theme-transparent-header-meta":"default","adv-header-id-meta":"","stick-header-meta":"","header-above-stick-meta":"","header-main-stick-meta":"","header-below-stick-meta":"","astra-migrate-meta-layouts":"set","ast-page-background-enabled":"default","ast-page-background-meta":{"desktop":{"background-color":"var(--ast-global-color-4)","background-image":"","background-repeat":"repeat","background-position":"center center","background-size":"auto","background-attachment":"scroll","background-type":"","background-media":"","overlay-type":"","overlay-color":"","overlay-opacity":"","overlay-gradient":""},"tablet":{"background-color":"","background-image":"","background-repeat":"repeat","background-position":"center center","background-size":"auto","background-attachment":"scroll","background-type":"","background-media":"","overlay-type":"","overlay-color":"","overlay-opacity":"","overlay-gradient":""},"mobile":{"background-color":"","background-image":"","background-repeat":"repeat","background-position":"center center","background-size":"auto","background-attachment":"scroll","background-type":"","background-media":"","overlay-type":"","overlay-color":"","overlay-opacity":"","overlay-gradient":""}},"ast-content-background-meta":{"desktop":{"background-color":"var(--ast-global-color-5)","background-image":"","background-repeat":"repeat","background-position":"center center","background-size":"auto","background-attachment":"scroll","background-type":"","background-media":"","overlay-type":"","overlay-color":"","overlay-opacity":"","overlay-gradient":""},"tablet":{"background-color":"var(--ast-global-color-5)","background-image":"","background-repeat":"repeat","background-position":"center center","background-size":"auto","background-attachment":"scroll","background-type":"","background-media":"","overlay-type":"","overlay-color":"","overlay-opacity":"","overlay-gradient":""},"mobile":{"background-color":"var(--ast-global-color-5)","background-image":"","background-repeat":"repeat","background-position":"center center","background-size":"auto","background-attachment":"scroll","background-type":"","background-media":"","overlay-type":"","overlay-color":"","overlay-opacity":"","overlay-gradient":""}}},"product_brand":[],"product_cat":[1001],"product_tag":[],"class_list":{"0":"post-50837","1":"product","2":"type-product","3":"status-publish","4":"has-post-thumbnail","6":"product_cat-husholdningsartikler","7":"desktop-align-left","8":"tablet-align-left","9":"mobile-align-left","11":"first","12":"instock","13":"shipping-taxable","14":"purchasable","15":"product-type-simple"},"_links":{"self":[{"href":"https:\/\/keluvo.com\/no\/wp-json\/wp\/v2\/product\/50837","targetHints":{"allow":["GET"]}}],"collection":[{"href":"https:\/\/keluvo.com\/no\/wp-json\/wp\/v2\/product"}],"about":[{"href":"https:\/\/keluvo.com\/no\/wp-json\/wp\/v2\/types\/product"}],"replies":[{"embeddable":true,"href":"https:\/\/keluvo.com\/no\/wp-json\/wp\/v2\/comments?post=50837"}],"wp:featuredmedia":[{"embeddable":true,"href":"https:\/\/keluvo.com\/no\/wp-json\/wp\/v2\/media\/50833"}],"wp:attachment":[{"href":"https:\/\/keluvo.com\/no\/wp-json\/wp\/v2\/media?parent=50837"}],"wp:term":[{"taxonomy":"product_brand","embeddable":true,"href":"https:\/\/keluvo.com\/no\/wp-json\/wp\/v2\/product_brand?post=50837"},{"taxonomy":"product_cat","embeddable":true,"href":"https:\/\/keluvo.com\/no\/wp-json\/wp\/v2\/product_cat?post=50837"},{"taxonomy":"product_tag","embeddable":true,"href":"https:\/\/keluvo.com\/no\/wp-json\/wp\/v2\/product_tag?post=50837"}],"curies":[{"name":"wp","href":"https:\/\/api.w.org\/{rel}","templated":true}]}}