{"id":50808,"date":"2025-10-22T13:41:30","date_gmt":"2025-10-22T10:41:30","guid":{"rendered":"https:\/\/keluvo.com\/no\/produkt\/ryggsekk-5\/"},"modified":"2025-10-23T14:07:41","modified_gmt":"2025-10-23T11:07:41","slug":"ryggsekk-5","status":"publish","type":"product","link":"https:\/\/keluvo.com\/no\/produkt\/ryggsekk-5\/","title":{"rendered":"Ryggsekk"},"content":{"rendered":"<article class=\"text-token-text-primary w-full focus:outline-none [--shadow-height:45px] has-data-writing-block:pointer-events-none has-data-writing-block:-mt-(--shadow-height) has-data-writing-block:pt-(--shadow-height) [&amp;:has([data-writing-block])&gt;*]:pointer-events-auto [content-visibility:auto] supports-[content-visibility:auto]:[contain-intrinsic-size:auto_100lvh] scroll-mt-[calc(var(--header-height)+min(200px,max(70px,20svh)))]\" dir=\"auto\" data-turn-id=\"ec7e49f9-9158-4c10-bc5e-02d6f1f276ea\" data-testid=\"conversation-turn-4\" data-scroll-anchor=\"true\" data-turn=\"assistant\">\n<div class=\"text-base my-auto mx-auto pb-10 [--thread-content-margin:--spacing(4)] thread-sm:[--thread-content-margin:--spacing(6)] thread-lg:[--thread-content-margin:--spacing(16)] px-(--thread-content-margin)\">\n<div class=\"[--thread-content-max-width:40rem] thread-lg:[--thread-content-max-width:48rem] mx-auto max-w-(--thread-content-max-width) flex-1 group\/turn-messages focus-visible:outline-hidden relative flex w-full min-w-0 flex-col agent-turn\">\n<div class=\"flex max-w-full flex-col grow\">\n<div class=\"min-h-8 text-message relative flex w-full flex-col items-end gap-2 text-start break-words whitespace-normal [.text-message+&amp;]:mt-1\" dir=\"auto\" data-message-author-role=\"assistant\" data-message-id=\"14dc4599-62f9-4005-8cee-4b050227eb8a\" data-message-model-slug=\"gpt-5\">\n<div class=\"flex w-full flex-col gap-1 empty:hidden first:pt-[1px]\">\n<div class=\"markdown prose dark:prose-invert w-full break-words light markdown-new-styling\">\n<p style=\"text-align: center;\" data-start=\"0\" data-end=\"80\"><strong>Hold deg organisert og komfortabel uansett hvor du g\u00e5r med denne slitesterke ryggsekken. \ud83c\udf92<\/strong><\/p>\n<p style=\"text-align: center;\" data-start=\"82\" data-end=\"367\">Denne ryggsekken er perfekt for deg som lever en aktiv livsstil &#8211; enten du skal p\u00e5 treningssenteret, p\u00e5 skolen eller p\u00e5 en kort tur. Den er designet med smarte rom og laget av vanntette materialer av h\u00f8y kvalitet, og holder det viktigste trygt, rent og lett tilgjengelig til enhver tid.<\/p>\n<p data-start=\"82\" data-end=\"367\"><img decoding=\"async\" class=\"size-full wp-image-37290 aligncenter\" src=\"https:\/\/keluvo.com\/template\/wp-content\/uploads\/sites\/5\/2025\/10\/giphy_4cfa3f2c-afbf-43e1-9c0e-4a286abf75a9.webp\" alt=\"\" \/><\/p>\n<h2 style=\"text-align: center;\" data-start=\"374\" data-end=\"396\">\ud83c\udf92 Hovedfordeler<\/h2>\n<p data-start=\"399\" data-end=\"486\">\ud83d\udca7 Vanntett beskyttelse &#8211; Holder eiendelene dine t\u00f8rre og trygge i all slags v\u00e6r<\/p>\n<p data-start=\"489\" data-end=\"584\">\ud83e\uddf5 Slitesterk, men likevel myk &#8211; Laget av sterk nylon og polyester som f\u00f8les behagelig \u00e5 b\u00e6re<\/p>\n<p data-start=\"587\" data-end=\"667\">\ud83e\udde2 Perfekt for hverdagsbruk &#8211; Ideell for sport, reise eller daglig pendling<\/p>\n<p data-start=\"670\" data-end=\"767\">\ud83e\uddc3 Smart oppbevaring &#8211; Nettinglomme for drikke, lomme for sm\u00e5ting og en krok for n\u00f8klene<\/p>\n<p data-start=\"770\" data-end=\"853\">\ud83c\udfa7 Praktisk design &#8211; Hull for hodetelefoner for enkel tilgang til musikk mens du er p\u00e5 farten<\/p>\n<p data-start=\"856\" data-end=\"931\">\ud83c\udfbd Justerbar passform &#8211; Stroppene kan enkelt justeres for maksimal komfort<\/p>\n<p data-start=\"856\" data-end=\"931\"><img decoding=\"async\" class=\"size-full wp-image-37289 aligncenter\" src=\"https:\/\/keluvo.com\/template\/wp-content\/uploads\/sites\/5\/2025\/10\/Sc051aa55cff54a88915ac3ea786a99fa3_jpg_fa1ef7b3-585e-4550-a7f4-5299fd1af2fe.webp\" alt=\"\" \/><\/p>\n<h2 style=\"text-align: center;\" data-start=\"938\" data-end=\"957\">\ud83e\ude84 Slik bruker du den<\/h2>\n<ol data-start=\"958\" data-end=\"1352\">\n<li data-start=\"958\" data-end=\"1028\">\n<p data-start=\"961\" data-end=\"1028\">Juster stroppene til \u00f8nsket lengde for en komfortabel passform.<\/p>\n<\/li>\n<li data-start=\"1029\" data-end=\"1105\">\n<p data-start=\"1032\" data-end=\"1105\">Plasser kl\u00e6r, sko, h\u00e5ndkle eller b\u00f8ker i hovedrommet.<\/p>\n<\/li>\n<li data-start=\"1106\" data-end=\"1193\">\n<p data-start=\"1109\" data-end=\"1193\">Oppbevar drikke i nettinglommen p\u00e5 siden og sm\u00e5ting i innerlommen.<\/p>\n<\/li>\n<li data-start=\"1194\" data-end=\"1275\">\n<p data-start=\"1197\" data-end=\"1275\">Tre hodetelefonene gjennom den spesielle \u00e5pningen for h\u00e5ndfri lytting.<\/p>\n<\/li>\n<li data-start=\"1276\" data-end=\"1352\">\n<p data-start=\"1279\" data-end=\"1352\">B\u00e6r den med selvtillit &#8211; tingene dine holder seg rene, t\u00f8rre og sikre.<\/p>\n<\/li>\n<\/ol>\n<h2 style=\"text-align: center;\" data-start=\"1359\" data-end=\"1383\">\ud83d\udccf Produktdetaljer<\/h2>\n<ul data-start=\"1384\" data-end=\"1682\">\n<li data-start=\"1384\" data-end=\"1437\">\n<p data-start=\"1386\" data-end=\"1437\">Materiale: Nylon, polyester og oxford-stoff<\/p>\n<\/li>\n<li data-start=\"1438\" data-end=\"1462\">\n<p data-start=\"1440\" data-end=\"1462\">St\u00f8rrelse: 34 x 43 x 15 cm<\/p>\n<\/li>\n<li data-start=\"1463\" data-end=\"1543\">\n<p data-start=\"1465\" data-end=\"1543\">Form\u00e5l: For oppbevaring og b\u00e6ring av gjenstander til sport, reise eller daglig bruk<\/p>\n<\/li>\n<li data-start=\"1544\" data-end=\"1682\">\n<p data-start=\"1546\" data-end=\"1682\">Pleieinstruksjoner: Rengj\u00f8r forsiktig med varmt vann og mildt vaskemiddel. La den luftt\u00f8rke naturlig, vekk fra sollys og varmekilder.<\/p>\n<\/li>\n<\/ul>\n<h2 style=\"text-align: center;\" data-start=\"1689\" data-end=\"1714\">\ud83c\udf81 Pakken inkluderer<\/h2>\n<ul data-start=\"1715\" data-end=\"1748\" data-is-last-node=\"\" data-is-only-node=\"\">\n<li data-start=\"1715\" data-end=\"1748\" data-is-last-node=\"\">\n<p data-start=\"1717\" data-end=\"1748\" data-is-last-node=\"\">1x ryggsekk.<\/p>\n<\/li>\n<\/ul>\n<\/div>\n<\/div>\n<\/div>\n<\/div>\n<\/div>\n<\/div>\n<\/article>\n","protected":false},"excerpt":{"rendered":"<p>Hold deg organisert og komfortabel uansett hvor du g\u00e5r med denne slitesterke ryggsekken. \ud83c\udf92 Denne ryggsekken er perfekt for deg [&hellip;]<\/p>\n","protected":false},"featured_media":50804,"comment_status":"open","ping_status":"closed","template":"","meta":{"site-sidebar-layout":"default","site-content-layout":"","ast-site-content-layout":"default","site-content-style":"default","site-sidebar-style":"default","ast-global-header-display":"","ast-banner-title-visibility":"","ast-main-header-display":"","ast-hfb-above-header-display":"","ast-hfb-below-header-display":"","ast-hfb-mobile-header-display":"","site-post-title":"","ast-breadcrumbs-content":"","ast-featured-img":"","footer-sml-layout":"","theme-transparent-header-meta":"default","adv-header-id-meta":"","stick-header-meta":"","header-above-stick-meta":"","header-main-stick-meta":"","header-below-stick-meta":"","astra-migrate-meta-layouts":"set","ast-page-background-enabled":"default","ast-page-background-meta":{"desktop":{"background-color":"var(--ast-global-color-4)","background-image":"","background-repeat":"repeat","background-position":"center center","background-size":"auto","background-attachment":"scroll","background-type":"","background-media":"","overlay-type":"","overlay-color":"","overlay-opacity":"","overlay-gradient":""},"tablet":{"background-color":"","background-image":"","background-repeat":"repeat","background-position":"center center","background-size":"auto","background-attachment":"scroll","background-type":"","background-media":"","overlay-type":"","overlay-color":"","overlay-opacity":"","overlay-gradient":""},"mobile":{"background-color":"","background-image":"","background-repeat":"repeat","background-position":"center center","background-size":"auto","background-attachment":"scroll","background-type":"","background-media":"","overlay-type":"","overlay-color":"","overlay-opacity":"","overlay-gradient":""}},"ast-content-background-meta":{"desktop":{"background-color":"var(--ast-global-color-5)","background-image":"","background-repeat":"repeat","background-position":"center center","background-size":"auto","background-attachment":"scroll","background-type":"","background-media":"","overlay-type":"","overlay-color":"","overlay-opacity":"","overlay-gradient":""},"tablet":{"background-color":"var(--ast-global-color-5)","background-image":"","background-repeat":"repeat","background-position":"center center","background-size":"auto","background-attachment":"scroll","background-type":"","background-media":"","overlay-type":"","overlay-color":"","overlay-opacity":"","overlay-gradient":""},"mobile":{"background-color":"var(--ast-global-color-5)","background-image":"","background-repeat":"repeat","background-position":"center center","background-size":"auto","background-attachment":"scroll","background-type":"","background-media":"","overlay-type":"","overlay-color":"","overlay-opacity":"","overlay-gradient":""}}},"product_brand":[],"product_cat":[993],"product_tag":[],"class_list":{"0":"post-50808","1":"product","2":"type-product","3":"status-publish","4":"has-post-thumbnail","6":"product_cat-skotoy-tilbehor","7":"pa_24016_vi06jra1-bla","8":"pa_24016_vi06jra1-gra","9":"pa_24016_vi06jra1-gul","10":"pa_24016_vi06jra1-khaki","11":"pa_24016_vi06jra1-lilla","12":"pa_24016_vi06jra1-morkebla","13":"pa_24016_vi06jra1-oransje","14":"pa_24016_vi06jra1-svart","15":"desktop-align-left","16":"tablet-align-left","17":"mobile-align-left","19":"first","20":"instock","21":"shipping-taxable","22":"purchasable","23":"product-type-variable"},"_links":{"self":[{"href":"https:\/\/keluvo.com\/no\/wp-json\/wp\/v2\/product\/50808","targetHints":{"allow":["GET"]}}],"collection":[{"href":"https:\/\/keluvo.com\/no\/wp-json\/wp\/v2\/product"}],"about":[{"href":"https:\/\/keluvo.com\/no\/wp-json\/wp\/v2\/types\/product"}],"replies":[{"embeddable":true,"href":"https:\/\/keluvo.com\/no\/wp-json\/wp\/v2\/comments?post=50808"}],"wp:featuredmedia":[{"embeddable":true,"href":"https:\/\/keluvo.com\/no\/wp-json\/wp\/v2\/media\/50804"}],"wp:attachment":[{"href":"https:\/\/keluvo.com\/no\/wp-json\/wp\/v2\/media?parent=50808"}],"wp:term":[{"taxonomy":"product_brand","embeddable":true,"href":"https:\/\/keluvo.com\/no\/wp-json\/wp\/v2\/product_brand?post=50808"},{"taxonomy":"product_cat","embeddable":true,"href":"https:\/\/keluvo.com\/no\/wp-json\/wp\/v2\/product_cat?post=50808"},{"taxonomy":"product_tag","embeddable":true,"href":"https:\/\/keluvo.com\/no\/wp-json\/wp\/v2\/product_tag?post=50808"}],"curies":[{"name":"wp","href":"https:\/\/api.w.org\/{rel}","templated":true}]}}