{"id":50791,"date":"2025-10-22T13:40:17","date_gmt":"2025-10-22T10:40:17","guid":{"rendered":"https:\/\/keluvo.com\/no\/produkt\/handveske-4\/"},"modified":"2025-10-23T14:02:51","modified_gmt":"2025-10-23T11:02:51","slug":"handveske-4","status":"publish","type":"product","link":"https:\/\/keluvo.com\/no\/produkt\/handveske-4\/","title":{"rendered":"H\u00e5ndveske"},"content":{"rendered":"<p style=\"text-align: center;\" data-start=\"0\" data-end=\"70\"><strong data-start=\"0\" data-end=\"68\">Denne luksuri\u00f8se vesken tilf\u00f8rer antrekket ditt umiddelbar eleganse. \ud83d\udc5c\ud83d\udc8e<\/strong><\/p>\n<p style=\"text-align: center;\" data-start=\"72\" data-end=\"382\">Denne vesken er designet for kvinner som elsker tidl\u00f8s skj\u00f8nnhet og individualitet. Den er laget av vegansk l\u00e6r av h\u00f8y kvalitet og dekorert med raffinerte steiner, og er perfekt til b\u00e5de hverdagsbruk og spesielle anledninger. Elegant, slitesterk og milj\u00f8vennlig &#8211; den er den perfekte blandingen av mote og samvittighet.<\/p>\n<p data-start=\"72\" data-end=\"382\"><img decoding=\"async\" class=\"size-full wp-image-37277 aligncenter\" src=\"https:\/\/keluvo.com\/template\/wp-content\/uploads\/sites\/5\/2025\/10\/giphy_0bcae4b6-5c7f-442d-8023-9b3b7a173097_480x480.webp\" alt=\"\" \/><\/p>\n<h2 style=\"text-align: center;\" data-start=\"389\" data-end=\"410\">Hovedfordeler \ud83d\udc5c<\/h2>\n<p data-start=\"413\" data-end=\"494\">\ud83d\udc8e Elegant utseende &#8211; Unik design med utvalgte steiner gir et snev av luksus<\/p>\n<p data-start=\"497\" data-end=\"575\">\ud83d\udc57 Allsidig stil &#8211; Matcher b\u00e5de uformelle og formelle antrekk uten problemer<\/p>\n<p data-start=\"578\" data-end=\"652\">\ud83d\udc5c Kompakt og praktisk &#8211; Perfekt st\u00f8rrelse for \u00e5 oppbevare dine daglige n\u00f8dvendigheter<\/p>\n<p data-start=\"655\" data-end=\"720\">\ud83c\udf31 Vegansk skinn &#8211; Slitesterkt, lett \u00e5 rengj\u00f8re og grusomhetsfritt<\/p>\n<p data-start=\"723\" data-end=\"792\">\ud83d\udd12 Sikker lukking &#8211; Magnetisk l\u00e5s holder gjenstandene dine trygge p\u00e5 innsiden<\/p>\n<p data-start=\"723\" data-end=\"792\"><img decoding=\"async\" class=\"size-full wp-image-37276 aligncenter\" src=\"https:\/\/keluvo.com\/template\/wp-content\/uploads\/sites\/5\/2025\/10\/G4UpO1CN01S5T5ym1YHcKl786pJ__2211043193034-0-cib_17cd96ab-f9f4-4f3c-8212-e6246c2b8827_480x480.webp\" alt=\"\" \/><\/p>\n<h2 style=\"text-align: center;\" data-start=\"799\" data-end=\"818\">Slik bruker du den \ud83d\udccc<\/h2>\n<ol data-start=\"819\" data-end=\"1068\">\n<li data-start=\"819\" data-end=\"883\">\n<p data-start=\"822\" data-end=\"883\">\u00c5pne den magnetiske lukkingen for \u00e5 f\u00e5 tilgang til det innvendige kammeret.<\/p>\n<\/li>\n<li data-start=\"884\" data-end=\"948\">\n<p data-start=\"887\" data-end=\"948\">Legg i de viktigste tingene dine &#8211; telefon, n\u00f8kler, lommebok og kosmetikk.<\/p>\n<\/li>\n<li data-start=\"949\" data-end=\"1001\">\n<p data-start=\"952\" data-end=\"1001\">Lukk vesken sikkert med magnetl\u00e5sen.<\/p>\n<\/li>\n<li data-start=\"1002\" data-end=\"1068\">\n<p data-start=\"1005\" data-end=\"1068\">Kombiner den med antrekket ditt og f\u00e5 en stilig og selvsikker look.<\/p>\n<\/li>\n<\/ol>\n<h2 style=\"text-align: center;\" data-start=\"1075\" data-end=\"1099\">Produktdetaljer \ud83d\udccf<\/h2>\n<ul data-start=\"1100\" data-end=\"1243\">\n<li data-start=\"1100\" data-end=\"1144\">\n<p data-start=\"1102\" data-end=\"1144\">Materiale: Vegansk skinn av h\u00f8y kvalitet<\/p>\n<\/li>\n<li data-start=\"1145\" data-end=\"1169\">\n<p data-start=\"1147\" data-end=\"1169\">St\u00f8rrelse: 18 x 14 cm<\/p>\n<\/li>\n<li data-start=\"1170\" data-end=\"1191\">\n<p data-start=\"1172\" data-end=\"1191\">Vekt: 370 g<\/p>\n<\/li>\n<li data-start=\"1192\" data-end=\"1243\">\n<p data-start=\"1194\" data-end=\"1243\">Form\u00e5l: Hverdagsbruk og spesielle anledninger<\/p>\n<\/li>\n<\/ul>\n<h2 style=\"text-align: center;\" data-start=\"1359\" data-end=\"1384\">Pakken inkluderer \ud83d\udce6<\/h2>\n<ul data-start=\"1276\" data-end=\"1311\" data-is-last-node=\"\" data-is-only-node=\"\">\n<li data-start=\"1276\" data-end=\"1311\" data-is-last-node=\"\">\n<p data-start=\"1278\" data-end=\"1311\" data-is-last-node=\"\">1x elegant h\u00e5ndveske.<\/p>\n<\/li>\n<\/ul>\n","protected":false},"excerpt":{"rendered":"<p>Denne luksuri\u00f8se vesken tilf\u00f8rer antrekket ditt umiddelbar eleganse. \ud83d\udc5c\ud83d\udc8e Denne vesken er designet for kvinner som elsker tidl\u00f8s skj\u00f8nnhet og [&hellip;]<\/p>\n","protected":false},"featured_media":50787,"comment_status":"open","ping_status":"closed","template":"","meta":{"site-sidebar-layout":"default","site-content-layout":"","ast-site-content-layout":"default","site-content-style":"default","site-sidebar-style":"default","ast-global-header-display":"","ast-banner-title-visibility":"","ast-main-header-display":"","ast-hfb-above-header-display":"","ast-hfb-below-header-display":"","ast-hfb-mobile-header-display":"","site-post-title":"","ast-breadcrumbs-content":"","ast-featured-img":"","footer-sml-layout":"","theme-transparent-header-meta":"default","adv-header-id-meta":"","stick-header-meta":"","header-above-stick-meta":"","header-main-stick-meta":"","header-below-stick-meta":"","astra-migrate-meta-layouts":"set","ast-page-background-enabled":"default","ast-page-background-meta":{"desktop":{"background-color":"var(--ast-global-color-4)","background-image":"","background-repeat":"repeat","background-position":"center center","background-size":"auto","background-attachment":"scroll","background-type":"","background-media":"","overlay-type":"","overlay-color":"","overlay-opacity":"","overlay-gradient":""},"tablet":{"background-color":"","background-image":"","background-repeat":"repeat","background-position":"center center","background-size":"auto","background-attachment":"scroll","background-type":"","background-media":"","overlay-type":"","overlay-color":"","overlay-opacity":"","overlay-gradient":""},"mobile":{"background-color":"","background-image":"","background-repeat":"repeat","background-position":"center center","background-size":"auto","background-attachment":"scroll","background-type":"","background-media":"","overlay-type":"","overlay-color":"","overlay-opacity":"","overlay-gradient":""}},"ast-content-background-meta":{"desktop":{"background-color":"var(--ast-global-color-5)","background-image":"","background-repeat":"repeat","background-position":"center center","background-size":"auto","background-attachment":"scroll","background-type":"","background-media":"","overlay-type":"","overlay-color":"","overlay-opacity":"","overlay-gradient":""},"tablet":{"background-color":"var(--ast-global-color-5)","background-image":"","background-repeat":"repeat","background-position":"center center","background-size":"auto","background-attachment":"scroll","background-type":"","background-media":"","overlay-type":"","overlay-color":"","overlay-opacity":"","overlay-gradient":""},"mobile":{"background-color":"var(--ast-global-color-5)","background-image":"","background-repeat":"repeat","background-position":"center center","background-size":"auto","background-attachment":"scroll","background-type":"","background-media":"","overlay-type":"","overlay-color":"","overlay-opacity":"","overlay-gradient":""}}},"product_brand":[],"product_cat":[994,993],"product_tag":[],"class_list":{"0":"post-50791","1":"product","2":"type-product","3":"status-publish","4":"has-post-thumbnail","6":"product_cat-klaer-til-kvinner","7":"product_cat-skotoy-tilbehor","8":"pa_23665_ukmu1u30-gull","9":"pa_23665_ukmu1u30-solv","10":"pa_23665_ukmu1u30-svart","11":"desktop-align-left","12":"tablet-align-left","13":"mobile-align-left","15":"first","16":"instock","17":"shipping-taxable","18":"purchasable","19":"product-type-variable"},"_links":{"self":[{"href":"https:\/\/keluvo.com\/no\/wp-json\/wp\/v2\/product\/50791","targetHints":{"allow":["GET"]}}],"collection":[{"href":"https:\/\/keluvo.com\/no\/wp-json\/wp\/v2\/product"}],"about":[{"href":"https:\/\/keluvo.com\/no\/wp-json\/wp\/v2\/types\/product"}],"replies":[{"embeddable":true,"href":"https:\/\/keluvo.com\/no\/wp-json\/wp\/v2\/comments?post=50791"}],"wp:featuredmedia":[{"embeddable":true,"href":"https:\/\/keluvo.com\/no\/wp-json\/wp\/v2\/media\/50787"}],"wp:attachment":[{"href":"https:\/\/keluvo.com\/no\/wp-json\/wp\/v2\/media?parent=50791"}],"wp:term":[{"taxonomy":"product_brand","embeddable":true,"href":"https:\/\/keluvo.com\/no\/wp-json\/wp\/v2\/product_brand?post=50791"},{"taxonomy":"product_cat","embeddable":true,"href":"https:\/\/keluvo.com\/no\/wp-json\/wp\/v2\/product_cat?post=50791"},{"taxonomy":"product_tag","embeddable":true,"href":"https:\/\/keluvo.com\/no\/wp-json\/wp\/v2\/product_tag?post=50791"}],"curies":[{"name":"wp","href":"https:\/\/api.w.org\/{rel}","templated":true}]}}