{"id":50744,"date":"2025-10-22T13:37:23","date_gmt":"2025-10-22T10:37:23","guid":{"rendered":"https:\/\/keluvo.com\/no\/produkt\/klokkeamulett\/"},"modified":"2025-11-11T11:52:29","modified_gmt":"2025-11-11T09:52:29","slug":"klokkeamulett","status":"publish","type":"product","link":"https:\/\/keluvo.com\/no\/produkt\/klokkeamulett\/","title":{"rendered":"Klokkeamulett"},"content":{"rendered":"<p style=\"text-align: center;\" data-start=\"0\" data-end=\"43\"><strong>Bring fred og skj\u00f8nnhet til hjemmet ditt \ud83d\udd14<\/strong><\/p>\n<p style=\"text-align: center;\" data-start=\"44\" data-end=\"336\">Denne klokkeamuletten gir en beroligende sjarm til ethvert rom med sin elegante design og milde lyd. Dette vakre vindklokkespillet i messing er perfekt for juledekorasjon eller hel\u00e5rsbruk, og forbedrer b\u00e5de innend\u00f8rs og utend\u00f8rs milj\u00f8er med en avslappende melodi som symboliserer ro og lykke.<\/p>\n<p data-start=\"44\" data-end=\"336\"><img decoding=\"async\" class=\"size-full wp-image-37236 aligncenter\" src=\"https:\/\/keluvo.com\/template\/wp-content\/uploads\/sites\/5\/2025\/10\/4_4e6a1428-2216-48cb-9633-e48ac32e018d.webp\" alt=\"\" \/><\/p>\n<h2 style=\"text-align: center;\" data-start=\"343\" data-end=\"364\">Hovedfordeler \u2705<\/h2>\n<p data-start=\"367\" data-end=\"447\">\ud83c\udf84 Elegant design &#8211; gir et festlig og stilig preg til ethvert hjem eller hage<\/p>\n<p data-start=\"450\" data-end=\"533\">\ud83d\udd14 Beroligende lyd &#8211; skaper en beroligende, melodisk atmosf\u00e6re innend\u00f8rs eller utend\u00f8rs<\/p>\n<p data-start=\"536\" data-end=\"631\">\ud83c\udf26\ufe0f V\u00e6rbestandig &#8211; laget av slitesterkt jern og hampetau, egnet for alle forhold<\/p>\n<p data-start=\"634\" data-end=\"719\">\ud83c\udfe1 Allsidig dekor &#8211; perfekt for verandaer, balkonger, hager eller innvendige vegger<\/p>\n<p data-start=\"722\" data-end=\"806\">\ud83d\udc96 Symbolsk betydning &#8211; antas \u00e5 gi fred, beskyttelse og positiv energi<\/p>\n<p data-start=\"722\" data-end=\"806\"><img decoding=\"async\" class=\"size-full wp-image-37238 aligncenter\" src=\"https:\/\/keluvo.com\/template\/wp-content\/uploads\/sites\/5\/2025\/10\/1_cf10f57e-2265-41c4-9f47-597f10a13d4f.jpg\" alt=\"\" \/><\/p>\n<h2 style=\"text-align: center;\" data-start=\"813\" data-end=\"833\">Slik bruker du den\ud83d\udee0\ufe0f<\/h2>\n<ol data-start=\"834\" data-end=\"1071\">\n<li data-start=\"834\" data-end=\"928\">\n<p data-start=\"837\" data-end=\"928\">Choose et sted der bjellen kan svinge fritt &#8211; n\u00e6r et vindu, en d\u00f8r\u00e5pning eller i hagen din.<\/p>\n<\/li>\n<li data-start=\"929\" data-end=\"978\">\n<p data-start=\"932\" data-end=\"978\">Heng opp vindklokken ved hjelp av tauet som er festet.<\/p>\n<\/li>\n<li data-start=\"979\" data-end=\"1071\">\n<p data-start=\"982\" data-end=\"1071\">La brisen bevege klokkene naturlig, noe som skaper en beroligende og harmonisk lyd.<\/p>\n<\/li>\n<\/ol>\n<h2 style=\"text-align: center;\" data-start=\"1078\" data-end=\"1102\">Produktdetaljer \u2139\ufe0f<\/h2>\n<ul data-start=\"1103\" data-end=\"1309\">\n<li data-start=\"1103\" data-end=\"1137\">\n<p data-start=\"1105\" data-end=\"1137\">Material: Hampetau + jern<\/p>\n<\/li>\n<li data-start=\"1183\" data-end=\"1245\">\n<p data-start=\"1185\" data-end=\"1245\">Bruk: Hagedekorasjon, hagedekorasjon, festlig ornament<\/p>\n<\/li>\n<li data-start=\"1246\" data-end=\"1309\">\n<p data-start=\"1248\" data-end=\"1309\">Soliditet: Rustbestandig og egnet for utend\u00f8rs bruk<\/p>\n<\/li>\n<\/ul>\n<h2 style=\"text-align: center;\" data-start=\"1316\" data-end=\"1341\">Pakken inkluderer \ud83d\udce6<\/h2>\n<ul data-start=\"1342\" data-end=\"1377\">\n<li data-start=\"1342\" data-end=\"1377\">\n<p data-start=\"1344\" data-end=\"1377\">1x klokkeamulett.<\/p>\n<\/li>\n<\/ul>\n","protected":false},"excerpt":{"rendered":"<p>Bring fred og skj\u00f8nnhet til hjemmet ditt \ud83d\udd14 Denne klokkeamuletten gir en beroligende sjarm til ethvert rom med sin elegante [&hellip;]<\/p>\n","protected":false},"featured_media":50740,"comment_status":"open","ping_status":"closed","template":"","meta":{"site-sidebar-layout":"default","site-content-layout":"","ast-site-content-layout":"default","site-content-style":"default","site-sidebar-style":"default","ast-global-header-display":"","ast-banner-title-visibility":"","ast-main-header-display":"","ast-hfb-above-header-display":"","ast-hfb-below-header-display":"","ast-hfb-mobile-header-display":"","site-post-title":"","ast-breadcrumbs-content":"","ast-featured-img":"","footer-sml-layout":"","theme-transparent-header-meta":"default","adv-header-id-meta":"","stick-header-meta":"","header-above-stick-meta":"","header-main-stick-meta":"","header-below-stick-meta":"","astra-migrate-meta-layouts":"set","ast-page-background-enabled":"default","ast-page-background-meta":{"desktop":{"background-color":"var(--ast-global-color-4)","background-image":"","background-repeat":"repeat","background-position":"center center","background-size":"auto","background-attachment":"scroll","background-type":"","background-media":"","overlay-type":"","overlay-color":"","overlay-opacity":"","overlay-gradient":""},"tablet":{"background-color":"","background-image":"","background-repeat":"repeat","background-position":"center center","background-size":"auto","background-attachment":"scroll","background-type":"","background-media":"","overlay-type":"","overlay-color":"","overlay-opacity":"","overlay-gradient":""},"mobile":{"background-color":"","background-image":"","background-repeat":"repeat","background-position":"center center","background-size":"auto","background-attachment":"scroll","background-type":"","background-media":"","overlay-type":"","overlay-color":"","overlay-opacity":"","overlay-gradient":""}},"ast-content-background-meta":{"desktop":{"background-color":"var(--ast-global-color-5)","background-image":"","background-repeat":"repeat","background-position":"center center","background-size":"auto","background-attachment":"scroll","background-type":"","background-media":"","overlay-type":"","overlay-color":"","overlay-opacity":"","overlay-gradient":""},"tablet":{"background-color":"var(--ast-global-color-5)","background-image":"","background-repeat":"repeat","background-position":"center center","background-size":"auto","background-attachment":"scroll","background-type":"","background-media":"","overlay-type":"","overlay-color":"","overlay-opacity":"","overlay-gradient":""},"mobile":{"background-color":"var(--ast-global-color-5)","background-image":"","background-repeat":"repeat","background-position":"center center","background-size":"auto","background-attachment":"scroll","background-type":"","background-media":"","overlay-type":"","overlay-color":"","overlay-opacity":"","overlay-gradient":""}}},"product_brand":[],"product_cat":[1001],"product_tag":[],"class_list":{"0":"post-50744","1":"product","2":"type-product","3":"status-publish","4":"has-post-thumbnail","6":"product_cat-husholdningsartikler","7":"pa_21706_f5gwim18-a","8":"pa_21706_f5gwim18-b","9":"pa_21706_f5gwim18-c","10":"pa_21706_f5gwim18-d","11":"desktop-align-left","12":"tablet-align-left","13":"mobile-align-left","15":"first","16":"instock","17":"shipping-taxable","18":"purchasable","19":"product-type-variable"},"_links":{"self":[{"href":"https:\/\/keluvo.com\/no\/wp-json\/wp\/v2\/product\/50744","targetHints":{"allow":["GET"]}}],"collection":[{"href":"https:\/\/keluvo.com\/no\/wp-json\/wp\/v2\/product"}],"about":[{"href":"https:\/\/keluvo.com\/no\/wp-json\/wp\/v2\/types\/product"}],"replies":[{"embeddable":true,"href":"https:\/\/keluvo.com\/no\/wp-json\/wp\/v2\/comments?post=50744"}],"wp:featuredmedia":[{"embeddable":true,"href":"https:\/\/keluvo.com\/no\/wp-json\/wp\/v2\/media\/50740"}],"wp:attachment":[{"href":"https:\/\/keluvo.com\/no\/wp-json\/wp\/v2\/media?parent=50744"}],"wp:term":[{"taxonomy":"product_brand","embeddable":true,"href":"https:\/\/keluvo.com\/no\/wp-json\/wp\/v2\/product_brand?post=50744"},{"taxonomy":"product_cat","embeddable":true,"href":"https:\/\/keluvo.com\/no\/wp-json\/wp\/v2\/product_cat?post=50744"},{"taxonomy":"product_tag","embeddable":true,"href":"https:\/\/keluvo.com\/no\/wp-json\/wp\/v2\/product_tag?post=50744"}],"curies":[{"name":"wp","href":"https:\/\/api.w.org\/{rel}","templated":true}]}}