{"id":5066,"date":"2024-11-15T10:55:32","date_gmt":"2024-11-15T08:55:32","guid":{"rendered":"https:\/\/keluvo.com\/no\/produkt\/leketoy-som-folger-linjen\/"},"modified":"2025-03-15T13:06:01","modified_gmt":"2025-03-15T11:06:01","slug":"leketoy-som-folger-linjen","status":"publish","type":"product","link":"https:\/\/keluvo.com\/no\/produkt\/leketoy-som-folger-linjen\/","title":{"rendered":"Leket\u00f8y som f\u00f8lger linjen"},"content":{"rendered":"<h2 style=\"text-align: center;\"><strong>F\u00f8lger linjer som ved et trylleslag<\/strong><\/h2>\n<p style=\"text-align: center;\">Leken er utstyrt med en smart optisk sensor som registrerer svarte linjer p\u00e5 hvitt papir. Bare tegn en strek, og se hvordan leken f\u00f8lger den p\u00e5 magisk vis! Denne unike funksjonen gir uendelig mange morsomme og kreative m\u00e5ter \u00e5 leke p\u00e5.<\/p>\n<p><img decoding=\"async\" class=\"alignnone size-medium wp-image-3364 aligncenter\" src=\"https:\/\/keluvo.com\/template\/wp-content\/uploads\/sites\/5\/2024\/11\/28066577-cb6b-4880-862f-167d9019fad8.png\" alt=\"\" \/><\/p>\n<h2 style=\"text-align: center;\"><strong>Perfekt gave til barn<\/strong><\/h2>\n<p style=\"text-align: center;\">Designet for \u00e5 glede og inspirere, er strekf\u00f8lgeleket\u00f8yet en fantastisk gave som kombinerer moro med pedagogisk verdi. Det er en engasjerende aktivitet som underholder samtidig som den fremmer tidlig STEM-l\u00e6ring gjennom lek.<\/p>\n<p><img decoding=\"async\" class=\"alignnone size-medium wp-image-3359 aligncenter\" src=\"https:\/\/keluvo.com\/template\/wp-content\/uploads\/sites\/5\/2024\/11\/Hf60673fbd42e46aab5e313379ae500e6D.jpg\" alt=\"\" \/><\/p>\n","protected":false},"excerpt":{"rendered":"<p>F\u00f8lger linjer som ved et trylleslag Leken er utstyrt med en smart optisk sensor som registrerer svarte linjer p\u00e5 hvitt [&hellip;]<\/p>\n","protected":false},"featured_media":5062,"comment_status":"open","ping_status":"closed","template":"","meta":{"site-sidebar-layout":"default","site-content-layout":"","ast-site-content-layout":"default","site-content-style":"default","site-sidebar-style":"default","ast-global-header-display":"","ast-banner-title-visibility":"","ast-main-header-display":"","ast-hfb-above-header-display":"","ast-hfb-below-header-display":"","ast-hfb-mobile-header-display":"","site-post-title":"","ast-breadcrumbs-content":"","ast-featured-img":"","footer-sml-layout":"","theme-transparent-header-meta":"default","adv-header-id-meta":"","stick-header-meta":"","header-above-stick-meta":"","header-main-stick-meta":"","header-below-stick-meta":"","astra-migrate-meta-layouts":"set","ast-page-background-enabled":"default","ast-page-background-meta":{"desktop":{"background-color":"var(--ast-global-color-4)","background-image":"","background-repeat":"repeat","background-position":"center center","background-size":"auto","background-attachment":"scroll","background-type":"","background-media":"","overlay-type":"","overlay-color":"","overlay-opacity":"","overlay-gradient":""},"tablet":{"background-color":"","background-image":"","background-repeat":"repeat","background-position":"center center","background-size":"auto","background-attachment":"scroll","background-type":"","background-media":"","overlay-type":"","overlay-color":"","overlay-opacity":"","overlay-gradient":""},"mobile":{"background-color":"","background-image":"","background-repeat":"repeat","background-position":"center center","background-size":"auto","background-attachment":"scroll","background-type":"","background-media":"","overlay-type":"","overlay-color":"","overlay-opacity":"","overlay-gradient":""}},"ast-content-background-meta":{"desktop":{"background-color":"var(--ast-global-color-5)","background-image":"","background-repeat":"repeat","background-position":"center center","background-size":"auto","background-attachment":"scroll","background-type":"","background-media":"","overlay-type":"","overlay-color":"","overlay-opacity":"","overlay-gradient":""},"tablet":{"background-color":"var(--ast-global-color-5)","background-image":"","background-repeat":"repeat","background-position":"center center","background-size":"auto","background-attachment":"scroll","background-type":"","background-media":"","overlay-type":"","overlay-color":"","overlay-opacity":"","overlay-gradient":""},"mobile":{"background-color":"var(--ast-global-color-5)","background-image":"","background-repeat":"repeat","background-position":"center center","background-size":"auto","background-attachment":"scroll","background-type":"","background-media":"","overlay-type":"","overlay-color":"","overlay-opacity":"","overlay-gradient":""}}},"product_brand":[],"product_cat":[990],"product_tag":[],"class_list":{"0":"post-5066","1":"product","2":"type-product","3":"status-publish","4":"has-post-thumbnail","6":"product_cat-leker-barne-og-babyprodukter","7":"pa_1lnhufvs-bil","8":"pa_1lnhufvs-lastebil","9":"pa_1lnhufvs-robot","10":"pa_1lnhufvs-tank","11":"pa_1lnhufvs-tog","12":"desktop-align-left","13":"tablet-align-left","14":"mobile-align-left","16":"first","17":"instock","18":"shipping-taxable","19":"purchasable","20":"product-type-variable"},"_links":{"self":[{"href":"https:\/\/keluvo.com\/no\/wp-json\/wp\/v2\/product\/5066","targetHints":{"allow":["GET"]}}],"collection":[{"href":"https:\/\/keluvo.com\/no\/wp-json\/wp\/v2\/product"}],"about":[{"href":"https:\/\/keluvo.com\/no\/wp-json\/wp\/v2\/types\/product"}],"replies":[{"embeddable":true,"href":"https:\/\/keluvo.com\/no\/wp-json\/wp\/v2\/comments?post=5066"}],"wp:featuredmedia":[{"embeddable":true,"href":"https:\/\/keluvo.com\/no\/wp-json\/wp\/v2\/media\/5062"}],"wp:attachment":[{"href":"https:\/\/keluvo.com\/no\/wp-json\/wp\/v2\/media?parent=5066"}],"wp:term":[{"taxonomy":"product_brand","embeddable":true,"href":"https:\/\/keluvo.com\/no\/wp-json\/wp\/v2\/product_brand?post=5066"},{"taxonomy":"product_cat","embeddable":true,"href":"https:\/\/keluvo.com\/no\/wp-json\/wp\/v2\/product_cat?post=5066"},{"taxonomy":"product_tag","embeddable":true,"href":"https:\/\/keluvo.com\/no\/wp-json\/wp\/v2\/product_tag?post=5066"}],"curies":[{"name":"wp","href":"https:\/\/api.w.org\/{rel}","templated":true}]}}