{"id":50611,"date":"2025-10-21T16:51:54","date_gmt":"2025-10-21T13:51:54","guid":{"rendered":"https:\/\/keluvo.com\/no\/produkt\/miniskjort-med-hoy-midje-og-satengband\/"},"modified":"2025-10-21T16:52:06","modified_gmt":"2025-10-21T13:52:06","slug":"miniskjort-med-hoy-midje-og-satengband","status":"publish","type":"product","link":"https:\/\/keluvo.com\/no\/produkt\/miniskjort-med-hoy-midje-og-satengband\/","title":{"rendered":"Miniskj\u00f8rt med h\u00f8y midje og satengb\u00e5nd"},"content":{"rendered":"<p style=\"text-align: center\" data-start=\"0\" data-end=\"78\"><strong data-start=\"0\" data-end=\"76\">Denne Elegante Miniskj\u00f8rtet Med Satengb\u00e5nd Og H\u00f8y Midje Er En Elegant Og Moderne Kombinasjon Av Skj\u00f8rtets Utseende Og Shortsens Komfort.<\/strong><\/p>\n<p style=\"text-align: center\" data-start=\"80\" data-end=\"406\">Den er laget av et mykt, lett elastisk, vevd stoff som smigrer figuren din samtidig som den er lett \u00e5 bevege seg i &#8211; perfekt for uformelle utflukter, fester eller hverdagsbruk. Linningen i sateng gir et snev av luksus og raffinement til ethvert antrekk.<\/p>\n<p data-start=\"80\" data-end=\"406\"><img decoding=\"async\" class=\"size-full wp-image-37560 aligncenter\" src=\"https:\/\/keluvo.com\/template\/wp-content\/uploads\/sites\/5\/2025\/10\/B1647250146044_1800x1800.webp\" alt=\"\" \/><\/p>\n<h2 style=\"text-align: center\" data-start=\"413\" data-end=\"434\">\u2728 Hovedfordeler<\/h2>\n<p data-start=\"437\" data-end=\"509\">\ud83d\udc57 Elegant design &#8211; Linningen i sateng gir et elegant, polert utseende.<\/p>\n<p data-start=\"512\" data-end=\"614\">\ud83d\udc83 Komfort m\u00f8ter stil &#8211; Kombinerer utseendet til et miniskj\u00f8rt med det praktiske ved shorts.<\/p>\n<p data-start=\"617\" data-end=\"709\">\ud83e\uddf5 Mykt og slitesterkt stoff &#8211; Laget av en blanding av rayon, polyester og elastan av h\u00f8y kvalitet.<\/p>\n<p data-start=\"617\" data-end=\"709\">\ud83c\udf2c\ufe0f Lett stretch &#8211; Gir en behagelig og flatterende passform.<\/p>\n<p data-start=\"783\" data-end=\"853\">\ud83c\udf38 Allsidig bruk &#8211; Perfekt til fritid, jobb eller kveldsantrekk.<\/p>\n<p data-start=\"783\" data-end=\"853\"><img fetchpriority=\"high\" decoding=\"async\" class=\" wp-image-37557 aligncenter\" src=\"https:\/\/keluvo.com\/template\/wp-content\/uploads\/sites\/5\/2025\/10\/Screenshot_2.png\" alt=\"\" width=\"733\" height=\"469\" \/><\/p>\n<h2 style=\"text-align: center\" data-start=\"860\" data-end=\"879\">\ud83e\ude84 Slik Bruker Du<\/h2>\n<ol data-start=\"880\" data-end=\"1087\">\n<li data-start=\"880\" data-end=\"958\">\n<p data-start=\"883\" data-end=\"958\">Skortet sammen med en bluse, crop top eller t-skjorte for et stilig utseende.<\/p>\n<\/li>\n<li data-start=\"959\" data-end=\"1013\">\n<p data-start=\"962\" data-end=\"1013\">Legg til h\u00e6ler eller joggesko avhengig av anledningen.<\/p>\n<\/li>\n<li data-start=\"1014\" data-end=\"1087\">\n<p data-start=\"1017\" data-end=\"1087\">F\u00f8lg pleieinstruksjonene for \u00e5 holde stoffet glatt og langvarig.<\/p>\n<\/li>\n<\/ol>\n<h2 style=\"text-align: center\" data-start=\"1094\" data-end=\"1118\">\ud83d\udccf Produktdetaljer<\/h2>\n<ul data-start=\"1119\" data-end=\"1329\">\n<li data-start=\"1119\" data-end=\"1177\">\n<p data-start=\"1121\" data-end=\"1177\">Sammensetning: 40% Rayon, 57% Polyester, 3% Elastan<\/p>\n<\/li>\n<li data-start=\"1178\" data-end=\"1208\">\n<p data-start=\"1180\" data-end=\"1208\">Materiale: Vevd stoff<\/p>\n<\/li>\n<li data-start=\"1209\" data-end=\"1235\">\n<p data-start=\"1211\" data-end=\"1235\">Passform: Smal passform<\/p>\n<\/li>\n<li data-start=\"1236\" data-end=\"1270\">\n<p data-start=\"1238\" data-end=\"1270\">Lengde: Korte bukser (mini)<\/p>\n<\/li>\n<li data-start=\"1271\" data-end=\"1302\">\n<p data-start=\"1273\" data-end=\"1302\">Stretch: Lett stretch<\/p>\n<\/li>\n<li data-start=\"1303\" data-end=\"1329\">\n<p data-start=\"1305\" data-end=\"1329\">Tykkelse: Vanlig<\/p>\n<\/li>\n<li data-start=\"1303\" data-end=\"1329\">St\u00f8rrelse: XS, S, M, L<\/li>\n<\/ul>\n<h2 style=\"text-align: center\" data-start=\"1336\" data-end=\"1362\">\ud83e\uddfa Vaskeanvisning<\/h2>\n<ul data-start=\"1363\" data-end=\"1488\">\n<li data-start=\"1363\" data-end=\"1390\">\n<p data-start=\"1365\" data-end=\"1390\">Vask ved maks 30 \u00b0C<\/p>\n<\/li>\n<li data-start=\"1391\" data-end=\"1408\">\n<p data-start=\"1393\" data-end=\"1408\">Ikke blek<\/p>\n<\/li>\n<li data-start=\"1409\" data-end=\"1437\">\n<p data-start=\"1411\" data-end=\"1437\">Vask med lignende farger<\/p>\n<\/li>\n<li data-start=\"1438\" data-end=\"1467\">\n<p data-start=\"1440\" data-end=\"1467\">Stryke ved maks 110 \u00b0C<\/p>\n<\/li>\n<li data-start=\"1468\" data-end=\"1488\">\n<p data-start=\"1470\" data-end=\"1488\">Ikke renseri<\/p>\n<\/li>\n<\/ul>\n<h2 style=\"text-align: center\" data-start=\"1495\" data-end=\"1520\">\ud83c\udf81 Pakken Inneholder<\/h2>\n<ul data-start=\"1521\" data-end=\"1561\" data-is-last-node=\"\" data-is-only-node=\"\">\n<li data-start=\"1521\" data-end=\"1561\" data-is-last-node=\"\">\n<p data-start=\"1523\" data-end=\"1561\" data-is-last-node=\"\">1x h\u00f8ytaljet miniskj\u00f8rt med satengb\u00e5nd.<\/p>\n<\/li>\n<\/ul>\n","protected":false},"excerpt":{"rendered":"<p>Denne Elegante Miniskj\u00f8rtet Med Satengb\u00e5nd Og H\u00f8y Midje Er En Elegant Og Moderne Kombinasjon Av Skj\u00f8rtets Utseende Og Shortsens Komfort. [&hellip;]<\/p>\n","protected":false},"featured_media":50607,"comment_status":"open","ping_status":"closed","template":"","meta":{"site-sidebar-layout":"default","site-content-layout":"","ast-site-content-layout":"default","site-content-style":"default","site-sidebar-style":"default","ast-global-header-display":"","ast-banner-title-visibility":"","ast-main-header-display":"","ast-hfb-above-header-display":"","ast-hfb-below-header-display":"","ast-hfb-mobile-header-display":"","site-post-title":"","ast-breadcrumbs-content":"","ast-featured-img":"","footer-sml-layout":"","theme-transparent-header-meta":"default","adv-header-id-meta":"","stick-header-meta":"","header-above-stick-meta":"","header-main-stick-meta":"","header-below-stick-meta":"","astra-migrate-meta-layouts":"set","ast-page-background-enabled":"default","ast-page-background-meta":{"desktop":{"background-color":"var(--ast-global-color-4)","background-image":"","background-repeat":"repeat","background-position":"center center","background-size":"auto","background-attachment":"scroll","background-type":"","background-media":"","overlay-type":"","overlay-color":"","overlay-opacity":"","overlay-gradient":""},"tablet":{"background-color":"","background-image":"","background-repeat":"repeat","background-position":"center center","background-size":"auto","background-attachment":"scroll","background-type":"","background-media":"","overlay-type":"","overlay-color":"","overlay-opacity":"","overlay-gradient":""},"mobile":{"background-color":"","background-image":"","background-repeat":"repeat","background-position":"center center","background-size":"auto","background-attachment":"scroll","background-type":"","background-media":"","overlay-type":"","overlay-color":"","overlay-opacity":"","overlay-gradient":""}},"ast-content-background-meta":{"desktop":{"background-color":"var(--ast-global-color-5)","background-image":"","background-repeat":"repeat","background-position":"center center","background-size":"auto","background-attachment":"scroll","background-type":"","background-media":"","overlay-type":"","overlay-color":"","overlay-opacity":"","overlay-gradient":""},"tablet":{"background-color":"var(--ast-global-color-5)","background-image":"","background-repeat":"repeat","background-position":"center center","background-size":"auto","background-attachment":"scroll","background-type":"","background-media":"","overlay-type":"","overlay-color":"","overlay-opacity":"","overlay-gradient":""},"mobile":{"background-color":"var(--ast-global-color-5)","background-image":"","background-repeat":"repeat","background-position":"center center","background-size":"auto","background-attachment":"scroll","background-type":"","background-media":"","overlay-type":"","overlay-color":"","overlay-opacity":"","overlay-gradient":""}}},"product_brand":[],"product_cat":[994],"product_tag":[],"class_list":{"0":"post-50611","1":"product","2":"type-product","3":"status-publish","4":"has-post-thumbnail","6":"product_cat-klaer-til-kvinner","7":"pa_48368_k4n6zjbu-xs","8":"pa_48368_k4n6zjbu-s","9":"pa_48368_k4n6zjbu-m","10":"pa_48368_k4n6zjbu-l","11":"desktop-align-left","12":"tablet-align-left","13":"mobile-align-left","15":"first","16":"instock","17":"shipping-taxable","18":"purchasable","19":"product-type-variable"},"_links":{"self":[{"href":"https:\/\/keluvo.com\/no\/wp-json\/wp\/v2\/product\/50611","targetHints":{"allow":["GET"]}}],"collection":[{"href":"https:\/\/keluvo.com\/no\/wp-json\/wp\/v2\/product"}],"about":[{"href":"https:\/\/keluvo.com\/no\/wp-json\/wp\/v2\/types\/product"}],"replies":[{"embeddable":true,"href":"https:\/\/keluvo.com\/no\/wp-json\/wp\/v2\/comments?post=50611"}],"wp:featuredmedia":[{"embeddable":true,"href":"https:\/\/keluvo.com\/no\/wp-json\/wp\/v2\/media\/50607"}],"wp:attachment":[{"href":"https:\/\/keluvo.com\/no\/wp-json\/wp\/v2\/media?parent=50611"}],"wp:term":[{"taxonomy":"product_brand","embeddable":true,"href":"https:\/\/keluvo.com\/no\/wp-json\/wp\/v2\/product_brand?post=50611"},{"taxonomy":"product_cat","embeddable":true,"href":"https:\/\/keluvo.com\/no\/wp-json\/wp\/v2\/product_cat?post=50611"},{"taxonomy":"product_tag","embeddable":true,"href":"https:\/\/keluvo.com\/no\/wp-json\/wp\/v2\/product_tag?post=50611"}],"curies":[{"name":"wp","href":"https:\/\/api.w.org\/{rel}","templated":true}]}}