{"id":5052,"date":"2024-11-15T10:53:45","date_gmt":"2024-11-15T08:53:45","guid":{"rendered":"https:\/\/keluvo.com\/no\/produkt\/ringarmband\/"},"modified":"2025-06-20T09:59:45","modified_gmt":"2025-06-20T07:59:45","slug":"ringarmband-1","status":"publish","type":"product","link":"https:\/\/keluvo.com\/no\/produkt\/ringarmband-1\/","title":{"rendered":"Ringarmb\u00e5nd"},"content":{"rendered":"<h2 style=\"text-align: center;\"><strong>Unik twist-design<\/strong><\/h2>\n<p style=\"text-align: center;\">Dette ringarmb\u00e5ndet har en kreativ twist-design som kombinerer elegansen til et armb\u00e5nd med det kompakte utseendet til en ring. Det kan enkelt forvandles for \u00e5 passe til din stil, og gir et snev av allsidighet og sjarm til ethvert antrekk.<\/p>\n<p><img decoding=\"async\" class=\"alignnone size-medium wp-image-3384 aligncenter\" src=\"https:\/\/keluvo.com\/template\/wp-content\/uploads\/sites\/5\/2024\/11\/3e214883-16c9-465e-898c-a546306ecd41.png\" alt=\"\" \/><\/p>\n<h2 style=\"text-align: center;\"><strong>Justerbar og komfortabel passform<\/strong><\/h2>\n<p style=\"text-align: center;\">Designet for \u00e5 strekke og trekke seg tilbake, gir dette ringarmb\u00e5ndet en behagelig passform for forskjellige h\u00e5ndleddst\u00f8rrelser. Den justerbare passformen sikrer at du kan bruke den som ring eller armb\u00e5nd uten problemer, og den kan enkelt tilpasses dine behov.<\/p>\n<p><img decoding=\"async\" class=\"alignnone size-medium wp-image-3386 aligncenter\" src=\"https:\/\/keluvo.com\/template\/wp-content\/uploads\/sites\/5\/2024\/11\/Sc80a37420ad449719d4431bbbbf9642cw.jpg\" alt=\"\" \/><\/p>\n","protected":false},"excerpt":{"rendered":"<p>Unik twist-design Dette ringarmb\u00e5ndet har en kreativ twist-design som kombinerer elegansen til et armb\u00e5nd med det kompakte utseendet til en [&hellip;]<\/p>\n","protected":false},"featured_media":5048,"comment_status":"open","ping_status":"closed","template":"","meta":{"site-sidebar-layout":"default","site-content-layout":"","ast-site-content-layout":"default","site-content-style":"default","site-sidebar-style":"default","ast-global-header-display":"","ast-banner-title-visibility":"","ast-main-header-display":"","ast-hfb-above-header-display":"","ast-hfb-below-header-display":"","ast-hfb-mobile-header-display":"","site-post-title":"","ast-breadcrumbs-content":"","ast-featured-img":"","footer-sml-layout":"","theme-transparent-header-meta":"default","adv-header-id-meta":"","stick-header-meta":"","header-above-stick-meta":"","header-main-stick-meta":"","header-below-stick-meta":"","astra-migrate-meta-layouts":"set","ast-page-background-enabled":"default","ast-page-background-meta":{"desktop":{"background-color":"var(--ast-global-color-4)","background-image":"","background-repeat":"repeat","background-position":"center center","background-size":"auto","background-attachment":"scroll","background-type":"","background-media":"","overlay-type":"","overlay-color":"","overlay-opacity":"","overlay-gradient":""},"tablet":{"background-color":"","background-image":"","background-repeat":"repeat","background-position":"center center","background-size":"auto","background-attachment":"scroll","background-type":"","background-media":"","overlay-type":"","overlay-color":"","overlay-opacity":"","overlay-gradient":""},"mobile":{"background-color":"","background-image":"","background-repeat":"repeat","background-position":"center center","background-size":"auto","background-attachment":"scroll","background-type":"","background-media":"","overlay-type":"","overlay-color":"","overlay-opacity":"","overlay-gradient":""}},"ast-content-background-meta":{"desktop":{"background-color":"var(--ast-global-color-5)","background-image":"","background-repeat":"repeat","background-position":"center center","background-size":"auto","background-attachment":"scroll","background-type":"","background-media":"","overlay-type":"","overlay-color":"","overlay-opacity":"","overlay-gradient":""},"tablet":{"background-color":"var(--ast-global-color-5)","background-image":"","background-repeat":"repeat","background-position":"center center","background-size":"auto","background-attachment":"scroll","background-type":"","background-media":"","overlay-type":"","overlay-color":"","overlay-opacity":"","overlay-gradient":""},"mobile":{"background-color":"var(--ast-global-color-5)","background-image":"","background-repeat":"repeat","background-position":"center center","background-size":"auto","background-attachment":"scroll","background-type":"","background-media":"","overlay-type":"","overlay-color":"","overlay-opacity":"","overlay-gradient":""}}},"product_brand":[],"product_cat":[993],"product_tag":[],"class_list":{"0":"post-5052","1":"product","2":"type-product","3":"status-publish","4":"has-post-thumbnail","6":"product_cat-skotoy-tilbehor","7":"pa_majqkam5-bla","8":"pa_majqkam5-gull","9":"pa_majqkam5-hvit","10":"pa_majqkam5-rod","11":"desktop-align-left","12":"tablet-align-left","13":"mobile-align-left","15":"first","16":"instock","17":"shipping-taxable","18":"purchasable","19":"product-type-variable"},"_links":{"self":[{"href":"https:\/\/keluvo.com\/no\/wp-json\/wp\/v2\/product\/5052","targetHints":{"allow":["GET"]}}],"collection":[{"href":"https:\/\/keluvo.com\/no\/wp-json\/wp\/v2\/product"}],"about":[{"href":"https:\/\/keluvo.com\/no\/wp-json\/wp\/v2\/types\/product"}],"replies":[{"embeddable":true,"href":"https:\/\/keluvo.com\/no\/wp-json\/wp\/v2\/comments?post=5052"}],"wp:featuredmedia":[{"embeddable":true,"href":"https:\/\/keluvo.com\/no\/wp-json\/wp\/v2\/media\/5048"}],"wp:attachment":[{"href":"https:\/\/keluvo.com\/no\/wp-json\/wp\/v2\/media?parent=5052"}],"wp:term":[{"taxonomy":"product_brand","embeddable":true,"href":"https:\/\/keluvo.com\/no\/wp-json\/wp\/v2\/product_brand?post=5052"},{"taxonomy":"product_cat","embeddable":true,"href":"https:\/\/keluvo.com\/no\/wp-json\/wp\/v2\/product_cat?post=5052"},{"taxonomy":"product_tag","embeddable":true,"href":"https:\/\/keluvo.com\/no\/wp-json\/wp\/v2\/product_tag?post=5052"}],"curies":[{"name":"wp","href":"https:\/\/api.w.org\/{rel}","templated":true}]}}