{"id":5019,"date":"2024-11-15T10:49:35","date_gmt":"2024-11-15T08:49:35","guid":{"rendered":"https:\/\/keluvo.com\/no\/produkt\/plysj-rund-seng-for-kjaeledyr\/"},"modified":"2024-11-15T13:24:35","modified_gmt":"2024-11-15T11:24:35","slug":"plysj-rund-seng-for-kjaeledyr","status":"publish","type":"product","link":"https:\/\/keluvo.com\/no\/produkt\/plysj-rund-seng-for-kjaeledyr\/","title":{"rendered":"Plysj rund seng for kj\u00e6ledyr"},"content":{"rendered":"<h2 style=\"text-align: center;\"><strong>Ekstra myk plysjkomfort<\/strong><\/h2>\n<p style=\"text-align: center;\">Denne runde plysjsengen er laget av tykke, myke materialer som gir kj\u00e6ledyret ditt et koselig og varmt sted \u00e5 hvile. Den myke overflaten er designet for maksimal komfort, noe som gj\u00f8r den til et ideelt sted for din pelskledde venn \u00e5 slappe av og f\u00f8le seg trygg.<\/p>\n<p><img decoding=\"async\" class=\"alignnone size-medium wp-image-3408 aligncenter\" src=\"https:\/\/keluvo.com\/template\/wp-content\/uploads\/sites\/5\/2024\/11\/Winter-Long-Plush-Pet-Cat-Bed-Round-Cat-Cushion-House-Warm-Cat-Basket-Cat-Sleep-Bag.jpg_.png\" alt=\"\" \/><\/p>\n<h2 style=\"text-align: center;\"><strong>beroligende og selvoppvarmende<\/strong><\/h2>\n<p style=\"text-align: center;\">Med sin selvoppvarmende isolasjon str\u00e5ler denne kj\u00e6ledyrsengen varme tilbake til kj\u00e6ledyret ditt, noe som gir en beroligende og beroligende opplevelse. Sengen er perfekt for \u00e5 redusere angst, og er designet for \u00e5 hjelpe kj\u00e6ledyr til \u00e5 f\u00f8le seg trygge, noe som fremmer dypere og mer avslappende s\u00f8vn.<\/p>\n<p><img decoding=\"async\" class=\"alignnone size-medium wp-image-3404 aligncenter\" src=\"https:\/\/keluvo.com\/template\/wp-content\/uploads\/sites\/5\/2024\/11\/See9958fcbcb6448cb04724dcc9404b13i.jpg\" alt=\"\" \/><\/p>\n","protected":false},"excerpt":{"rendered":"<p>Ekstra myk plysjkomfort Denne runde plysjsengen er laget av tykke, myke materialer som gir kj\u00e6ledyret ditt et koselig og varmt [&hellip;]<\/p>\n","protected":false},"featured_media":5015,"comment_status":"open","ping_status":"closed","template":"","meta":{"site-sidebar-layout":"default","site-content-layout":"","ast-site-content-layout":"default","site-content-style":"default","site-sidebar-style":"default","ast-global-header-display":"","ast-banner-title-visibility":"","ast-main-header-display":"","ast-hfb-above-header-display":"","ast-hfb-below-header-display":"","ast-hfb-mobile-header-display":"","site-post-title":"","ast-breadcrumbs-content":"","ast-featured-img":"","footer-sml-layout":"","theme-transparent-header-meta":"default","adv-header-id-meta":"","stick-header-meta":"","header-above-stick-meta":"","header-main-stick-meta":"","header-below-stick-meta":"","astra-migrate-meta-layouts":"set","ast-page-background-enabled":"default","ast-page-background-meta":{"desktop":{"background-color":"var(--ast-global-color-4)","background-image":"","background-repeat":"repeat","background-position":"center center","background-size":"auto","background-attachment":"scroll","background-type":"","background-media":"","overlay-type":"","overlay-color":"","overlay-opacity":"","overlay-gradient":""},"tablet":{"background-color":"","background-image":"","background-repeat":"repeat","background-position":"center center","background-size":"auto","background-attachment":"scroll","background-type":"","background-media":"","overlay-type":"","overlay-color":"","overlay-opacity":"","overlay-gradient":""},"mobile":{"background-color":"","background-image":"","background-repeat":"repeat","background-position":"center center","background-size":"auto","background-attachment":"scroll","background-type":"","background-media":"","overlay-type":"","overlay-color":"","overlay-opacity":"","overlay-gradient":""}},"ast-content-background-meta":{"desktop":{"background-color":"var(--ast-global-color-5)","background-image":"","background-repeat":"repeat","background-position":"center center","background-size":"auto","background-attachment":"scroll","background-type":"","background-media":"","overlay-type":"","overlay-color":"","overlay-opacity":"","overlay-gradient":""},"tablet":{"background-color":"var(--ast-global-color-5)","background-image":"","background-repeat":"repeat","background-position":"center center","background-size":"auto","background-attachment":"scroll","background-type":"","background-media":"","overlay-type":"","overlay-color":"","overlay-opacity":"","overlay-gradient":""},"mobile":{"background-color":"var(--ast-global-color-5)","background-image":"","background-repeat":"repeat","background-position":"center center","background-size":"auto","background-attachment":"scroll","background-type":"","background-media":"","overlay-type":"","overlay-color":"","overlay-opacity":"","overlay-gradient":""}}},"product_brand":[],"product_cat":[997],"product_tag":[],"class_list":{"0":"post-5019","1":"product","2":"type-product","3":"status-publish","4":"has-post-thumbnail","6":"product_cat-husdyrprodukter","7":"pa_b6uqkm1n-40x40-cm","8":"pa_b6uqkm1n-50x50cm","9":"pa_b6uqkm1n-60x60cm","10":"pa_mpqjlmzb-brun","11":"pa_mpqjlmzb-gra","12":"pa_mpqjlmzb-gronn","13":"pa_mpqjlmzb-rosa","14":"desktop-align-left","15":"tablet-align-left","16":"mobile-align-left","18":"first","19":"instock","20":"shipping-taxable","21":"purchasable","22":"product-type-variable","23":"has-default-attributes"},"_links":{"self":[{"href":"https:\/\/keluvo.com\/no\/wp-json\/wp\/v2\/product\/5019","targetHints":{"allow":["GET"]}}],"collection":[{"href":"https:\/\/keluvo.com\/no\/wp-json\/wp\/v2\/product"}],"about":[{"href":"https:\/\/keluvo.com\/no\/wp-json\/wp\/v2\/types\/product"}],"replies":[{"embeddable":true,"href":"https:\/\/keluvo.com\/no\/wp-json\/wp\/v2\/comments?post=5019"}],"wp:featuredmedia":[{"embeddable":true,"href":"https:\/\/keluvo.com\/no\/wp-json\/wp\/v2\/media\/5015"}],"wp:attachment":[{"href":"https:\/\/keluvo.com\/no\/wp-json\/wp\/v2\/media?parent=5019"}],"wp:term":[{"taxonomy":"product_brand","embeddable":true,"href":"https:\/\/keluvo.com\/no\/wp-json\/wp\/v2\/product_brand?post=5019"},{"taxonomy":"product_cat","embeddable":true,"href":"https:\/\/keluvo.com\/no\/wp-json\/wp\/v2\/product_cat?post=5019"},{"taxonomy":"product_tag","embeddable":true,"href":"https:\/\/keluvo.com\/no\/wp-json\/wp\/v2\/product_tag?post=5019"}],"curies":[{"name":"wp","href":"https:\/\/api.w.org\/{rel}","templated":true}]}}