{"id":50018,"date":"2025-10-15T12:51:09","date_gmt":"2025-10-15T09:51:09","guid":{"rendered":"https:\/\/keluvo.com\/no\/produkt\/ballongpumpe\/"},"modified":"2025-10-20T18:46:00","modified_gmt":"2025-10-20T15:46:00","slug":"ballongpumpe","status":"publish","type":"product","link":"https:\/\/keluvo.com\/no\/produkt\/ballongpumpe\/","title":{"rendered":"Ballongpumpe"},"content":{"rendered":"<p style=\"text-align: center;\" data-start=\"0\" data-end=\"50\"><strong>Bl\u00e5s opp ballonger og festmoro p\u00e5 sekunder! \ud83c\udf88<\/strong><\/p>\n<p style=\"text-align: center;\" data-start=\"51\" data-end=\"354\">Denne elektriske ballongpumpen gj\u00f8r det enkelt, raskt og uanstrengt \u00e5 dekorere. Den er designet for fester, bryllup eller andre feiringer, og bl\u00e5ser raskt opp hundrevis av ballonger p\u00e5 f\u00e5 minutter uten helium eller hydrogen &#8211; bare trygg, ren luft. Den er kompakt, stilleg\u00e5ende og enkel \u00e5 bruke, og er et must-have-verkt\u00f8y for ethvert arrangement.<\/p>\n<p data-start=\"51\" data-end=\"354\"><img decoding=\"async\" class=\"size-full wp-image-37192 aligncenter\" src=\"https:\/\/keluvo.com\/template\/wp-content\/uploads\/sites\/5\/2025\/10\/100210-ezgif.com-video-to-webp-converter-1.webp\" alt=\"\" \/><\/p>\n<h2 style=\"text-align: center;\" data-start=\"361\" data-end=\"382\">Hovedfordeler \u2705<\/h2>\n<p data-start=\"385\" data-end=\"464\">\u26a1 Rask oppbl\u00e5sing &#8211; bl\u00e5ser opp en ballong p\u00e5 f\u00e5 sekunder med kraftig luftstr\u00f8m<\/p>\n<p data-start=\"385\" data-end=\"464\">\ud83c\udf89 Perfekt for alle arrangementer &#8211; ideell for fester, bryllup, bursdager og feiringer<\/p>\n<p data-start=\"385\" data-end=\"464\">\ud83e\uddf3 Lett og b\u00e6rbar &#8211; enkel \u00e5 b\u00e6re og oppbevare, perfekt for oppsett p\u00e5 farten<\/p>\n<p data-start=\"385\" data-end=\"464\">\ud83d\udd07 Lavt st\u00f8yniv\u00e5 &#8211; mindre enn 65 dB for en mer stilleg\u00e5ende driftsopplevelse<\/p>\n<p data-start=\"385\" data-end=\"464\">\ud83d\udee1\ufe0f Sikker \u00e5 bruke &#8211; bruker kun luft, ikke helium eller hydrogen for risikofri oppbl\u00e5sing<\/p>\n<p data-start=\"385\" data-end=\"464\">\ud83d\udd01 To moduser &#8211; automatiske og manuelle alternativer for bedre kontroll<\/p>\n<p data-start=\"808\" data-end=\"877\"><img decoding=\"async\" class=\"size-full wp-image-37186 aligncenter\" src=\"https:\/\/keluvo.com\/template\/wp-content\/uploads\/sites\/5\/2025\/10\/77d73d88-cad7-4da3-ac74-05154116a416.jpg\" alt=\"\" \/><\/p>\n<h2 style=\"text-align: center;\" data-start=\"884\" data-end=\"904\">Slik bruker du det \ud83d\udee0\ufe0f<\/h2>\n<ol data-start=\"905\" data-end=\"1202\">\n<li data-start=\"905\" data-end=\"956\">Plugg i pumpen til et kompatibelt str\u00f8muttak.<\/li>\n<li data-start=\"905\" data-end=\"956\">Velg manuell modus for kontrollerte utbl\u00e5sninger eller automatisk modus for kontinuerlig luftstr\u00f8m.<\/li>\n<li data-start=\"905\" data-end=\"956\">N\u00e5r ballongen er bl\u00e5st opp, fjerner du ballongen og knyter den.<\/li>\n<li data-start=\"905\" data-end=\"956\">Sl\u00e5 av og koble fra pumpen etter bruk.<\/li>\n<\/ol>\n<h2 style=\"text-align: center;\" data-start=\"1209\" data-end=\"1233\">Produktdetaljer \u2139\ufe0f<\/h2>\n<ul data-start=\"1234\" data-end=\"1535\">\n<li data-start=\"1234\" data-end=\"1288\">Input spenning: 220-240V (valgfritt)<\/li>\n<li data-start=\"1234\" data-end=\"1288\">Frekvens: 60Hz<\/li>\n<li data-start=\"1234\" data-end=\"1288\">St\u00f8yniv\u00e5: &amp;lt;65dB<\/li>\n<li data-start=\"1234\" data-end=\"1288\">Effekttype: Elektrisk luftpumpe (kun luft, ikke helium \/ hydrogen)<\/li>\n<li data-start=\"1234\" data-end=\"1288\">EU-plugg<\/li>\n<li data-start=\"1234\" data-end=\"1288\">Modus: Manuell &amp; Automatisk<\/li>\n<li data-start=\"1234\" data-end=\"1288\">Bruk: Ballonger, oppbl\u00e5sbare senger, baderinger, puter, sofaer, leker med mer<\/li>\n<li data-start=\"1234\" data-end=\"1288\">St\u00f8rrelse: 19,5 x 14 x 15 cm<\/li>\n<\/ul>\n<h2 style=\"text-align: center;\" data-start=\"1542\" data-end=\"1567\">Pakken inneholder \ud83d\udce6<\/h2>\n<ul data-start=\"1568\" data-end=\"1597\">\n<li data-start=\"1568\" data-end=\"1597\">\n<p data-start=\"1570\" data-end=\"1597\">1x elektrisk ballongpumpe.<\/p>\n<\/li>\n<\/ul>\n","protected":false},"excerpt":{"rendered":"<p>Bl\u00e5s opp ballonger og festmoro p\u00e5 sekunder! \ud83c\udf88 Denne elektriske ballongpumpen gj\u00f8r det enkelt, raskt og uanstrengt \u00e5 dekorere. Den [&hellip;]<\/p>\n","protected":false},"featured_media":50014,"comment_status":"open","ping_status":"closed","template":"","meta":{"site-sidebar-layout":"default","site-content-layout":"","ast-site-content-layout":"default","site-content-style":"default","site-sidebar-style":"default","ast-global-header-display":"","ast-banner-title-visibility":"","ast-main-header-display":"","ast-hfb-above-header-display":"","ast-hfb-below-header-display":"","ast-hfb-mobile-header-display":"","site-post-title":"","ast-breadcrumbs-content":"","ast-featured-img":"","footer-sml-layout":"","theme-transparent-header-meta":"default","adv-header-id-meta":"","stick-header-meta":"","header-above-stick-meta":"","header-main-stick-meta":"","header-below-stick-meta":"","astra-migrate-meta-layouts":"set","ast-page-background-enabled":"default","ast-page-background-meta":{"desktop":{"background-color":"var(--ast-global-color-4)","background-image":"","background-repeat":"repeat","background-position":"center center","background-size":"auto","background-attachment":"scroll","background-type":"","background-media":"","overlay-type":"","overlay-color":"","overlay-opacity":"","overlay-gradient":""},"tablet":{"background-color":"","background-image":"","background-repeat":"repeat","background-position":"center center","background-size":"auto","background-attachment":"scroll","background-type":"","background-media":"","overlay-type":"","overlay-color":"","overlay-opacity":"","overlay-gradient":""},"mobile":{"background-color":"","background-image":"","background-repeat":"repeat","background-position":"center center","background-size":"auto","background-attachment":"scroll","background-type":"","background-media":"","overlay-type":"","overlay-color":"","overlay-opacity":"","overlay-gradient":""}},"ast-content-background-meta":{"desktop":{"background-color":"var(--ast-global-color-5)","background-image":"","background-repeat":"repeat","background-position":"center center","background-size":"auto","background-attachment":"scroll","background-type":"","background-media":"","overlay-type":"","overlay-color":"","overlay-opacity":"","overlay-gradient":""},"tablet":{"background-color":"var(--ast-global-color-5)","background-image":"","background-repeat":"repeat","background-position":"center center","background-size":"auto","background-attachment":"scroll","background-type":"","background-media":"","overlay-type":"","overlay-color":"","overlay-opacity":"","overlay-gradient":""},"mobile":{"background-color":"var(--ast-global-color-5)","background-image":"","background-repeat":"repeat","background-position":"center center","background-size":"auto","background-attachment":"scroll","background-type":"","background-media":"","overlay-type":"","overlay-color":"","overlay-opacity":"","overlay-gradient":""}}},"product_brand":[],"product_cat":[15],"product_tag":[],"class_list":{"0":"post-50018","1":"product","2":"type-product","3":"status-publish","4":"has-post-thumbnail","6":"product_cat-uncategorized","7":"desktop-align-left","8":"tablet-align-left","9":"mobile-align-left","11":"first","12":"instock","13":"shipping-taxable","14":"purchasable","15":"product-type-simple"},"_links":{"self":[{"href":"https:\/\/keluvo.com\/no\/wp-json\/wp\/v2\/product\/50018","targetHints":{"allow":["GET"]}}],"collection":[{"href":"https:\/\/keluvo.com\/no\/wp-json\/wp\/v2\/product"}],"about":[{"href":"https:\/\/keluvo.com\/no\/wp-json\/wp\/v2\/types\/product"}],"replies":[{"embeddable":true,"href":"https:\/\/keluvo.com\/no\/wp-json\/wp\/v2\/comments?post=50018"}],"wp:featuredmedia":[{"embeddable":true,"href":"https:\/\/keluvo.com\/no\/wp-json\/wp\/v2\/media\/50014"}],"wp:attachment":[{"href":"https:\/\/keluvo.com\/no\/wp-json\/wp\/v2\/media?parent=50018"}],"wp:term":[{"taxonomy":"product_brand","embeddable":true,"href":"https:\/\/keluvo.com\/no\/wp-json\/wp\/v2\/product_brand?post=50018"},{"taxonomy":"product_cat","embeddable":true,"href":"https:\/\/keluvo.com\/no\/wp-json\/wp\/v2\/product_cat?post=50018"},{"taxonomy":"product_tag","embeddable":true,"href":"https:\/\/keluvo.com\/no\/wp-json\/wp\/v2\/product_tag?post=50018"}],"curies":[{"name":"wp","href":"https:\/\/api.w.org\/{rel}","templated":true}]}}