{"id":50006,"date":"2025-10-15T12:49:38","date_gmt":"2025-10-15T09:49:38","guid":{"rendered":"https:\/\/keluvo.com\/no\/produkt\/jaktkamera\/"},"modified":"2025-10-20T18:44:17","modified_gmt":"2025-10-20T15:44:17","slug":"jaktkamera","status":"publish","type":"product","link":"https:\/\/keluvo.com\/no\/produkt\/jaktkamera\/","title":{"rendered":"Jaktkamera"},"content":{"rendered":"<p style=\"text-align: center;\" data-start=\"0\" data-end=\"42\"><strong>Fang hvert \u00f8yeblikk i naturen \ud83c\udf32\ud83c\udfa5<\/strong><\/p>\n<p style=\"text-align: center;\" data-start=\"43\" data-end=\"306\">Dette jaktkameraet gir deg krystallklare bilder og HD-videoer av dyrelivet &#8211; dag eller natt. Med en rask utl\u00f8serhastighet p\u00e5 0,3 sekunder, bred 120\u00b0 deteksjonsvinkel og opptil 20 MP bildeoppl\u00f8sning vil du aldri g\u00e5 glipp av et \u00f8yeblikk i skogen, \u00e5keren eller bakg\u00e5rden igjen.<\/p>\n<p data-start=\"43\" data-end=\"306\"><img decoding=\"async\" class=\"size-full wp-image-37183 aligncenter\" src=\"https:\/\/keluvo.com\/template\/wp-content\/uploads\/sites\/5\/2025\/10\/10027-ezgif.com-video-to-webp-converter-1.webp\" alt=\"\" \/><\/p>\n<h2 style=\"text-align: center;\" data-start=\"313\" data-end=\"334\">Hovedfordeler \u2705<\/h2>\n<p data-start=\"337\" data-end=\"440\">\ud83d\udcf8 HD-bilder og -videoer &#8211; 20 MP bilder og 1080P-videoer med lyd for naturtro opptak av dyrelivet<\/p>\n<p data-start=\"337\" data-end=\"440\">\u26a1 \u00d8yeblikkelig bevegelsesdeteksjon &#8211; 0.3s utl\u00f8serhastighet sikrer at du fanger dyr i rask bevegelse<\/p>\n<p data-start=\"337\" data-end=\"440\">\ud83c\udf19 Klart nattsyn &#8211; 36 infrar\u00f8de lysdioder tar skarpe svart-hvitt-bilder i fullstendig m\u00f8rke<\/p>\n<p data-start=\"337\" data-end=\"440\">\ud83c\udf27\ufe0f Vanntett og slitesterkt &#8211; IP65-beskyttelse holder kameraet trygt mot regn, st\u00f8v og insekter<\/p>\n<p data-start=\"337\" data-end=\"440\">\ud83d\udd52 Smart tids- og datostempling &#8211; vet n\u00f8yaktig n\u00e5r og hvor hvert bilde ble tatt<\/p>\n<p data-start=\"337\" data-end=\"440\">\ud83d\udd0b Lang batterilevetid &#8211; opptil 6 m\u00e5neders standby p\u00e5 AA-batterier<\/p>\n<p data-start=\"834\" data-end=\"901\"><img decoding=\"async\" class=\"size-full wp-image-37181 aligncenter\" src=\"https:\/\/keluvo.com\/template\/wp-content\/uploads\/sites\/5\/2025\/10\/Sae58dc44b13643f0af4c475ea02a4122T.jpg_960x960q75.jpg_.avif\" alt=\"\" \/><\/p>\n<h2 style=\"text-align: center;\" data-start=\"908\" data-end=\"927\">Slik bruker du det \ud83e\udd8c<\/h2>\n<ol data-start=\"928\" data-end=\"1287\">\n<li data-start=\"928\" data-end=\"987\">Sett inn et Micro SD-kort (opptil 32 GB, ikke inkludert).<\/li>\n<li data-start=\"928\" data-end=\"987\">Fest kameraet p\u00e5 et tre eller et stativ ved hjelp av det inkluderte beltet.<\/li>\n<li data-start=\"928\" data-end=\"987\">Bruk det med 4 eller 8 AA batterier (ikke inkludert).<\/li>\n<li data-start=\"928\" data-end=\"987\">Velg ditt foretrukne modus (bilde, video eller time-lapse).<\/li>\n<li data-start=\"928\" data-end=\"987\">Trekk deg tilbake og la bevegelsessensoren gj\u00f8r jobben \u2013 kameraet blir automatisk trigget n\u00e5r bevegelse oppdages.<\/li>\n<\/ol>\n<h2 style=\"text-align: center;\" data-start=\"1294\" data-end=\"1318\">Produktdetaljer \u2139\ufe0f<\/h2>\n<ul data-start=\"1319\" data-end=\"1821\">\n<li data-start=\"1319\" data-end=\"1355\">Bildesensor: 8MP farge CMOS<\/li>\n<li data-start=\"1319\" data-end=\"1355\">Bildeoppl\u00f8sning: 20MP \/ 16MP \/ 12MP \/ 8MP<\/li>\n<li data-start=\"1319\" data-end=\"1355\">Videooppl\u00f8sning: 1080P \/ 720P \/ VGA<\/li>\n<li data-start=\"1319\" data-end=\"1355\">Linse: F=3.1, FOV=90\u00b0<\/li>\n<li data-start=\"1319\" data-end=\"1355\">Utl\u00f8serhastighet: 0.3 seconds<\/li>\n<li data-start=\"1319\" data-end=\"1355\">Nattsynsrekkevidde: 20m<\/li>\n<li data-start=\"1319\" data-end=\"1355\">Deteksjonsvinkel: 120\u00b0<\/li>\n<li data-start=\"1319\" data-end=\"1355\">Display: 2.0\u201d TFT screen<\/li>\n<li data-start=\"1319\" data-end=\"1355\">Vannfast rating: IP65<\/li>\n<li data-start=\"1319\" data-end=\"1355\">Str\u00f8mforsyning: 4 eller 8 AA batterier (ikke inkludert)<\/li>\n<li data-start=\"1319\" data-end=\"1355\">Standby tid: Opptil 6 m\u00e5neder<\/li>\n<li data-start=\"1319\" data-end=\"1355\">St\u00f8rrelse: 8 x 6.5 x 13 cm<\/li>\n<li data-start=\"1319\" data-end=\"1355\">Vekt: 0.33 kg\n<p>&nbsp;<\/li>\n<\/ul>\n<h2 style=\"text-align: center;\" data-start=\"1828\" data-end=\"1853\">Pakken inneholder \ud83d\udce6<\/h2>\n<ul data-start=\"1854\" data-end=\"1939\">\n<li data-start=\"1854\" data-end=\"1876\">\n<p data-start=\"1856\" data-end=\"1876\">1x jaktkamera<\/p>\n<\/li>\n<li data-start=\"1877\" data-end=\"1898\">\n<p data-start=\"1879\" data-end=\"1898\">1x monteringsbelte<\/p>\n<\/li>\n<li data-start=\"1899\" data-end=\"1916\">\n<p data-start=\"1901\" data-end=\"1916\">1x USB-kabel<\/p>\n<\/li>\n<li data-start=\"1917\" data-end=\"1939\">\n<p data-start=\"1919\" data-end=\"1939\">1x brukerh\u00e5ndbok.<\/p>\n<\/li>\n<\/ul>\n","protected":false},"excerpt":{"rendered":"<p>Fang hvert \u00f8yeblikk i naturen \ud83c\udf32\ud83c\udfa5 Dette jaktkameraet gir deg krystallklare bilder og HD-videoer av dyrelivet &#8211; dag eller natt. [&hellip;]<\/p>\n","protected":false},"featured_media":50002,"comment_status":"open","ping_status":"closed","template":"","meta":{"site-sidebar-layout":"default","site-content-layout":"","ast-site-content-layout":"default","site-content-style":"default","site-sidebar-style":"default","ast-global-header-display":"","ast-banner-title-visibility":"","ast-main-header-display":"","ast-hfb-above-header-display":"","ast-hfb-below-header-display":"","ast-hfb-mobile-header-display":"","site-post-title":"","ast-breadcrumbs-content":"","ast-featured-img":"","footer-sml-layout":"","theme-transparent-header-meta":"default","adv-header-id-meta":"","stick-header-meta":"","header-above-stick-meta":"","header-main-stick-meta":"","header-below-stick-meta":"","astra-migrate-meta-layouts":"set","ast-page-background-enabled":"default","ast-page-background-meta":{"desktop":{"background-color":"var(--ast-global-color-4)","background-image":"","background-repeat":"repeat","background-position":"center center","background-size":"auto","background-attachment":"scroll","background-type":"","background-media":"","overlay-type":"","overlay-color":"","overlay-opacity":"","overlay-gradient":""},"tablet":{"background-color":"","background-image":"","background-repeat":"repeat","background-position":"center center","background-size":"auto","background-attachment":"scroll","background-type":"","background-media":"","overlay-type":"","overlay-color":"","overlay-opacity":"","overlay-gradient":""},"mobile":{"background-color":"","background-image":"","background-repeat":"repeat","background-position":"center center","background-size":"auto","background-attachment":"scroll","background-type":"","background-media":"","overlay-type":"","overlay-color":"","overlay-opacity":"","overlay-gradient":""}},"ast-content-background-meta":{"desktop":{"background-color":"var(--ast-global-color-5)","background-image":"","background-repeat":"repeat","background-position":"center center","background-size":"auto","background-attachment":"scroll","background-type":"","background-media":"","overlay-type":"","overlay-color":"","overlay-opacity":"","overlay-gradient":""},"tablet":{"background-color":"var(--ast-global-color-5)","background-image":"","background-repeat":"repeat","background-position":"center center","background-size":"auto","background-attachment":"scroll","background-type":"","background-media":"","overlay-type":"","overlay-color":"","overlay-opacity":"","overlay-gradient":""},"mobile":{"background-color":"var(--ast-global-color-5)","background-image":"","background-repeat":"repeat","background-position":"center center","background-size":"auto","background-attachment":"scroll","background-type":"","background-media":"","overlay-type":"","overlay-color":"","overlay-opacity":"","overlay-gradient":""}}},"product_brand":[],"product_cat":[1001,1000],"product_tag":[],"class_list":{"0":"post-50006","1":"product","2":"type-product","3":"status-publish","4":"has-post-thumbnail","6":"product_cat-husholdningsartikler","7":"product_cat-tur-camping-og-fritidsutstyr","8":"desktop-align-left","9":"tablet-align-left","10":"mobile-align-left","12":"first","13":"instock","14":"shipping-taxable","15":"purchasable","16":"product-type-simple"},"_links":{"self":[{"href":"https:\/\/keluvo.com\/no\/wp-json\/wp\/v2\/product\/50006","targetHints":{"allow":["GET"]}}],"collection":[{"href":"https:\/\/keluvo.com\/no\/wp-json\/wp\/v2\/product"}],"about":[{"href":"https:\/\/keluvo.com\/no\/wp-json\/wp\/v2\/types\/product"}],"replies":[{"embeddable":true,"href":"https:\/\/keluvo.com\/no\/wp-json\/wp\/v2\/comments?post=50006"}],"wp:featuredmedia":[{"embeddable":true,"href":"https:\/\/keluvo.com\/no\/wp-json\/wp\/v2\/media\/50002"}],"wp:attachment":[{"href":"https:\/\/keluvo.com\/no\/wp-json\/wp\/v2\/media?parent=50006"}],"wp:term":[{"taxonomy":"product_brand","embeddable":true,"href":"https:\/\/keluvo.com\/no\/wp-json\/wp\/v2\/product_brand?post=50006"},{"taxonomy":"product_cat","embeddable":true,"href":"https:\/\/keluvo.com\/no\/wp-json\/wp\/v2\/product_cat?post=50006"},{"taxonomy":"product_tag","embeddable":true,"href":"https:\/\/keluvo.com\/no\/wp-json\/wp\/v2\/product_tag?post=50006"}],"curies":[{"name":"wp","href":"https:\/\/api.w.org\/{rel}","templated":true}]}}