{"id":5000,"date":"2024-11-15T10:45:41","date_gmt":"2024-11-15T08:45:41","guid":{"rendered":"https:\/\/keluvo.com\/no\/produkt\/toteveske\/"},"modified":"2024-11-15T10:46:05","modified_gmt":"2024-11-15T08:46:05","slug":"toteveske","status":"publish","type":"product","link":"https:\/\/keluvo.com\/no\/produkt\/toteveske\/","title":{"rendered":"Toteveske"},"content":{"rendered":"<h2 style=\"text-align: center\"><strong>Elegant og tidl\u00f8s design<\/strong><\/h2>\n<p style=\"text-align: center\">Bagvesken har et klassisk utseende med oljet vokset skinn av h\u00f8y kvalitet som gir den en luksuri\u00f8s finish. Retrodesignet kombinerer stil og funksjon, noe som gj\u00f8r den til et perfekt tilbeh\u00f8r for alle anledninger, fra jobb til uformelle utflukter.<\/p>\n<p style=\"text-align: center\"><img decoding=\"async\" class=\"alignnone size-medium wp-image-3436\" src=\"https:\/\/keluvo.com\/template\/wp-content\/uploads\/sites\/5\/2024\/11\/c28a7f2d-9e28-4677-bd14-76fb6aa358e8.webp\" alt=\"\" \/><\/p>\n<h2 style=\"text-align: center\"><strong>Stor kapasitet for daglige n\u00f8dvendigheter<\/strong><\/h2>\n<p style=\"text-align: center\">Bagvesken er designet med god plass til alle dine daglige n\u00f8dvendigheter og mer, noe som gj\u00f8r den ideell for travle dager eller reiser. Det romslige interi\u00f8ret har plass til ting som en b\u00e6rbar datamaskin, b\u00f8ker, sminke og andre personlige ting, slik at du kan holde orden uten \u00e5 g\u00e5 p\u00e5 bekostning av stilen. Den store kapasiteten gj\u00f8r at du enkelt kan g\u00e5 fra jobb til fritidsaktiviteter med alt du trenger i \u00e9n og samme veske.<\/p>\n<p><img decoding=\"async\" class=\"alignnone size-medium wp-image-3431 aligncenter\" src=\"https:\/\/keluvo.com\/template\/wp-content\/uploads\/sites\/5\/2024\/11\/1b3e84b5-0a6a-4db9-8a96-f81fc26f269f.webp\" alt=\"\" \/><\/p>\n","protected":false},"excerpt":{"rendered":"<p>Elegant og tidl\u00f8s design Bagvesken har et klassisk utseende med oljet vokset skinn av h\u00f8y kvalitet som gir den en [&hellip;]<\/p>\n","protected":false},"featured_media":4996,"comment_status":"open","ping_status":"closed","template":"","meta":{"site-sidebar-layout":"default","site-content-layout":"","ast-site-content-layout":"default","site-content-style":"default","site-sidebar-style":"default","ast-global-header-display":"","ast-banner-title-visibility":"","ast-main-header-display":"","ast-hfb-above-header-display":"","ast-hfb-below-header-display":"","ast-hfb-mobile-header-display":"","site-post-title":"","ast-breadcrumbs-content":"","ast-featured-img":"","footer-sml-layout":"","theme-transparent-header-meta":"default","adv-header-id-meta":"","stick-header-meta":"","header-above-stick-meta":"","header-main-stick-meta":"","header-below-stick-meta":"","astra-migrate-meta-layouts":"set","ast-page-background-enabled":"default","ast-page-background-meta":{"desktop":{"background-color":"var(--ast-global-color-4)","background-image":"","background-repeat":"repeat","background-position":"center center","background-size":"auto","background-attachment":"scroll","background-type":"","background-media":"","overlay-type":"","overlay-color":"","overlay-opacity":"","overlay-gradient":""},"tablet":{"background-color":"","background-image":"","background-repeat":"repeat","background-position":"center center","background-size":"auto","background-attachment":"scroll","background-type":"","background-media":"","overlay-type":"","overlay-color":"","overlay-opacity":"","overlay-gradient":""},"mobile":{"background-color":"","background-image":"","background-repeat":"repeat","background-position":"center center","background-size":"auto","background-attachment":"scroll","background-type":"","background-media":"","overlay-type":"","overlay-color":"","overlay-opacity":"","overlay-gradient":""}},"ast-content-background-meta":{"desktop":{"background-color":"var(--ast-global-color-5)","background-image":"","background-repeat":"repeat","background-position":"center center","background-size":"auto","background-attachment":"scroll","background-type":"","background-media":"","overlay-type":"","overlay-color":"","overlay-opacity":"","overlay-gradient":""},"tablet":{"background-color":"var(--ast-global-color-5)","background-image":"","background-repeat":"repeat","background-position":"center center","background-size":"auto","background-attachment":"scroll","background-type":"","background-media":"","overlay-type":"","overlay-color":"","overlay-opacity":"","overlay-gradient":""},"mobile":{"background-color":"var(--ast-global-color-5)","background-image":"","background-repeat":"repeat","background-position":"center center","background-size":"auto","background-attachment":"scroll","background-type":"","background-media":"","overlay-type":"","overlay-color":"","overlay-opacity":"","overlay-gradient":""}}},"product_brand":[],"product_cat":[993],"product_tag":[],"class_list":{"0":"post-5000","1":"product","2":"type-product","3":"status-publish","4":"has-post-thumbnail","6":"product_cat-skotoy-tilbehor","7":"pa_l1dryr04-brun","8":"pa_l1dryr04-gronn","9":"pa_l1dryr04-gul","10":"pa_l1dryr04-kaffe","11":"pa_l1dryr04-rod","12":"pa_l1dryr04-sjokolade","13":"pa_l1dryr04-svart","14":"desktop-align-left","15":"tablet-align-left","16":"mobile-align-left","18":"first","19":"instock","20":"shipping-taxable","21":"purchasable","22":"product-type-variable"},"_links":{"self":[{"href":"https:\/\/keluvo.com\/no\/wp-json\/wp\/v2\/product\/5000","targetHints":{"allow":["GET"]}}],"collection":[{"href":"https:\/\/keluvo.com\/no\/wp-json\/wp\/v2\/product"}],"about":[{"href":"https:\/\/keluvo.com\/no\/wp-json\/wp\/v2\/types\/product"}],"replies":[{"embeddable":true,"href":"https:\/\/keluvo.com\/no\/wp-json\/wp\/v2\/comments?post=5000"}],"wp:featuredmedia":[{"embeddable":true,"href":"https:\/\/keluvo.com\/no\/wp-json\/wp\/v2\/media\/4996"}],"wp:attachment":[{"href":"https:\/\/keluvo.com\/no\/wp-json\/wp\/v2\/media?parent=5000"}],"wp:term":[{"taxonomy":"product_brand","embeddable":true,"href":"https:\/\/keluvo.com\/no\/wp-json\/wp\/v2\/product_brand?post=5000"},{"taxonomy":"product_cat","embeddable":true,"href":"https:\/\/keluvo.com\/no\/wp-json\/wp\/v2\/product_cat?post=5000"},{"taxonomy":"product_tag","embeddable":true,"href":"https:\/\/keluvo.com\/no\/wp-json\/wp\/v2\/product_tag?post=5000"}],"curies":[{"name":"wp","href":"https:\/\/api.w.org\/{rel}","templated":true}]}}