{"id":49967,"date":"2025-10-14T23:02:13","date_gmt":"2025-10-14T20:02:13","guid":{"rendered":"https:\/\/keluvo.com\/no\/produkt\/vakuumforsegler-2\/"},"modified":"2025-10-20T18:38:09","modified_gmt":"2025-10-20T15:38:09","slug":"vakuumforsegler-2","status":"publish","type":"product","link":"https:\/\/keluvo.com\/no\/produkt\/vakuumforsegler-2\/","title":{"rendered":"Vakuumforsegler"},"content":{"rendered":"<p style=\"text-align: center;\" data-start=\"184\" data-end=\"216\"><strong>15 poser er allerede inkludert &#8211; du kan velge \u00e5 inkludere flere poser ovenfor.<\/strong><\/p>\n<p style=\"text-align: center;\" data-start=\"218\" data-end=\"503\">Vakuumforsegleren holder maten ferskere lenger &#8211; noe som reduserer avfall og sparer plass i kj\u00f8leskapet eller fryseren. Enten du skal tilberede m\u00e5ltider, oppbevare matrester eller beskytte ingredienser, leverer dette kompakte verkt\u00f8yet kraftig sug og lufttett forsegling med et tastetrykk.<\/p>\n<p data-start=\"218\" data-end=\"503\"><img decoding=\"async\" class=\"size-full wp-image-30408 aligncenter\" src=\"https:\/\/keluvo.com\/template\/wp-content\/uploads\/sites\/5\/2025\/08\/ezgif-5-6fd9da4a18-1.webp\" alt=\"\" \/><\/p>\n<h2 style=\"text-align: center;\" data-start=\"505\" data-end=\"524\">Hovedfordeler \ud83c\udf7d\ufe0f<\/h2>\n<p data-start=\"527\" data-end=\"592\">\ud83e\uddca Forlenger holdbarheten til kj\u00f8tt, gr\u00f8nnsaker, snacks og annet<\/p>\n<p data-start=\"527\" data-end=\"592\">\ud83e\uddfc Forhindrer fryseskader og \u00f8deleggelse av mat<\/p>\n<p data-start=\"527\" data-end=\"592\">\ud83d\udca8 Kraftig sug og bred forseglingsbredde for tett forsegling<\/p>\n<p data-start=\"527\" data-end=\"592\">\ud83e\uddfa Kompakt og lett &#8211; enkel \u00e5 oppbevare og bruke<\/p>\n<p data-start=\"527\" data-end=\"592\">\ud83c\udf7d\ufe0f Perfekt for hjemmekokker, m\u00e5ltidsforberedere og storinnkj\u00f8pere<\/p>\n<p data-start=\"761\" data-end=\"821\"><img decoding=\"async\" class=\"size-full wp-image-30407 aligncenter\" src=\"https:\/\/keluvo.com\/template\/wp-content\/uploads\/sites\/5\/2025\/08\/7-5-600x600-1.jpg\" alt=\"\" \/><\/p>\n<h2 style=\"text-align: center;\" data-start=\"823\" data-end=\"841\">Slik bruker du den \u2728<\/h2>\n<ol data-start=\"842\" data-end=\"1005\">\n<li data-start=\"842\" data-end=\"881\">Plasser maten i en vakuumpose.<\/li>\n<li data-start=\"842\" data-end=\"881\">Lukk lokket og trykk p\u00e5 knappen &#8211; forseglingen er ferdig i l\u00f8pet av 10-20 sekunder.<\/li>\n<\/ol>\n<h2 style=\"text-align: center;\" data-start=\"1007\" data-end=\"1031\">Produktdetaljer \ud83d\udccb<\/h2>\n<ul data-start=\"1032\" data-end=\"1278\">\n<li data-start=\"1032\" data-end=\"1056\">Forseglingsbredde: 25 mm<\/li>\n<li data-start=\"1032\" data-end=\"1056\">Maks forseglingslengde: 282 mm<\/li>\n<li data-start=\"1032\" data-end=\"1056\">Forseglingstid: 10-20 sekunder<\/li>\n<li data-start=\"1032\" data-end=\"1056\">Effekt: 90W<\/li>\n<li data-start=\"1032\" data-end=\"1056\">Spenning: 100-240V<\/li>\n<li data-start=\"1032\" data-end=\"1056\">St\u00f8rrelse: 350 \u00d7 68 \u00d7 48 mm<\/li>\n<li data-start=\"1032\" data-end=\"1056\">Vekt: ~363g<\/li>\n<li data-start=\"1032\" data-end=\"1056\">Ekstrautstyr: Silikonavtrekksventil for sikker trykkavlastning<\/li>\n<\/ul>\n<h2 style=\"text-align: center;\" data-start=\"1280\" data-end=\"1305\">Pakken inneholder \ud83d\udce6<\/h2>\n<ul data-start=\"1306\" data-end=\"1372\">\n<li data-start=\"1306\" data-end=\"1335\">\n<p data-start=\"1308\" data-end=\"1335\">1x vakuumforsegler<\/p>\n<\/li>\n<li data-start=\"1336\" data-end=\"1353\">\n<p data-start=\"1338\" data-end=\"1353\">1x str\u00f8mledning (EU)<\/p>\n<\/li>\n<li data-start=\"1354\" data-end=\"1372\">\n<p data-start=\"1356\" data-end=\"1372\">1x brukerh\u00e5ndbok.<\/p>\n<\/li>\n<li data-start=\"1354\" data-end=\"1372\">15 eller flere poser hvis valgt<\/li>\n<\/ul>\n","protected":false},"excerpt":{"rendered":"<p>15 poser er allerede inkludert &#8211; du kan velge \u00e5 inkludere flere poser ovenfor. Vakuumforsegleren holder maten ferskere lenger &#8211; [&hellip;]<\/p>\n","protected":false},"featured_media":49963,"comment_status":"open","ping_status":"closed","template":"","meta":{"site-sidebar-layout":"default","site-content-layout":"","ast-site-content-layout":"default","site-content-style":"default","site-sidebar-style":"default","ast-global-header-display":"","ast-banner-title-visibility":"","ast-main-header-display":"","ast-hfb-above-header-display":"","ast-hfb-below-header-display":"","ast-hfb-mobile-header-display":"","site-post-title":"","ast-breadcrumbs-content":"","ast-featured-img":"","footer-sml-layout":"","theme-transparent-header-meta":"default","adv-header-id-meta":"","stick-header-meta":"","header-above-stick-meta":"","header-main-stick-meta":"","header-below-stick-meta":"","astra-migrate-meta-layouts":"set","ast-page-background-enabled":"default","ast-page-background-meta":{"desktop":{"background-color":"var(--ast-global-color-4)","background-image":"","background-repeat":"repeat","background-position":"center center","background-size":"auto","background-attachment":"scroll","background-type":"","background-media":"","overlay-type":"","overlay-color":"","overlay-opacity":"","overlay-gradient":""},"tablet":{"background-color":"","background-image":"","background-repeat":"repeat","background-position":"center center","background-size":"auto","background-attachment":"scroll","background-type":"","background-media":"","overlay-type":"","overlay-color":"","overlay-opacity":"","overlay-gradient":""},"mobile":{"background-color":"","background-image":"","background-repeat":"repeat","background-position":"center center","background-size":"auto","background-attachment":"scroll","background-type":"","background-media":"","overlay-type":"","overlay-color":"","overlay-opacity":"","overlay-gradient":""}},"ast-content-background-meta":{"desktop":{"background-color":"var(--ast-global-color-5)","background-image":"","background-repeat":"repeat","background-position":"center center","background-size":"auto","background-attachment":"scroll","background-type":"","background-media":"","overlay-type":"","overlay-color":"","overlay-opacity":"","overlay-gradient":""},"tablet":{"background-color":"var(--ast-global-color-5)","background-image":"","background-repeat":"repeat","background-position":"center center","background-size":"auto","background-attachment":"scroll","background-type":"","background-media":"","overlay-type":"","overlay-color":"","overlay-opacity":"","overlay-gradient":""},"mobile":{"background-color":"var(--ast-global-color-5)","background-image":"","background-repeat":"repeat","background-position":"center center","background-size":"auto","background-attachment":"scroll","background-type":"","background-media":"","overlay-type":"","overlay-color":"","overlay-opacity":"","overlay-gradient":""}}},"product_brand":[],"product_cat":[1001],"product_tag":[],"class_list":{"0":"post-49967","1":"product","2":"type-product","3":"status-publish","4":"has-post-thumbnail","6":"product_cat-husholdningsartikler","7":"pa_45808_csqrt68l-ingen-ekstra-poser","8":"pa_45808_csqrt68l-med-10-poser","9":"pa_45808_csqrt68l-med-30-poser","10":"pa_45808_csqrt68l-med-50-poser","11":"desktop-align-left","12":"tablet-align-left","13":"mobile-align-left","15":"first","16":"instock","17":"shipping-taxable","18":"purchasable","19":"product-type-variable"},"_links":{"self":[{"href":"https:\/\/keluvo.com\/no\/wp-json\/wp\/v2\/product\/49967","targetHints":{"allow":["GET"]}}],"collection":[{"href":"https:\/\/keluvo.com\/no\/wp-json\/wp\/v2\/product"}],"about":[{"href":"https:\/\/keluvo.com\/no\/wp-json\/wp\/v2\/types\/product"}],"replies":[{"embeddable":true,"href":"https:\/\/keluvo.com\/no\/wp-json\/wp\/v2\/comments?post=49967"}],"wp:featuredmedia":[{"embeddable":true,"href":"https:\/\/keluvo.com\/no\/wp-json\/wp\/v2\/media\/49963"}],"wp:attachment":[{"href":"https:\/\/keluvo.com\/no\/wp-json\/wp\/v2\/media?parent=49967"}],"wp:term":[{"taxonomy":"product_brand","embeddable":true,"href":"https:\/\/keluvo.com\/no\/wp-json\/wp\/v2\/product_brand?post=49967"},{"taxonomy":"product_cat","embeddable":true,"href":"https:\/\/keluvo.com\/no\/wp-json\/wp\/v2\/product_cat?post=49967"},{"taxonomy":"product_tag","embeddable":true,"href":"https:\/\/keluvo.com\/no\/wp-json\/wp\/v2\/product_tag?post=49967"}],"curies":[{"name":"wp","href":"https:\/\/api.w.org\/{rel}","templated":true}]}}