{"id":49955,"date":"2025-10-14T23:01:13","date_gmt":"2025-10-14T20:01:13","guid":{"rendered":"https:\/\/keluvo.com\/no\/produkt\/air-disk-fotball-2\/"},"modified":"2025-11-11T11:23:23","modified_gmt":"2025-11-11T09:23:23","slug":"air-disk-fotball-2","status":"publish","type":"product","link":"https:\/\/keluvo.com\/no\/produkt\/air-disk-fotball-2\/","title":{"rendered":"Luftskivefotball"},"content":{"rendered":"<p style=\"text-align: center;\" data-start=\"0\" data-end=\"73\"><strong>Luftskivefotball \u2013 innend\u00f8rs moro for barn og hele familien \u26bd\u2728<\/strong><\/p>\n<p style=\"text-align: center;\" data-start=\"75\" data-end=\"382\">Forvandle stuen din til en minifotballbane med denne air disk-fotballen. Det glidende designet og de myke skumkantene gj\u00f8r den trygg for innend\u00f8rs lek, mens de fargerike LED-lysene gj\u00f8r det ekstra spennende for b\u00e5de barn og voksne. Perfekt for regnv\u00e6rsdager, familietid eller for \u00e5 holde barna aktive innend\u00f8rs.<\/p>\n<p data-start=\"75\" data-end=\"382\"><img decoding=\"async\" class=\"size-full wp-image-32117 aligncenter\" src=\"https:\/\/keluvo.com\/template\/wp-content\/uploads\/sites\/5\/2025\/08\/07214-ezgif.com-video-to-webp-converter-2.webp\" alt=\"\" \/><\/p>\n<h2 style=\"text-align: center;\" data-start=\"389\" data-end=\"411\">\ud83c\udf1f Hovedfordeler<\/h2>\n<p data-start=\"414\" data-end=\"459\">\u26bd Glir lett p\u00e5 gulvet for endel\u00f8s moro<\/p>\n<p data-start=\"414\" data-end=\"459\">\ud83d\udca1 Fargerike LED-lys for lek b\u00e5de dag og natt<\/p>\n<p data-start=\"414\" data-end=\"459\">\ud83d\udee1 Myk skumgummi beskytter m\u00f8bler og vegger<\/p>\n<p data-start=\"414\" data-end=\"459\">\ud83d\udc68\u200d\ud83d\udc69\u200d\ud83d\udc67\u200d\ud83d\udc66 Flott for barn og familie<\/p>\n<p data-start=\"414\" data-end=\"459\">\ud83c\udf81 Perfekt gave til bursdager, h\u00f8ytider og lekedager<\/p>\n<p data-start=\"617\" data-end=\"673\"><img decoding=\"async\" class=\"size-full wp-image-32120 aligncenter\" src=\"https:\/\/keluvo.com\/template\/wp-content\/uploads\/sites\/5\/2025\/08\/H83611a0b413a47a9a7bb502c6690349bp.jpg_960x960q75.jpg_.avif\" alt=\"\" \/><\/p>\n<h2 style=\"text-align: center;\" data-start=\"680\" data-end=\"701\">\ud83d\udccc Slik bruker du den<\/h2>\n<ol data-start=\"702\" data-end=\"920\">\n<li data-start=\"702\" data-end=\"753\">Plasser fotballen p\u00e5 et glatt gulv.<\/li>\n<li data-start=\"702\" data-end=\"753\">Sl\u00e5 den p\u00e5 for \u00e5 aktivere viften og LED-lysene.<\/li>\n<li data-start=\"702\" data-end=\"753\">Spark og send pasninger som en ekte fotball &#8211; den flyter og glir!<\/li>\n<li data-start=\"702\" data-end=\"753\">Lek med venner, familie eller alene.<\/li>\n<\/ol>\n<h2 style=\"text-align: center;\" data-start=\"927\" data-end=\"951\">\ud83d\udccf Produktdetaljer<\/h2>\n<ul data-start=\"952\" data-end=\"1087\">\n<li data-start=\"952\" data-end=\"986\">Materiale: ABS + myk skumkant<\/li>\n<li data-start=\"952\" data-end=\"986\">Energialternativer: 4 x AA-batterier (ikke inkludert)<\/li>\n<li data-start=\"952\" data-end=\"986\">Diameter: ca. 18 cm<\/li>\n<li data-start=\"952\" data-end=\"986\">LED-lys som skifter farge<\/li>\n<\/ul>\n<h2 style=\"text-align: center;\" data-start=\"1094\" data-end=\"1119\">\ud83d\udce6 Pakken inneholder<\/h2>\n<ul data-start=\"1120\" data-end=\"1149\">\n<li data-start=\"1120\" data-end=\"1149\">\n<p data-start=\"1122\" data-end=\"1149\">1x luftdiskfotball.<\/p>\n<\/li>\n<\/ul>\n","protected":false},"excerpt":{"rendered":"<p>Luftskivefotball \u2013 innend\u00f8rs moro for barn og hele familien \u26bd\u2728 Forvandle stuen din til en minifotballbane med denne air disk-fotballen. [&hellip;]<\/p>\n","protected":false},"featured_media":49951,"comment_status":"open","ping_status":"closed","template":"","meta":{"site-sidebar-layout":"default","site-content-layout":"","ast-site-content-layout":"default","site-content-style":"default","site-sidebar-style":"default","ast-global-header-display":"","ast-banner-title-visibility":"","ast-main-header-display":"","ast-hfb-above-header-display":"","ast-hfb-below-header-display":"","ast-hfb-mobile-header-display":"","site-post-title":"","ast-breadcrumbs-content":"","ast-featured-img":"","footer-sml-layout":"","theme-transparent-header-meta":"default","adv-header-id-meta":"","stick-header-meta":"","header-above-stick-meta":"","header-main-stick-meta":"","header-below-stick-meta":"","astra-migrate-meta-layouts":"set","ast-page-background-enabled":"default","ast-page-background-meta":{"desktop":{"background-color":"var(--ast-global-color-4)","background-image":"","background-repeat":"repeat","background-position":"center center","background-size":"auto","background-attachment":"scroll","background-type":"","background-media":"","overlay-type":"","overlay-color":"","overlay-opacity":"","overlay-gradient":""},"tablet":{"background-color":"","background-image":"","background-repeat":"repeat","background-position":"center center","background-size":"auto","background-attachment":"scroll","background-type":"","background-media":"","overlay-type":"","overlay-color":"","overlay-opacity":"","overlay-gradient":""},"mobile":{"background-color":"","background-image":"","background-repeat":"repeat","background-position":"center center","background-size":"auto","background-attachment":"scroll","background-type":"","background-media":"","overlay-type":"","overlay-color":"","overlay-opacity":"","overlay-gradient":""}},"ast-content-background-meta":{"desktop":{"background-color":"var(--ast-global-color-5)","background-image":"","background-repeat":"repeat","background-position":"center center","background-size":"auto","background-attachment":"scroll","background-type":"","background-media":"","overlay-type":"","overlay-color":"","overlay-opacity":"","overlay-gradient":""},"tablet":{"background-color":"var(--ast-global-color-5)","background-image":"","background-repeat":"repeat","background-position":"center center","background-size":"auto","background-attachment":"scroll","background-type":"","background-media":"","overlay-type":"","overlay-color":"","overlay-opacity":"","overlay-gradient":""},"mobile":{"background-color":"var(--ast-global-color-5)","background-image":"","background-repeat":"repeat","background-position":"center center","background-size":"auto","background-attachment":"scroll","background-type":"","background-media":"","overlay-type":"","overlay-color":"","overlay-opacity":"","overlay-gradient":""}}},"product_brand":[],"product_cat":[990],"product_tag":[],"class_list":{"0":"post-49955","1":"product","2":"type-product","3":"status-publish","4":"has-post-thumbnail","6":"product_cat-leker-barne-og-babyprodukter","7":"pa_44258_ds2yqdwi-a","8":"pa_44258_ds2yqdwi-b","9":"desktop-align-left","10":"tablet-align-left","11":"mobile-align-left","13":"first","14":"instock","15":"shipping-taxable","16":"purchasable","17":"product-type-simple"},"_links":{"self":[{"href":"https:\/\/keluvo.com\/no\/wp-json\/wp\/v2\/product\/49955","targetHints":{"allow":["GET"]}}],"collection":[{"href":"https:\/\/keluvo.com\/no\/wp-json\/wp\/v2\/product"}],"about":[{"href":"https:\/\/keluvo.com\/no\/wp-json\/wp\/v2\/types\/product"}],"replies":[{"embeddable":true,"href":"https:\/\/keluvo.com\/no\/wp-json\/wp\/v2\/comments?post=49955"}],"wp:featuredmedia":[{"embeddable":true,"href":"https:\/\/keluvo.com\/no\/wp-json\/wp\/v2\/media\/49951"}],"wp:attachment":[{"href":"https:\/\/keluvo.com\/no\/wp-json\/wp\/v2\/media?parent=49955"}],"wp:term":[{"taxonomy":"product_brand","embeddable":true,"href":"https:\/\/keluvo.com\/no\/wp-json\/wp\/v2\/product_brand?post=49955"},{"taxonomy":"product_cat","embeddable":true,"href":"https:\/\/keluvo.com\/no\/wp-json\/wp\/v2\/product_cat?post=49955"},{"taxonomy":"product_tag","embeddable":true,"href":"https:\/\/keluvo.com\/no\/wp-json\/wp\/v2\/product_tag?post=49955"}],"curies":[{"name":"wp","href":"https:\/\/api.w.org\/{rel}","templated":true}]}}