{"id":49925,"date":"2025-10-14T22:59:04","date_gmt":"2025-10-14T19:59:04","guid":{"rendered":"https:\/\/keluvo.com\/no\/produkt\/hjornekontakt-2\/"},"modified":"2025-10-20T18:14:23","modified_gmt":"2025-10-20T15:14:23","slug":"hjornekontakt-2","status":"publish","type":"product","link":"https:\/\/keluvo.com\/no\/produkt\/hjornekontakt-2\/","title":{"rendered":"Hj\u00f8rneforbinder"},"content":{"rendered":"<p style=\"text-align: center;\" data-start=\"138\" data-end=\"442\"><strong>Forsterk m\u00f8blene dine som en proff\u2014sterke, stabile og enkle \u00e5 installere. \ud83e\uddf1<\/strong><\/p>\n<p style=\"text-align: center;\" data-start=\"138\" data-end=\"442\">Disse kraftige hj\u00f8rneforbinderne i metall er den perfekte l\u00f8sningen for stabilisering av m\u00f8bler, hyller, skap og trerammer. Den solide, trekantede konstruksjonen sikrer maksimal b\u00e6reevne og lang holdbarhet. Si farvel til vaklende bord og hengende hyller &#8211; installer \u00e9n gang og nyt livslang styrke.<\/p>\n<p data-start=\"138\" data-end=\"442\"><img decoding=\"async\" class=\"size-full wp-image-29559 aligncenter\" src=\"https:\/\/keluvo.com\/template\/wp-content\/uploads\/sites\/5\/2025\/07\/072112-ezgif.com-video-to-webp-converter-1.webp\" alt=\"\" \/><\/p>\n<h2 style=\"text-align: center;\" data-section-id=\"1unkobh\" data-start=\"541\" data-end=\"561\">Hovedfordeler \ud83d\udd29<\/h2>\n<p data-start=\"563\" data-end=\"1055\">\ud83d\udcd0 Trekantet st\u00f8ttestruktur \u2013 Maksimerer styrke og stabilitet i hvert hj\u00f8rne.<\/p>\n<p data-start=\"563\" data-end=\"1055\">\ud83d\udee0\ufe0f Kraftig konstruksjon \u2013 Laget av tykt rustfritt st\u00e5l for langvarig ytelse.<\/p>\n<p data-start=\"563\" data-end=\"1055\">\ud83d\udd27 Enkel \u00e5 montere \u2013 Forborede hull for rask montering med skruer (inkludert).<\/p>\n<p data-start=\"563\" data-end=\"1055\">\ud83e\ude9a Perfekt for trearbeid \u2013 Ideell for bord, senger, bokhyller, esker og mye mer.<\/p>\n<p data-start=\"563\" data-end=\"1055\">\ud83e\uddf2 Rustbestandig overflate \u2013 Perfekt for innend\u00f8rs eller utend\u00f8rs bruk.<\/p>\n<p data-start=\"563\" data-end=\"1055\">\ud83c\udfaf Usynlig etter montering \u2013 Rene kanter og lavprofildesign.<\/p>\n<p data-start=\"563\" data-end=\"1055\"><img decoding=\"async\" class=\"size-full wp-image-29557 aligncenter\" src=\"https:\/\/keluvo.com\/template\/wp-content\/uploads\/sites\/5\/2025\/07\/9df89a94-8483-4e09-9d05-ca075e4272d4.webp\" alt=\"\" \/><\/p>\n<h2 style=\"text-align: center;\" data-section-id=\"6p6jxn\" data-start=\"1062\" data-end=\"1079\">Slik bruker du den \ud83e\ude9b<\/h2>\n<ol data-start=\"1081\" data-end=\"1342\">\n<li data-start=\"1081\" data-end=\"1145\">Justerer kontakten med det innvendige hj\u00f8rnet p\u00e5 m\u00f8belet.<\/li>\n<li data-start=\"1081\" data-end=\"1145\">Merk av skrueposisjonene ved hjelp av hullene.<\/li>\n<li data-start=\"1081\" data-end=\"1145\">Bor pilothull om n\u00f8dvendig.<\/li>\n<li data-start=\"1081\" data-end=\"1145\">Fest med skruer ved hjelp av en skrutrekker eller drill.<\/li>\n<li data-start=\"1081\" data-end=\"1145\">Gjenta p\u00e5 andre hj\u00f8rner for full forsterkning.<\/li>\n<\/ol>\n<h2 style=\"text-align: center;\" data-section-id=\"1uoa4jh\" data-start=\"1349\" data-end=\"1371\">Produktdetaljer \ud83d\udccf<\/h2>\n<ul data-start=\"1373\" data-end=\"1608\">\n<li data-start=\"1373\" data-end=\"1415\">Materiale: Rustfritt st\u00e5l av h\u00f8y kvalitet<\/li>\n<li data-start=\"1373\" data-end=\"1415\">Finish: Rustbestandig belegg<\/li>\n<li data-start=\"1373\" data-end=\"1415\">Dimensjoner: ~3.2 cm bred x 6.5 cm lang<\/li>\n<li data-start=\"1373\" data-end=\"1415\">Tykkelse: ~2.5 mm<\/li>\n<li data-start=\"1373\" data-end=\"1415\">Vektkapasitet: St\u00f8tter tunge belastninger n\u00e5r den er riktig installert<\/li>\n<\/ul>\n<h2 style=\"text-align: center;\" data-section-id=\"168ap4\" data-start=\"1615\" data-end=\"1638\">Pakken inkluderer \ud83d\udce6<\/h2>\n<ul data-start=\"1640\" data-end=\"1690\">\n<li data-start=\"1640\" data-end=\"1668\">4, 8, 12x metallhj\u00f8rneforbindere<\/li>\n<li data-start=\"1640\" data-end=\"1668\">16, 32, 48x monteringsskruer.<\/li>\n<\/ul>\n","protected":false},"excerpt":{"rendered":"<p>Forsterk m\u00f8blene dine som en proff\u2014sterke, stabile og enkle \u00e5 installere. \ud83e\uddf1 Disse kraftige hj\u00f8rneforbinderne i metall er den perfekte [&hellip;]<\/p>\n","protected":false},"featured_media":49921,"comment_status":"open","ping_status":"closed","template":"","meta":{"site-sidebar-layout":"default","site-content-layout":"","ast-site-content-layout":"default","site-content-style":"default","site-sidebar-style":"default","ast-global-header-display":"","ast-banner-title-visibility":"","ast-main-header-display":"","ast-hfb-above-header-display":"","ast-hfb-below-header-display":"","ast-hfb-mobile-header-display":"","site-post-title":"","ast-breadcrumbs-content":"","ast-featured-img":"","footer-sml-layout":"","theme-transparent-header-meta":"default","adv-header-id-meta":"","stick-header-meta":"","header-above-stick-meta":"","header-main-stick-meta":"","header-below-stick-meta":"","astra-migrate-meta-layouts":"set","ast-page-background-enabled":"default","ast-page-background-meta":{"desktop":{"background-color":"var(--ast-global-color-4)","background-image":"","background-repeat":"repeat","background-position":"center center","background-size":"auto","background-attachment":"scroll","background-type":"","background-media":"","overlay-type":"","overlay-color":"","overlay-opacity":"","overlay-gradient":""},"tablet":{"background-color":"","background-image":"","background-repeat":"repeat","background-position":"center center","background-size":"auto","background-attachment":"scroll","background-type":"","background-media":"","overlay-type":"","overlay-color":"","overlay-opacity":"","overlay-gradient":""},"mobile":{"background-color":"","background-image":"","background-repeat":"repeat","background-position":"center center","background-size":"auto","background-attachment":"scroll","background-type":"","background-media":"","overlay-type":"","overlay-color":"","overlay-opacity":"","overlay-gradient":""}},"ast-content-background-meta":{"desktop":{"background-color":"var(--ast-global-color-5)","background-image":"","background-repeat":"repeat","background-position":"center center","background-size":"auto","background-attachment":"scroll","background-type":"","background-media":"","overlay-type":"","overlay-color":"","overlay-opacity":"","overlay-gradient":""},"tablet":{"background-color":"var(--ast-global-color-5)","background-image":"","background-repeat":"repeat","background-position":"center center","background-size":"auto","background-attachment":"scroll","background-type":"","background-media":"","overlay-type":"","overlay-color":"","overlay-opacity":"","overlay-gradient":""},"mobile":{"background-color":"var(--ast-global-color-5)","background-image":"","background-repeat":"repeat","background-position":"center center","background-size":"auto","background-attachment":"scroll","background-type":"","background-media":"","overlay-type":"","overlay-color":"","overlay-opacity":"","overlay-gradient":""}}},"product_brand":[],"product_cat":[1001,996],"product_tag":[],"class_list":{"0":"post-49925","1":"product","2":"type-product","3":"status-publish","4":"has-post-thumbnail","6":"product_cat-husholdningsartikler","7":"product_cat-verktoy","8":"pa_32271_u3cknmpq-4-stk","9":"pa_32271_u3cknmpq-8-stk","10":"pa_32271_u3cknmpq-12-stk","11":"desktop-align-left","12":"tablet-align-left","13":"mobile-align-left","15":"first","16":"instock","17":"shipping-taxable","18":"purchasable","19":"product-type-variable"},"_links":{"self":[{"href":"https:\/\/keluvo.com\/no\/wp-json\/wp\/v2\/product\/49925","targetHints":{"allow":["GET"]}}],"collection":[{"href":"https:\/\/keluvo.com\/no\/wp-json\/wp\/v2\/product"}],"about":[{"href":"https:\/\/keluvo.com\/no\/wp-json\/wp\/v2\/types\/product"}],"replies":[{"embeddable":true,"href":"https:\/\/keluvo.com\/no\/wp-json\/wp\/v2\/comments?post=49925"}],"wp:featuredmedia":[{"embeddable":true,"href":"https:\/\/keluvo.com\/no\/wp-json\/wp\/v2\/media\/49921"}],"wp:attachment":[{"href":"https:\/\/keluvo.com\/no\/wp-json\/wp\/v2\/media?parent=49925"}],"wp:term":[{"taxonomy":"product_brand","embeddable":true,"href":"https:\/\/keluvo.com\/no\/wp-json\/wp\/v2\/product_brand?post=49925"},{"taxonomy":"product_cat","embeddable":true,"href":"https:\/\/keluvo.com\/no\/wp-json\/wp\/v2\/product_cat?post=49925"},{"taxonomy":"product_tag","embeddable":true,"href":"https:\/\/keluvo.com\/no\/wp-json\/wp\/v2\/product_tag?post=49925"}],"curies":[{"name":"wp","href":"https:\/\/api.w.org\/{rel}","templated":true}]}}