{"id":49909,"date":"2025-10-14T22:57:54","date_gmt":"2025-10-14T19:57:54","guid":{"rendered":"https:\/\/keluvo.com\/no\/produkt\/markor-for-dekkmaling-2\/"},"modified":"2025-10-20T18:07:09","modified_gmt":"2025-10-20T15:07:09","slug":"markor-for-dekkmaling-2","status":"publish","type":"product","link":"https:\/\/keluvo.com\/no\/produkt\/markor-for-dekkmaling-2\/","title":{"rendered":"Mark\u00f8r for dekkmaling"},"content":{"rendered":"<p style=\"text-align: center;\" data-start=\"94\" data-end=\"156\"><strong>\ud83c\udfa8 Gj\u00f8r dekkene dine til et blikkfang \u2014 med en fargeklatt!<\/strong><\/p>\n<p style=\"text-align: center;\" data-start=\"158\" data-end=\"363\">Denne dekkfargemark\u00f8ren gir dekkene dine sterke, levende farger samtidig som den dekker over riper og skrammer. Enten du vil gj\u00f8re bilen din personlig eller restaurere gamle dekk, er det enkelt og morsomt med denne mark\u00f8ren.<\/p>\n<p data-start=\"158\" data-end=\"363\"><img decoding=\"async\" class=\"size-full wp-image-28895 aligncenter\" src=\"https:\/\/keluvo.com\/template\/wp-content\/uploads\/sites\/5\/2025\/07\/1_3_large.webp\" alt=\"\" \/><\/p>\n<h2 style=\"text-align: center;\" data-start=\"365\" data-end=\"385\">\u2705 Hovedfordeler<\/h2>\n<p data-start=\"388\" data-end=\"446\">\ud83d\udede Perfekt for biler, sykler, scootere og til og med leket\u00f8yshjul<\/p>\n<p data-start=\"388\" data-end=\"446\">\ud83c\udf27\ufe0f Vanntett og v\u00e6rbestandig formel<\/p>\n<p data-start=\"388\" data-end=\"446\">\ud83c\udfaf Presis spiss for rene, skarpe bokstaver eller design<\/p>\n<p data-start=\"388\" data-end=\"446\">\ud83c\udfa8 Finnes i 12+ livlige farger for \u00e5 matche din stil<\/p>\n<p data-start=\"388\" data-end=\"446\">\ud83d\udcaa Hurtigt\u00f8rkende, langvarig og holdbar<\/p>\n<p data-start=\"612\" data-end=\"657\"><img decoding=\"async\" class=\"size-full wp-image-28897 aligncenter\" src=\"https:\/\/keluvo.com\/template\/wp-content\/uploads\/sites\/5\/2025\/07\/deb76903-2052-4043-837c-4074f6f0d63e.webp\" alt=\"\" \/><\/p>\n<h2 style=\"text-align: center;\" data-start=\"659\" data-end=\"678\">\ud83d\udee0\ufe0f Slik bruker du mark\u00f8ren<\/h2>\n<ol data-start=\"679\" data-end=\"830\">\n<li data-start=\"679\" data-end=\"703\">Rist den godt.<\/li>\n<li data-start=\"679\" data-end=\"703\">Trykk p\u00e5 spissen til blekket renner ut.<\/li>\n<li data-start=\"679\" data-end=\"703\">Tegn, skriv eller fyll ut direkte p\u00e5 dekket.<\/li>\n<li data-start=\"679\" data-end=\"703\">La det t\u00f8rke &#8211; og du er klar til \u00e5 kj\u00f8re!<\/li>\n<\/ol>\n<h2 style=\"text-align: center;\" data-start=\"832\" data-end=\"855\">\ud83d\udccf Produktdetaljer<\/h2>\n<ul data-start=\"856\" data-end=\"1059\">\n<li data-start=\"856\" data-end=\"909\">Bruk: Dekkbokstaver, dekorasjon, oppussing av riper<\/li>\n<li data-start=\"856\" data-end=\"909\">Egnet for alle dekktyper og overflater<\/li>\n<\/ul>\n<h2 style=\"text-align: center;\" data-start=\"1061\" data-end=\"1085\">\ud83d\udce6 Pakken inneholder<\/h2>\n<ul data-start=\"1086\" data-end=\"1148\">\n<li data-start=\"1086\" data-end=\"1148\">\n<p data-start=\"1088\" data-end=\"1148\">5, 10x dekkmalingspenner.<\/p>\n<\/li>\n<\/ul>\n","protected":false},"excerpt":{"rendered":"<p>\ud83c\udfa8 Gj\u00f8r dekkene dine til et blikkfang \u2014 med en fargeklatt! Denne dekkfargemark\u00f8ren gir dekkene dine sterke, levende farger samtidig [&hellip;]<\/p>\n","protected":false},"featured_media":49905,"comment_status":"open","ping_status":"closed","template":"","meta":{"site-sidebar-layout":"default","site-content-layout":"","ast-site-content-layout":"default","site-content-style":"default","site-sidebar-style":"default","ast-global-header-display":"","ast-banner-title-visibility":"","ast-main-header-display":"","ast-hfb-above-header-display":"","ast-hfb-below-header-display":"","ast-hfb-mobile-header-display":"","site-post-title":"","ast-breadcrumbs-content":"","ast-featured-img":"","footer-sml-layout":"","theme-transparent-header-meta":"default","adv-header-id-meta":"","stick-header-meta":"","header-above-stick-meta":"","header-main-stick-meta":"","header-below-stick-meta":"","astra-migrate-meta-layouts":"set","ast-page-background-enabled":"default","ast-page-background-meta":{"desktop":{"background-color":"var(--ast-global-color-4)","background-image":"","background-repeat":"repeat","background-position":"center center","background-size":"auto","background-attachment":"scroll","background-type":"","background-media":"","overlay-type":"","overlay-color":"","overlay-opacity":"","overlay-gradient":""},"tablet":{"background-color":"","background-image":"","background-repeat":"repeat","background-position":"center center","background-size":"auto","background-attachment":"scroll","background-type":"","background-media":"","overlay-type":"","overlay-color":"","overlay-opacity":"","overlay-gradient":""},"mobile":{"background-color":"","background-image":"","background-repeat":"repeat","background-position":"center center","background-size":"auto","background-attachment":"scroll","background-type":"","background-media":"","overlay-type":"","overlay-color":"","overlay-opacity":"","overlay-gradient":""}},"ast-content-background-meta":{"desktop":{"background-color":"var(--ast-global-color-5)","background-image":"","background-repeat":"repeat","background-position":"center center","background-size":"auto","background-attachment":"scroll","background-type":"","background-media":"","overlay-type":"","overlay-color":"","overlay-opacity":"","overlay-gradient":""},"tablet":{"background-color":"var(--ast-global-color-5)","background-image":"","background-repeat":"repeat","background-position":"center center","background-size":"auto","background-attachment":"scroll","background-type":"","background-media":"","overlay-type":"","overlay-color":"","overlay-opacity":"","overlay-gradient":""},"mobile":{"background-color":"var(--ast-global-color-5)","background-image":"","background-repeat":"repeat","background-position":"center center","background-size":"auto","background-attachment":"scroll","background-type":"","background-media":"","overlay-type":"","overlay-color":"","overlay-opacity":"","overlay-gradient":""}}},"product_brand":[],"product_cat":[998],"product_tag":[],"class_list":{"0":"post-49909","1":"product","2":"type-product","3":"status-publish","4":"has-post-thumbnail","6":"product_cat-bilprodukter","7":"pa_32024_aehcn1k9-5-stk","8":"pa_32024_aehcn1k9-10-stk","9":"desktop-align-left","10":"tablet-align-left","11":"mobile-align-left","13":"first","14":"instock","15":"shipping-taxable","16":"purchasable","17":"product-type-variable"},"_links":{"self":[{"href":"https:\/\/keluvo.com\/no\/wp-json\/wp\/v2\/product\/49909","targetHints":{"allow":["GET"]}}],"collection":[{"href":"https:\/\/keluvo.com\/no\/wp-json\/wp\/v2\/product"}],"about":[{"href":"https:\/\/keluvo.com\/no\/wp-json\/wp\/v2\/types\/product"}],"replies":[{"embeddable":true,"href":"https:\/\/keluvo.com\/no\/wp-json\/wp\/v2\/comments?post=49909"}],"wp:featuredmedia":[{"embeddable":true,"href":"https:\/\/keluvo.com\/no\/wp-json\/wp\/v2\/media\/49905"}],"wp:attachment":[{"href":"https:\/\/keluvo.com\/no\/wp-json\/wp\/v2\/media?parent=49909"}],"wp:term":[{"taxonomy":"product_brand","embeddable":true,"href":"https:\/\/keluvo.com\/no\/wp-json\/wp\/v2\/product_brand?post=49909"},{"taxonomy":"product_cat","embeddable":true,"href":"https:\/\/keluvo.com\/no\/wp-json\/wp\/v2\/product_cat?post=49909"},{"taxonomy":"product_tag","embeddable":true,"href":"https:\/\/keluvo.com\/no\/wp-json\/wp\/v2\/product_tag?post=49909"}],"curies":[{"name":"wp","href":"https:\/\/api.w.org\/{rel}","templated":true}]}}