{"id":49856,"date":"2025-10-14T22:54:06","date_gmt":"2025-10-14T19:54:06","guid":{"rendered":"https:\/\/keluvo.com\/no\/produkt\/rengjoringsmidler-for-dusjhoder-2\/"},"modified":"2025-10-20T16:48:27","modified_gmt":"2025-10-20T13:48:27","slug":"rengjoringsmidler-for-dusjhoder-2","status":"publish","type":"product","link":"https:\/\/keluvo.com\/no\/produkt\/rengjoringsmidler-for-dusjhoder-2\/","title":{"rendered":"Rengj\u00f8ringsmidler for dusjhoder"},"content":{"rendered":"<p style=\"text-align: center;\" data-start=\"189\" data-end=\"231\"><strong>Fjern tilstoppingen av dusjhodet p\u00e5 sekunder \ud83d\udebf\ud83e\uddfc<\/strong><\/p>\n<p style=\"text-align: center;\" data-start=\"233\" data-end=\"441\">Mineralavleiringer eller mugg som blokkerer vannstr\u00e5len? Disse presisjonsdusjhodespylerne fjerner enkelt smuss, kalk og bakterier fra sm\u00e5 vannhull, og gir dusjen liv igjen p\u00e5 null komma niks. Hvert verkt\u00f8y er designet for trange rom og gj\u00f8r underverker p\u00e5 dusjhoder, vaskekraner, USB-porter og mye mer.<\/p>\n<p data-start=\"233\" data-end=\"441\"><img decoding=\"async\" class=\"size-full wp-image-33450 aligncenter\" src=\"https:\/\/keluvo.com\/template\/wp-content\/uploads\/sites\/5\/2025\/08\/22916017f2c157e18ca1f4bf4d199435996cf930_480x480.webp\" alt=\"\" \/><\/p>\n<h2 style=\"text-align: center;\">Hovedfordeler \ud83e\uddfd<\/h2>\n<p data-start=\"578\" data-end=\"642\">\ud83e\uddfc Fjerner kalk, smuss, mugg, og bakterier fra sm\u00e5 hull<\/p>\n<p data-start=\"578\" data-end=\"642\">\ud83d\udebf Gjenoppretter jevn vannstr\u00f8m fra dusjhodet<\/p>\n<p data-start=\"578\" data-end=\"642\">\u270d\ufe0f Ultrafine b\u00f8rster for presis rengj\u00f8ring<\/p>\n<p data-start=\"578\" data-end=\"642\">\u270b Komfortabelt sklisikkert grep for enkel h\u00e5ndtering<\/p>\n<p data-start=\"578\" data-end=\"642\">\ud83e\uddf3 Kompakt og lett &#8211; perfekt for reiser eller verkt\u00f8ykasser<\/p>\n<p data-start=\"578\" data-end=\"642\">\ud83d\udd01 Slitesterk og gjenbrukbar &#8211; laget for \u00e5 vare<\/p>\n<p data-start=\"860\" data-end=\"897\"><img decoding=\"async\" class=\"size-full wp-image-33454 aligncenter\" src=\"https:\/\/keluvo.com\/template\/wp-content\/uploads\/sites\/5\/2025\/08\/S1abb450f7b3c45deace3903128473d47g.jpg_960x960q75.jpg_.avif\" alt=\"\" \/><\/p>\n<h2 style=\"text-align: center;\" data-start=\"904\" data-end=\"924\">Slik bruker du den \ud83d\udee0\ufe0f<\/h2>\n<ol data-start=\"926\" data-end=\"1109\">\n<li data-start=\"926\" data-end=\"977\">Sett b\u00f8rsten forsiktig inn i hvert blokkerte hull.<\/li>\n<li data-start=\"926\" data-end=\"977\">Skyll b\u00f8rsten med vann etter bruk.<\/li>\n<li data-start=\"926\" data-end=\"977\">Oppbevar den p\u00e5 et t\u00f8rt sted &#8211; ikke bruk blekemiddel.<\/li>\n<\/ol>\n<h2 style=\"text-align: center;\" data-start=\"1116\" data-end=\"1137\">Produktdetaljer \ud83d\udccf<\/h2>\n<ul data-start=\"1139\" data-end=\"1230\">\n<li data-start=\"1139\" data-end=\"1191\">Materiale: Nylon + plast<\/li>\n<li data-start=\"1139\" data-end=\"1191\">Vekt: 12 g<\/li>\n<li data-start=\"1139\" data-end=\"1191\">St\u00f8rrelse: Egnet for diameter st\u00f8rre enn 0,7 mm\n<p>&nbsp;<\/li>\n<\/ul>\n<h2 style=\"text-align: center;\" data-start=\"1237\" data-end=\"1259\">Pakken inkluderer \ud83d\udce6<\/h2>\n<ul data-start=\"1261\" data-end=\"1295\">\n<li data-start=\"1261\" data-end=\"1295\">\n<p data-start=\"1263\" data-end=\"1295\">10, 30x dusjhode rengj\u00f8ringsmidler.<\/p>\n<\/li>\n<\/ul>\n","protected":false},"excerpt":{"rendered":"<p>Fjern tilstoppingen av dusjhodet p\u00e5 sekunder \ud83d\udebf\ud83e\uddfc Mineralavleiringer eller mugg som blokkerer vannstr\u00e5len? Disse presisjonsdusjhodespylerne fjerner enkelt smuss, kalk og [&hellip;]<\/p>\n","protected":false},"featured_media":49852,"comment_status":"open","ping_status":"closed","template":"","meta":{"site-sidebar-layout":"default","site-content-layout":"","ast-site-content-layout":"default","site-content-style":"default","site-sidebar-style":"default","ast-global-header-display":"","ast-banner-title-visibility":"","ast-main-header-display":"","ast-hfb-above-header-display":"","ast-hfb-below-header-display":"","ast-hfb-mobile-header-display":"","site-post-title":"","ast-breadcrumbs-content":"","ast-featured-img":"","footer-sml-layout":"","theme-transparent-header-meta":"default","adv-header-id-meta":"","stick-header-meta":"","header-above-stick-meta":"","header-main-stick-meta":"","header-below-stick-meta":"","astra-migrate-meta-layouts":"set","ast-page-background-enabled":"default","ast-page-background-meta":{"desktop":{"background-color":"var(--ast-global-color-4)","background-image":"","background-repeat":"repeat","background-position":"center center","background-size":"auto","background-attachment":"scroll","background-type":"","background-media":"","overlay-type":"","overlay-color":"","overlay-opacity":"","overlay-gradient":""},"tablet":{"background-color":"","background-image":"","background-repeat":"repeat","background-position":"center center","background-size":"auto","background-attachment":"scroll","background-type":"","background-media":"","overlay-type":"","overlay-color":"","overlay-opacity":"","overlay-gradient":""},"mobile":{"background-color":"","background-image":"","background-repeat":"repeat","background-position":"center center","background-size":"auto","background-attachment":"scroll","background-type":"","background-media":"","overlay-type":"","overlay-color":"","overlay-opacity":"","overlay-gradient":""}},"ast-content-background-meta":{"desktop":{"background-color":"var(--ast-global-color-5)","background-image":"","background-repeat":"repeat","background-position":"center center","background-size":"auto","background-attachment":"scroll","background-type":"","background-media":"","overlay-type":"","overlay-color":"","overlay-opacity":"","overlay-gradient":""},"tablet":{"background-color":"var(--ast-global-color-5)","background-image":"","background-repeat":"repeat","background-position":"center center","background-size":"auto","background-attachment":"scroll","background-type":"","background-media":"","overlay-type":"","overlay-color":"","overlay-opacity":"","overlay-gradient":""},"mobile":{"background-color":"var(--ast-global-color-5)","background-image":"","background-repeat":"repeat","background-position":"center center","background-size":"auto","background-attachment":"scroll","background-type":"","background-media":"","overlay-type":"","overlay-color":"","overlay-opacity":"","overlay-gradient":""}}},"product_brand":[],"product_cat":[1001],"product_tag":[],"class_list":{"0":"post-49856","1":"product","2":"type-product","3":"status-publish","4":"has-post-thumbnail","6":"product_cat-husholdningsartikler","7":"pa_21340_avgiwk0j-10-stk","8":"pa_21340_avgiwk0j-20-stk","9":"pa_21340_avgiwk0j-30-stk","10":"pa_21340_avgiwk0j-40-stk","11":"pa_21340_avgiwk0j-50-stk","12":"desktop-align-left","13":"tablet-align-left","14":"mobile-align-left","16":"first","17":"instock","18":"shipping-taxable","19":"purchasable","20":"product-type-variable"},"_links":{"self":[{"href":"https:\/\/keluvo.com\/no\/wp-json\/wp\/v2\/product\/49856","targetHints":{"allow":["GET"]}}],"collection":[{"href":"https:\/\/keluvo.com\/no\/wp-json\/wp\/v2\/product"}],"about":[{"href":"https:\/\/keluvo.com\/no\/wp-json\/wp\/v2\/types\/product"}],"replies":[{"embeddable":true,"href":"https:\/\/keluvo.com\/no\/wp-json\/wp\/v2\/comments?post=49856"}],"wp:featuredmedia":[{"embeddable":true,"href":"https:\/\/keluvo.com\/no\/wp-json\/wp\/v2\/media\/49852"}],"wp:attachment":[{"href":"https:\/\/keluvo.com\/no\/wp-json\/wp\/v2\/media?parent=49856"}],"wp:term":[{"taxonomy":"product_brand","embeddable":true,"href":"https:\/\/keluvo.com\/no\/wp-json\/wp\/v2\/product_brand?post=49856"},{"taxonomy":"product_cat","embeddable":true,"href":"https:\/\/keluvo.com\/no\/wp-json\/wp\/v2\/product_cat?post=49856"},{"taxonomy":"product_tag","embeddable":true,"href":"https:\/\/keluvo.com\/no\/wp-json\/wp\/v2\/product_tag?post=49856"}],"curies":[{"name":"wp","href":"https:\/\/api.w.org\/{rel}","templated":true}]}}