{"id":49810,"date":"2025-10-14T22:49:41","date_gmt":"2025-10-14T19:49:41","guid":{"rendered":"https:\/\/keluvo.com\/no\/produkt\/sklisikre-teppeputer-12-stk\/"},"modified":"2025-10-20T16:40:42","modified_gmt":"2025-10-20T13:40:42","slug":"sklisikre-teppeputer-12-stk","status":"publish","type":"product","link":"https:\/\/keluvo.com\/no\/produkt\/sklisikre-teppeputer-12-stk\/","title":{"rendered":"Sklisikre teppeputer (12 stk)"},"content":{"rendered":"<p style=\"text-align: center;\" data-start=\"41\" data-end=\"272\">Hold tepper og matter perfekt p\u00e5 plass med disse gjenbrukbare, sklisikre teppeputene. De er designet med sterkt klebemiddel og slitesterkt materiale, og forhindrer at hj\u00f8rnene kr\u00f8ller seg, sklir eller beveger seg &#8211; noe som gj\u00f8r hjemmet ditt tryggere og ryddigere.<\/p>\n<p data-start=\"41\" data-end=\"272\"><img decoding=\"async\" class=\"size-full wp-image-32383 aligncenter\" src=\"https:\/\/keluvo.com\/template\/wp-content\/uploads\/sites\/5\/2025\/08\/c0141bf1-ac8e-41ed-876d-9aa53917440d.jpg\" alt=\"\" \/><\/p>\n<h2 style=\"text-align: center;\" data-start=\"279\" data-end=\"301\">Hovedfordeler<\/h2>\n<p data-start=\"304\" data-end=\"372\">\ud83d\udee1\ufe0f Forhindrer skliing og ulykker &#8211; holder tepper sikre p\u00e5 alle gulv<\/p>\n<p data-start=\"304\" data-end=\"372\">\ud83d\udd04 Gjenbrukbart design &#8211; enkel \u00e5 rengj\u00f8re og feste p\u00e5 nytt<\/p>\n<p data-start=\"304\" data-end=\"372\">\ud83d\udcd0 Usynlig og slank &#8211; passer perfekt under teppehj\u00f8rner uten \u00e5 ta mye plass<\/p>\n<p data-start=\"304\" data-end=\"372\">\ud83e\uddfc Enkel \u00e5 vedlikeholde &#8211; bare t\u00f8rk av med vann for \u00e5 gjenopprette klebrigheten<\/p>\n<p data-start=\"304\" data-end=\"372\">\ud83c\udfe0 Fungerer p\u00e5 alle overflater &#8211; tre, fliser, laminat eller marmor<\/p>\n<p data-start=\"565\" data-end=\"626\"><img decoding=\"async\" class=\"size-full wp-image-32388 aligncenter\" src=\"https:\/\/keluvo.com\/template\/wp-content\/uploads\/sites\/5\/2025\/08\/916c38fc-e550-43d1-afab-521a1eda1b52.webp\" alt=\"\" \/><\/p>\n<h2 style=\"text-align: center;\" data-start=\"633\" data-end=\"652\">Hvordan bruke teppeputene<\/h2>\n<ol data-start=\"653\" data-end=\"827\">\n<li data-start=\"653\" data-end=\"687\">Trekk av beskyttelsesfilmen.<\/li>\n<li data-start=\"653\" data-end=\"687\">Fest hver pute i hj\u00f8rnene p\u00e5 teppet.<\/li>\n<li data-start=\"653\" data-end=\"687\">Trykk godt for \u00e5 feste den til gulvet.<\/li>\n<li data-start=\"653\" data-end=\"687\">Fjern den og skyll med vann for gjenbruk.<\/li>\n<\/ol>\n<h2 style=\"text-align: center;\" data-start=\"834\" data-end=\"858\">Produktdetaljer<\/h2>\n<ul data-start=\"859\" data-end=\"972\">\n<li data-start=\"859\" data-end=\"890\">Materiale: PU + silikongel<\/li>\n<li data-start=\"859\" data-end=\"890\">St\u00f8rrelse: ca. 15,5 x 11 x 7,7 cm hver<\/li>\n<li data-start=\"859\" data-end=\"890\"><span style=\"font-size: 16px;\">Farge: svart<\/span><\/li>\n<\/ul>\n<h2 style=\"text-align: center;\" data-start=\"979\" data-end=\"1004\">Pakken inkluderer<\/h2>\n<ul data-start=\"1005\" data-end=\"1035\">\n<li data-start=\"1005\" data-end=\"1035\">\n<p data-start=\"1007\" data-end=\"1035\">2x sklisikre teppeputer.<\/p>\n<\/li>\n<\/ul>\n","protected":false},"excerpt":{"rendered":"<p>Hold tepper og matter perfekt p\u00e5 plass med disse gjenbrukbare, sklisikre teppeputene. De er designet med sterkt klebemiddel og slitesterkt [&hellip;]<\/p>\n","protected":false},"featured_media":49806,"comment_status":"open","ping_status":"closed","template":"","meta":{"site-sidebar-layout":"default","site-content-layout":"","ast-site-content-layout":"default","site-content-style":"default","site-sidebar-style":"default","ast-global-header-display":"","ast-banner-title-visibility":"","ast-main-header-display":"","ast-hfb-above-header-display":"","ast-hfb-below-header-display":"","ast-hfb-mobile-header-display":"","site-post-title":"","ast-breadcrumbs-content":"","ast-featured-img":"","footer-sml-layout":"","theme-transparent-header-meta":"default","adv-header-id-meta":"","stick-header-meta":"","header-above-stick-meta":"","header-main-stick-meta":"","header-below-stick-meta":"","astra-migrate-meta-layouts":"set","ast-page-background-enabled":"default","ast-page-background-meta":{"desktop":{"background-color":"var(--ast-global-color-4)","background-image":"","background-repeat":"repeat","background-position":"center center","background-size":"auto","background-attachment":"scroll","background-type":"","background-media":"","overlay-type":"","overlay-color":"","overlay-opacity":"","overlay-gradient":""},"tablet":{"background-color":"","background-image":"","background-repeat":"repeat","background-position":"center center","background-size":"auto","background-attachment":"scroll","background-type":"","background-media":"","overlay-type":"","overlay-color":"","overlay-opacity":"","overlay-gradient":""},"mobile":{"background-color":"","background-image":"","background-repeat":"repeat","background-position":"center center","background-size":"auto","background-attachment":"scroll","background-type":"","background-media":"","overlay-type":"","overlay-color":"","overlay-opacity":"","overlay-gradient":""}},"ast-content-background-meta":{"desktop":{"background-color":"var(--ast-global-color-5)","background-image":"","background-repeat":"repeat","background-position":"center center","background-size":"auto","background-attachment":"scroll","background-type":"","background-media":"","overlay-type":"","overlay-color":"","overlay-opacity":"","overlay-gradient":""},"tablet":{"background-color":"var(--ast-global-color-5)","background-image":"","background-repeat":"repeat","background-position":"center center","background-size":"auto","background-attachment":"scroll","background-type":"","background-media":"","overlay-type":"","overlay-color":"","overlay-opacity":"","overlay-gradient":""},"mobile":{"background-color":"var(--ast-global-color-5)","background-image":"","background-repeat":"repeat","background-position":"center center","background-size":"auto","background-attachment":"scroll","background-type":"","background-media":"","overlay-type":"","overlay-color":"","overlay-opacity":"","overlay-gradient":""}}},"product_brand":[],"product_cat":[1001],"product_tag":[],"class_list":{"0":"post-49810","1":"product","2":"type-product","3":"status-publish","4":"has-post-thumbnail","6":"product_cat-husholdningsartikler","7":"pa_20266_m5fx0h9r-4-stk","8":"pa_20266_m5fx0h9r-8-stk","9":"pa_20266_m5fx0h9r-12-stk","10":"desktop-align-left","11":"tablet-align-left","12":"mobile-align-left","14":"first","15":"instock","16":"shipping-taxable","17":"purchasable","18":"product-type-simple"},"_links":{"self":[{"href":"https:\/\/keluvo.com\/no\/wp-json\/wp\/v2\/product\/49810","targetHints":{"allow":["GET"]}}],"collection":[{"href":"https:\/\/keluvo.com\/no\/wp-json\/wp\/v2\/product"}],"about":[{"href":"https:\/\/keluvo.com\/no\/wp-json\/wp\/v2\/types\/product"}],"replies":[{"embeddable":true,"href":"https:\/\/keluvo.com\/no\/wp-json\/wp\/v2\/comments?post=49810"}],"wp:featuredmedia":[{"embeddable":true,"href":"https:\/\/keluvo.com\/no\/wp-json\/wp\/v2\/media\/49806"}],"wp:attachment":[{"href":"https:\/\/keluvo.com\/no\/wp-json\/wp\/v2\/media?parent=49810"}],"wp:term":[{"taxonomy":"product_brand","embeddable":true,"href":"https:\/\/keluvo.com\/no\/wp-json\/wp\/v2\/product_brand?post=49810"},{"taxonomy":"product_cat","embeddable":true,"href":"https:\/\/keluvo.com\/no\/wp-json\/wp\/v2\/product_cat?post=49810"},{"taxonomy":"product_tag","embeddable":true,"href":"https:\/\/keluvo.com\/no\/wp-json\/wp\/v2\/product_tag?post=49810"}],"curies":[{"name":"wp","href":"https:\/\/api.w.org\/{rel}","templated":true}]}}