{"id":49788,"date":"2025-10-14T22:48:42","date_gmt":"2025-10-14T19:48:42","guid":{"rendered":"https:\/\/keluvo.com\/no\/produkt\/overraskelseseske-2\/"},"modified":"2025-10-20T16:38:12","modified_gmt":"2025-10-20T13:38:12","slug":"overraskelseseske-2","status":"publish","type":"product","link":"https:\/\/keluvo.com\/no\/produkt\/overraskelseseske-2\/","title":{"rendered":"Overraskelseseske"},"content":{"rendered":"<p style=\"text-align: center;\" data-start=\"0\" data-end=\"60\"><strong>Overaskelses-gaveeske &#8211; Den morsomste m\u00e5ten \u00e5 gi en gave p\u00e5 \ud83c\udf81\u2728<\/strong><\/p>\n<p style=\"text-align: center;\" data-start=\"62\" data-end=\"342\">Gj\u00f8r hver feiring ekstra spesiell med denne lekne overraskelsesesken. Jo flere ganger du \u00e5pner den, jo morsommere blir den &#8211; gjem sm\u00e5 skatter, s\u00f8te lapper eller spesielle gaver inni. Perfekt til bursdager, merkedager og andre anledninger der du \u00f8nsker \u00e5 skape smil og begeistring.<\/p>\n<p data-start=\"62\" data-end=\"342\"><img decoding=\"async\" class=\"size-full wp-image-32265 aligncenter\" src=\"https:\/\/keluvo.com\/template\/wp-content\/uploads\/sites\/5\/2025\/08\/1_2d76e841-6958-4179-b0ef-e0a13dab102c_480x480.webp\" alt=\"\" \/><\/p>\n<h2 style=\"text-align: center;\" data-start=\"349\" data-end=\"371\">Hovedfordeler<\/h2>\n<p data-start=\"374\" data-end=\"424\">\ud83c\udf89 Skaper en morsom, overraskende opppakkingsopplevelse<\/p>\n<p data-start=\"374\" data-end=\"424\">\ud83d\udc8c Perfekt for DIY-gaver &#8211; fyll med lapper, godteri eller sm\u00e5 gaver<\/p>\n<p data-start=\"374\" data-end=\"424\">\ud83c\udf82 Flott til bursdager, h\u00f8ytider og feiringer<\/p>\n<p data-start=\"374\" data-end=\"424\">\ud83e\udde1 En unik m\u00e5te \u00e5 vise kj\u00e6rlighet og omtanke p\u00e5<\/p>\n<p data-start=\"374\" data-end=\"424\">\ud83d\udee1 Slitesterk papirkonstruksjon med lyst, muntert design<\/p>\n<p data-start=\"609\" data-end=\"669\"><img decoding=\"async\" class=\"size-full wp-image-32261 aligncenter\" src=\"https:\/\/keluvo.com\/template\/wp-content\/uploads\/sites\/5\/2025\/08\/f7d7c897f798fc44c391847188c3ac79_f46121b8-8b34-4954-b810-860304376b14_grande.webp\" alt=\"\" \/><\/p>\n<h2 style=\"text-align: center;\" data-start=\"676\" data-end=\"697\">Slik bruker du den<\/h2>\n<ol data-start=\"698\" data-end=\"888\">\n<li data-start=\"698\" data-end=\"762\">Plasser sm\u00e5 gaver, lapper eller overraskelser inni esken.<\/li>\n<li data-start=\"698\" data-end=\"762\">Se gleden n\u00e5r mottakeren \u00e5pner den for \u00e5 avsl\u00f8re de skjulte overraskelsene.<\/li>\n<\/ol>\n<h2 style=\"text-align: center;\" data-start=\"895\" data-end=\"919\">Produktdetaljer<\/h2>\n<ul data-start=\"920\" data-end=\"1045\">\n<li data-start=\"939\" data-end=\"958\">Materiale: papir<\/li>\n<li data-start=\"939\" data-end=\"958\">St\u00f8rrelse: ca. 8 cm x 10 cm x 19 cm<\/li>\n<li data-start=\"939\" data-end=\"958\">Kort inni: 12 stk<\/li>\n<\/ul>\n<h2 style=\"text-align: center;\" data-start=\"1052\" data-end=\"1077\">Pakken inkluderer<\/h2>\n<ul data-start=\"1078\" data-end=\"1107\">\n<li data-start=\"1078\" data-end=\"1107\">\n<p data-start=\"1080\" data-end=\"1107\">1x overraskelseseske.<\/p>\n<\/li>\n<\/ul>\n","protected":false},"excerpt":{"rendered":"<p>Overaskelses-gaveeske &#8211; Den morsomste m\u00e5ten \u00e5 gi en gave p\u00e5 \ud83c\udf81\u2728 Gj\u00f8r hver feiring ekstra spesiell med denne lekne overraskelsesesken. [&hellip;]<\/p>\n","protected":false},"featured_media":49784,"comment_status":"open","ping_status":"closed","template":"","meta":{"site-sidebar-layout":"default","site-content-layout":"","ast-site-content-layout":"default","site-content-style":"default","site-sidebar-style":"default","ast-global-header-display":"","ast-banner-title-visibility":"","ast-main-header-display":"","ast-hfb-above-header-display":"","ast-hfb-below-header-display":"","ast-hfb-mobile-header-display":"","site-post-title":"","ast-breadcrumbs-content":"","ast-featured-img":"","footer-sml-layout":"","theme-transparent-header-meta":"default","adv-header-id-meta":"","stick-header-meta":"","header-above-stick-meta":"","header-main-stick-meta":"","header-below-stick-meta":"","astra-migrate-meta-layouts":"set","ast-page-background-enabled":"default","ast-page-background-meta":{"desktop":{"background-color":"var(--ast-global-color-4)","background-image":"","background-repeat":"repeat","background-position":"center center","background-size":"auto","background-attachment":"scroll","background-type":"","background-media":"","overlay-type":"","overlay-color":"","overlay-opacity":"","overlay-gradient":""},"tablet":{"background-color":"","background-image":"","background-repeat":"repeat","background-position":"center center","background-size":"auto","background-attachment":"scroll","background-type":"","background-media":"","overlay-type":"","overlay-color":"","overlay-opacity":"","overlay-gradient":""},"mobile":{"background-color":"","background-image":"","background-repeat":"repeat","background-position":"center center","background-size":"auto","background-attachment":"scroll","background-type":"","background-media":"","overlay-type":"","overlay-color":"","overlay-opacity":"","overlay-gradient":""}},"ast-content-background-meta":{"desktop":{"background-color":"var(--ast-global-color-5)","background-image":"","background-repeat":"repeat","background-position":"center center","background-size":"auto","background-attachment":"scroll","background-type":"","background-media":"","overlay-type":"","overlay-color":"","overlay-opacity":"","overlay-gradient":""},"tablet":{"background-color":"var(--ast-global-color-5)","background-image":"","background-repeat":"repeat","background-position":"center center","background-size":"auto","background-attachment":"scroll","background-type":"","background-media":"","overlay-type":"","overlay-color":"","overlay-opacity":"","overlay-gradient":""},"mobile":{"background-color":"var(--ast-global-color-5)","background-image":"","background-repeat":"repeat","background-position":"center center","background-size":"auto","background-attachment":"scroll","background-type":"","background-media":"","overlay-type":"","overlay-color":"","overlay-opacity":"","overlay-gradient":""}}},"product_brand":[],"product_cat":[993],"product_tag":[],"class_list":{"0":"post-49788","1":"product","2":"type-product","3":"status-publish","4":"has-post-thumbnail","6":"product_cat-skotoy-tilbehor","7":"pa_18484_laszjn4r-a","8":"pa_18484_laszjn4r-b","9":"pa_18484_laszjn4r-c","10":"pa_18484_laszjn4r-d","11":"pa_18484_laszjn4r-e","12":"pa_18484_laszjn4r-f","13":"desktop-align-left","14":"tablet-align-left","15":"mobile-align-left","17":"first","18":"instock","19":"shipping-taxable","20":"purchasable","21":"product-type-variable"},"_links":{"self":[{"href":"https:\/\/keluvo.com\/no\/wp-json\/wp\/v2\/product\/49788","targetHints":{"allow":["GET"]}}],"collection":[{"href":"https:\/\/keluvo.com\/no\/wp-json\/wp\/v2\/product"}],"about":[{"href":"https:\/\/keluvo.com\/no\/wp-json\/wp\/v2\/types\/product"}],"replies":[{"embeddable":true,"href":"https:\/\/keluvo.com\/no\/wp-json\/wp\/v2\/comments?post=49788"}],"wp:featuredmedia":[{"embeddable":true,"href":"https:\/\/keluvo.com\/no\/wp-json\/wp\/v2\/media\/49784"}],"wp:attachment":[{"href":"https:\/\/keluvo.com\/no\/wp-json\/wp\/v2\/media?parent=49788"}],"wp:term":[{"taxonomy":"product_brand","embeddable":true,"href":"https:\/\/keluvo.com\/no\/wp-json\/wp\/v2\/product_brand?post=49788"},{"taxonomy":"product_cat","embeddable":true,"href":"https:\/\/keluvo.com\/no\/wp-json\/wp\/v2\/product_cat?post=49788"},{"taxonomy":"product_tag","embeddable":true,"href":"https:\/\/keluvo.com\/no\/wp-json\/wp\/v2\/product_tag?post=49788"}],"curies":[{"name":"wp","href":"https:\/\/api.w.org\/{rel}","templated":true}]}}