{"id":4976,"date":"2024-11-15T10:41:38","date_gmt":"2024-11-15T08:41:38","guid":{"rendered":"https:\/\/keluvo.com\/no\/produkt\/sit-up-stang\/"},"modified":"2025-09-03T12:52:21","modified_gmt":"2025-09-03T09:52:21","slug":"sit-up-stang","status":"publish","type":"product","link":"https:\/\/keluvo.com\/no\/produkt\/sit-up-stang\/","title":{"rendered":"Sit up-stang"},"content":{"rendered":"<h2 style=\"text-align: center\"><strong>Selvsugende for stabilitet<\/strong><\/h2>\n<p style=\"text-align: center\">Sit-up-stangen har en kraftig selvsugende mekanisme som festes sikkert til glatte gulv, noe som gir sterk st\u00f8tte for treningen din. Denne designen gj\u00f8r at du kan fokusere p\u00e5 \u00f8velsene dine uten bekymringer, og gir h\u00e5ndfri bruk for en stabil og trygg treningsopplevelse.<\/p>\n<p><img decoding=\"async\" class=\"alignnone size-medium wp-image-3498 aligncenter\" src=\"https:\/\/keluvo.com\/template\/wp-content\/uploads\/sites\/5\/2024\/11\/058755d5-ce60-4d2e-b78a-fef43f75445c.png\" alt=\"\" \/><\/p>\n<h2 style=\"text-align: center\"><strong>justerbar h\u00f8yde for komfort<\/strong><\/h2>\n<p style=\"text-align: center\">Med justerbare h\u00f8ydeinnstillinger kan sit up-stangen enkelt tilpasses for \u00e5 m\u00f8te ulike brukerbehov og treningspreferanser. De tykke skumh\u00e5ndtakene gir et mykt og komfortabelt grep som beskytter f\u00f8ttene mot ubehag ved langvarig bruk.<\/p>\n<p><img decoding=\"async\" class=\"alignnone size-medium wp-image-3493 aligncenter\" src=\"https:\/\/keluvo.com\/template\/wp-content\/uploads\/sites\/5\/2024\/11\/Sa19bfd03e17f4481af9717a45605f6aea.jpg\" alt=\"\" \/><\/p>\n","protected":false},"excerpt":{"rendered":"<p>Selvsugende for stabilitet Sit-up-stangen har en kraftig selvsugende mekanisme som festes sikkert til glatte gulv, noe som gir sterk st\u00f8tte [&hellip;]<\/p>\n","protected":false},"featured_media":4972,"comment_status":"open","ping_status":"closed","template":"","meta":{"site-sidebar-layout":"default","site-content-layout":"","ast-site-content-layout":"default","site-content-style":"default","site-sidebar-style":"default","ast-global-header-display":"","ast-banner-title-visibility":"","ast-main-header-display":"","ast-hfb-above-header-display":"","ast-hfb-below-header-display":"","ast-hfb-mobile-header-display":"","site-post-title":"","ast-breadcrumbs-content":"","ast-featured-img":"","footer-sml-layout":"","theme-transparent-header-meta":"default","adv-header-id-meta":"","stick-header-meta":"","header-above-stick-meta":"","header-main-stick-meta":"","header-below-stick-meta":"","astra-migrate-meta-layouts":"set","ast-page-background-enabled":"default","ast-page-background-meta":{"desktop":{"background-color":"var(--ast-global-color-4)","background-image":"","background-repeat":"repeat","background-position":"center center","background-size":"auto","background-attachment":"scroll","background-type":"","background-media":"","overlay-type":"","overlay-color":"","overlay-opacity":"","overlay-gradient":""},"tablet":{"background-color":"","background-image":"","background-repeat":"repeat","background-position":"center center","background-size":"auto","background-attachment":"scroll","background-type":"","background-media":"","overlay-type":"","overlay-color":"","overlay-opacity":"","overlay-gradient":""},"mobile":{"background-color":"","background-image":"","background-repeat":"repeat","background-position":"center center","background-size":"auto","background-attachment":"scroll","background-type":"","background-media":"","overlay-type":"","overlay-color":"","overlay-opacity":"","overlay-gradient":""}},"ast-content-background-meta":{"desktop":{"background-color":"var(--ast-global-color-5)","background-image":"","background-repeat":"repeat","background-position":"center center","background-size":"auto","background-attachment":"scroll","background-type":"","background-media":"","overlay-type":"","overlay-color":"","overlay-opacity":"","overlay-gradient":""},"tablet":{"background-color":"var(--ast-global-color-5)","background-image":"","background-repeat":"repeat","background-position":"center center","background-size":"auto","background-attachment":"scroll","background-type":"","background-media":"","overlay-type":"","overlay-color":"","overlay-opacity":"","overlay-gradient":""},"mobile":{"background-color":"var(--ast-global-color-5)","background-image":"","background-repeat":"repeat","background-position":"center center","background-size":"auto","background-attachment":"scroll","background-type":"","background-media":"","overlay-type":"","overlay-color":"","overlay-opacity":"","overlay-gradient":""}}},"product_brand":[],"product_cat":[991],"product_tag":[],"class_list":{"0":"post-4976","1":"product","2":"type-product","3":"status-publish","4":"has-post-thumbnail","6":"product_cat-helseprodukter","7":"pa_qhed3f6y-bla","8":"pa_qhed3f6y-lilla","9":"pa_qhed3f6y-rod","10":"pa_qhed3f6y-rosa","11":"pa_qhed3f6y-svart","12":"desktop-align-left","13":"tablet-align-left","14":"mobile-align-left","16":"first","17":"instock","18":"shipping-taxable","19":"purchasable","20":"product-type-variable"},"_links":{"self":[{"href":"https:\/\/keluvo.com\/no\/wp-json\/wp\/v2\/product\/4976","targetHints":{"allow":["GET"]}}],"collection":[{"href":"https:\/\/keluvo.com\/no\/wp-json\/wp\/v2\/product"}],"about":[{"href":"https:\/\/keluvo.com\/no\/wp-json\/wp\/v2\/types\/product"}],"replies":[{"embeddable":true,"href":"https:\/\/keluvo.com\/no\/wp-json\/wp\/v2\/comments?post=4976"}],"wp:featuredmedia":[{"embeddable":true,"href":"https:\/\/keluvo.com\/no\/wp-json\/wp\/v2\/media\/4972"}],"wp:attachment":[{"href":"https:\/\/keluvo.com\/no\/wp-json\/wp\/v2\/media?parent=4976"}],"wp:term":[{"taxonomy":"product_brand","embeddable":true,"href":"https:\/\/keluvo.com\/no\/wp-json\/wp\/v2\/product_brand?post=4976"},{"taxonomy":"product_cat","embeddable":true,"href":"https:\/\/keluvo.com\/no\/wp-json\/wp\/v2\/product_cat?post=4976"},{"taxonomy":"product_tag","embeddable":true,"href":"https:\/\/keluvo.com\/no\/wp-json\/wp\/v2\/product_tag?post=4976"}],"curies":[{"name":"wp","href":"https:\/\/api.w.org\/{rel}","templated":true}]}}