{"id":49749,"date":"2025-10-14T22:45:19","date_gmt":"2025-10-14T19:45:19","guid":{"rendered":"https:\/\/keluvo.com\/no\/produkt\/pute-for-bilsete\/"},"modified":"2025-11-11T11:52:24","modified_gmt":"2025-11-11T09:52:24","slug":"pute-for-bilsete","status":"publish","type":"product","link":"https:\/\/keluvo.com\/no\/produkt\/pute-for-bilsete\/","title":{"rendered":"Pute for bilsete"},"content":{"rendered":"<p style=\"text-align: center;\" data-start=\"0\" data-end=\"40\"><strong>Kj\u00f8r komfortabelt uansett hvor du skal \ud83d\ude97<\/strong><\/p>\n<p style=\"text-align: center;\" data-start=\"41\" data-end=\"312\">Denne bilseteputen gir overlegen nakke- og hodest\u00f8tte med mykt minneskum av h\u00f8y kvalitet som former seg perfekt etter deg. Den er designet for lange kj\u00f8returer, reiser eller daglig pendling, og lindrer nakkespenninger og hjelper deg med \u00e5 holde deg avslappet og fokusert p\u00e5 veien.<\/p>\n<p data-start=\"41\" data-end=\"312\"><img decoding=\"async\" class=\"size-full wp-image-37174 aligncenter\" src=\"https:\/\/keluvo.com\/template\/wp-content\/uploads\/sites\/5\/2025\/10\/10026-ezgif.com-video-to-webp-converter-1.webp\" alt=\"\" \/><\/p>\n<h2 style=\"text-align: center;\" data-start=\"319\" data-end=\"340\">Hovedfordeler \u2705<\/h2>\n<p data-start=\"343\" data-end=\"437\">\ud83d\udca4 Ultimat komfort &#8211; minneskum st\u00f8tter nakken og hodet mykt for en avslappende kj\u00f8retur<\/p>\n<p data-start=\"343\" data-end=\"437\">\ud83e\udde0 Ergonomisk design &#8211; justerer nakkevirvels\u00f8ylen for \u00e5 redusere anstrengelser og utmattelse<\/p>\n<p data-start=\"343\" data-end=\"437\">\ud83c\udf2c\ufe0f Pustende &amp; mykt stoff &#8211; f\u00f8les sk\u00e5nsomt mot huden og holder seg kj\u00f8lig i alle \u00e5rstider<\/p>\n<p data-start=\"343\" data-end=\"437\">\ud83d\ude98 Perfekt for reiser &#8211; ideell for biler, bilturer og lange pendlerreiser<\/p>\n<p data-start=\"343\" data-end=\"437\">\ud83c\udf81 Flott gaveid\u00e9 &#8211; perfekt for alle som kj\u00f8rer ofte eller lider av nakkesmerter<\/p>\n<p data-start=\"698\" data-end=\"786\"><img decoding=\"async\" class=\"size-full wp-image-37172 aligncenter\" src=\"https:\/\/keluvo.com\/template\/wp-content\/uploads\/sites\/5\/2025\/10\/CARCOMFO13331__4cbf547b-1.jpg\" alt=\"\" \/><\/p>\n<h2 style=\"text-align: center;\" data-start=\"793\" data-end=\"813\">Slik bruker du den \ud83d\udee0\ufe0f<\/h2>\n<ol data-start=\"814\" data-end=\"996\">\n<li data-start=\"814\" data-end=\"862\">Plasser puten p\u00e5 nakkest\u00f8tten p\u00e5 bilsetet ditt.<\/li>\n<li data-start=\"814\" data-end=\"862\">Juster h\u00f8yden og vinkelen for optimal nakke- og hodest\u00f8tte.<\/li>\n<li data-start=\"814\" data-end=\"862\">Len deg tilbake, slapp av og nyt en behagelig, stressfri kj\u00f8retur.<\/li>\n<\/ol>\n<h2 style=\"text-align: center;\">Produktdetaljer \u2139\ufe0f<\/h2>\n<ul data-start=\"1028\" data-end=\"1362\">\n<li data-start=\"1028\" data-end=\"1082\">Material: Pustende nettingstoff + minneskum<\/li>\n<li data-start=\"1028\" data-end=\"1082\">Stil: Enkelt, ergonomisk design<\/li>\n<li data-start=\"1028\" data-end=\"1082\">Anvendelig \u00e5rstid: Alle \u00e5rstider<\/li>\n<li data-start=\"1028\" data-end=\"1082\">Funksjoner: Lindrer nakkesmerter, st\u00f8tter ryggraden, forbedrer kroppsholdningen<\/li>\n<li data-start=\"1028\" data-end=\"1082\">St\u00f8rrelser: 30cm x 26cm<\/li>\n<li data-start=\"1028\" data-end=\"1082\">Farge: Svart<\/li>\n<\/ul>\n<h2 style=\"text-align: center;\">Pakken inkluderer \ud83d\udce6<\/h2>\n<ul data-start=\"1395\" data-end=\"1430\">\n<li data-start=\"1395\" data-end=\"1430\">\n<p data-start=\"1397\" data-end=\"1430\">1x bilsetepute.<\/p>\n<\/li>\n<\/ul>\n","protected":false},"excerpt":{"rendered":"<p>Kj\u00f8r komfortabelt uansett hvor du skal \ud83d\ude97 Denne bilseteputen gir overlegen nakke- og hodest\u00f8tte med mykt minneskum av h\u00f8y kvalitet [&hellip;]<\/p>\n","protected":false},"featured_media":49745,"comment_status":"open","ping_status":"closed","template":"","meta":{"site-sidebar-layout":"default","site-content-layout":"","ast-site-content-layout":"default","site-content-style":"default","site-sidebar-style":"default","ast-global-header-display":"","ast-banner-title-visibility":"","ast-main-header-display":"","ast-hfb-above-header-display":"","ast-hfb-below-header-display":"","ast-hfb-mobile-header-display":"","site-post-title":"","ast-breadcrumbs-content":"","ast-featured-img":"","footer-sml-layout":"","theme-transparent-header-meta":"default","adv-header-id-meta":"","stick-header-meta":"","header-above-stick-meta":"","header-main-stick-meta":"","header-below-stick-meta":"","astra-migrate-meta-layouts":"set","ast-page-background-enabled":"default","ast-page-background-meta":{"desktop":{"background-color":"var(--ast-global-color-4)","background-image":"","background-repeat":"repeat","background-position":"center center","background-size":"auto","background-attachment":"scroll","background-type":"","background-media":"","overlay-type":"","overlay-color":"","overlay-opacity":"","overlay-gradient":""},"tablet":{"background-color":"","background-image":"","background-repeat":"repeat","background-position":"center center","background-size":"auto","background-attachment":"scroll","background-type":"","background-media":"","overlay-type":"","overlay-color":"","overlay-opacity":"","overlay-gradient":""},"mobile":{"background-color":"","background-image":"","background-repeat":"repeat","background-position":"center center","background-size":"auto","background-attachment":"scroll","background-type":"","background-media":"","overlay-type":"","overlay-color":"","overlay-opacity":"","overlay-gradient":""}},"ast-content-background-meta":{"desktop":{"background-color":"var(--ast-global-color-5)","background-image":"","background-repeat":"repeat","background-position":"center center","background-size":"auto","background-attachment":"scroll","background-type":"","background-media":"","overlay-type":"","overlay-color":"","overlay-opacity":"","overlay-gradient":""},"tablet":{"background-color":"var(--ast-global-color-5)","background-image":"","background-repeat":"repeat","background-position":"center center","background-size":"auto","background-attachment":"scroll","background-type":"","background-media":"","overlay-type":"","overlay-color":"","overlay-opacity":"","overlay-gradient":""},"mobile":{"background-color":"var(--ast-global-color-5)","background-image":"","background-repeat":"repeat","background-position":"center center","background-size":"auto","background-attachment":"scroll","background-type":"","background-media":"","overlay-type":"","overlay-color":"","overlay-opacity":"","overlay-gradient":""}}},"product_brand":[],"product_cat":[998],"product_tag":[],"class_list":{"0":"post-49749","1":"product","2":"type-product","3":"status-publish","4":"has-post-thumbnail","6":"product_cat-bilprodukter","7":"desktop-align-left","8":"tablet-align-left","9":"mobile-align-left","11":"first","12":"instock","13":"shipping-taxable","14":"purchasable","15":"product-type-simple"},"_links":{"self":[{"href":"https:\/\/keluvo.com\/no\/wp-json\/wp\/v2\/product\/49749","targetHints":{"allow":["GET"]}}],"collection":[{"href":"https:\/\/keluvo.com\/no\/wp-json\/wp\/v2\/product"}],"about":[{"href":"https:\/\/keluvo.com\/no\/wp-json\/wp\/v2\/types\/product"}],"replies":[{"embeddable":true,"href":"https:\/\/keluvo.com\/no\/wp-json\/wp\/v2\/comments?post=49749"}],"wp:featuredmedia":[{"embeddable":true,"href":"https:\/\/keluvo.com\/no\/wp-json\/wp\/v2\/media\/49745"}],"wp:attachment":[{"href":"https:\/\/keluvo.com\/no\/wp-json\/wp\/v2\/media?parent=49749"}],"wp:term":[{"taxonomy":"product_brand","embeddable":true,"href":"https:\/\/keluvo.com\/no\/wp-json\/wp\/v2\/product_brand?post=49749"},{"taxonomy":"product_cat","embeddable":true,"href":"https:\/\/keluvo.com\/no\/wp-json\/wp\/v2\/product_cat?post=49749"},{"taxonomy":"product_tag","embeddable":true,"href":"https:\/\/keluvo.com\/no\/wp-json\/wp\/v2\/product_tag?post=49749"}],"curies":[{"name":"wp","href":"https:\/\/api.w.org\/{rel}","templated":true}]}}