{"id":49713,"date":"2025-10-14T22:43:19","date_gmt":"2025-10-14T19:43:19","guid":{"rendered":"https:\/\/keluvo.com\/no\/produkt\/rengjoringsmiddel-for-smykker\/"},"modified":"2025-11-11T12:22:31","modified_gmt":"2025-11-11T10:22:31","slug":"rengjoringsmiddel-for-smykker","status":"publish","type":"product","link":"https:\/\/keluvo.com\/no\/produkt\/rengjoringsmiddel-for-smykker\/","title":{"rendered":"Rengj\u00f8ringsmiddel for smykker"},"content":{"rendered":"<p style=\"text-align: center;\" data-start=\"0\" data-end=\"44\"><strong>F\u00e5 tilbake glansen i smykkene dine \ud83d\udc8e<\/strong><\/p>\n<p style=\"text-align: center;\" data-start=\"45\" data-end=\"290\">Denne smykkerenseren gir favorittsmykkene dine tilbake sin opprinnelige glans p\u00e5 bare noen minutter. Sikker, rask og effektiv &#8211; den fjerner smuss, flekker og misfarging uten \u00e5 skade \u00f8mfintlige materialer, slik at smykkene dine ser nye ut i m\u00e5nedsvis.<\/p>\n<p data-start=\"45\" data-end=\"290\"><img decoding=\"async\" class=\"size-full wp-image-37147 aligncenter\" src=\"https:\/\/keluvo.com\/template\/wp-content\/uploads\/sites\/5\/2025\/10\/10024-ezgif.com-video-to-webp-converter-1.webp\" alt=\"\" \/><\/p>\n<h2 style=\"text-align: center;\" data-start=\"297\" data-end=\"318\">Hovedfordeler \u2705<\/h2>\n<p data-start=\"321\" data-end=\"387\">\u2728 \u00d8yeblikkelig glans &#8211; f\u00e5r smykkene til \u00e5 glitre igjen i l\u00f8pet av minutter<\/p>\n<p data-start=\"321\" data-end=\"387\">\ud83d\udca7 Sk\u00e5nsom &amp; trygg &#8211; kjemikaliefri, ammoniakkfri og biologisk nedbrytbar formel<\/p>\n<p data-start=\"321\" data-end=\"387\">\ud83d\udc8d Allsidig bruk &#8211; perfekt for gull, s\u00f8lv, diamanter, titan, emalje og mer<\/p>\n<p data-start=\"321\" data-end=\"387\">\ud83e\uddfc Langvarig beskyttelse &#8211; holder smykkene rene i opptil 12 m\u00e5neder<\/p>\n<p data-start=\"321\" data-end=\"387\">\ud83c\udf3f Milj\u00f8vennlig formel &#8211; trygg for hud, smykker og milj\u00f8<\/p>\n<p data-start=\"646\" data-end=\"721\"><img decoding=\"async\" class=\"size-full wp-image-37146 aligncenter\" src=\"https:\/\/keluvo.com\/template\/wp-content\/uploads\/sites\/5\/2025\/10\/Sc565643d4d964ce3b6f66a71e69f1363F.jpg_960x960q75.jpg_.avif\" alt=\"\" \/><\/p>\n<h2 style=\"text-align: center;\" data-start=\"728\" data-end=\"748\">Slik bruker du det \ud83d\udee0\ufe0f<\/h2>\n<ol data-start=\"749\" data-end=\"941\">\n<li data-start=\"749\" data-end=\"809\">Ha en liten mengde rengj\u00f8ringsmiddel p\u00e5 smykket.<\/li>\n<li data-start=\"749\" data-end=\"809\">T\u00f8rk forsiktig frem og tilbake med b\u00f8rsten til overflaten er ren.<\/li>\n<li data-start=\"749\" data-end=\"809\">T\u00f8rk til slutt av med et mykt h\u00e5ndkle for \u00e5 f\u00e5 en str\u00e5lende glans.<\/li>\n<\/ol>\n<h2 style=\"text-align: center;\" data-start=\"948\" data-end=\"972\">Produktdetaljer \u2139\ufe0f<\/h2>\n<ul data-start=\"973\" data-end=\"1243\">\n<li data-start=\"973\" data-end=\"1017\">Net innhold: 30 ml<\/li>\n<li data-start=\"973\" data-end=\"1017\">Formel: Ammoniakkfri, kjemikaliefri, biologisk nedbrytbar<\/li>\n<li data-start=\"973\" data-end=\"1017\">Egnet for: Gull, s\u00f8lv, rustfritt st\u00e5l, titan, diamanter, emalje, myke steiner med mer<\/li>\n<li data-start=\"973\" data-end=\"1017\">Effektvarighet: Opptil 12 m\u00e5neders beskyttelse mot anl\u00f8pning<\/li>\n<li data-start=\"973\" data-end=\"1017\">Settet inneholder: 1x smykkerenser, 1x b\u00f8rste og 2x engangshansker<\/li>\n<\/ul>\n<h2 style=\"text-align: center;\" data-start=\"1250\" data-end=\"1275\">Pakken inneholder \ud83d\udce6<\/h2>\n<ul data-start=\"1276\" data-end=\"1299\">\n<li style=\"list-style-type: none;\">\n<ul data-start=\"1276\" data-end=\"1299\">\n<li data-start=\"1276\" data-end=\"1299\">\n<p data-start=\"1278\" data-end=\"1299\">1, 2, 3x smykkerensersett\/s.<\/p>\n<\/li>\n<\/ul>\n<\/li>\n<\/ul>\n","protected":false},"excerpt":{"rendered":"<p>F\u00e5 tilbake glansen i smykkene dine \ud83d\udc8e Denne smykkerenseren gir favorittsmykkene dine tilbake sin opprinnelige glans p\u00e5 bare noen minutter. [&hellip;]<\/p>\n","protected":false},"featured_media":49709,"comment_status":"open","ping_status":"closed","template":"","meta":{"site-sidebar-layout":"default","site-content-layout":"","ast-site-content-layout":"default","site-content-style":"default","site-sidebar-style":"default","ast-global-header-display":"","ast-banner-title-visibility":"","ast-main-header-display":"","ast-hfb-above-header-display":"","ast-hfb-below-header-display":"","ast-hfb-mobile-header-display":"","site-post-title":"","ast-breadcrumbs-content":"","ast-featured-img":"","footer-sml-layout":"","theme-transparent-header-meta":"default","adv-header-id-meta":"","stick-header-meta":"","header-above-stick-meta":"","header-main-stick-meta":"","header-below-stick-meta":"","astra-migrate-meta-layouts":"set","ast-page-background-enabled":"default","ast-page-background-meta":{"desktop":{"background-color":"var(--ast-global-color-4)","background-image":"","background-repeat":"repeat","background-position":"center center","background-size":"auto","background-attachment":"scroll","background-type":"","background-media":"","overlay-type":"","overlay-color":"","overlay-opacity":"","overlay-gradient":""},"tablet":{"background-color":"","background-image":"","background-repeat":"repeat","background-position":"center center","background-size":"auto","background-attachment":"scroll","background-type":"","background-media":"","overlay-type":"","overlay-color":"","overlay-opacity":"","overlay-gradient":""},"mobile":{"background-color":"","background-image":"","background-repeat":"repeat","background-position":"center center","background-size":"auto","background-attachment":"scroll","background-type":"","background-media":"","overlay-type":"","overlay-color":"","overlay-opacity":"","overlay-gradient":""}},"ast-content-background-meta":{"desktop":{"background-color":"var(--ast-global-color-5)","background-image":"","background-repeat":"repeat","background-position":"center center","background-size":"auto","background-attachment":"scroll","background-type":"","background-media":"","overlay-type":"","overlay-color":"","overlay-opacity":"","overlay-gradient":""},"tablet":{"background-color":"var(--ast-global-color-5)","background-image":"","background-repeat":"repeat","background-position":"center center","background-size":"auto","background-attachment":"scroll","background-type":"","background-media":"","overlay-type":"","overlay-color":"","overlay-opacity":"","overlay-gradient":""},"mobile":{"background-color":"var(--ast-global-color-5)","background-image":"","background-repeat":"repeat","background-position":"center center","background-size":"auto","background-attachment":"scroll","background-type":"","background-media":"","overlay-type":"","overlay-color":"","overlay-opacity":"","overlay-gradient":""}}},"product_brand":[],"product_cat":[993],"product_tag":[],"class_list":{"0":"post-49713","1":"product","2":"type-product","3":"status-publish","4":"has-post-thumbnail","6":"product_cat-skotoy-tilbehor","7":"pa_44576_yz4bhi4y-1-stk","8":"pa_44576_yz4bhi4y-2-stk","9":"pa_44576_yz4bhi4y-3-stk","10":"desktop-align-left","11":"tablet-align-left","12":"mobile-align-left","14":"first","15":"instock","16":"shipping-taxable","17":"purchasable","18":"product-type-variable"},"_links":{"self":[{"href":"https:\/\/keluvo.com\/no\/wp-json\/wp\/v2\/product\/49713","targetHints":{"allow":["GET"]}}],"collection":[{"href":"https:\/\/keluvo.com\/no\/wp-json\/wp\/v2\/product"}],"about":[{"href":"https:\/\/keluvo.com\/no\/wp-json\/wp\/v2\/types\/product"}],"replies":[{"embeddable":true,"href":"https:\/\/keluvo.com\/no\/wp-json\/wp\/v2\/comments?post=49713"}],"wp:featuredmedia":[{"embeddable":true,"href":"https:\/\/keluvo.com\/no\/wp-json\/wp\/v2\/media\/49709"}],"wp:attachment":[{"href":"https:\/\/keluvo.com\/no\/wp-json\/wp\/v2\/media?parent=49713"}],"wp:term":[{"taxonomy":"product_brand","embeddable":true,"href":"https:\/\/keluvo.com\/no\/wp-json\/wp\/v2\/product_brand?post=49713"},{"taxonomy":"product_cat","embeddable":true,"href":"https:\/\/keluvo.com\/no\/wp-json\/wp\/v2\/product_cat?post=49713"},{"taxonomy":"product_tag","embeddable":true,"href":"https:\/\/keluvo.com\/no\/wp-json\/wp\/v2\/product_tag?post=49713"}],"curies":[{"name":"wp","href":"https:\/\/api.w.org\/{rel}","templated":true}]}}