{"id":49695,"date":"2025-10-14T22:42:18","date_gmt":"2025-10-14T19:42:18","guid":{"rendered":"https:\/\/keluvo.com\/no\/produkt\/utviskbare-penner\/"},"modified":"2025-10-20T18:32:01","modified_gmt":"2025-10-20T15:32:01","slug":"utviskbare-penner","status":"publish","type":"product","link":"https:\/\/keluvo.com\/no\/produkt\/utviskbare-penner\/","title":{"rendered":"Utviskbare penner"},"content":{"rendered":"<p style=\"text-align: center;\" data-start=\"0\" data-end=\"33\"><strong>Skriv og slett med letthet \u270d\ufe0f<\/strong><\/p>\n<p style=\"text-align: center;\" data-start=\"34\" data-end=\"260\">Med settet med slettbare penner kan du skrive jevnt og rette opp feil umiddelbart, uten flekker eller papirskader. Perfekt til dagbokskriving, tegning eller notater &#8211; med disse pennene blir hver eneste strek ren og hver eneste rettelse enkel.<\/p>\n<p data-start=\"34\" data-end=\"260\"><img decoding=\"async\" class=\"size-full wp-image-37129 aligncenter\" src=\"https:\/\/keluvo.com\/template\/wp-content\/uploads\/sites\/5\/2025\/10\/10023-ezgif.com-video-to-webp-converter-1.webp\" alt=\"\" \/><\/p>\n<h2 style=\"text-align: center;\" data-start=\"267\" data-end=\"288\">Hovedfordeler \u2705<\/h2>\n<p data-start=\"291\" data-end=\"362\">\ud83d\udd8a\ufe0f Jevn skriving &#8211; glir over papiret med rene, presise linjer<\/p>\n<p data-start=\"291\" data-end=\"362\">\ud83d\udd04 Raderbart blekk &#8211; rett feil enkelt uten \u00e5 rive i stykker siden<\/p>\n<p data-start=\"291\" data-end=\"362\">\ud83c\udfa8 Levende farger &#8211; lyst blekk som er ideelt for notater, kunst og dagbokskriving<\/p>\n<p data-start=\"291\" data-end=\"362\">\ud83d\udcaa Slitesterkt design &#8211; laget av solid plast med komfortabelt grep<\/p>\n<p data-start=\"291\" data-end=\"362\">\ud83e\udde0 Perfekt for studenter &amp; kreative &#8211; perfekt for skole, kontor eller privat bruk<\/p>\n<p data-start=\"591\" data-end=\"676\"><img decoding=\"async\" class=\"size-full wp-image-37134 aligncenter\" src=\"https:\/\/keluvo.com\/template\/wp-content\/uploads\/sites\/5\/2025\/10\/10022-ezgif.com-video-to-webp-converter-1.webp\" alt=\"\" \/><\/p>\n<h2 style=\"text-align: center;\" data-start=\"683\" data-end=\"703\">Slik bruker du den \ud83d\udee0\ufe0f<\/h2>\n<ol data-start=\"704\" data-end=\"893\">\n<li data-start=\"704\" data-end=\"750\">Skriv som du ville gjort med en vanlig gelpenn.<\/li>\n<li data-start=\"704\" data-end=\"750\">For \u00e5 viske ut, gni det innebygde viskel\u00e6ret, eller viskel\u00e6ret som f\u00f8lger med settet, forsiktig over blekkomr\u00e5det.<\/li>\n<li data-start=\"704\" data-end=\"750\">Skriv p\u00e5 nytt umiddelbart &#8211; det slettbare blekket etterlater papiret rent og glatt.<\/li>\n<\/ol>\n<h2 style=\"text-align: center;\" data-start=\"900\" data-end=\"924\">Produktdetaljer \u2139\ufe0f<\/h2>\n<ul data-start=\"925\" data-end=\"1170\">\n<li data-start=\"961\" data-end=\"999\">Material: Plast med gelblekk<\/li>\n<li data-start=\"961\" data-end=\"999\">Pennelengde: 14,7 cm<\/li>\n<li data-start=\"961\" data-end=\"999\">Spissst\u00f8rrelse: 0,5 mm fin spiss<\/li>\n<li data-start=\"961\" data-end=\"999\">Funksjoner: Glatt skrift, lyse farger, blekk som kan viskes ut<\/li>\n<li data-start=\"961\" data-end=\"999\">Bruk til: Journalf\u00f8ring, tegning, notater<\/li>\n<li data-start=\"961\" data-end=\"999\">Farger: Svart, r\u00f8d, bl\u00e5<\/li>\n<\/ul>\n<h2 style=\"text-align: center;\" data-start=\"1177\" data-end=\"1202\">Pakken inneholder \ud83d\udce6<\/h2>\n<ul data-start=\"1203\" data-end=\"1258\">\n<li data-start=\"1203\" data-end=\"1258\">\n<p data-start=\"1205\" data-end=\"1258\">4x slettbar penn<\/p>\n<\/li>\n<li data-start=\"1203\" data-end=\"1258\">\n<p data-start=\"1205\" data-end=\"1258\">50x refiller<\/p>\n<\/li>\n<li data-start=\"1203\" data-end=\"1258\">6x viskel\u00e6r (tilfeldig farge).<\/li>\n<\/ul>\n","protected":false},"excerpt":{"rendered":"<p>Skriv og slett med letthet \u270d\ufe0f Med settet med slettbare penner kan du skrive jevnt og rette opp feil umiddelbart, [&hellip;]<\/p>\n","protected":false},"featured_media":49691,"comment_status":"open","ping_status":"closed","template":"","meta":{"site-sidebar-layout":"default","site-content-layout":"","ast-site-content-layout":"default","site-content-style":"default","site-sidebar-style":"default","ast-global-header-display":"","ast-banner-title-visibility":"","ast-main-header-display":"","ast-hfb-above-header-display":"","ast-hfb-below-header-display":"","ast-hfb-mobile-header-display":"","site-post-title":"","ast-breadcrumbs-content":"","ast-featured-img":"","footer-sml-layout":"","theme-transparent-header-meta":"default","adv-header-id-meta":"","stick-header-meta":"","header-above-stick-meta":"","header-main-stick-meta":"","header-below-stick-meta":"","astra-migrate-meta-layouts":"set","ast-page-background-enabled":"default","ast-page-background-meta":{"desktop":{"background-color":"var(--ast-global-color-4)","background-image":"","background-repeat":"repeat","background-position":"center center","background-size":"auto","background-attachment":"scroll","background-type":"","background-media":"","overlay-type":"","overlay-color":"","overlay-opacity":"","overlay-gradient":""},"tablet":{"background-color":"","background-image":"","background-repeat":"repeat","background-position":"center center","background-size":"auto","background-attachment":"scroll","background-type":"","background-media":"","overlay-type":"","overlay-color":"","overlay-opacity":"","overlay-gradient":""},"mobile":{"background-color":"","background-image":"","background-repeat":"repeat","background-position":"center center","background-size":"auto","background-attachment":"scroll","background-type":"","background-media":"","overlay-type":"","overlay-color":"","overlay-opacity":"","overlay-gradient":""}},"ast-content-background-meta":{"desktop":{"background-color":"var(--ast-global-color-5)","background-image":"","background-repeat":"repeat","background-position":"center center","background-size":"auto","background-attachment":"scroll","background-type":"","background-media":"","overlay-type":"","overlay-color":"","overlay-opacity":"","overlay-gradient":""},"tablet":{"background-color":"var(--ast-global-color-5)","background-image":"","background-repeat":"repeat","background-position":"center center","background-size":"auto","background-attachment":"scroll","background-type":"","background-media":"","overlay-type":"","overlay-color":"","overlay-opacity":"","overlay-gradient":""},"mobile":{"background-color":"var(--ast-global-color-5)","background-image":"","background-repeat":"repeat","background-position":"center center","background-size":"auto","background-attachment":"scroll","background-type":"","background-media":"","overlay-type":"","overlay-color":"","overlay-opacity":"","overlay-gradient":""}}},"product_brand":[],"product_cat":[1001,990,993],"product_tag":[],"class_list":{"0":"post-49695","1":"product","2":"type-product","3":"status-publish","4":"has-post-thumbnail","6":"product_cat-husholdningsartikler","7":"product_cat-leker-barne-og-babyprodukter","8":"product_cat-skotoy-tilbehor","9":"pa_43850_qoxbtkvk-bla","10":"pa_43850_qoxbtkvk-rod","11":"pa_43850_qoxbtkvk-svart","12":"desktop-align-left","13":"tablet-align-left","14":"mobile-align-left","16":"first","17":"instock","18":"shipping-taxable","19":"purchasable","20":"product-type-variable"},"_links":{"self":[{"href":"https:\/\/keluvo.com\/no\/wp-json\/wp\/v2\/product\/49695","targetHints":{"allow":["GET"]}}],"collection":[{"href":"https:\/\/keluvo.com\/no\/wp-json\/wp\/v2\/product"}],"about":[{"href":"https:\/\/keluvo.com\/no\/wp-json\/wp\/v2\/types\/product"}],"replies":[{"embeddable":true,"href":"https:\/\/keluvo.com\/no\/wp-json\/wp\/v2\/comments?post=49695"}],"wp:featuredmedia":[{"embeddable":true,"href":"https:\/\/keluvo.com\/no\/wp-json\/wp\/v2\/media\/49691"}],"wp:attachment":[{"href":"https:\/\/keluvo.com\/no\/wp-json\/wp\/v2\/media?parent=49695"}],"wp:term":[{"taxonomy":"product_brand","embeddable":true,"href":"https:\/\/keluvo.com\/no\/wp-json\/wp\/v2\/product_brand?post=49695"},{"taxonomy":"product_cat","embeddable":true,"href":"https:\/\/keluvo.com\/no\/wp-json\/wp\/v2\/product_cat?post=49695"},{"taxonomy":"product_tag","embeddable":true,"href":"https:\/\/keluvo.com\/no\/wp-json\/wp\/v2\/product_tag?post=49695"}],"curies":[{"name":"wp","href":"https:\/\/api.w.org\/{rel}","templated":true}]}}