{"id":49667,"date":"2025-10-14T18:17:48","date_gmt":"2025-10-14T15:17:48","guid":{"rendered":"https:\/\/keluvo.com\/no\/produkt\/lekebil\/"},"modified":"2025-10-20T18:28:57","modified_gmt":"2025-10-20T15:28:57","slug":"lekebil","status":"publish","type":"product","link":"https:\/\/keluvo.com\/no\/produkt\/lekebil\/","title":{"rendered":"Lekebil"},"content":{"rendered":"<p style=\"text-align: center;\" data-start=\"0\" data-end=\"60\"><strong>Forvandle leken til et spennende racingeventyr \ud83d\ude9b<\/strong><\/p>\n<p style=\"text-align: center;\" data-start=\"61\" data-end=\"310\">Lekebilen er mer enn bare en lastebil &#8211; det er en forvandlingsbar racerbane som gir uendelig mye moro og kreativitet. Med en enkel bevegelse forvandles den til en racerbane med to baner der barna kan kj\u00f8re om kapp med minibilene sine og nyte timevis med spennende lek.<\/p>\n<p data-start=\"61\" data-end=\"310\"><img decoding=\"async\" class=\"size-full wp-image-37120 aligncenter\" src=\"https:\/\/keluvo.com\/template\/wp-content\/uploads\/sites\/5\/2025\/10\/f9831fc57b23e723397a5f78e58ef773395eb022.webp\" alt=\"\" \/><\/p>\n<h2 style=\"text-align: center;\" data-start=\"317\" data-end=\"338\">Hovedfordeler \u2705<\/h2>\n<p data-start=\"341\" data-end=\"419\">\ud83d\ude97 2-i-1-moro &#8211; forvandles fra en lastebil til en lang racerbane med to kj\u00f8refelt<\/p>\n<p data-start=\"341\" data-end=\"419\">\ud83e\udde0 Oppmuntrer til l\u00e6ring og kreativitet &#8211; hjelper barna med \u00e5 forbedre fantasi og samarbeid<\/p>\n<p data-start=\"341\" data-end=\"419\">\ud83d\udc66 Perfekt for gruppelek &#8211; to barn kan kj\u00f8re sammen for dobbelt s\u00e5 mye spenning<\/p>\n<p data-start=\"341\" data-end=\"419\">\ud83d\udcaa Slitesterk og sikker &#8211; laget av h\u00f8y kvalitet og milj\u00f8vennlig materiale; Trygg &#8211; laget av milj\u00f8vennlig ABS-plast av h\u00f8y kvalitet med glatte kanter<\/p>\n<p data-start=\"341\" data-end=\"419\">\ud83c\udf81 Flott gaveid\u00e9 &#8211; den perfekte gaven til barn i alderen 3-8 \u00e5r som elsker biler og eventyr<\/p>\n<p data-start=\"700\" data-end=\"792\"><img decoding=\"async\" class=\"size-full wp-image-37121 aligncenter\" src=\"https:\/\/keluvo.com\/template\/wp-content\/uploads\/sites\/5\/2025\/10\/10021-ezgif.com-video-to-webp-converter.webp\" alt=\"\" \/><\/p>\n<h2 style=\"text-align: center;\" data-start=\"799\" data-end=\"819\">Slik bruker du den \ud83d\udee0\ufe0f<\/h2>\n<ol data-start=\"820\" data-end=\"1067\">\n<li data-start=\"820\" data-end=\"878\">\u00c5pne lastebilen for \u00e5 forvandle den til en racerbane.<\/li>\n<li data-start=\"820\" data-end=\"878\">Plasser to biler p\u00e5 startlinjen opp\u00e5 lastebilen.<\/li>\n<li data-start=\"820\" data-end=\"878\">Trykk p\u00e5 knappen p\u00e5 lastebilens tak for \u00e5 starte racet!<\/li>\n<li data-start=\"820\" data-end=\"878\">Etter endt lek kan du brette den tilbake til lastebilmodus for enkel oppbevaring.<\/li>\n<\/ol>\n<h2 style=\"text-align: center;\" data-start=\"1074\" data-end=\"1098\">Produktdetaljer \u2139\ufe0f<\/h2>\n<ul data-start=\"1099\" data-end=\"1379\">\n<li data-start=\"1099\" data-end=\"1151\">Material: Milj\u00f8vennlig ABS-plast og legering<\/li>\n<li data-start=\"1099\" data-end=\"1151\">Lastebilst\u00f8rrelse: 45 x 23 x 9 cm<\/li>\n<li data-start=\"1099\" data-end=\"1151\">Banelengde (utvidet): 207 cm<\/li>\n<li data-start=\"1099\" data-end=\"1151\">Funksjoner: Sammenleggbar transformasjon, tofelts l\u00f8psmodus, innebygd b\u00e6rerakett og 8, 16, 24 parkeringsplasser for biler<\/li>\n<li data-start=\"1099\" data-end=\"1151\">Aldersanbefaling: 3-8 \u00e5r<\/li>\n<\/ul>\n<h2 style=\"text-align: center;\" data-start=\"1386\" data-end=\"1411\">Pakken inneholder \ud83d\udce6<\/h2>\n<ul data-start=\"1412\" data-end=\"1516\">\n<li data-start=\"1412\" data-end=\"1462\">\n<p data-start=\"1414\" data-end=\"1462\">1x transformerende lastebil med innebygd racerbane<\/p>\n<\/li>\n<li data-start=\"1463\" data-end=\"1516\">\n<p data-start=\"1465\" data-end=\"1516\">8, 16, 24x minibiler (tilfeldig utvalg).<\/p>\n<\/li>\n<\/ul>\n","protected":false},"excerpt":{"rendered":"<p>Forvandle leken til et spennende racingeventyr \ud83d\ude9b Lekebilen er mer enn bare en lastebil &#8211; det er en forvandlingsbar racerbane [&hellip;]<\/p>\n","protected":false},"featured_media":49663,"comment_status":"open","ping_status":"closed","template":"","meta":{"site-sidebar-layout":"default","site-content-layout":"","ast-site-content-layout":"default","site-content-style":"default","site-sidebar-style":"default","ast-global-header-display":"","ast-banner-title-visibility":"","ast-main-header-display":"","ast-hfb-above-header-display":"","ast-hfb-below-header-display":"","ast-hfb-mobile-header-display":"","site-post-title":"","ast-breadcrumbs-content":"","ast-featured-img":"","footer-sml-layout":"","theme-transparent-header-meta":"default","adv-header-id-meta":"","stick-header-meta":"","header-above-stick-meta":"","header-main-stick-meta":"","header-below-stick-meta":"","astra-migrate-meta-layouts":"set","ast-page-background-enabled":"default","ast-page-background-meta":{"desktop":{"background-color":"var(--ast-global-color-4)","background-image":"","background-repeat":"repeat","background-position":"center center","background-size":"auto","background-attachment":"scroll","background-type":"","background-media":"","overlay-type":"","overlay-color":"","overlay-opacity":"","overlay-gradient":""},"tablet":{"background-color":"","background-image":"","background-repeat":"repeat","background-position":"center center","background-size":"auto","background-attachment":"scroll","background-type":"","background-media":"","overlay-type":"","overlay-color":"","overlay-opacity":"","overlay-gradient":""},"mobile":{"background-color":"","background-image":"","background-repeat":"repeat","background-position":"center center","background-size":"auto","background-attachment":"scroll","background-type":"","background-media":"","overlay-type":"","overlay-color":"","overlay-opacity":"","overlay-gradient":""}},"ast-content-background-meta":{"desktop":{"background-color":"var(--ast-global-color-5)","background-image":"","background-repeat":"repeat","background-position":"center center","background-size":"auto","background-attachment":"scroll","background-type":"","background-media":"","overlay-type":"","overlay-color":"","overlay-opacity":"","overlay-gradient":""},"tablet":{"background-color":"var(--ast-global-color-5)","background-image":"","background-repeat":"repeat","background-position":"center center","background-size":"auto","background-attachment":"scroll","background-type":"","background-media":"","overlay-type":"","overlay-color":"","overlay-opacity":"","overlay-gradient":""},"mobile":{"background-color":"var(--ast-global-color-5)","background-image":"","background-repeat":"repeat","background-position":"center center","background-size":"auto","background-attachment":"scroll","background-type":"","background-media":"","overlay-type":"","overlay-color":"","overlay-opacity":"","overlay-gradient":""}}},"product_brand":[],"product_cat":[990],"product_tag":[],"class_list":{"0":"post-49667","1":"product","2":"type-product","3":"status-publish","4":"has-post-thumbnail","6":"product_cat-leker-barne-og-babyprodukter","7":"pa_41848_6fafuiy0-8-stk","8":"pa_41848_6fafuiy0-16-stk","9":"pa_41848_6fafuiy0-24-stk","10":"desktop-align-left","11":"tablet-align-left","12":"mobile-align-left","14":"first","15":"instock","16":"shipping-taxable","17":"purchasable","18":"product-type-variable"},"_links":{"self":[{"href":"https:\/\/keluvo.com\/no\/wp-json\/wp\/v2\/product\/49667","targetHints":{"allow":["GET"]}}],"collection":[{"href":"https:\/\/keluvo.com\/no\/wp-json\/wp\/v2\/product"}],"about":[{"href":"https:\/\/keluvo.com\/no\/wp-json\/wp\/v2\/types\/product"}],"replies":[{"embeddable":true,"href":"https:\/\/keluvo.com\/no\/wp-json\/wp\/v2\/comments?post=49667"}],"wp:featuredmedia":[{"embeddable":true,"href":"https:\/\/keluvo.com\/no\/wp-json\/wp\/v2\/media\/49663"}],"wp:attachment":[{"href":"https:\/\/keluvo.com\/no\/wp-json\/wp\/v2\/media?parent=49667"}],"wp:term":[{"taxonomy":"product_brand","embeddable":true,"href":"https:\/\/keluvo.com\/no\/wp-json\/wp\/v2\/product_brand?post=49667"},{"taxonomy":"product_cat","embeddable":true,"href":"https:\/\/keluvo.com\/no\/wp-json\/wp\/v2\/product_cat?post=49667"},{"taxonomy":"product_tag","embeddable":true,"href":"https:\/\/keluvo.com\/no\/wp-json\/wp\/v2\/product_tag?post=49667"}],"curies":[{"name":"wp","href":"https:\/\/api.w.org\/{rel}","templated":true}]}}