{"id":49651,"date":"2025-10-14T18:16:22","date_gmt":"2025-10-14T15:16:22","guid":{"rendered":"https:\/\/keluvo.com\/no\/produkt\/magnetiske-togvogner-i-tre\/"},"modified":"2025-11-11T11:24:00","modified_gmt":"2025-11-11T09:24:00","slug":"magnetiske-togvogner-i-tre","status":"publish","type":"product","link":"https:\/\/keluvo.com\/no\/produkt\/magnetiske-togvogner-i-tre\/","title":{"rendered":"Magnetiske togvogner i tre"},"content":{"rendered":"<p style=\"text-align: center;\" data-start=\"0\" data-end=\"48\"><strong>L\u00e6r, lek og bygg med magnetisk moro \ud83d\ude82<\/strong><\/p>\n<p style=\"text-align: center;\" data-start=\"49\" data-end=\"300\">Denne magnetiske togvognen i tre kombinerer l\u00e6ring og lek i \u00e9n og samme klassiske treleke. Hver togdel har et tall og klare farger som hjelper barna med \u00e5 gjenkjenne tall, former og farger, samtidig som de har uendelig moro med \u00e5 koble sammen og trekke toget.<\/p>\n<p data-start=\"49\" data-end=\"300\"><img decoding=\"async\" class=\"size-full wp-image-37097 aligncenter\" src=\"https:\/\/keluvo.com\/template\/wp-content\/uploads\/sites\/5\/2025\/10\/1002-ezgif.com-video-to-webp-converter-2.webp\" alt=\"\" \/><\/p>\n<h2 style=\"text-align: center;\" data-start=\"307\" data-end=\"328\">Hovedfordeler \u2705<\/h2>\n<p data-start=\"331\" data-end=\"409\">\ud83c\udfa8 Pedagogisk design &#8211; l\u00e6rer bort farger, former og tall p\u00e5 en morsom m\u00e5te<\/p>\n<p data-start=\"331\" data-end=\"409\">\ud83e\uddf2 Magnetisk tilkobling &#8211; enkelt \u00e5 koble sammen vognene med trygge magneter for jevn lek<\/p>\n<p data-start=\"331\" data-end=\"409\">\ud83c\udf08 Stimulerer kreativiteten &#8211; barna kan bygge, stable og rulle toget fritt<\/p>\n<p data-start=\"331\" data-end=\"409\">\ud83e\udd32 Utvikler motoriske ferdigheter &#8211; forbedrer h\u00e5nd-\u00f8ye-koordinasjonen og finmotorikken<\/p>\n<p data-start=\"331\" data-end=\"409\">\ud83c\udf31 Trygt og holdbart &#8211; laget av glatt tre av h\u00f8y kvalitet uten skarpe kanter<\/p>\n<p data-start=\"670\" data-end=\"751\"><img decoding=\"async\" class=\"size-full wp-image-37102 aligncenter\" src=\"https:\/\/keluvo.com\/template\/wp-content\/uploads\/sites\/5\/2025\/10\/HGD381-xqy-6.webp\" alt=\"\" \/><\/p>\n<h2 style=\"text-align: center;\" data-start=\"758\" data-end=\"778\">Slik bruker du det \ud83d\udee0\ufe0f<\/h2>\n<ol data-start=\"779\" data-end=\"1056\">\n<li data-start=\"779\" data-end=\"858\">Arranger de nummererte togvognene i rekkef\u00f8lge eller bland dem for kreativ lek.<\/li>\n<li data-start=\"779\" data-end=\"858\">Trekk hele toget over gulvet eller skinnene for \u00e5 simulere ekte bevegelse.<\/li>\n<li data-start=\"779\" data-end=\"858\">Oppmuntre barnet til \u00e5 telle, fargematche og utforske fritt!<\/li>\n<\/ol>\n<h2 style=\"text-align: center;\" data-start=\"1063\" data-end=\"1087\">Produktdetaljer \u2139\ufe0f<\/h2>\n<ul data-start=\"1088\" data-end=\"1287\">\n<li data-start=\"1088\" data-end=\"1122\">Material: B\u00e6rekraftig tre<\/li>\n<li data-start=\"1088\" data-end=\"1122\">Tall: 0-10 pluss ett lokomotiv<\/li>\n<li data-start=\"1088\" data-end=\"1122\">Bilst\u00f8rrelse: 5,5 x 6,5 cm<\/li>\n<li data-start=\"1088\" data-end=\"1122\">Pakningsst\u00f8rrelse: 36,5 x 21 x 3,8 cm<\/li>\n<li data-start=\"1088\" data-end=\"1122\">Aldersanbefaling: 3 \u00e5r og oppover<\/li>\n<\/ul>\n<h2 style=\"text-align: center;\" data-start=\"1294\" data-end=\"1319\">Pakken inneholder \ud83d\udce6<\/h2>\n<ul data-start=\"1320\" data-end=\"1396\">\n<li data-start=\"1320\" data-end=\"1396\">\n<p data-start=\"1322\" data-end=\"1396\">1x magnetiske togvogner i tre (0-10 tall + lokomotiv).<\/p>\n<\/li>\n<\/ul>\n","protected":false},"excerpt":{"rendered":"<p>L\u00e6r, lek og bygg med magnetisk moro \ud83d\ude82 Denne magnetiske togvognen i tre kombinerer l\u00e6ring og lek i \u00e9n og [&hellip;]<\/p>\n","protected":false},"featured_media":49647,"comment_status":"open","ping_status":"closed","template":"","meta":{"site-sidebar-layout":"default","site-content-layout":"","ast-site-content-layout":"default","site-content-style":"default","site-sidebar-style":"default","ast-global-header-display":"","ast-banner-title-visibility":"","ast-main-header-display":"","ast-hfb-above-header-display":"","ast-hfb-below-header-display":"","ast-hfb-mobile-header-display":"","site-post-title":"","ast-breadcrumbs-content":"","ast-featured-img":"","footer-sml-layout":"","theme-transparent-header-meta":"default","adv-header-id-meta":"","stick-header-meta":"","header-above-stick-meta":"","header-main-stick-meta":"","header-below-stick-meta":"","astra-migrate-meta-layouts":"set","ast-page-background-enabled":"default","ast-page-background-meta":{"desktop":{"background-color":"var(--ast-global-color-4)","background-image":"","background-repeat":"repeat","background-position":"center center","background-size":"auto","background-attachment":"scroll","background-type":"","background-media":"","overlay-type":"","overlay-color":"","overlay-opacity":"","overlay-gradient":""},"tablet":{"background-color":"","background-image":"","background-repeat":"repeat","background-position":"center center","background-size":"auto","background-attachment":"scroll","background-type":"","background-media":"","overlay-type":"","overlay-color":"","overlay-opacity":"","overlay-gradient":""},"mobile":{"background-color":"","background-image":"","background-repeat":"repeat","background-position":"center center","background-size":"auto","background-attachment":"scroll","background-type":"","background-media":"","overlay-type":"","overlay-color":"","overlay-opacity":"","overlay-gradient":""}},"ast-content-background-meta":{"desktop":{"background-color":"var(--ast-global-color-5)","background-image":"","background-repeat":"repeat","background-position":"center center","background-size":"auto","background-attachment":"scroll","background-type":"","background-media":"","overlay-type":"","overlay-color":"","overlay-opacity":"","overlay-gradient":""},"tablet":{"background-color":"var(--ast-global-color-5)","background-image":"","background-repeat":"repeat","background-position":"center center","background-size":"auto","background-attachment":"scroll","background-type":"","background-media":"","overlay-type":"","overlay-color":"","overlay-opacity":"","overlay-gradient":""},"mobile":{"background-color":"var(--ast-global-color-5)","background-image":"","background-repeat":"repeat","background-position":"center center","background-size":"auto","background-attachment":"scroll","background-type":"","background-media":"","overlay-type":"","overlay-color":"","overlay-opacity":"","overlay-gradient":""}}},"product_brand":[],"product_cat":[990],"product_tag":[],"class_list":{"0":"post-49651","1":"product","2":"type-product","3":"status-publish","4":"has-post-thumbnail","6":"product_cat-leker-barne-og-babyprodukter","7":"pa_41838_vrixo0ri-bla","8":"pa_41838_vrixo0ri-rosa","9":"desktop-align-left","10":"tablet-align-left","11":"mobile-align-left","13":"first","14":"instock","15":"shipping-taxable","16":"purchasable","17":"product-type-variable"},"_links":{"self":[{"href":"https:\/\/keluvo.com\/no\/wp-json\/wp\/v2\/product\/49651","targetHints":{"allow":["GET"]}}],"collection":[{"href":"https:\/\/keluvo.com\/no\/wp-json\/wp\/v2\/product"}],"about":[{"href":"https:\/\/keluvo.com\/no\/wp-json\/wp\/v2\/types\/product"}],"replies":[{"embeddable":true,"href":"https:\/\/keluvo.com\/no\/wp-json\/wp\/v2\/comments?post=49651"}],"wp:featuredmedia":[{"embeddable":true,"href":"https:\/\/keluvo.com\/no\/wp-json\/wp\/v2\/media\/49647"}],"wp:attachment":[{"href":"https:\/\/keluvo.com\/no\/wp-json\/wp\/v2\/media?parent=49651"}],"wp:term":[{"taxonomy":"product_brand","embeddable":true,"href":"https:\/\/keluvo.com\/no\/wp-json\/wp\/v2\/product_brand?post=49651"},{"taxonomy":"product_cat","embeddable":true,"href":"https:\/\/keluvo.com\/no\/wp-json\/wp\/v2\/product_cat?post=49651"},{"taxonomy":"product_tag","embeddable":true,"href":"https:\/\/keluvo.com\/no\/wp-json\/wp\/v2\/product_tag?post=49651"}],"curies":[{"name":"wp","href":"https:\/\/api.w.org\/{rel}","templated":true}]}}