{"id":49642,"date":"2025-10-14T18:15:33","date_gmt":"2025-10-14T15:15:33","guid":{"rendered":"https:\/\/keluvo.com\/no\/produkt\/eggkoker-2\/"},"modified":"2025-10-20T18:24:59","modified_gmt":"2025-10-20T15:24:59","slug":"eggkoker-2","status":"publish","type":"product","link":"https:\/\/keluvo.com\/no\/produkt\/eggkoker-2\/","title":{"rendered":"Eggkoker"},"content":{"rendered":"<p style=\"text-align: center;\" data-start=\"0\" data-end=\"40\"><strong>Perfekt kokte egg hver gang \ud83c\udf73<\/strong><\/p>\n<p style=\"text-align: center;\" data-start=\"41\" data-end=\"281\">Gj\u00f8r frokosten rask og enkel med denne eggkokeren, din alt-i-ett-hjelper p\u00e5 kj\u00f8kkenet for koking, damping og servering av egg. Kompakt, robust og effektiv &#8211; den sparer deg for tid og plass samtidig som den leverer perfekte resultater hver eneste gang.<\/p>\n<p data-start=\"41\" data-end=\"281\"><img decoding=\"async\" class=\"size-full wp-image-37056 aligncenter\" src=\"https:\/\/keluvo.com\/template\/wp-content\/uploads\/sites\/5\/2025\/10\/100225-ezgif.com-video-to-webp-converter.webp\" alt=\"\" \/><\/p>\n<h2 style=\"text-align: center;\" data-start=\"288\" data-end=\"309\">Hovedfordeler \u2705<\/h2>\n<p data-start=\"312\" data-end=\"393\">\ud83e\udd5a 4-i-1-allsidighet &#8211; fungerer som eggkoker, steamer, eggbrett og mer<\/p>\n<p data-start=\"312\" data-end=\"393\">\u26a1 Enkel \u00e5 bruke &#8211; enkelt design for rask og uanstrengt tilberedning<\/p>\n<p data-start=\"312\" data-end=\"393\">\ud83c\udfe0 Plassbesparende design &#8211; kompakt st\u00f8rrelse som passer perfekt p\u00e5 ethvert kj\u00f8kken<\/p>\n<p data-start=\"312\" data-end=\"393\">\ud83d\udd0c Elektrisk bekvemmelighet &#8211; koker eggene jevnt og sparer deg for tid<\/p>\n<p data-start=\"312\" data-end=\"393\">\ud83d\udcaa Holdbar konstruksjon &#8211; laget av materialer av h\u00f8y kvalitet for langvarig bruk<\/p>\n<p data-start=\"619\" data-end=\"697\"><img decoding=\"async\" class=\"size-full wp-image-37054 aligncenter\" src=\"https:\/\/keluvo.com\/template\/wp-content\/uploads\/sites\/5\/2025\/10\/S9dbc075cee1c4bd9b4ad5d1aa8eb992dS.jpg_960x960q75.jpg_.jpg\" alt=\"\" \/><\/p>\n<h2 style=\"text-align: center;\" data-start=\"704\" data-end=\"724\">Hvordan bruker du den \ud83d\udee0\ufe0f<\/h2>\n<ol data-start=\"725\" data-end=\"986\">\n<li data-start=\"725\" data-end=\"777\">Fyll basen med riktig mengde vann.<\/li>\n<li data-start=\"725\" data-end=\"777\">Legg eggene p\u00e5 stativet eller brettet.<\/li>\n<li data-start=\"725\" data-end=\"777\">Dekk til med lokket og sl\u00e5 p\u00e5 komfyren.<\/li>\n<li data-start=\"725\" data-end=\"777\">Vent noen minutter til eggene n\u00e5r \u00f8nsket steketemperatur.<\/li>\n<li data-start=\"725\" data-end=\"777\">Ta ut og nyt de perfekt kokte eggene!<\/li>\n<\/ol>\n<h2 style=\"text-align: center;\" data-start=\"993\" data-end=\"1017\">Produktdetaljer \u2139\ufe0f<\/h2>\n<ul data-start=\"1018\" data-end=\"1240\">\n<li data-start=\"1060\" data-end=\"1120\">Funksjoner: Eggkokestativ, steamer, brett og mer<\/li>\n<li data-start=\"1060\" data-end=\"1120\">Design: Kompakt og brukervennlig<\/li>\n<li data-start=\"1060\" data-end=\"1120\">Materiale: Robust, slitesterk konstruksjon<\/li>\n<li data-start=\"1060\" data-end=\"1120\">Farge: Gr\u00e5<\/li>\n<\/ul>\n<h2 style=\"text-align: center;\" data-start=\"1247\" data-end=\"1272\">Pakken inneholder \ud83d\udce6<\/h2>\n<ul data-start=\"1273\" data-end=\"1291\">\n<li data-start=\"1273\" data-end=\"1291\">\n<p data-start=\"1275\" data-end=\"1291\">1x eggkoker.<\/p>\n<\/li>\n<\/ul>\n","protected":false},"excerpt":{"rendered":"<p>Perfekt kokte egg hver gang \ud83c\udf73 Gj\u00f8r frokosten rask og enkel med denne eggkokeren, din alt-i-ett-hjelper p\u00e5 kj\u00f8kkenet for koking, [&hellip;]<\/p>\n","protected":false},"featured_media":49638,"comment_status":"open","ping_status":"closed","template":"","meta":{"site-sidebar-layout":"default","site-content-layout":"","ast-site-content-layout":"default","site-content-style":"default","site-sidebar-style":"default","ast-global-header-display":"","ast-banner-title-visibility":"","ast-main-header-display":"","ast-hfb-above-header-display":"","ast-hfb-below-header-display":"","ast-hfb-mobile-header-display":"","site-post-title":"","ast-breadcrumbs-content":"","ast-featured-img":"","footer-sml-layout":"","theme-transparent-header-meta":"default","adv-header-id-meta":"","stick-header-meta":"","header-above-stick-meta":"","header-main-stick-meta":"","header-below-stick-meta":"","astra-migrate-meta-layouts":"set","ast-page-background-enabled":"default","ast-page-background-meta":{"desktop":{"background-color":"var(--ast-global-color-4)","background-image":"","background-repeat":"repeat","background-position":"center center","background-size":"auto","background-attachment":"scroll","background-type":"","background-media":"","overlay-type":"","overlay-color":"","overlay-opacity":"","overlay-gradient":""},"tablet":{"background-color":"","background-image":"","background-repeat":"repeat","background-position":"center center","background-size":"auto","background-attachment":"scroll","background-type":"","background-media":"","overlay-type":"","overlay-color":"","overlay-opacity":"","overlay-gradient":""},"mobile":{"background-color":"","background-image":"","background-repeat":"repeat","background-position":"center center","background-size":"auto","background-attachment":"scroll","background-type":"","background-media":"","overlay-type":"","overlay-color":"","overlay-opacity":"","overlay-gradient":""}},"ast-content-background-meta":{"desktop":{"background-color":"var(--ast-global-color-5)","background-image":"","background-repeat":"repeat","background-position":"center center","background-size":"auto","background-attachment":"scroll","background-type":"","background-media":"","overlay-type":"","overlay-color":"","overlay-opacity":"","overlay-gradient":""},"tablet":{"background-color":"var(--ast-global-color-5)","background-image":"","background-repeat":"repeat","background-position":"center center","background-size":"auto","background-attachment":"scroll","background-type":"","background-media":"","overlay-type":"","overlay-color":"","overlay-opacity":"","overlay-gradient":""},"mobile":{"background-color":"var(--ast-global-color-5)","background-image":"","background-repeat":"repeat","background-position":"center center","background-size":"auto","background-attachment":"scroll","background-type":"","background-media":"","overlay-type":"","overlay-color":"","overlay-opacity":"","overlay-gradient":""}}},"product_brand":[],"product_cat":[1001],"product_tag":[],"class_list":{"0":"post-49642","1":"product","2":"type-product","3":"status-publish","4":"has-post-thumbnail","6":"product_cat-husholdningsartikler","7":"desktop-align-left","8":"tablet-align-left","9":"mobile-align-left","11":"first","12":"instock","13":"shipping-taxable","14":"purchasable","15":"product-type-simple"},"_links":{"self":[{"href":"https:\/\/keluvo.com\/no\/wp-json\/wp\/v2\/product\/49642","targetHints":{"allow":["GET"]}}],"collection":[{"href":"https:\/\/keluvo.com\/no\/wp-json\/wp\/v2\/product"}],"about":[{"href":"https:\/\/keluvo.com\/no\/wp-json\/wp\/v2\/types\/product"}],"replies":[{"embeddable":true,"href":"https:\/\/keluvo.com\/no\/wp-json\/wp\/v2\/comments?post=49642"}],"wp:featuredmedia":[{"embeddable":true,"href":"https:\/\/keluvo.com\/no\/wp-json\/wp\/v2\/media\/49638"}],"wp:attachment":[{"href":"https:\/\/keluvo.com\/no\/wp-json\/wp\/v2\/media?parent=49642"}],"wp:term":[{"taxonomy":"product_brand","embeddable":true,"href":"https:\/\/keluvo.com\/no\/wp-json\/wp\/v2\/product_brand?post=49642"},{"taxonomy":"product_cat","embeddable":true,"href":"https:\/\/keluvo.com\/no\/wp-json\/wp\/v2\/product_cat?post=49642"},{"taxonomy":"product_tag","embeddable":true,"href":"https:\/\/keluvo.com\/no\/wp-json\/wp\/v2\/product_tag?post=49642"}],"curies":[{"name":"wp","href":"https:\/\/api.w.org\/{rel}","templated":true}]}}