{"id":4963,"date":"2024-11-15T10:38:54","date_gmt":"2024-11-15T08:38:54","guid":{"rendered":"https:\/\/keluvo.com\/no\/produkt\/harfoner\/"},"modified":"2024-11-15T10:39:09","modified_gmt":"2024-11-15T08:39:09","slug":"harfoner","status":"publish","type":"product","link":"https:\/\/keluvo.com\/no\/produkt\/harfoner\/","title":{"rendered":"H\u00e5rf\u00f8ner"},"content":{"rendered":"<h2 style=\"text-align: center\"><strong>Allsidig 5-i-1-styling<\/strong><\/h2>\n<p style=\"text-align: center\">H\u00e5rf\u00f8ner-settet inneholder fem tilbeh\u00f8r, noe som gir mulighet for en rekke stiler, fra kr\u00f8ller til glattet look. Med verkt\u00f8y for t\u00f8rking, kr\u00f8lling, glatting og volumisering er dette settet perfekt for hjemmestyling med profesjonelle resultater.<\/p>\n<p><img decoding=\"async\" class=\"alignnone size-medium wp-image-3520 aligncenter\" src=\"https:\/\/keluvo.com\/template\/wp-content\/uploads\/sites\/5\/2024\/11\/S448657f20f29477d88f634d114b6097fO.webp\" alt=\"\" \/><\/p>\n<h2 style=\"text-align: center\"><strong>Kraftig og effektiv t\u00f8rking<\/strong><\/h2>\n<p style=\"text-align: center\">H\u00e5rf\u00f8neren er utstyrt med en 1000 W-motor og gir en kraftig luftstr\u00f8m for rask t\u00f8rking og styling. Velg mellom innstillinger for varm og kald luft for \u00e5 skape den ideelle finishen uten \u00e5 skade h\u00e5ret, noe som gj\u00f8r den egnet for daglig bruk.<\/p>\n<p><img decoding=\"async\" class=\"alignnone size-medium wp-image-3522 aligncenter\" src=\"https:\/\/keluvo.com\/template\/wp-content\/uploads\/sites\/5\/2024\/11\/S366c9988102b4787ac20febb536aef03s.webp\" alt=\"\" \/><\/p>\n","protected":false},"excerpt":{"rendered":"<p>Allsidig 5-i-1-styling H\u00e5rf\u00f8ner-settet inneholder fem tilbeh\u00f8r, noe som gir mulighet for en rekke stiler, fra kr\u00f8ller til glattet look. Med [&hellip;]<\/p>\n","protected":false},"featured_media":4959,"comment_status":"open","ping_status":"closed","template":"","meta":{"site-sidebar-layout":"default","site-content-layout":"","ast-site-content-layout":"default","site-content-style":"default","site-sidebar-style":"default","ast-global-header-display":"","ast-banner-title-visibility":"","ast-main-header-display":"","ast-hfb-above-header-display":"","ast-hfb-below-header-display":"","ast-hfb-mobile-header-display":"","site-post-title":"","ast-breadcrumbs-content":"","ast-featured-img":"","footer-sml-layout":"","theme-transparent-header-meta":"default","adv-header-id-meta":"","stick-header-meta":"","header-above-stick-meta":"","header-main-stick-meta":"","header-below-stick-meta":"","astra-migrate-meta-layouts":"set","ast-page-background-enabled":"default","ast-page-background-meta":{"desktop":{"background-color":"var(--ast-global-color-4)","background-image":"","background-repeat":"repeat","background-position":"center center","background-size":"auto","background-attachment":"scroll","background-type":"","background-media":"","overlay-type":"","overlay-color":"","overlay-opacity":"","overlay-gradient":""},"tablet":{"background-color":"","background-image":"","background-repeat":"repeat","background-position":"center center","background-size":"auto","background-attachment":"scroll","background-type":"","background-media":"","overlay-type":"","overlay-color":"","overlay-opacity":"","overlay-gradient":""},"mobile":{"background-color":"","background-image":"","background-repeat":"repeat","background-position":"center center","background-size":"auto","background-attachment":"scroll","background-type":"","background-media":"","overlay-type":"","overlay-color":"","overlay-opacity":"","overlay-gradient":""}},"ast-content-background-meta":{"desktop":{"background-color":"var(--ast-global-color-5)","background-image":"","background-repeat":"repeat","background-position":"center center","background-size":"auto","background-attachment":"scroll","background-type":"","background-media":"","overlay-type":"","overlay-color":"","overlay-opacity":"","overlay-gradient":""},"tablet":{"background-color":"var(--ast-global-color-5)","background-image":"","background-repeat":"repeat","background-position":"center center","background-size":"auto","background-attachment":"scroll","background-type":"","background-media":"","overlay-type":"","overlay-color":"","overlay-opacity":"","overlay-gradient":""},"mobile":{"background-color":"var(--ast-global-color-5)","background-image":"","background-repeat":"repeat","background-position":"center center","background-size":"auto","background-attachment":"scroll","background-type":"","background-media":"","overlay-type":"","overlay-color":"","overlay-opacity":"","overlay-gradient":""}}},"product_brand":[],"product_cat":[1001],"product_tag":[],"class_list":{"0":"post-4963","1":"product","2":"type-product","3":"status-publish","4":"has-post-thumbnail","6":"product_cat-husholdningsartikler","7":"pa_1cyhferl-gull","8":"pa_1cyhferl-rosa","9":"desktop-align-left","10":"tablet-align-left","11":"mobile-align-left","13":"first","14":"instock","15":"shipping-taxable","16":"purchasable","17":"product-type-variable"},"_links":{"self":[{"href":"https:\/\/keluvo.com\/no\/wp-json\/wp\/v2\/product\/4963","targetHints":{"allow":["GET"]}}],"collection":[{"href":"https:\/\/keluvo.com\/no\/wp-json\/wp\/v2\/product"}],"about":[{"href":"https:\/\/keluvo.com\/no\/wp-json\/wp\/v2\/types\/product"}],"replies":[{"embeddable":true,"href":"https:\/\/keluvo.com\/no\/wp-json\/wp\/v2\/comments?post=4963"}],"wp:featuredmedia":[{"embeddable":true,"href":"https:\/\/keluvo.com\/no\/wp-json\/wp\/v2\/media\/4959"}],"wp:attachment":[{"href":"https:\/\/keluvo.com\/no\/wp-json\/wp\/v2\/media?parent=4963"}],"wp:term":[{"taxonomy":"product_brand","embeddable":true,"href":"https:\/\/keluvo.com\/no\/wp-json\/wp\/v2\/product_brand?post=4963"},{"taxonomy":"product_cat","embeddable":true,"href":"https:\/\/keluvo.com\/no\/wp-json\/wp\/v2\/product_cat?post=4963"},{"taxonomy":"product_tag","embeddable":true,"href":"https:\/\/keluvo.com\/no\/wp-json\/wp\/v2\/product_tag?post=4963"}],"curies":[{"name":"wp","href":"https:\/\/api.w.org\/{rel}","templated":true}]}}