{"id":49607,"date":"2025-10-14T18:13:16","date_gmt":"2025-10-14T15:13:16","guid":{"rendered":"https:\/\/keluvo.com\/no\/produkt\/brannteppe\/"},"modified":"2025-10-20T18:16:20","modified_gmt":"2025-10-20T15:16:20","slug":"brannteppe","status":"publish","type":"product","link":"https:\/\/keluvo.com\/no\/produkt\/brannteppe\/","title":{"rendered":"Brannteppe"},"content":{"rendered":"<p style=\"text-align: center;\" data-start=\"0\" data-end=\"52\"><strong>Stopp branner \u00f8yeblikkelig og beskytt familien din \ud83d\udd25<\/strong><\/p>\n<p style=\"text-align: center;\" data-start=\"53\" data-end=\"289\">V\u00e6r klar for enhver n\u00f8dsituasjon med brannteppet, et uunnv\u00e6rlig sikkerhetsverkt\u00f8y som raskt slukker flammer uten s\u00f8l eller kjemikalier. Det er perfekt for hjemmet, bilen eller campingturen, og er designet for \u00e5 kvele branner raskt og holde deg beskyttet.<\/p>\n<p data-start=\"53\" data-end=\"289\"><img decoding=\"async\" class=\"size-full wp-image-37026 aligncenter\" src=\"https:\/\/keluvo.com\/template\/wp-content\/uploads\/sites\/5\/2025\/10\/S4618fe716a234938b27a2a7a5a3b63e6N.jpg_960x960q75.jpg_.jpg\" alt=\"\" \/><\/p>\n<h2 style=\"text-align: center;\" data-start=\"296\" data-end=\"317\">Hovedfordeler \u2705<\/h2>\n<p data-start=\"320\" data-end=\"419\">\ud83e\uddef \u00d8yeblikkelig brannkontroll &#8211; slukker trygt fett, v\u00e6ske og elektriske branner p\u00e5 sekunder<\/p>\n<p data-start=\"320\" data-end=\"419\">\ud83c\udfe0 Allsidig bruk &#8211; ideell for kj\u00f8kken, peis, grill, bil, og utend\u00f8rs<\/p>\n<p data-start=\"320\" data-end=\"419\">\ud83e\uddcd Personlig beskyttelse &#8211; kan vikles rundt kroppen for \u00e5 fungere som et varmeskjold<\/p>\n<p data-start=\"320\" data-end=\"419\">\ud83e\uddfc Rent og kjemikaliefritt &#8211; ingen rester eller s\u00f8l som med tradisjonelle brannslukningsapparater<\/p>\n<p data-start=\"320\" data-end=\"419\">\ud83d\udcaa Slitesterkt glassfibermateriale &#8211; varmebestandig og gjenbrukbart for langvarig sikkerhet<\/p>\n<p data-start=\"697\" data-end=\"784\"><img decoding=\"async\" class=\"size-full wp-image-37025 aligncenter\" src=\"https:\/\/keluvo.com\/template\/wp-content\/uploads\/sites\/5\/2025\/10\/S62dfc27af76b4998bd6fc8d912a6b6e0h.jpg_960x960q75.jpg_.jpg\" alt=\"\" \/><\/p>\n<h2 style=\"text-align: center;\" data-start=\"791\" data-end=\"811\">Slik bruker du det \ud83d\udee0\ufe0f<\/h2>\n<ol data-start=\"812\" data-end=\"1086\">\n<li data-start=\"812\" data-end=\"876\">Trykk ned tappene for \u00e5 l\u00f8sne teppet fra pakken.<\/li>\n<li data-start=\"812\" data-end=\"876\">Dekk til brannen helt for \u00e5 kutte oksygentilf\u00f8rselen.<\/li>\n<li data-start=\"812\" data-end=\"876\">La det ligge p\u00e5 plass til brannen er helt kvalt.<\/li>\n<li data-start=\"812\" data-end=\"876\">For personlig sikkerhet, vikle teppet rundt deg selv for \u00e5 beskytte deg mot flammer eller varme.<\/li>\n<\/ol>\n<h2 style=\"text-align: center;\" data-start=\"1093\" data-end=\"1117\">Produktdetaljer \u2139\ufe0f<\/h2>\n<ul data-start=\"1118\" data-end=\"1389\">\n<li data-start=\"1118\" data-end=\"1152\">Material: Glassfiberduk<\/li>\n<li data-start=\"1118\" data-end=\"1152\">Farge: Hvit<\/li>\n<li data-start=\"1118\" data-end=\"1152\">Tilgjengelige st\u00f8rrelser: 1 x 1 m, 1,5 x 1,5 m<\/li>\n<li data-start=\"1118\" data-end=\"1152\">Vekt: 300g, 600g<\/li>\n<li data-start=\"1118\" data-end=\"1152\">Anvendelsesomr\u00e5der: Kj\u00f8kken, bil, camping, grill, peis hjemme<\/li>\n<\/ul>\n<h2 style=\"text-align: center;\" data-start=\"1396\" data-end=\"1421\">Pakken inkluderer \ud83d\udce6<\/h2>\n<ul data-start=\"1422\" data-end=\"1442\">\n<li data-start=\"1422\" data-end=\"1442\">\n<p data-start=\"1424\" data-end=\"1442\">1x brannteppe.<\/p>\n<\/li>\n<\/ul>\n","protected":false},"excerpt":{"rendered":"<p>Stopp branner \u00f8yeblikkelig og beskytt familien din \ud83d\udd25 V\u00e6r klar for enhver n\u00f8dsituasjon med brannteppet, et uunnv\u00e6rlig sikkerhetsverkt\u00f8y som raskt [&hellip;]<\/p>\n","protected":false},"featured_media":49603,"comment_status":"open","ping_status":"closed","template":"","meta":{"site-sidebar-layout":"default","site-content-layout":"","ast-site-content-layout":"default","site-content-style":"default","site-sidebar-style":"default","ast-global-header-display":"","ast-banner-title-visibility":"","ast-main-header-display":"","ast-hfb-above-header-display":"","ast-hfb-below-header-display":"","ast-hfb-mobile-header-display":"","site-post-title":"","ast-breadcrumbs-content":"","ast-featured-img":"","footer-sml-layout":"","theme-transparent-header-meta":"default","adv-header-id-meta":"","stick-header-meta":"","header-above-stick-meta":"","header-main-stick-meta":"","header-below-stick-meta":"","astra-migrate-meta-layouts":"set","ast-page-background-enabled":"default","ast-page-background-meta":{"desktop":{"background-color":"var(--ast-global-color-4)","background-image":"","background-repeat":"repeat","background-position":"center center","background-size":"auto","background-attachment":"scroll","background-type":"","background-media":"","overlay-type":"","overlay-color":"","overlay-opacity":"","overlay-gradient":""},"tablet":{"background-color":"","background-image":"","background-repeat":"repeat","background-position":"center center","background-size":"auto","background-attachment":"scroll","background-type":"","background-media":"","overlay-type":"","overlay-color":"","overlay-opacity":"","overlay-gradient":""},"mobile":{"background-color":"","background-image":"","background-repeat":"repeat","background-position":"center center","background-size":"auto","background-attachment":"scroll","background-type":"","background-media":"","overlay-type":"","overlay-color":"","overlay-opacity":"","overlay-gradient":""}},"ast-content-background-meta":{"desktop":{"background-color":"var(--ast-global-color-5)","background-image":"","background-repeat":"repeat","background-position":"center center","background-size":"auto","background-attachment":"scroll","background-type":"","background-media":"","overlay-type":"","overlay-color":"","overlay-opacity":"","overlay-gradient":""},"tablet":{"background-color":"var(--ast-global-color-5)","background-image":"","background-repeat":"repeat","background-position":"center center","background-size":"auto","background-attachment":"scroll","background-type":"","background-media":"","overlay-type":"","overlay-color":"","overlay-opacity":"","overlay-gradient":""},"mobile":{"background-color":"var(--ast-global-color-5)","background-image":"","background-repeat":"repeat","background-position":"center center","background-size":"auto","background-attachment":"scroll","background-type":"","background-media":"","overlay-type":"","overlay-color":"","overlay-opacity":"","overlay-gradient":""}}},"product_brand":[],"product_cat":[1001,1000],"product_tag":[],"class_list":{"0":"post-49607","1":"product","2":"type-product","3":"status-publish","4":"has-post-thumbnail","6":"product_cat-husholdningsartikler","7":"product_cat-tur-camping-og-fritidsutstyr","8":"pa_39656_cv4ukgmc-1-x-1-m","9":"pa_39656_cv4ukgmc-15-x-15-m","10":"desktop-align-left","11":"tablet-align-left","12":"mobile-align-left","14":"first","15":"instock","16":"shipping-taxable","17":"purchasable","18":"product-type-variable"},"_links":{"self":[{"href":"https:\/\/keluvo.com\/no\/wp-json\/wp\/v2\/product\/49607","targetHints":{"allow":["GET"]}}],"collection":[{"href":"https:\/\/keluvo.com\/no\/wp-json\/wp\/v2\/product"}],"about":[{"href":"https:\/\/keluvo.com\/no\/wp-json\/wp\/v2\/types\/product"}],"replies":[{"embeddable":true,"href":"https:\/\/keluvo.com\/no\/wp-json\/wp\/v2\/comments?post=49607"}],"wp:featuredmedia":[{"embeddable":true,"href":"https:\/\/keluvo.com\/no\/wp-json\/wp\/v2\/media\/49603"}],"wp:attachment":[{"href":"https:\/\/keluvo.com\/no\/wp-json\/wp\/v2\/media?parent=49607"}],"wp:term":[{"taxonomy":"product_brand","embeddable":true,"href":"https:\/\/keluvo.com\/no\/wp-json\/wp\/v2\/product_brand?post=49607"},{"taxonomy":"product_cat","embeddable":true,"href":"https:\/\/keluvo.com\/no\/wp-json\/wp\/v2\/product_cat?post=49607"},{"taxonomy":"product_tag","embeddable":true,"href":"https:\/\/keluvo.com\/no\/wp-json\/wp\/v2\/product_tag?post=49607"}],"curies":[{"name":"wp","href":"https:\/\/api.w.org\/{rel}","templated":true}]}}