{"id":49448,"date":"2025-10-13T12:37:26","date_gmt":"2025-10-13T09:37:26","guid":{"rendered":"https:\/\/keluvo.com\/no\/produkt\/kiwiskreller-2-stk\/"},"modified":"2025-11-03T11:51:51","modified_gmt":"2025-11-03T09:51:51","slug":"kiwiskreller-2-stk","status":"publish","type":"product","link":"https:\/\/keluvo.com\/no\/produkt\/kiwiskreller-2-stk\/","title":{"rendered":"Kiwiskreller (2 stk)"},"content":{"rendered":"<p style=\"text-align: center;\" data-start=\"0\" data-end=\"63\"><strong>Skrell kiwier p\u00e5 sekunder \u2013 raskt, trygt og uten s\u00f8l \ud83c\udf48\u2728<\/strong><\/p>\n<p style=\"text-align: center;\" data-start=\"65\" data-end=\"368\">Gled deg over perfekt skrelte kiwier, sitroner og andre frukter p\u00e5 null komma niks med kiwiskrelleren. Denne kreative og kompakte fruktdingsen gj\u00f8r skrelling uanstrengt og er et must p\u00e5 ethvert kj\u00f8kken. Si farvel til klissete hender og bortkastet frukt \u2013 skrell jevnt, raskt og trygt hver gang!<\/p>\n<p data-start=\"65\" data-end=\"368\"><img decoding=\"async\" class=\"size-full wp-image-36874 aligncenter\" src=\"https:\/\/keluvo.com\/template\/wp-content\/uploads\/sites\/5\/2025\/10\/100219-ezgif.com-video-to-webp-converter.webp\" alt=\"\" \/><\/p>\n<h2 style=\"text-align: center;\" data-start=\"375\" data-end=\"396\">Hovedfordeler \u2705<\/h2>\n<p data-start=\"399\" data-end=\"491\">\ud83c\udf4b Uanstrengt skrelling \u2013 fjerner enkelt kiwi- og sitrusskall uten \u00e5 skade frukten<\/p>\n<p data-start=\"399\" data-end=\"491\">\ud83d\udd2a Slitesterkt blad i rustfritt st\u00e5l \u2013 skarpt, rustbestandig og bygget for langvarig bruk<\/p>\n<p data-start=\"399\" data-end=\"491\">\ud83c\udf3f Milj\u00f8vennlig og trygg \u2013 laget av giftfrie materialer<\/p>\n<p data-start=\"399\" data-end=\"491\">\ud83e\uddf3 Kompakt og b\u00e6rbar \u2013 ideell for hjemmebruk, reiser eller piknik<\/p>\n<p data-start=\"399\" data-end=\"491\">\ud83c\udfa8 Morsom design \u2013 lysegr\u00f8nn farge gir stil til kj\u00f8kkenet<\/p>\n<p data-start=\"740\" data-end=\"813\"><img decoding=\"async\" class=\"size-full wp-image-36875 aligncenter\" src=\"https:\/\/keluvo.com\/template\/wp-content\/uploads\/sites\/5\/2025\/10\/S093d817957b64980905f5c3288bab1a2v.jpg_960x960q75.jpg_.avif\" alt=\"\" \/><\/p>\n<h2 style=\"text-align: center;\" data-start=\"820\" data-end=\"840\">Slik bruker du \ud83d\udee0\ufe0f<\/h2>\n<ol data-start=\"841\" data-end=\"1064\">\n<li data-start=\"841\" data-end=\"877\">\n<p data-start=\"844\" data-end=\"877\">Del kiwien eller frukten i to.<\/p>\n<\/li>\n<li data-start=\"841\" data-end=\"877\">\n<p data-start=\"844\" data-end=\"877\">Sett skrelleren forsiktig inn i kanten av frukten.<\/p>\n<\/li>\n<li data-start=\"841\" data-end=\"877\">\n<p data-start=\"844\" data-end=\"877\">Vri eller skrap for \u00e5 skille fruktkj\u00f8ttet fra skallet.<\/p>\n<\/li>\n<li data-start=\"841\" data-end=\"877\">\n<p data-start=\"844\" data-end=\"877\">Skyll under vann etter bruk og oppbevar enkelt i kj\u00f8kkenskuffen.<\/p>\n<\/li>\n<\/ol>\n<h2 style=\"text-align: center;\" data-start=\"1071\" data-end=\"1095\">Produktdetaljer \u2139\ufe0f<\/h2>\n<ul data-start=\"1096\" data-end=\"1274\">\n<li data-start=\"1096\" data-end=\"1152\">\n<p data-start=\"1098\" data-end=\"1152\">Material: Rustfritt st\u00e5l + milj\u00f8vennlig plast<\/p>\n<\/li>\n<li data-start=\"1096\" data-end=\"1152\">\n<p data-start=\"1098\" data-end=\"1152\">St\u00f8rrelse: 7 x 7 x 5,5 cm<\/p>\n<\/li>\n<li data-start=\"1096\" data-end=\"1152\">\n<p data-start=\"1098\" data-end=\"1152\">Vekt: 57 g<\/p>\n<\/li>\n<li data-start=\"1096\" data-end=\"1152\">\n<p data-start=\"1098\" data-end=\"1152\">Farge: Gr\u00f8nn<\/p>\n<\/li>\n<\/ul>\n<h2 style=\"text-align: center;\" data-start=\"1281\" data-end=\"1306\">Pakken inneholder \ud83d\udce6<\/h2>\n<ul data-start=\"1307\" data-end=\"1326\">\n<li data-start=\"1307\" data-end=\"1326\">\n<p data-start=\"1309\" data-end=\"1326\">2x kiwiskrellere.<\/p>\n<\/li>\n<\/ul>\n","protected":false},"excerpt":{"rendered":"<p>Skrell kiwier p\u00e5 sekunder \u2013 raskt, trygt og uten s\u00f8l \ud83c\udf48\u2728 Gled deg over perfekt skrelte kiwier, sitroner og andre [&hellip;]<\/p>\n","protected":false},"featured_media":49444,"comment_status":"open","ping_status":"closed","template":"","meta":{"site-sidebar-layout":"default","site-content-layout":"","ast-site-content-layout":"default","site-content-style":"default","site-sidebar-style":"default","ast-global-header-display":"","ast-banner-title-visibility":"","ast-main-header-display":"","ast-hfb-above-header-display":"","ast-hfb-below-header-display":"","ast-hfb-mobile-header-display":"","site-post-title":"","ast-breadcrumbs-content":"","ast-featured-img":"","footer-sml-layout":"","theme-transparent-header-meta":"default","adv-header-id-meta":"","stick-header-meta":"","header-above-stick-meta":"","header-main-stick-meta":"","header-below-stick-meta":"","astra-migrate-meta-layouts":"set","ast-page-background-enabled":"default","ast-page-background-meta":{"desktop":{"background-color":"var(--ast-global-color-4)","background-image":"","background-repeat":"repeat","background-position":"center center","background-size":"auto","background-attachment":"scroll","background-type":"","background-media":"","overlay-type":"","overlay-color":"","overlay-opacity":"","overlay-gradient":""},"tablet":{"background-color":"","background-image":"","background-repeat":"repeat","background-position":"center center","background-size":"auto","background-attachment":"scroll","background-type":"","background-media":"","overlay-type":"","overlay-color":"","overlay-opacity":"","overlay-gradient":""},"mobile":{"background-color":"","background-image":"","background-repeat":"repeat","background-position":"center center","background-size":"auto","background-attachment":"scroll","background-type":"","background-media":"","overlay-type":"","overlay-color":"","overlay-opacity":"","overlay-gradient":""}},"ast-content-background-meta":{"desktop":{"background-color":"var(--ast-global-color-5)","background-image":"","background-repeat":"repeat","background-position":"center center","background-size":"auto","background-attachment":"scroll","background-type":"","background-media":"","overlay-type":"","overlay-color":"","overlay-opacity":"","overlay-gradient":""},"tablet":{"background-color":"var(--ast-global-color-5)","background-image":"","background-repeat":"repeat","background-position":"center center","background-size":"auto","background-attachment":"scroll","background-type":"","background-media":"","overlay-type":"","overlay-color":"","overlay-opacity":"","overlay-gradient":""},"mobile":{"background-color":"var(--ast-global-color-5)","background-image":"","background-repeat":"repeat","background-position":"center center","background-size":"auto","background-attachment":"scroll","background-type":"","background-media":"","overlay-type":"","overlay-color":"","overlay-opacity":"","overlay-gradient":""}}},"product_brand":[],"product_cat":[1001,996],"product_tag":[],"class_list":{"0":"post-49448","1":"product","2":"type-product","3":"status-publish","4":"has-post-thumbnail","6":"product_cat-husholdningsartikler","7":"product_cat-verktoy","8":"desktop-align-left","9":"tablet-align-left","10":"mobile-align-left","12":"first","13":"instock","14":"shipping-taxable","15":"purchasable","16":"product-type-simple"},"_links":{"self":[{"href":"https:\/\/keluvo.com\/no\/wp-json\/wp\/v2\/product\/49448","targetHints":{"allow":["GET"]}}],"collection":[{"href":"https:\/\/keluvo.com\/no\/wp-json\/wp\/v2\/product"}],"about":[{"href":"https:\/\/keluvo.com\/no\/wp-json\/wp\/v2\/types\/product"}],"replies":[{"embeddable":true,"href":"https:\/\/keluvo.com\/no\/wp-json\/wp\/v2\/comments?post=49448"}],"wp:featuredmedia":[{"embeddable":true,"href":"https:\/\/keluvo.com\/no\/wp-json\/wp\/v2\/media\/49444"}],"wp:attachment":[{"href":"https:\/\/keluvo.com\/no\/wp-json\/wp\/v2\/media?parent=49448"}],"wp:term":[{"taxonomy":"product_brand","embeddable":true,"href":"https:\/\/keluvo.com\/no\/wp-json\/wp\/v2\/product_brand?post=49448"},{"taxonomy":"product_cat","embeddable":true,"href":"https:\/\/keluvo.com\/no\/wp-json\/wp\/v2\/product_cat?post=49448"},{"taxonomy":"product_tag","embeddable":true,"href":"https:\/\/keluvo.com\/no\/wp-json\/wp\/v2\/product_tag?post=49448"}],"curies":[{"name":"wp","href":"https:\/\/api.w.org\/{rel}","templated":true}]}}