{"id":49117,"date":"2025-10-13T12:08:30","date_gmt":"2025-10-13T09:08:30","guid":{"rendered":"https:\/\/keluvo.com\/no\/produkt\/dispenser-for-hundebaesjposer-2-stk\/"},"modified":"2025-10-17T17:01:32","modified_gmt":"2025-10-17T14:01:32","slug":"dispenser-for-hundebaesjposer-2-stk","status":"publish","type":"product","link":"https:\/\/keluvo.com\/no\/produkt\/dispenser-for-hundebaesjposer-2-stk\/","title":{"rendered":"Dispenser for hundeb\u00e6sjposer (2 stk)"},"content":{"rendered":"<p style=\"text-align: center;\" data-start=\"148\" data-end=\"220\"><strong>Gj\u00f8r turene renere og enklere med denne praktiske hundeb\u00e6sjposedispenseren \ud83d\udc36\ud83d\udca9<\/strong><\/p>\n<p style=\"text-align: center;\" data-start=\"221\" data-end=\"472\">Hold nabolaget rent og hendene frie for rot med denne praktiske hundeb\u00e6sjposedispenseren. Den er kompakt, stilig og enkel \u00e5 b\u00e6re, og er den perfekte l\u00f8sningen for dyreeiere som vil ha en rask og hygienisk m\u00e5te \u00e5 rydde opp etter sine pelskledde venner.<\/p>\n<p data-start=\"221\" data-end=\"472\"><img decoding=\"async\" class=\"size-full wp-image-36647 aligncenter\" src=\"https:\/\/keluvo.com\/template\/wp-content\/uploads\/sites\/5\/2025\/10\/Sfb14eef962864cb1923fe43d77cde768A.jpg_960x960q75.jpg_.avif\" alt=\"\" \/><\/p>\n<h2 style=\"text-align: center;\" data-start=\"474\" data-end=\"495\">Hovedfordeler \u2705<\/h2>\n<p data-start=\"498\" data-end=\"586\">\ud83d\udc3e Enkel \u00e5 b\u00e6re &#8211; liten og lett design som festes rett p\u00e5 b\u00e5ndet eller vesken<\/p>\n<p data-start=\"498\" data-end=\"586\">\ud83d\udcbc Stilig og praktisk &#8211; laget av ABS-materiale av h\u00f8y kvalitet med en glatt, behagelig f\u00f8lelse<\/p>\n<p data-start=\"498\" data-end=\"586\">\ud83d\udd04 Rask tilgang &#8211; trekk enkelt ut en pose om gangen n\u00e5r du trenger det mest<\/p>\n<p data-start=\"498\" data-end=\"586\">\ud83d\udc15 Praktisk rengj\u00f8ring &#8211; du kan alltid legge nye poser<\/p>\n<p data-start=\"498\" data-end=\"586\">\ud83c\udf81 Perfekt gave til dyreeiere &#8211; flott for venner eller familie som elsker kj\u00e6ledyrene sine<\/p>\n<p data-start=\"863\" data-end=\"949\"><img decoding=\"async\" class=\"size-full wp-image-36643 aligncenter\" src=\"https:\/\/keluvo.com\/template\/wp-content\/uploads\/sites\/5\/2025\/10\/Se0501c7cefaf44169b25b2429d8b0728A.jpg_960x960q75.jpg_.jpg\" alt=\"\" \/><\/p>\n<h2 style=\"text-align: center;\" data-start=\"951\" data-end=\"971\">Slik bruker du \ud83d\udee0\ufe0f<\/h2>\n<ol data-start=\"972\" data-end=\"1258\">\n<li data-start=\"972\" data-end=\"1032\">\u00c5pne dispenseren og sett inn b\u00e6sjeposerullen.<\/li>\n<li data-start=\"972\" data-end=\"1032\">Trekk den f\u00f8rste posen gjennom \u00e5pningen for enkel tilgang.<\/li>\n<li data-start=\"972\" data-end=\"1032\">Bruk kroken til \u00e5 feste dispenseren til b\u00e5ndet, vesken eller beltestroppen.<\/li>\n<li data-start=\"972\" data-end=\"1032\">N\u00e5r det er n\u00f8dvendig, trekk ut en pose, plukk opp avfallet, knyt den og kast den p\u00e5 riktig m\u00e5te.<\/li>\n<\/ol>\n<h2 style=\"text-align: center;\" data-start=\"1260\" data-end=\"1284\">Produktdetaljer \u2139\ufe0f<\/h2>\n<ul data-start=\"1285\" data-end=\"1532\">\n<li data-start=\"1285\" data-end=\"1314\">\n<p data-start=\"1287\" data-end=\"1314\">Materiale: ABS-plast<\/p>\n<\/li>\n<li data-start=\"1285\" data-end=\"1314\">\n<p data-start=\"1287\" data-end=\"1314\">Farge: Som vist p\u00e5 bildene (tilfeldig farge p\u00e5 posene)<\/p>\n<\/li>\n<li data-start=\"1285\" data-end=\"1314\">\n<p data-start=\"1287\" data-end=\"1314\">St\u00f8rrelse: 4,3 \u00d7 4,3 \u00d7 8,4 cm<\/p>\n<\/li>\n<li data-start=\"1285\" data-end=\"1314\">\n<p data-start=\"1287\" data-end=\"1314\">Design: Kompakt, stilig og slitesterk<\/p>\n<\/li>\n<li data-start=\"1285\" data-end=\"1314\">\n<p data-start=\"1287\" data-end=\"1314\">Kroktype: Lett \u00e5 henge p\u00e5 b\u00e5nd eller poser<\/p>\n<\/li>\n<\/ul>\n<h2 style=\"text-align: center;\" data-start=\"1534\" data-end=\"1559\">Pakken inkluderer \ud83d\udce6<\/h2>\n<ul data-start=\"1560\" data-end=\"1628\">\n<li data-start=\"1560\" data-end=\"1590\">\n<p data-start=\"1562\" data-end=\"1590\">2 \u00d7 hundeb\u00e6sjposedispenser<\/p>\n<\/li>\n<li data-start=\"1560\" data-end=\"1590\">\n<p data-start=\"1562\" data-end=\"1590\">30 \u00d7 hundeb\u00e6sjposer (tilfeldig farge).<\/p>\n<\/li>\n<\/ul>\n","protected":false},"excerpt":{"rendered":"<p>Gj\u00f8r turene renere og enklere med denne praktiske hundeb\u00e6sjposedispenseren \ud83d\udc36\ud83d\udca9 Hold nabolaget rent og hendene frie for rot med denne [&hellip;]<\/p>\n","protected":false},"featured_media":49113,"comment_status":"open","ping_status":"closed","template":"","meta":{"site-sidebar-layout":"default","site-content-layout":"","ast-site-content-layout":"default","site-content-style":"default","site-sidebar-style":"default","ast-global-header-display":"","ast-banner-title-visibility":"","ast-main-header-display":"","ast-hfb-above-header-display":"","ast-hfb-below-header-display":"","ast-hfb-mobile-header-display":"","site-post-title":"","ast-breadcrumbs-content":"","ast-featured-img":"","footer-sml-layout":"","theme-transparent-header-meta":"default","adv-header-id-meta":"","stick-header-meta":"","header-above-stick-meta":"","header-main-stick-meta":"","header-below-stick-meta":"","astra-migrate-meta-layouts":"set","ast-page-background-enabled":"default","ast-page-background-meta":{"desktop":{"background-color":"var(--ast-global-color-4)","background-image":"","background-repeat":"repeat","background-position":"center center","background-size":"auto","background-attachment":"scroll","background-type":"","background-media":"","overlay-type":"","overlay-color":"","overlay-opacity":"","overlay-gradient":""},"tablet":{"background-color":"","background-image":"","background-repeat":"repeat","background-position":"center center","background-size":"auto","background-attachment":"scroll","background-type":"","background-media":"","overlay-type":"","overlay-color":"","overlay-opacity":"","overlay-gradient":""},"mobile":{"background-color":"","background-image":"","background-repeat":"repeat","background-position":"center center","background-size":"auto","background-attachment":"scroll","background-type":"","background-media":"","overlay-type":"","overlay-color":"","overlay-opacity":"","overlay-gradient":""}},"ast-content-background-meta":{"desktop":{"background-color":"var(--ast-global-color-5)","background-image":"","background-repeat":"repeat","background-position":"center center","background-size":"auto","background-attachment":"scroll","background-type":"","background-media":"","overlay-type":"","overlay-color":"","overlay-opacity":"","overlay-gradient":""},"tablet":{"background-color":"var(--ast-global-color-5)","background-image":"","background-repeat":"repeat","background-position":"center center","background-size":"auto","background-attachment":"scroll","background-type":"","background-media":"","overlay-type":"","overlay-color":"","overlay-opacity":"","overlay-gradient":""},"mobile":{"background-color":"var(--ast-global-color-5)","background-image":"","background-repeat":"repeat","background-position":"center center","background-size":"auto","background-attachment":"scroll","background-type":"","background-media":"","overlay-type":"","overlay-color":"","overlay-opacity":"","overlay-gradient":""}}},"product_brand":[],"product_cat":[997],"product_tag":[],"class_list":{"0":"post-49117","1":"product","2":"type-product","3":"status-publish","4":"has-post-thumbnail","6":"product_cat-husdyrprodukter","7":"pa_34677_x6fn3pee-bla-hvit","8":"pa_34677_x6fn3pee-grabrun","9":"pa_34677_x6fn3pee-gronn-hvit","10":"pa_34677_x6fn3pee-rosa-bla","11":"pa_34677_x6fn3pee-rosa-hvit","12":"desktop-align-left","13":"tablet-align-left","14":"mobile-align-left","16":"first","17":"instock","18":"shipping-taxable","19":"purchasable","20":"product-type-variable"},"_links":{"self":[{"href":"https:\/\/keluvo.com\/no\/wp-json\/wp\/v2\/product\/49117","targetHints":{"allow":["GET"]}}],"collection":[{"href":"https:\/\/keluvo.com\/no\/wp-json\/wp\/v2\/product"}],"about":[{"href":"https:\/\/keluvo.com\/no\/wp-json\/wp\/v2\/types\/product"}],"replies":[{"embeddable":true,"href":"https:\/\/keluvo.com\/no\/wp-json\/wp\/v2\/comments?post=49117"}],"wp:featuredmedia":[{"embeddable":true,"href":"https:\/\/keluvo.com\/no\/wp-json\/wp\/v2\/media\/49113"}],"wp:attachment":[{"href":"https:\/\/keluvo.com\/no\/wp-json\/wp\/v2\/media?parent=49117"}],"wp:term":[{"taxonomy":"product_brand","embeddable":true,"href":"https:\/\/keluvo.com\/no\/wp-json\/wp\/v2\/product_brand?post=49117"},{"taxonomy":"product_cat","embeddable":true,"href":"https:\/\/keluvo.com\/no\/wp-json\/wp\/v2\/product_cat?post=49117"},{"taxonomy":"product_tag","embeddable":true,"href":"https:\/\/keluvo.com\/no\/wp-json\/wp\/v2\/product_tag?post=49117"}],"curies":[{"name":"wp","href":"https:\/\/api.w.org\/{rel}","templated":true}]}}