{"id":49054,"date":"2025-10-13T12:02:42","date_gmt":"2025-10-13T09:02:42","guid":{"rendered":"https:\/\/keluvo.com\/no\/produkt\/flash-kort-112-kort\/"},"modified":"2025-10-20T16:09:45","modified_gmt":"2025-10-20T13:09:45","slug":"flash-kort-112-kort","status":"publish","type":"product","link":"https:\/\/keluvo.com\/no\/produkt\/flash-kort-112-kort\/","title":{"rendered":"Flash-kort (112 kort)"},"content":{"rendered":"<p style=\"text-align: center;\" data-start=\"123\" data-end=\"180\"><strong>Gj\u00f8r l\u00e6ringen morsom og interaktiv for barnet ditt \ud83c\udf93\u2728<\/strong><\/p>\n<p style=\"text-align: center;\" data-start=\"181\" data-end=\"414\">Disse talende flash-kortene hjelper barn med \u00e5 l\u00e6re ord, lyder og objekter p\u00e5 en morsom og engasjerende m\u00e5te. Med 112 dobbeltsidige kort og 224 emner er dette det perfekte verkt\u00f8yet for \u00e5 st\u00f8tte tidlig utdanning og \u00f8ke ordforr\u00e5det for barn under 6 \u00e5r.<\/p>\n<p data-start=\"181\" data-end=\"414\"><img decoding=\"async\" class=\"size-full wp-image-36597 aligncenter\" src=\"https:\/\/keluvo.com\/template\/wp-content\/uploads\/sites\/5\/2025\/10\/10029-ezgif.com-video-to-webp-converter.webp\" alt=\"\" \/><\/p>\n<h2 style=\"text-align: center;\" data-start=\"416\" data-end=\"437\">Hovedfordeler \u2705<\/h2>\n<p data-start=\"440\" data-end=\"534\">\ud83e\udde0 Tidlig l\u00e6ring p\u00e5 en enkel m\u00e5te &#8211; hjelper sm\u00e5barn med \u00e5 gjenkjenne dyr, mat, farger og mer<\/p>\n<p data-start=\"440\" data-end=\"534\">\ud83d\udd0a Interaktiv l\u00e6ring &#8211; bare sett inn et kort for \u00e5 h\u00f8re ord og lyder<\/p>\n<p data-start=\"440\" data-end=\"534\">\ud83d\udc3e Bredt utvalg av emner &#8211; 224 kategorier, inkludert dyr, frukt, kl\u00e6r, former og mer<\/p>\n<p data-start=\"440\" data-end=\"534\">\ud83d\udd0b Oppladbar og b\u00e6rbar &#8211; innebygd 380 mAh batteri med USB-lading<\/p>\n<p data-start=\"440\" data-end=\"534\">\ud83c\udfae Ingen oppsett n\u00f8dvendig \u2013 fungerer umiddelbart, uten behov for Wi-Fi eller Bluetooth<\/p>\n<p data-start=\"440\" data-end=\"534\">\ud83d\udc76 Sikker og holdbar \u2013 designet for sm\u00e5 hender med glatte kanter og slitesterke materialer<br \/>\n<img decoding=\"async\" class=\"size-full wp-image-36594 aligncenter\" style=\"font-style: inherit; font-weight: inherit;\" src=\"https:\/\/keluvo.com\/template\/wp-content\/uploads\/sites\/5\/2025\/10\/S7e71f4d80cf840daa42ba0a64d5ab5f4x.jpg_960x960q75.jpg_.avif\" alt=\"\" \/><\/p>\n<h2 style=\"text-align: center;\" data-start=\"967\" data-end=\"987\">Slik bruker du \ud83d\udee0\ufe0f<\/h2>\n<ol data-start=\"988\" data-end=\"1241\">\n<li data-start=\"988\" data-end=\"1040\">Lad enheten ved hjelp av den medf\u00f8lgende USB-kabelen.<\/li>\n<li data-start=\"988\" data-end=\"1040\">Sett inn ett flash-kort i sporet.<\/li>\n<li data-start=\"988\" data-end=\"1040\">Enheten vil automatisk lese og uttale ordet eller lyden.<\/li>\n<li data-start=\"988\" data-end=\"1040\">Fortsett \u00e5 bytte kort for \u00e5 utforske ulike kategorier og l\u00e6re interaktivt.<\/li>\n<\/ol>\n<h2 style=\"text-align: center;\" data-start=\"1243\" data-end=\"1267\">Produktdetaljer \u2139\ufe0f<\/h2>\n<ul data-start=\"1268\" data-end=\"1738\">\n<li data-start=\"1268\" data-end=\"1326\">\n<p data-start=\"1270\" data-end=\"1326\">Aldersomr\u00e5de: Passer for barn under 6 \u00e5r<\/p>\n<\/li>\n<li data-start=\"1268\" data-end=\"1326\">\n<p data-start=\"1270\" data-end=\"1326\">Antall kort: 112 kort (224 l\u00e6ringsemner totalt)<\/p>\n<\/li>\n<li data-start=\"1268\" data-end=\"1326\">\n<p data-start=\"1270\" data-end=\"1326\">Kategorier inkluderer: 56 dyr, 25 kj\u00f8ret\u00f8y, 31 gjenstander, 21 matvarer, 18 frukter, 17 gr\u00f8nnsaker, 16 kl\u00e6r, 10 natur, 9 farger, 8 tegn, 8 yrker, 5 former<\/p>\n<\/li>\n<li data-start=\"1268\" data-end=\"1326\">\n<p data-start=\"1270\" data-end=\"1326\">Batteri: Innebygd 380 mAh oppladbart batteri<\/p>\n<\/li>\n<li data-start=\"1268\" data-end=\"1326\">\n<p data-start=\"1270\" data-end=\"1326\">Lading: USB-lading<\/p>\n<\/li>\n<li data-start=\"1268\" data-end=\"1326\">\n<p data-start=\"1270\" data-end=\"1326\">Tilkobling: Ingen internett eller Bluetooth kreves<\/p>\n<\/li>\n<li data-start=\"1268\" data-end=\"1326\">\n<p data-start=\"1270\" data-end=\"1326\">St\u00f8rrelse: 10 \u00d7 8,6 cm<\/p>\n<\/li>\n<\/ul>\n<h2 style=\"text-align: center;\" data-start=\"1740\" data-end=\"1765\">Pakken inkluderer \ud83d\udce6<\/h2>\n<ul data-start=\"1766\" data-end=\"1862\">\n<li data-start=\"1766\" data-end=\"1800\">\n<p data-start=\"1768\" data-end=\"1800\">1x flashkortl\u00e6ringsenhet<\/p>\n<\/li>\n<li data-start=\"1801\" data-end=\"1835\">\n<p data-start=\"1803\" data-end=\"1835\">112x dobbeltsidige flashkort<\/p>\n<\/li>\n<li data-start=\"1836\" data-end=\"1862\">\n<p data-start=\"1838\" data-end=\"1862\">1x USB-ladekabel.<\/p>\n<\/li>\n<\/ul>\n","protected":false},"excerpt":{"rendered":"<p>Gj\u00f8r l\u00e6ringen morsom og interaktiv for barnet ditt \ud83c\udf93\u2728 Disse talende flash-kortene hjelper barn med \u00e5 l\u00e6re ord, lyder og [&hellip;]<\/p>\n","protected":false},"featured_media":49050,"comment_status":"open","ping_status":"closed","template":"","meta":{"site-sidebar-layout":"default","site-content-layout":"","ast-site-content-layout":"default","site-content-style":"default","site-sidebar-style":"default","ast-global-header-display":"","ast-banner-title-visibility":"","ast-main-header-display":"","ast-hfb-above-header-display":"","ast-hfb-below-header-display":"","ast-hfb-mobile-header-display":"","site-post-title":"","ast-breadcrumbs-content":"","ast-featured-img":"","footer-sml-layout":"","theme-transparent-header-meta":"default","adv-header-id-meta":"","stick-header-meta":"","header-above-stick-meta":"","header-main-stick-meta":"","header-below-stick-meta":"","astra-migrate-meta-layouts":"set","ast-page-background-enabled":"default","ast-page-background-meta":{"desktop":{"background-color":"var(--ast-global-color-4)","background-image":"","background-repeat":"repeat","background-position":"center center","background-size":"auto","background-attachment":"scroll","background-type":"","background-media":"","overlay-type":"","overlay-color":"","overlay-opacity":"","overlay-gradient":""},"tablet":{"background-color":"","background-image":"","background-repeat":"repeat","background-position":"center center","background-size":"auto","background-attachment":"scroll","background-type":"","background-media":"","overlay-type":"","overlay-color":"","overlay-opacity":"","overlay-gradient":""},"mobile":{"background-color":"","background-image":"","background-repeat":"repeat","background-position":"center center","background-size":"auto","background-attachment":"scroll","background-type":"","background-media":"","overlay-type":"","overlay-color":"","overlay-opacity":"","overlay-gradient":""}},"ast-content-background-meta":{"desktop":{"background-color":"var(--ast-global-color-5)","background-image":"","background-repeat":"repeat","background-position":"center center","background-size":"auto","background-attachment":"scroll","background-type":"","background-media":"","overlay-type":"","overlay-color":"","overlay-opacity":"","overlay-gradient":""},"tablet":{"background-color":"var(--ast-global-color-5)","background-image":"","background-repeat":"repeat","background-position":"center center","background-size":"auto","background-attachment":"scroll","background-type":"","background-media":"","overlay-type":"","overlay-color":"","overlay-opacity":"","overlay-gradient":""},"mobile":{"background-color":"var(--ast-global-color-5)","background-image":"","background-repeat":"repeat","background-position":"center center","background-size":"auto","background-attachment":"scroll","background-type":"","background-media":"","overlay-type":"","overlay-color":"","overlay-opacity":"","overlay-gradient":""}}},"product_brand":[],"product_cat":[990],"product_tag":[],"class_list":{"0":"post-49054","1":"product","2":"type-product","3":"status-publish","4":"has-post-thumbnail","6":"product_cat-leker-barne-og-babyprodukter","7":"pa_33505_6x8f8kwa-bla","8":"pa_33505_6x8f8kwa-rosa","9":"desktop-align-left","10":"tablet-align-left","11":"mobile-align-left","13":"first","14":"instock","15":"shipping-taxable","16":"purchasable","17":"product-type-variable"},"_links":{"self":[{"href":"https:\/\/keluvo.com\/no\/wp-json\/wp\/v2\/product\/49054","targetHints":{"allow":["GET"]}}],"collection":[{"href":"https:\/\/keluvo.com\/no\/wp-json\/wp\/v2\/product"}],"about":[{"href":"https:\/\/keluvo.com\/no\/wp-json\/wp\/v2\/types\/product"}],"replies":[{"embeddable":true,"href":"https:\/\/keluvo.com\/no\/wp-json\/wp\/v2\/comments?post=49054"}],"wp:featuredmedia":[{"embeddable":true,"href":"https:\/\/keluvo.com\/no\/wp-json\/wp\/v2\/media\/49050"}],"wp:attachment":[{"href":"https:\/\/keluvo.com\/no\/wp-json\/wp\/v2\/media?parent=49054"}],"wp:term":[{"taxonomy":"product_brand","embeddable":true,"href":"https:\/\/keluvo.com\/no\/wp-json\/wp\/v2\/product_brand?post=49054"},{"taxonomy":"product_cat","embeddable":true,"href":"https:\/\/keluvo.com\/no\/wp-json\/wp\/v2\/product_cat?post=49054"},{"taxonomy":"product_tag","embeddable":true,"href":"https:\/\/keluvo.com\/no\/wp-json\/wp\/v2\/product_tag?post=49054"}],"curies":[{"name":"wp","href":"https:\/\/api.w.org\/{rel}","templated":true}]}}