{"id":48999,"date":"2025-10-13T11:57:24","date_gmt":"2025-10-13T08:57:24","guid":{"rendered":"https:\/\/keluvo.com\/no\/produkt\/strombank-3\/"},"modified":"2025-10-17T16:47:13","modified_gmt":"2025-10-17T13:47:13","slug":"strombank-3","status":"publish","type":"product","link":"https:\/\/keluvo.com\/no\/produkt\/strombank-3\/","title":{"rendered":"Str\u00f8mbank"},"content":{"rendered":"<p style=\"text-align: center;\" data-start=\"134\" data-end=\"190\"><strong>Hold deg ladet hvor som helst med denne minikraftbanken \u26a1\ud83d\udd0b<\/strong><\/p>\n<p style=\"text-align: center;\" data-start=\"191\" data-end=\"401\">Denne oppgraderte kapselkraftbanken p\u00e5 3300 mAh s\u00f8rger for at telefonen din har str\u00f8m uansett hvor du er. Den er kompakt, lett og enkel \u00e5 ta med seg, og er perfekt for reiser, jobb eller n\u00f8dsituasjoner &#8211; bare plugg inn og lad umiddelbart.<\/p>\n<p data-start=\"191\" data-end=\"401\"><img decoding=\"async\" class=\"size-full wp-image-36548 aligncenter\" src=\"https:\/\/keluvo.com\/template\/wp-content\/uploads\/sites\/5\/2025\/10\/79eb7b6f605760994b2b4eff784c7bd063143210062901006312127DE25c739cb8f92e898cd1bfd6661bef5138.gif\" alt=\"\" \/><\/p>\n<h2 style=\"text-align: center;\" data-start=\"403\" data-end=\"424\">Hovedfordeler \u2705<\/h2>\n<p data-start=\"427\" data-end=\"524\">\ud83d\udd0c Universell kompatibilitet &#8211; Type-C- og iPhone-porter<\/p>\n<p data-start=\"427\" data-end=\"524\">\u26a1 Plug &amp; charge &#8211; ingen kabler trengs, kobles direkte til telefonen<\/p>\n<p data-start=\"427\" data-end=\"524\">\ud83d\udd0b Langvarig str\u00f8m &#8211; kapasitet p\u00e5 3300 mAh holder enheten ladet mens du er p\u00e5 farten<\/p>\n<p data-start=\"427\" data-end=\"524\">\ud83e\udde0 Smart beskyttelse &#8211; beskytter telefonen mot overlading og kortslutning<\/p>\n<p data-start=\"427\" data-end=\"524\">\ud83c\udf92 Kompakt og b\u00e6rbar &#8211; bare 56 g og liten nok til \u00e5 f\u00e5 plass i lommen eller vesken<\/p>\n<p data-start=\"427\" data-end=\"524\">\ud83d\udd04 Rask opplading &#8211; st\u00f8tter 5V 1.2A inngang og utgang for effektiv lading<\/p>\n<p data-start=\"864\" data-end=\"946\"><img decoding=\"async\" class=\"size-full wp-image-36549 aligncenter\" src=\"https:\/\/keluvo.com\/template\/wp-content\/uploads\/sites\/5\/2025\/10\/a3511fba081f40aedd667416a960c38363143210062901006312127DE2246b48bd184cc25c1b49b8a53a4df632.gif\" alt=\"\" \/><\/p>\n<h2 style=\"text-align: center;\" data-start=\"948\" data-end=\"968\">Slik bruker du \ud83d\udee0\ufe0f<\/h2>\n<ol data-start=\"969\" data-end=\"1207\">\n<li data-start=\"969\" data-end=\"1048\">Velg riktig port for enheten din.<\/li>\n<li data-start=\"969\" data-end=\"1048\">Koble str\u00f8mbanken direkte til telefonen.<\/li>\n<li data-start=\"969\" data-end=\"1048\">Ladingen starter automatisk.<\/li>\n<li data-start=\"969\" data-end=\"1048\">N\u00e5r du er ferdig, tar du ut enheten og lader str\u00f8mbanken via USB.<\/li>\n<\/ol>\n<h2 style=\"text-align: center;\" data-start=\"1209\" data-end=\"1233\">Produktdetaljer \u2139\ufe0f<\/h2>\n<ul data-start=\"1234\" data-end=\"1530\">\n<li data-start=\"1234\" data-end=\"1267\">\n<p data-start=\"1236\" data-end=\"1267\">Batterikapasitet: 3300 mAh<\/p>\n<\/li>\n<li data-start=\"1234\" data-end=\"1267\">\n<p data-start=\"1236\" data-end=\"1267\">Inngang\/utgang: 5V 1,2A<\/p>\n<\/li>\n<li data-start=\"1234\" data-end=\"1267\">\n<p data-start=\"1236\" data-end=\"1267\">Grensesnitt: Type-C, iPhone<\/p>\n<\/li>\n<li data-start=\"1234\" data-end=\"1267\">\n<p data-start=\"1236\" data-end=\"1267\">Vekt: 56 g<\/p>\n<\/li>\n<li data-start=\"1234\" data-end=\"1267\">\n<p data-start=\"1236\" data-end=\"1267\">St\u00f8rrelse: 74 \u00d7 27 \u00d7 22 mm<\/p>\n<\/li>\n<li data-start=\"1234\" data-end=\"1267\">\n<p data-start=\"1236\" data-end=\"1267\">Design: Minikapselform, tr\u00e5dl\u00f8s plug-in-lading<\/p>\n<\/li>\n<li data-start=\"1234\" data-end=\"1267\">\n<p data-start=\"1236\" data-end=\"1267\">Funksjoner: Ladebeskyttelse, hurtiglading, b\u00e6rbar design<\/p>\n<\/li>\n<\/ul>\n<h2 style=\"text-align: center;\" data-start=\"1532\" data-end=\"1557\">Pakken inkluderer \ud83d\udce6<\/h2>\n<ul data-start=\"1558\" data-end=\"1589\">\n<li data-start=\"1558\" data-end=\"1589\">\n<p data-start=\"1560\" data-end=\"1589\">1x str\u00f8mbank.<\/p>\n<\/li>\n<\/ul>\n","protected":false},"excerpt":{"rendered":"<p>Hold deg ladet hvor som helst med denne minikraftbanken \u26a1\ud83d\udd0b Denne oppgraderte kapselkraftbanken p\u00e5 3300 mAh s\u00f8rger for at telefonen [&hellip;]<\/p>\n","protected":false},"featured_media":48995,"comment_status":"open","ping_status":"closed","template":"","meta":{"site-sidebar-layout":"default","site-content-layout":"","ast-site-content-layout":"default","site-content-style":"default","site-sidebar-style":"default","ast-global-header-display":"","ast-banner-title-visibility":"","ast-main-header-display":"","ast-hfb-above-header-display":"","ast-hfb-below-header-display":"","ast-hfb-mobile-header-display":"","site-post-title":"","ast-breadcrumbs-content":"","ast-featured-img":"","footer-sml-layout":"","theme-transparent-header-meta":"default","adv-header-id-meta":"","stick-header-meta":"","header-above-stick-meta":"","header-main-stick-meta":"","header-below-stick-meta":"","astra-migrate-meta-layouts":"set","ast-page-background-enabled":"default","ast-page-background-meta":{"desktop":{"background-color":"var(--ast-global-color-4)","background-image":"","background-repeat":"repeat","background-position":"center center","background-size":"auto","background-attachment":"scroll","background-type":"","background-media":"","overlay-type":"","overlay-color":"","overlay-opacity":"","overlay-gradient":""},"tablet":{"background-color":"","background-image":"","background-repeat":"repeat","background-position":"center center","background-size":"auto","background-attachment":"scroll","background-type":"","background-media":"","overlay-type":"","overlay-color":"","overlay-opacity":"","overlay-gradient":""},"mobile":{"background-color":"","background-image":"","background-repeat":"repeat","background-position":"center center","background-size":"auto","background-attachment":"scroll","background-type":"","background-media":"","overlay-type":"","overlay-color":"","overlay-opacity":"","overlay-gradient":""}},"ast-content-background-meta":{"desktop":{"background-color":"var(--ast-global-color-5)","background-image":"","background-repeat":"repeat","background-position":"center center","background-size":"auto","background-attachment":"scroll","background-type":"","background-media":"","overlay-type":"","overlay-color":"","overlay-opacity":"","overlay-gradient":""},"tablet":{"background-color":"var(--ast-global-color-5)","background-image":"","background-repeat":"repeat","background-position":"center center","background-size":"auto","background-attachment":"scroll","background-type":"","background-media":"","overlay-type":"","overlay-color":"","overlay-opacity":"","overlay-gradient":""},"mobile":{"background-color":"var(--ast-global-color-5)","background-image":"","background-repeat":"repeat","background-position":"center center","background-size":"auto","background-attachment":"scroll","background-type":"","background-media":"","overlay-type":"","overlay-color":"","overlay-opacity":"","overlay-gradient":""}}},"product_brand":[],"product_cat":[15],"product_tag":[],"class_list":{"0":"post-48999","1":"product","2":"type-product","3":"status-publish","4":"has-post-thumbnail","6":"product_cat-uncategorized","7":"pa_33366_1dv4jg8v-iphone","8":"pa_33366_1dv4jg8v-type-c","9":"pa_33366_7pxzejry-bla","10":"pa_33366_7pxzejry-gronn","11":"pa_33366_7pxzejry-gull","12":"pa_33366_7pxzejry-rod","13":"pa_33366_7pxzejry-rosa","14":"desktop-align-left","15":"tablet-align-left","16":"mobile-align-left","18":"first","19":"instock","20":"shipping-taxable","21":"purchasable","22":"product-type-variable","23":"has-default-attributes"},"_links":{"self":[{"href":"https:\/\/keluvo.com\/no\/wp-json\/wp\/v2\/product\/48999","targetHints":{"allow":["GET"]}}],"collection":[{"href":"https:\/\/keluvo.com\/no\/wp-json\/wp\/v2\/product"}],"about":[{"href":"https:\/\/keluvo.com\/no\/wp-json\/wp\/v2\/types\/product"}],"replies":[{"embeddable":true,"href":"https:\/\/keluvo.com\/no\/wp-json\/wp\/v2\/comments?post=48999"}],"wp:featuredmedia":[{"embeddable":true,"href":"https:\/\/keluvo.com\/no\/wp-json\/wp\/v2\/media\/48995"}],"wp:attachment":[{"href":"https:\/\/keluvo.com\/no\/wp-json\/wp\/v2\/media?parent=48999"}],"wp:term":[{"taxonomy":"product_brand","embeddable":true,"href":"https:\/\/keluvo.com\/no\/wp-json\/wp\/v2\/product_brand?post=48999"},{"taxonomy":"product_cat","embeddable":true,"href":"https:\/\/keluvo.com\/no\/wp-json\/wp\/v2\/product_cat?post=48999"},{"taxonomy":"product_tag","embeddable":true,"href":"https:\/\/keluvo.com\/no\/wp-json\/wp\/v2\/product_tag?post=48999"}],"curies":[{"name":"wp","href":"https:\/\/api.w.org\/{rel}","templated":true}]}}