{"id":48939,"date":"2025-10-13T11:52:26","date_gmt":"2025-10-13T08:52:26","guid":{"rendered":"https:\/\/keluvo.com\/no\/produkt\/skjaerer-for-innpakningspapir-2-stk\/"},"modified":"2025-11-11T11:24:02","modified_gmt":"2025-11-11T09:24:02","slug":"skjaerer-for-innpakningspapir-2-stk","status":"publish","type":"product","link":"https:\/\/keluvo.com\/no\/produkt\/skjaerer-for-innpakningspapir-2-stk\/","title":{"rendered":"Skj\u00e6rer for innpakningspapir (2 stk)"},"content":{"rendered":"<p style=\"text-align: center;\" data-start=\"0\" data-end=\"49\"><strong>Kutt innpakningspapir perfekt hver gang \ud83c\udf81\u2702\ufe0f<\/strong><\/p>\n<p style=\"text-align: center;\" data-start=\"50\" data-end=\"266\">Denne mini innpakningspapirskj\u00e6reren gj\u00f8r gaveinnpakningen raskere, renere og enklere. Den er kompakt, brukervennlig og perfekt for h\u00f8ytider, bursdager og hobbyprosjekter. Aldri mer ujevne kanter eller problemer med saks.<\/p>\n<p data-start=\"50\" data-end=\"266\"><img decoding=\"async\" class=\"size-full wp-image-36505 aligncenter\" src=\"https:\/\/keluvo.com\/template\/wp-content\/uploads\/sites\/5\/2025\/10\/10026-ezgif.com-video-to-webp-converter.webp\" alt=\"\" \/><\/p>\n<h2 style=\"text-align: center;\" data-start=\"268\" data-end=\"289\">Hovedfordeler \u2705<\/h2>\n<p data-start=\"292\" data-end=\"375\">\ud83c\udfaf Jevne, presise kutt \u2013 skarpt presisjonsblad sikrer rette og rene linjer<\/p>\n<p data-start=\"292\" data-end=\"375\">\ud83d\udd12 Sikker design \u2013 bladet er skjult inne i sylinderen for trygg bruk<\/p>\n<p data-start=\"292\" data-end=\"375\">\ud83e\uddf5 Allsidig bruk \u2013 klipper papir, papp og til og med lett stoff<\/p>\n<p data-start=\"292\" data-end=\"375\">\ud83c\udfa8 Perfekt til hobbyarbeid \u2013 ideell til gaveinnpakning, skoleprosjekter og DIY-oppgaver<\/p>\n<p data-start=\"292\" data-end=\"375\">\ud83e\udeb6 Kompakt og b\u00e6rbar \u2013 liten, lett og enkel \u00e5 ta med<\/p>\n<p data-start=\"292\" data-end=\"375\">\ud83c\udf08 Flere farger \u2013 tilgjengelig i gr\u00f8nn, svart og hvitt<\/p>\n<p data-start=\"682\" data-end=\"745\"><img decoding=\"async\" class=\"size-full wp-image-36502 aligncenter\" src=\"https:\/\/keluvo.com\/template\/wp-content\/uploads\/sites\/5\/2025\/10\/ac91e1a4-0c80-4186-9460-61dbf8199d48_2d536a56-7a74-4194-a58a-b26d64930742.webp\" alt=\"\" \/><\/p>\n<h2 style=\"text-align: center;\" data-start=\"747\" data-end=\"767\">Slik bruker du den \ud83d\udee0\ufe0f<\/h2>\n<ol data-start=\"768\" data-end=\"1037\">\n<li data-start=\"768\" data-end=\"825\">Sett rullen med innpakningspapir inn i sylinderen.<\/li>\n<li data-start=\"768\" data-end=\"825\">Skyv kniven langs papirkanten for \u00e5 lage et rent kutt.<\/li>\n<li data-start=\"768\" data-end=\"825\">Juster til \u00f8nsket lengde og fortsett \u00e5 rulle og skj\u00e6re etter behov.<\/li>\n<li data-start=\"768\" data-end=\"825\">Oppbevar verkt\u00f8yet trygt etter bruk \u2013 det skjulte bladet forhindrer utilsiktede kutt.<\/li>\n<\/ol>\n<h2 style=\"text-align: center;\" data-start=\"1039\" data-end=\"1063\">Produktdetaljer \u2139\ufe0f<\/h2>\n<ul data-start=\"1064\" data-end=\"1292\">\n<li data-start=\"1105\" data-end=\"1138\">\n<p data-start=\"1107\" data-end=\"1138\">Materiale: Slitesterk plast<\/p>\n<\/li>\n<li data-start=\"1105\" data-end=\"1138\">\n<p data-start=\"1107\" data-end=\"1138\">St\u00f8rrelse: 10 \u00d7 6 \u00d7 6 cm<\/p>\n<\/li>\n<li data-start=\"1105\" data-end=\"1138\">\n<p data-start=\"1107\" data-end=\"1138\">Vekt: 32,1 g<\/p>\n<\/li>\n<li data-start=\"1105\" data-end=\"1138\">\n<p data-start=\"1107\" data-end=\"1138\">Farger: Gr\u00f8nn, svart, hvit<\/p>\n<\/li>\n<li data-start=\"1105\" data-end=\"1138\">\n<p data-start=\"1107\" data-end=\"1138\">Funksjoner: Skjult blad, b\u00e6rbar og trygg for alle aldre<\/p>\n<\/li>\n<\/ul>\n<h2 style=\"text-align: center;\" data-start=\"1294\" data-end=\"1319\">Pakken inkluderer \ud83d\udce6<\/h2>\n<ul data-start=\"1320\" data-end=\"1361\">\n<li data-start=\"1320\" data-end=\"1361\">\n<p data-start=\"1322\" data-end=\"1361\">2x innpakningspapirskj\u00e6rere.<\/p>\n<\/li>\n<\/ul>\n","protected":false},"excerpt":{"rendered":"<p>Kutt innpakningspapir perfekt hver gang \ud83c\udf81\u2702\ufe0f Denne mini innpakningspapirskj\u00e6reren gj\u00f8r gaveinnpakningen raskere, renere og enklere. Den er kompakt, brukervennlig og [&hellip;]<\/p>\n","protected":false},"featured_media":48935,"comment_status":"open","ping_status":"closed","template":"","meta":{"site-sidebar-layout":"default","site-content-layout":"","ast-site-content-layout":"default","site-content-style":"default","site-sidebar-style":"default","ast-global-header-display":"","ast-banner-title-visibility":"","ast-main-header-display":"","ast-hfb-above-header-display":"","ast-hfb-below-header-display":"","ast-hfb-mobile-header-display":"","site-post-title":"","ast-breadcrumbs-content":"","ast-featured-img":"","footer-sml-layout":"","theme-transparent-header-meta":"default","adv-header-id-meta":"","stick-header-meta":"","header-above-stick-meta":"","header-main-stick-meta":"","header-below-stick-meta":"","astra-migrate-meta-layouts":"set","ast-page-background-enabled":"default","ast-page-background-meta":{"desktop":{"background-color":"var(--ast-global-color-4)","background-image":"","background-repeat":"repeat","background-position":"center center","background-size":"auto","background-attachment":"scroll","background-type":"","background-media":"","overlay-type":"","overlay-color":"","overlay-opacity":"","overlay-gradient":""},"tablet":{"background-color":"","background-image":"","background-repeat":"repeat","background-position":"center center","background-size":"auto","background-attachment":"scroll","background-type":"","background-media":"","overlay-type":"","overlay-color":"","overlay-opacity":"","overlay-gradient":""},"mobile":{"background-color":"","background-image":"","background-repeat":"repeat","background-position":"center center","background-size":"auto","background-attachment":"scroll","background-type":"","background-media":"","overlay-type":"","overlay-color":"","overlay-opacity":"","overlay-gradient":""}},"ast-content-background-meta":{"desktop":{"background-color":"var(--ast-global-color-5)","background-image":"","background-repeat":"repeat","background-position":"center center","background-size":"auto","background-attachment":"scroll","background-type":"","background-media":"","overlay-type":"","overlay-color":"","overlay-opacity":"","overlay-gradient":""},"tablet":{"background-color":"var(--ast-global-color-5)","background-image":"","background-repeat":"repeat","background-position":"center center","background-size":"auto","background-attachment":"scroll","background-type":"","background-media":"","overlay-type":"","overlay-color":"","overlay-opacity":"","overlay-gradient":""},"mobile":{"background-color":"var(--ast-global-color-5)","background-image":"","background-repeat":"repeat","background-position":"center center","background-size":"auto","background-attachment":"scroll","background-type":"","background-media":"","overlay-type":"","overlay-color":"","overlay-opacity":"","overlay-gradient":""}}},"product_brand":[],"product_cat":[1001,996],"product_tag":[],"class_list":{"0":"post-48939","1":"product","2":"type-product","3":"status-publish","4":"has-post-thumbnail","6":"product_cat-husholdningsartikler","7":"product_cat-verktoy","8":"pa_30304_c9g39n2q-gronn","9":"pa_30304_c9g39n2q-hvit","10":"pa_30304_c9g39n2q-svart","11":"desktop-align-left","12":"tablet-align-left","13":"mobile-align-left","15":"first","16":"instock","17":"shipping-taxable","18":"purchasable","19":"product-type-variable"},"_links":{"self":[{"href":"https:\/\/keluvo.com\/no\/wp-json\/wp\/v2\/product\/48939","targetHints":{"allow":["GET"]}}],"collection":[{"href":"https:\/\/keluvo.com\/no\/wp-json\/wp\/v2\/product"}],"about":[{"href":"https:\/\/keluvo.com\/no\/wp-json\/wp\/v2\/types\/product"}],"replies":[{"embeddable":true,"href":"https:\/\/keluvo.com\/no\/wp-json\/wp\/v2\/comments?post=48939"}],"wp:featuredmedia":[{"embeddable":true,"href":"https:\/\/keluvo.com\/no\/wp-json\/wp\/v2\/media\/48935"}],"wp:attachment":[{"href":"https:\/\/keluvo.com\/no\/wp-json\/wp\/v2\/media?parent=48939"}],"wp:term":[{"taxonomy":"product_brand","embeddable":true,"href":"https:\/\/keluvo.com\/no\/wp-json\/wp\/v2\/product_brand?post=48939"},{"taxonomy":"product_cat","embeddable":true,"href":"https:\/\/keluvo.com\/no\/wp-json\/wp\/v2\/product_cat?post=48939"},{"taxonomy":"product_tag","embeddable":true,"href":"https:\/\/keluvo.com\/no\/wp-json\/wp\/v2\/product_tag?post=48939"}],"curies":[{"name":"wp","href":"https:\/\/api.w.org\/{rel}","templated":true}]}}